{"id":71993,"date":"2025-07-29T08:55:54","date_gmt":"2025-07-29T08:55:54","guid":{"rendered":"https:\/\/fv6qoy3ls0.wpdns.site\/produto\/protector-lcd-ggs-larmor-5a-generacion-canon-7d-mark-ii\/"},"modified":"2026-01-31T02:50:42","modified_gmt":"2026-01-31T02:50:42","slug":"ggs-protector-lcd-ggs-larmor-5a-generacion-canon-7d-mark-ii","status":"publish","type":"product","link":"https:\/\/hi-techwonder.com\/es\/producto\/ggs-protector-lcd-ggs-larmor-5a-generacion-canon-7d-mark-ii\/","title":{"rendered":"Protector LCD GGS Larmor 5\u00aa generaci\u00f3n Canon 7D Mark II"},"content":{"rendered":"<p><strong>Compatibilidad:<\/strong><\/p>\n<ul>\n<li>Canon 7D Mark II<\/li>\n<\/ul>\n<p><strong>Especificaci\u00f3n:<\/strong><\/p>\n<ul>\n<li>Material: vidrio \u00f3ptico japon\u00e9s + borde de metal<\/li>\n<li>Aplicaci\u00f3n: Autoadhesivo<\/li>\n<li>Dureza: 9H<\/li>\n<li>Transmitancia de luz: &gt; 95%<\/li>\n<li>Espesor: 0,3 mm<\/li>\n<li>Poder de absorci\u00f3n: 130 g\/cm<\/li>\n<li>Capa: 5 capas<\/li>\n<li>Impacto soportable: 12 kg\/cm2<\/li>\n<li>El borde met\u00e1lico evita da\u00f1os en los bordes, compatible con el parasol y la visera de la lente GGS<\/li>\n<li>Compatible con pantalla t\u00e1ctil\/giratoria<\/li>\n<li>Anti-rotura<\/li>\n<li>Resistencia al impacto<\/li>\n<\/ul>\n<p><strong><br \/>Paquete que incluye:<\/strong><\/p>\n<ul>\n<li>1 x Protector de pantalla<\/li>\n<li>1 x Papel de limpieza h\u00famedo<\/li>\n<li>1 x Instrucciones de instalaci\u00f3n<\/li>\n<\/ul>\n<p><object><\/object><\/p>\n<p>Nueva tecnolog\u00eda, SIN competencia. El protector de vidrio Normal se puede da\u00f1ar f\u00e1cilmente en el borde, el nuevo borde met\u00e1lico LARMOR lo resuelve totalmente. Con borde met\u00e1lico y vidrio incorporado, la resistencia al impacto se ha mejorado considerablemente. La protecci\u00f3n es m\u00e1s efectiva. Puede usar otros accesorios GGS, como una cubierta solar y un visor \u00f3ptico (pr\u00f3ximamente). Aplicaci\u00f3n autoadhesiva, f\u00e1cil de instalar y quitar. La capucha del cap\u00f3 se puede utilizar en cualquier DSLR que cubra el protector GGS.      <\/p>\n","protected":false},"excerpt":{"rendered":"<p>Compatibilidad: Canon 7D Mark II Especificaci\u00f3n: Material: vidrio \u00f3ptico japon\u00e9s + borde de metal Aplicaci\u00f3n: Autoadhesivo Dureza: 9H Transmitancia de<\/p>\n","protected":false},"featured_media":42917,"comment_status":"closed","ping_status":"closed","template":"","meta":{"_acf_changed":false},"product_brand":[2638],"product_cat":[2859],"product_tag":[],"class_list":{"0":"post-71993","1":"product","2":"type-product","3":"status-publish","4":"has-post-thumbnail","6":"product_brand-ggs-es","7":"product_cat-protectores-pantalla","9":"first","10":"instock","11":"taxable","12":"shipping-taxable","13":"purchasable","14":"product-type-simple"},"bundled_by":[],"bundle_stock_status":"instock","bundle_stock_quantity":2,"bundle_virtual":false,"bundle_layout":"","bundle_add_to_cart_form_location":"","bundle_editable_in_cart":false,"bundle_sold_individually_context":"","bundle_item_grouping":"","bundle_min_size":"","bundle_max_size":"","bundle_price":[],"bundled_items":[],"bundle_sell_ids":[],"acf":[],"_links":{"self":[{"href":"https:\/\/hi-techwonder.com\/es\/wp-json\/wp\/v2\/product\/71993","targetHints":{"allow":["GET"]}}],"collection":[{"href":"https:\/\/hi-techwonder.com\/es\/wp-json\/wp\/v2\/product"}],"about":[{"href":"https:\/\/hi-techwonder.com\/es\/wp-json\/wp\/v2\/types\/product"}],"replies":[{"embeddable":true,"href":"https:\/\/hi-techwonder.com\/es\/wp-json\/wp\/v2\/comments?post=71993"}],"wp:featuredmedia":[{"embeddable":true,"href":"https:\/\/hi-techwonder.com\/es\/wp-json\/wp\/v2\/media\/42917"}],"wp:attachment":[{"href":"https:\/\/hi-techwonder.com\/es\/wp-json\/wp\/v2\/media?parent=71993"}],"wp:term":[{"taxonomy":"product_brand","embeddable":true,"href":"https:\/\/hi-techwonder.com\/es\/wp-json\/wp\/v2\/product_brand?post=71993"},{"taxonomy":"product_cat","embeddable":true,"href":"https:\/\/hi-techwonder.com\/es\/wp-json\/wp\/v2\/product_cat?post=71993"},{"taxonomy":"product_tag","embeddable":true,"href":"https:\/\/hi-techwonder.com\/es\/wp-json\/wp\/v2\/product_tag?post=71993"}],"curies":[{"name":"wp","href":"https:\/\/api.w.org\/{rel}","templated":true}]}}