{"id":71994,"date":"2025-07-29T10:51:39","date_gmt":"2025-07-29T10:51:39","guid":{"rendered":"https:\/\/fv6qoy3ls0.wpdns.site\/produto\/genesis-sk-co1ma-adaptador-de-monitor\/"},"modified":"2025-12-16T17:31:38","modified_gmt":"2025-12-16T17:31:38","slug":"genesis-sk-co1ma-adaptador-de-monitor","status":"publish","type":"product","link":"https:\/\/hi-techwonder.com\/es\/producto\/genesis-sk-co1ma-adaptador-de-monitor\/","title":{"rendered":"Genesis SK-CO1MA &#8211; Adaptador de monitor"},"content":{"rendered":"<h3>El adaptador de monitor Genesis SK-C01MA le permite usar un monitor con cualquier estabilizador de varilla universal de 15 mm. Puede montar su monitor en el adaptador de monitor Genesis SK-C01MA y colocarlo f\u00e1cilmente apretando los tornillos. Tambi\u00e9n puede ajustarlo a cualquier posici\u00f3n o direcci\u00f3n que necesite.  <\/h3>\n<h3>  Detalles del producto:<\/h3>\n<ul>\n<li>  Compatible con patillas de 15 mm<\/li>\n<li>  Maximice las funciones de su estabilizador Sevenoak<\/li>\n<li>  Liberaci\u00f3n r\u00e1pida y dise\u00f1o ligero<\/li>\n<li>  F\u00e1cilmente ajustable para colocarlo exactamente como lo necesita<\/li>\n<\/ul>\n","protected":false},"excerpt":{"rendered":"<p>El adaptador de monitor Genesis SK-C01MA le permite usar un monitor con cualquier estabilizador de varilla universal de 15 mm.<\/p>\n","protected":false},"featured_media":68534,"comment_status":"closed","ping_status":"open","template":"","meta":{"_acf_changed":false},"product_brand":[2644],"product_cat":[1101],"product_tag":[],"class_list":{"0":"post-71994","1":"product","2":"type-product","3":"status-publish","4":"has-post-thumbnail","6":"product_brand-genesis-es","7":"product_cat-tubos-rieles","9":"first","10":"instock","11":"taxable","12":"shipping-taxable","13":"purchasable","14":"product-type-simple"},"bundled_by":[],"bundle_stock_status":"instock","bundle_stock_quantity":1,"bundle_virtual":false,"bundle_layout":"","bundle_add_to_cart_form_location":"","bundle_editable_in_cart":false,"bundle_sold_individually_context":"","bundle_item_grouping":"","bundle_min_size":"","bundle_max_size":"","bundle_price":[],"bundled_items":[],"bundle_sell_ids":[],"acf":[],"_links":{"self":[{"href":"https:\/\/hi-techwonder.com\/es\/wp-json\/wp\/v2\/product\/71994","targetHints":{"allow":["GET"]}}],"collection":[{"href":"https:\/\/hi-techwonder.com\/es\/wp-json\/wp\/v2\/product"}],"about":[{"href":"https:\/\/hi-techwonder.com\/es\/wp-json\/wp\/v2\/types\/product"}],"replies":[{"embeddable":true,"href":"https:\/\/hi-techwonder.com\/es\/wp-json\/wp\/v2\/comments?post=71994"}],"wp:featuredmedia":[{"embeddable":true,"href":"https:\/\/hi-techwonder.com\/es\/wp-json\/wp\/v2\/media\/68534"}],"wp:attachment":[{"href":"https:\/\/hi-techwonder.com\/es\/wp-json\/wp\/v2\/media?parent=71994"}],"wp:term":[{"taxonomy":"product_brand","embeddable":true,"href":"https:\/\/hi-techwonder.com\/es\/wp-json\/wp\/v2\/product_brand?post=71994"},{"taxonomy":"product_cat","embeddable":true,"href":"https:\/\/hi-techwonder.com\/es\/wp-json\/wp\/v2\/product_cat?post=71994"},{"taxonomy":"product_tag","embeddable":true,"href":"https:\/\/hi-techwonder.com\/es\/wp-json\/wp\/v2\/product_tag?post=71994"}],"curies":[{"name":"wp","href":"https:\/\/api.w.org\/{rel}","templated":true}]}}