{"id":71995,"date":"2025-07-29T10:27:01","date_gmt":"2025-07-29T10:27:01","guid":{"rendered":"https:\/\/fv6qoy3ls0.wpdns.site\/produto\/placa-de-liberacion-rapida-genesis-pla-70\/"},"modified":"2026-01-31T01:35:34","modified_gmt":"2026-01-31T01:35:34","slug":"genesis-placa-de-liberacion-rapida-genesis-pla-70","status":"publish","type":"product","link":"https:\/\/hi-techwonder.com\/es\/producto\/genesis-placa-de-liberacion-rapida-genesis-pla-70\/","title":{"rendered":"Placa de liberaci\u00f3n r\u00e1pida Genesis PLA-70"},"content":{"rendered":"<p style=\"text-align: justify\"><span style=\"font-size: small\">Genesis PLA-70 es una placa de liberaci\u00f3n r\u00e1pida universal tipo Arca-Swiss dise\u00f1ada para su uso con diferentes modelos de c\u00e1maras. Fabricado \u00edntegramente en aleaci\u00f3n de aluminio tratado con tecnolog\u00eda CNC y acabado durante el proceso de anodizado. Viene con gomas antideslizantes y tornillos que protegen contra la ca\u00edda del soporte.  <\/span><\/p>\n<p style=\"text-align: justify\"><strong><span style=\"font-family: verdana,geneva\"><span style=\"font-size: small\">Caracter\u00edsticas t\u00e9cnicas:<\/span><\/strong><\/span><\/p>\n<table style=\"text-align: justify\" border=\"0\">\n<tbody>\n<tr>\n<td><span style=\"font-size: small\">Montura:<\/span><\/td>\n<td><span style=\"font-size: small\">Arca suiza<\/span><\/td>\n<\/tr>\n<tr>\n<td><span style=\"font-size: small\">Largura:<\/span><\/td>\n<td><span style=\"font-size: small\">70 mil\u00edmetros<\/span><\/td>\n<\/tr>\n<tr>\n<td><span style=\"font-size: small\">Espesor:<\/span><\/td>\n<td><span style=\"font-size: small\">10 mil\u00edmetros<\/span><\/td>\n<\/tr>\n<tr>\n<td><span style=\"font-size: small\">Ancho:<\/span><\/td>\n<td><span style=\"font-size: small\">38 mil\u00edmetros<\/span><\/td>\n<\/tr>\n<\/tbody>\n<\/table>\n<p style=\"text-align: justify\"><span style=\"font-size: small\">&nbsp;<\/span><\/p>\n","protected":false},"excerpt":{"rendered":"<p>Genesis PLA-70 es una placa de liberaci\u00f3n r\u00e1pida universal tipo Arca-Swiss dise\u00f1ada para su uso con diferentes modelos de c\u00e1maras.<\/p>\n","protected":false},"featured_media":63481,"comment_status":"closed","ping_status":"open","template":"","meta":{"_acf_changed":false},"product_brand":[2644],"product_cat":[1087],"product_tag":[],"class_list":{"0":"post-71995","1":"product","2":"type-product","3":"status-publish","4":"has-post-thumbnail","6":"product_brand-genesis-es","7":"product_cat-zapatas-y-tornillos","9":"first","10":"instock","11":"taxable","12":"shipping-taxable","13":"purchasable","14":"product-type-simple"},"bundled_by":[],"bundle_stock_status":"instock","bundle_stock_quantity":1,"bundle_virtual":false,"bundle_layout":"","bundle_add_to_cart_form_location":"","bundle_editable_in_cart":false,"bundle_sold_individually_context":"","bundle_item_grouping":"","bundle_min_size":"","bundle_max_size":"","bundle_price":[],"bundled_items":[],"bundle_sell_ids":[],"acf":[],"_links":{"self":[{"href":"https:\/\/hi-techwonder.com\/es\/wp-json\/wp\/v2\/product\/71995","targetHints":{"allow":["GET"]}}],"collection":[{"href":"https:\/\/hi-techwonder.com\/es\/wp-json\/wp\/v2\/product"}],"about":[{"href":"https:\/\/hi-techwonder.com\/es\/wp-json\/wp\/v2\/types\/product"}],"replies":[{"embeddable":true,"href":"https:\/\/hi-techwonder.com\/es\/wp-json\/wp\/v2\/comments?post=71995"}],"wp:featuredmedia":[{"embeddable":true,"href":"https:\/\/hi-techwonder.com\/es\/wp-json\/wp\/v2\/media\/63481"}],"wp:attachment":[{"href":"https:\/\/hi-techwonder.com\/es\/wp-json\/wp\/v2\/media?parent=71995"}],"wp:term":[{"taxonomy":"product_brand","embeddable":true,"href":"https:\/\/hi-techwonder.com\/es\/wp-json\/wp\/v2\/product_brand?post=71995"},{"taxonomy":"product_cat","embeddable":true,"href":"https:\/\/hi-techwonder.com\/es\/wp-json\/wp\/v2\/product_cat?post=71995"},{"taxonomy":"product_tag","embeddable":true,"href":"https:\/\/hi-techwonder.com\/es\/wp-json\/wp\/v2\/product_tag?post=71995"}],"curies":[{"name":"wp","href":"https:\/\/api.w.org\/{rel}","templated":true}]}}