{"id":71996,"date":"2025-07-29T09:25:00","date_gmt":"2025-07-29T09:25:00","guid":{"rendered":"https:\/\/fv6qoy3ls0.wpdns.site\/produto\/fujifilm-xf-90mm-f-2-r-lm-wr\/"},"modified":"2025-12-12T12:48:35","modified_gmt":"2025-12-12T12:48:35","slug":"fujifilm-xf-90mm-f-2-r-lm-wr","status":"publish","type":"product","link":"https:\/\/hi-techwonder.com\/es\/producto\/fujifilm-xf-90mm-f-2-r-lm-wr\/","title":{"rendered":"FUJIFILM XF 90mm f\/2 R LM WR"},"content":{"rendered":"<div>\n<p style=\"text-align: justify;\"><span style=\"font-size: small;\">Un teleobjetivo r\u00e1pido para la serie X de c\u00e1maras sin espejo de Fujifilm, el lente XF 90mm f\/2 R LM WR cuenta con una distancia focal equivalente a 137 mm junto con una apertura m\u00e1xima r\u00e1pida de f\/2 para un rendimiento con poca luz y un amplio control sobre el posicionamiento del enfoque. La construcci\u00f3n de la lente incorpora tres elementos de dispersi\u00f3n extra baja para minimizar las aberraciones crom\u00e1ticas y la distorsi\u00f3n y se ha aplicado un recubrimiento Super EBC para controlar los destellos y las im\u00e1genes fantasma para un mayor contraste y fidelidad de color. Complementando los activos \u00f3pticos hay una construcci\u00f3n resistente a la intemperie que incorpora siete sellos en el cilindro de la lente para proteger contra la humedad, el polvo y las bajas temperaturas. Benefici\u00e1ndose de un manejo y disparo r\u00e1pidos, este 90 mm f\/2 tambi\u00e9n incorpora un motor lineal cu\u00e1druple para un rendimiento de enfoque autom\u00e1tico r\u00e1pido, silencioso y preciso. Como teleobjetivo fijo de longitud media, este objetivo es especialmente adecuado para una variedad de aplicaciones fotogr\u00e1ficas, especialmente retratos, donde el manejo intuitivo, el rendimiento r\u00e1pido y la capacidad de controlar el enfoque son clave.    <\/span><\/p>\n<ul style=\"text-align: justify;\">\n<li> <span style=\"font-size: small;\">Con un rango de distancia focal equivalente a 35 mm de 137 mm, este teleobjetivo principal es ideal para trabajar con sujetos distantes y aplicaciones de retratos.<\/span><\/li>\n<li> <span style=\"font-size: small;\">La r\u00e1pida apertura m\u00e1xima de f\/2 beneficia el trabajo en condiciones de iluminaci\u00f3n dif\u00edciles y tambi\u00e9n le brinda un mayor control sobre el enfoque cuando trabaja con poca profundidad de campo o t\u00e9cnicas de enfoque selectivo.<\/span><\/li>\n<li> <span style=\"font-size: small;\">El dise\u00f1o de 11 elementos en 8 grupos incluye tres elementos de dispersi\u00f3n extra baja para minimizar las aberraciones crom\u00e1ticas y las distorsiones para mayor claridad y nitidez.<\/span><\/li>\n<li> <span style=\"font-size: small;\">Se ha aplicado un recubrimiento Super EBC a la superficie de cada elemento para controlar las im\u00e1genes fantasma y los destellos para mejorar la claridad de la imagen.<\/span><\/li>\n<li> <span style=\"font-size: small;\">Un sistema de enfoque autom\u00e1tico de motor lineal cu\u00e1druple ofrece un rendimiento suave y casi silencioso, especialmente beneficioso para aplicaciones de video y cuando se trabaja en \u00e1reas sensibles al ruido. Se incorporan cuatro imanes en el dise\u00f1o del motor lineal para un mayor par y una respuesta m\u00e1s r\u00e1pida para la adquisici\u00f3n de enfoque en tan solo 0,14 segundos. <\/span><\/li>\n<li> <span style=\"font-size: small;\">Se colocan siete sellos contra la intemperie distintos alrededor del cilindro de la lente para proteger contra el polvo, la humedad y temperaturas tan bajas como 14 \u00b0 F.<\/span><\/li>\n<li> <span style=\"font-size: small;\">Siete hojas de diafragma redondeadas contribuyen a una agradable calidad de desenfoque cuando se trabaja con t\u00e9cnicas de enfoque selectivo o poca profundidad de campo.<\/span><\/li>\n<li> <span style=\"font-size: small;\">Una distancia m\u00ednima de enfoque de 2&#8242; se empareja con un aumento m\u00e1ximo de 0,2x (equivalente a 0,3x) para beneficiar el trabajo con sujetos en primer plano.<\/span><\/li>\n<\/ul>\n<p><span style=\"font-size: small;\"> <\/span><\/div>\n<p style=\"text-align: justify;\"><span style=\"font-size: small;\">&nbsp;<\/span><\/p>\n<p> <span style=\"font-size: small;\"><span style=\"text-decoration: underline;\"><strong>Caracter\u00edsticas t\u00e9cnicas:<\/strong><\/span><\/span><\/p>\n<table style=\"width: 600px;\" border=\"1\">\n<tbody>\n<tr>\n<th colspan=\"2\"> <span style=\"font-size: small;\"><a name=\"11011\"><\/a><\/span><\/th>\n<\/tr>\n<tr>\n<td> <span style=\"font-size: small;\">Distancia focal<\/span><\/td>\n<td> <span style=\"font-size: small;\">90 mil\u00edmetros<br \/> Distancia focal comparable de 35 mm: 137 mm<\/span><\/td>\n<\/tr>\n<tr>\n<td> <span style=\"font-size: small;\">Abertura<\/span><\/td>\n<td> <span style=\"font-size: small;\">M\u00e1ximo: f\/2<br \/> M\u00ednimo: f\/16<\/span><\/td>\n<\/tr>\n<tr>\n<td> <span style=\"font-size: small;\">Tipo de montura de c\u00e1mara<\/span><\/td>\n<td> <span style=\"font-size: small;\">Compatibilidad con Fujifilm X<\/span><\/td>\n<\/tr>\n<tr>\n<td> <span style=\"font-size: small;\">Compatibilidad con el formato<\/span><\/td>\n<td> <span style=\"font-size: small;\">APS-C<\/span><\/td>\n<\/tr>\n<tr>\n<td> <span style=\"font-size: small;\">\u00c1ngulo de visi\u00f3n<\/span><\/td>\n<td> <span style=\"font-size: small;\">17.9\u00b0<\/span><\/td>\n<\/tr>\n<tr>\n<td> <span style=\"font-size: small;\">Distancia m\u00ednima de enfoque<\/span><\/td>\n<td> <span style=\"font-size: small;\">60 cm<\/span><\/td>\n<\/tr>\n<tr>\n<td> <span style=\"font-size: small;\">Aumento<\/span><\/td>\n<td> <span style=\"font-size: small;\">0.2x<\/span><\/td>\n<\/tr>\n<tr>\n<td> <span style=\"font-size: small;\">Elementos\/Grupos<\/span><\/td>\n<td> <span style=\"font-size: small;\">8\/11<\/span><\/td>\n<\/tr>\n<tr>\n<td> <span style=\"font-size: small;\">Hojas de diafragma<\/span><\/td>\n<td> <span style=\"font-size: small;\">7, redondeadas<\/span><\/td>\n<\/tr>\n<\/tbody>\n<\/table>\n<p><span style=\"font-size: small;\"> <\/span><\/p>\n<table style=\"width: 600px;\" border=\"1\">\n<tbody>\n<tr>\n<th colspan=\"2\"><span style=\"font-size: small;\"><a name=\"23001\"><\/a><\/span><\/th>\n<\/tr>\n<tr>\n<td> <span style=\"font-size: small;\">Enfoque autom\u00e1tico<\/span><\/td>\n<td> <span style=\"font-size: small;\">S\u00ed<\/span><\/td>\n<\/tr>\n<\/tbody>\n<\/table>\n<p><span style=\"font-size: small;\"> <\/span><\/p>\n<table style=\"width: 600px;\" border=\"1\">\n<tbody>\n<tr>\n<th colspan=\"2\"><span style=\"font-size: small;\"><a name=\"11501\"><\/a><\/span><\/th>\n<\/tr>\n<tr>\n<td> <span style=\"font-size: small;\">Rosca<\/span><\/td>\n<td> <span style=\"font-size: small;\">del filtro frontal: 62 mm<\/span><\/td>\n<\/tr>\n<tr>\n<td> <span style=\"font-size: small;\">Dimensiones (DxL)<\/span><\/td>\n<td> <span style=\"font-size: small;\">Aproximadamente. 75 x 105 mm <\/span><\/td>\n<\/tr>\n<tr>\n<td> <span style=\"font-size: small;\">Peso<\/span><\/td>\n<td> <span style=\"font-size: small;\">540g<\/span><\/td>\n<\/tr>\n<\/tbody>\n<\/table>\n<p> <span style=\"font-size: small;\">&nbsp;<\/span><\/p>\n","protected":false},"excerpt":{"rendered":"<p>Un teleobjetivo r\u00e1pido para la serie X de c\u00e1maras sin espejo de Fujifilm, el lente XF 90mm f\/2 R LM<\/p>\n","protected":false},"featured_media":48734,"comment_status":"closed","ping_status":"closed","template":"","meta":{"_acf_changed":false},"product_brand":[2539],"product_cat":[1062],"product_tag":[],"class_list":{"0":"post-71996","1":"product","2":"type-product","3":"status-publish","4":"has-post-thumbnail","6":"product_brand-fujifilm-es","7":"product_cat-mirrorless-objectivos","8":"pa_abertura-maxima-f-2-es","9":"pa_cor-negro","10":"pa_diametro-62mm-es","11":"pa_estabilizacao-de-imagem-no","12":"pa_montagem-da-objetiva-fujifilm-x-es","13":"pa_sensor-aps-c-es","14":"pa_tipo-de-foco-enfoque-automatico","15":"pa_tipo-de-objetiva-teleobjetivo","16":"pa_zoom-fixa-fijo","18":"first","19":"onbackorder","20":"taxable","21":"shipping-taxable","22":"purchasable","23":"product-type-simple"},"bundled_by":[],"bundle_stock_status":"onbackorder","bundle_stock_quantity":null,"bundle_virtual":false,"bundle_layout":"","bundle_add_to_cart_form_location":"","bundle_editable_in_cart":false,"bundle_sold_individually_context":"","bundle_item_grouping":"","bundle_min_size":"","bundle_max_size":"","bundle_price":[],"bundled_items":[],"bundle_sell_ids":[],"acf":[],"_links":{"self":[{"href":"https:\/\/hi-techwonder.com\/es\/wp-json\/wp\/v2\/product\/71996","targetHints":{"allow":["GET"]}}],"collection":[{"href":"https:\/\/hi-techwonder.com\/es\/wp-json\/wp\/v2\/product"}],"about":[{"href":"https:\/\/hi-techwonder.com\/es\/wp-json\/wp\/v2\/types\/product"}],"replies":[{"embeddable":true,"href":"https:\/\/hi-techwonder.com\/es\/wp-json\/wp\/v2\/comments?post=71996"}],"wp:featuredmedia":[{"embeddable":true,"href":"https:\/\/hi-techwonder.com\/es\/wp-json\/wp\/v2\/media\/48734"}],"wp:attachment":[{"href":"https:\/\/hi-techwonder.com\/es\/wp-json\/wp\/v2\/media?parent=71996"}],"wp:term":[{"taxonomy":"product_brand","embeddable":true,"href":"https:\/\/hi-techwonder.com\/es\/wp-json\/wp\/v2\/product_brand?post=71996"},{"taxonomy":"product_cat","embeddable":true,"href":"https:\/\/hi-techwonder.com\/es\/wp-json\/wp\/v2\/product_cat?post=71996"},{"taxonomy":"product_tag","embeddable":true,"href":"https:\/\/hi-techwonder.com\/es\/wp-json\/wp\/v2\/product_tag?post=71996"}],"curies":[{"name":"wp","href":"https:\/\/api.w.org\/{rel}","templated":true}]}}