{"id":71997,"date":"2025-07-29T10:26:54","date_gmt":"2025-07-29T10:26:54","guid":{"rendered":"https:\/\/fv6qoy3ls0.wpdns.site\/produto\/placa-de-liberacion-rapida-genesis-pla-60\/"},"modified":"2026-01-31T01:35:42","modified_gmt":"2026-01-31T01:35:42","slug":"genesis-placa-de-liberacion-rapida-genesis-pla-60","status":"publish","type":"product","link":"https:\/\/hi-techwonder.com\/es\/producto\/genesis-placa-de-liberacion-rapida-genesis-pla-60\/","title":{"rendered":"Placa de liberaci\u00f3n r\u00e1pida Genesis PLA-60"},"content":{"rendered":"<p><span style=\"font-size: small\">La abrazadera de liberaci\u00f3n r\u00e1pida Genesis se basa en el est\u00e1ndar Arca-Swiss. La abrazadera est\u00e1 hecha de aluminio liviano y construcci\u00f3n de acero inoxidable, para proporcionar confiabilidad duradera. Ranuras de alivio de tope de seguridad para proteger la c\u00e1mara de ca\u00eddas accidentales.  <br \/>&nbsp;<\/p>\n<p><strong>Especificaci\u00f3n:<\/strong><\/p>\n<p>Montar:&nbsp;&nbsp; &nbsp;Arca suiza<br \/>Largura:&nbsp;&nbsp; &nbsp;60 mil\u00edmetros<br \/>Espesor:&nbsp;&nbsp; &nbsp;10 mil\u00edmetros<br \/>Ancho:&nbsp;&nbsp; &nbsp;38 mil\u00edmetros<\/span><\/p>\n","protected":false},"excerpt":{"rendered":"<p>La abrazadera de liberaci\u00f3n r\u00e1pida Genesis se basa en el est\u00e1ndar Arca-Swiss. La abrazadera est\u00e1 hecha de aluminio liviano y<\/p>\n","protected":false},"featured_media":63475,"comment_status":"closed","ping_status":"open","template":"","meta":{"_acf_changed":false},"product_brand":[2644],"product_cat":[1087],"product_tag":[],"class_list":{"0":"post-71997","1":"product","2":"type-product","3":"status-publish","4":"has-post-thumbnail","6":"product_brand-genesis-es","7":"product_cat-zapatas-y-tornillos","9":"first","10":"instock","11":"taxable","12":"shipping-taxable","13":"purchasable","14":"product-type-simple"},"bundled_by":[],"bundle_stock_status":"instock","bundle_stock_quantity":1,"bundle_virtual":false,"bundle_layout":"","bundle_add_to_cart_form_location":"","bundle_editable_in_cart":false,"bundle_sold_individually_context":"","bundle_item_grouping":"","bundle_min_size":"","bundle_max_size":"","bundle_price":[],"bundled_items":[],"bundle_sell_ids":[],"acf":[],"_links":{"self":[{"href":"https:\/\/hi-techwonder.com\/es\/wp-json\/wp\/v2\/product\/71997","targetHints":{"allow":["GET"]}}],"collection":[{"href":"https:\/\/hi-techwonder.com\/es\/wp-json\/wp\/v2\/product"}],"about":[{"href":"https:\/\/hi-techwonder.com\/es\/wp-json\/wp\/v2\/types\/product"}],"replies":[{"embeddable":true,"href":"https:\/\/hi-techwonder.com\/es\/wp-json\/wp\/v2\/comments?post=71997"}],"wp:featuredmedia":[{"embeddable":true,"href":"https:\/\/hi-techwonder.com\/es\/wp-json\/wp\/v2\/media\/63475"}],"wp:attachment":[{"href":"https:\/\/hi-techwonder.com\/es\/wp-json\/wp\/v2\/media?parent=71997"}],"wp:term":[{"taxonomy":"product_brand","embeddable":true,"href":"https:\/\/hi-techwonder.com\/es\/wp-json\/wp\/v2\/product_brand?post=71997"},{"taxonomy":"product_cat","embeddable":true,"href":"https:\/\/hi-techwonder.com\/es\/wp-json\/wp\/v2\/product_cat?post=71997"},{"taxonomy":"product_tag","embeddable":true,"href":"https:\/\/hi-techwonder.com\/es\/wp-json\/wp\/v2\/product_tag?post=71997"}],"curies":[{"name":"wp","href":"https:\/\/api.w.org\/{rel}","templated":true}]}}