{"id":72000,"date":"2025-07-29T09:25:22","date_gmt":"2025-07-29T09:25:22","guid":{"rendered":"https:\/\/fv6qoy3ls0.wpdns.site\/produto\/fujifilm-xf-80mm-f-2-8-r-lm-ois-wr-macro\/"},"modified":"2025-12-12T14:02:49","modified_gmt":"2025-12-12T14:02:49","slug":"fujifilm-xf-80mm-f-2-8-r-lm-ois-wr-macro","status":"publish","type":"product","link":"https:\/\/hi-techwonder.com\/es\/producto\/fujifilm-xf-80mm-f-2-8-r-lm-ois-wr-macro\/","title":{"rendered":"FUJIFILM XF 80mm f\/2.8 R LM OIS WR MACRO"},"content":{"rendered":"<p><span style=\"font-size: small;\"><strong>ASPECTOS DESTACADOS DEL PRODUCTO<\/strong><\/p>\n<p><\/span><\/p>\n<ul>\n<li><span style=\"font-size: small;\">Lente con montura X\/formato APS-C<\/span><\/li>\n<li><span style=\"font-size: small;\">120 mm (equivalente a 35 mm)<\/span><\/li>\n<li><span style=\"font-size: small;\">Rango de apertura: f\/2.8 a f\/22<\/span><\/li>\n<li><span style=\"font-size: small;\">Un elemento asf\u00e9rico<\/span><\/li>\n<li><span style=\"font-size: small;\">Un elemento Super ED, tres elementos ED<\/span><\/li>\n<li><span style=\"font-size: small;\">Motor AF lineal, sistema de enfoque flotante<\/span><\/li>\n<li><span style=\"font-size: small;\">Aumento m\u00e1ximo: 1:1<\/span><\/li>\n<li><span style=\"font-size: small;\">Distancia m\u00ednima de enfoque: 9.8&#8243;<\/span><\/li>\n<li><span style=\"font-size: small;\">Estabilizaci\u00f3n \u00f3ptica de imagen<\/span><\/li>\n<li><span style=\"font-size: small;\">Dise\u00f1o resistente a la intemperie, revestimiento de fl\u00faor<\/span><\/li>\n<\/ul>\n<p><span style=\"font-size: small;\">&nbsp;<\/span><\/p>\n<p><span style=\"font-size: small;\">Dise\u00f1ado para primeros planos, el XF 80mm f\/2.8 R LM OIS WR Macro de Fujifilm es un teleobjetivo equivalente a 120 mm para c\u00e1maras sin espejo con montura X. La larga distancia focal, junto con la apertura m\u00e1xima de f\/2.8, es adecuada para aislar al sujeto, especialmente cuando se combina con la distancia m\u00ednima de enfoque corta de 9.8&#8243; y el aumento de tama\u00f1o real 1:1 para fotograf\u00eda macro. El aumento funciona con dos grupos de enfoque distintos para mantener la calidad de la imagen en todo el rango de enfoque, y un motor lineal garantiza un rendimiento de enfoque autom\u00e1tico r\u00e1pido y silencioso. de movimiento de c\u00e1mara.  <\/span><\/p>\n<p><span style=\"font-size: small;\"><br \/>En cuanto al dise\u00f1o \u00f3ptico, este objetivo emplea un elemento asf\u00e9rico y cuatro elementos de baja dispersi\u00f3n para conseguir im\u00e1genes n\u00edtidas y claras sin aberraciones crom\u00e1ticas y esf\u00e9ricas. Adem\u00e1s, al permitir que la lente se use en entornos hostiles, es resistente a la intemperie y tambi\u00e9n tiene un revestimiento de fl\u00faor en el elemento frontal para protecci\u00f3n contra la humedad, las manchas y el polvo. <\/span><\/p>\n<p><span style=\"font-size: small;\">&nbsp;<\/span><\/p>\n<ul>\n<li><span style=\"font-size: small;\">El teleobjetivo Prime est\u00e1 dise\u00f1ado para c\u00e1maras sin espejo APS-C con montura X de Fujifilm y ofrece una distancia focal equivalente a 120 mm.<\/span><\/li>\n<li><span style=\"font-size: small;\">El sofisticado dise\u00f1o \u00f3ptico incorpora un elemento asf\u00e9rico para reducir las aberraciones y distorsiones esf\u00e9ricas, as\u00ed como un elemento Super ED y tres elementos de dispersi\u00f3n extra baja para controlar las aberraciones crom\u00e1ticas y las franjas de color para una claridad notable.<\/span><\/li>\n<li><span style=\"font-size: small;\">El objetivo macro ofrece una relaci\u00f3n de ampliaci\u00f3n de tama\u00f1o real de 1:1, junto con una distancia m\u00ednima de enfoque de 9,8&#8243; para trabajar con sujetos en primer plano.<\/span><\/li>\n<li><span style=\"font-size: small;\">El sistema de enfoque flotante emplea dos grupos distintos de elementos de enfoque para un rendimiento m\u00e1s r\u00e1pido mientras mantiene la calidad de imagen en todo el rango de enfoque.<\/span><\/li>\n<li><span style=\"font-size: small;\">El motor de enfoque autom\u00e1tico lineal ofrece un rendimiento de enfoque autom\u00e1tico r\u00e1pido y suave que es especialmente beneficioso cuando se trabaja con sujetos que se mueven r\u00e1pidamente o cuando se graba video.<\/span><\/li>\n<li><span style=\"font-size: small;\">El interruptor limitador de rango de enfoque le permite restringir el rango de enfoque entre 9.8 &#8220;a 1.6 &#8216;, 1.6 &#8216;al infinito o a todo el rango de 9.8&#8221; al infinito para un enfoque m\u00e1s receptivo, dependiendo de la distancia a su sujeto.<\/span><\/li>\n<li><span style=\"font-size: small;\">Un sistema de estabilizaci\u00f3n \u00f3ptica de imagen de cinco pasos minimiza la apariencia del movimiento de la c\u00e1mara para una fotograf\u00eda manual m\u00e1s n\u00edtida en condiciones de poca luz y a velocidades de obturaci\u00f3n m\u00e1s lentas.<\/span><\/li>\n<li><span style=\"font-size: small;\">Se ha aplicado un recubrimiento de fl\u00faor al elemento frontal de la lente para protegerlo contra manchas, humedad y polvo.<\/span><\/li>\n<li><span style=\"font-size: small;\">El cuerpo del objetivo est\u00e1 sellado contra la intemperie para proteger contra el polvo y la humedad y permitir un uso sin preocupaciones en condiciones adversas. Adem\u00e1s, este dise\u00f1o tambi\u00e9n le permite trabajar en temperaturas tan bajas como 14 \u00b0 F. <\/span><\/li>\n<li><span style=\"font-size: small;\">Compatible con los teleconvertidores opcionales XF 1.4x TC WR y XF 2x TC WR para ampliar la distancia focal efectiva a 171 mm y 244 mm equivalentes, respectivamente.<\/span><\/li>\n<\/ul>\n<p><span style=\"font-size: small;\">&nbsp;<\/span><\/p>\n<h2><span style=\"font-size: small;\"><\/p>\n<p><\/span><\/h2>\n<p><span style=\"font-size: small;\"> <\/span><\/p>\n<p><span style=\"font-size: small;\"> <\/span><\/p>\n<table style=\"width: 592px;\" border=\"0\" cellspacing=\"0\" cellpadding=\"2\">\n<colgroup>\n<col width=\"241\"><\/colgroup>\n<colgroup>\n<col width=\"343\"><\/colgroup>\n<tbody>\n<tr>\n<th colspan=\"2\" width=\"588\">\n<p style=\"padding: 0cm; font-style: normal; font-weight: normal;\"><span style=\"font-size: small;\"><a name=\"11011\"><\/a><span style=\"font-size: x-large;\">interino<\/span><\/span><\/p>\n<\/th>\n<\/tr>\n<tr>\n<td width=\"241\">\n<p style=\"padding: 0cm 0cm 0.53cm; border: medium medium 1px none none solid currentcolor currentcolor #e6e7e8;\"><span style=\"font-size: small;\">Distancia focal<\/span><\/p>\n<\/td>\n<td width=\"343\">\n<p style=\"padding: 0cm 0cm 0.53cm; border: medium medium 1px none none solid currentcolor currentcolor #e6e7e8;\"><span style=\"font-size: small;\">80 mil\u00edmetros<br \/>Distancia focal comparable de 35 mm: 120 mm<\/span><\/p>\n<\/td>\n<\/tr>\n<tr>\n<td width=\"241\">\n<p style=\"padding: 0cm 0cm 0.53cm; border: medium medium 1px none none solid currentcolor currentcolor #e6e7e8;\"><span style=\"font-size: small;\">Abertura<\/span><\/p>\n<\/td>\n<td width=\"343\">\n<p style=\"padding: 0cm 0cm 0.53cm; border: medium medium 1px none none solid currentcolor currentcolor #e6e7e8;\"><span style=\"font-size: small;\">M\u00e1ximo: f\/2.8<br \/>M\u00ednimo: f\/22<\/span><\/p>\n<\/td>\n<\/tr>\n<tr>\n<td width=\"241\">\n<p style=\"padding: 0cm 0cm 0.53cm; border: medium medium 1px none none solid currentcolor currentcolor #e6e7e8;\"><span style=\"font-size: small;\">Tipo de montaje de la c\u00e1mara<\/span><\/p>\n<\/td>\n<td width=\"343\">\n<p style=\"padding: 0cm 0cm 0.53cm; border: medium medium 1px none none solid currentcolor currentcolor #e6e7e8;\"><span style=\"font-size: small;\">Soporte t\u00e9cnico de Fujifilm X<\/span><\/p>\n<\/td>\n<\/tr>\n<tr>\n<td width=\"241\">\n<p style=\"padding: 0cm 0cm 0.53cm; border: medium medium 1px none none solid currentcolor currentcolor #e6e7e8;\"><span style=\"font-size: small;\">Compatibilidad de formatos<\/span><\/p>\n<\/td>\n<td width=\"343\">\n<p style=\"padding: 0cm 0cm 0.53cm; border: medium medium 1px none none solid currentcolor currentcolor #e6e7e8;\"><span style=\"font-size: small;\">APS-C<\/span><\/p>\n<\/td>\n<\/tr>\n<tr>\n<td width=\"241\">\n<p style=\"padding: 0cm 0cm 0.53cm; border: medium medium 1px none none solid currentcolor currentcolor #e6e7e8;\"><span style=\"font-size: small;\">\u00c1ngulo<\/span><\/p>\n<\/td>\n<td width=\"343\">\n<p style=\"padding: 0cm 0cm 0.53cm; border: medium medium 1px none none solid currentcolor currentcolor #e6e7e8;\"><span style=\"font-size: small;\">20,1\u00b0<\/span><\/p>\n<\/td>\n<\/tr>\n<tr>\n<td width=\"241\">\n<p style=\"padding: 0cm 0cm 0.53cm; border: medium medium 1px none none solid currentcolor currentcolor #e6e7e8;\"><span style=\"font-size: small;\">Distancia m\u00ednima de enfoque<\/span><\/p>\n<\/td>\n<td width=\"343\">\n<p style=\"padding: 0cm 0cm 0.53cm; border: medium medium 1px none none solid currentcolor currentcolor #e6e7e8;\"><span style=\"font-size: small;\">9,84&#8243; (25 cm)<\/span><\/p>\n<\/td>\n<\/tr>\n<tr>\n<td width=\"241\">\n<p style=\"padding: 0cm 0cm 0.53cm; border: medium medium 1px none none solid currentcolor currentcolor #e6e7e8;\"><span style=\"font-size: small;\">Ampliaci\u00f3n<\/span><\/p>\n<\/td>\n<td width=\"343\">\n<p style=\"padding: 0cm 0cm 0.53cm; border: medium medium 1px none none solid currentcolor currentcolor #e6e7e8;\"><span style=\"font-size: small;\">1x<\/span><\/p>\n<\/td>\n<\/tr>\n<tr>\n<td width=\"241\">\n<p style=\"padding: 0cm 0cm 0.53cm; border: medium medium 1px none none solid currentcolor currentcolor #e6e7e8;\"><span style=\"font-size: small;\">Velocidad m\u00e1xima de reproducci\u00f3n<\/span><\/p>\n<\/td>\n<td width=\"343\">\n<p style=\"padding: 0cm 0cm 0.53cm; border: medium medium 1px none none solid currentcolor currentcolor #e6e7e8;\"><span style=\"font-size: small;\">1:1<\/span><\/p>\n<\/td>\n<\/tr>\n<tr>\n<td width=\"241\">\n<p style=\"padding: 0cm 0cm 0.53cm; border: medium medium 1px none none solid currentcolor currentcolor #e6e7e8;\"><span style=\"font-size: small;\">Elementos\/Grupos<\/span><\/p>\n<\/td>\n<td width=\"343\">\n<p style=\"padding: 0cm 0cm 0.53cm; border: medium medium 1px none none solid currentcolor currentcolor #e6e7e8;\"><span style=\"font-size: small;\">16\/12<\/span><\/p>\n<\/td>\n<\/tr>\n<tr>\n<td width=\"241\">\n<p style=\"padding: 0cm 0cm 0.53cm; border: medium medium 1px none none solid currentcolor currentcolor #e6e7e8;\"><span style=\"font-size: small;\">Hojas de diafragma<\/span><\/p>\n<\/td>\n<td width=\"343\">\n<p style=\"padding: 0cm 0cm 0.53cm; border: medium medium 1px none none solid currentcolor currentcolor #e6e7e8;\"><span style=\"font-size: small;\">9, redondeado<\/span><\/p>\n<\/td>\n<\/tr>\n<\/tbody>\n<\/table>\n<p><span style=\"font-size: small;\"> <\/span><\/p>\n<p><span style=\"font-size: small;\"> <\/span><\/p>\n<table style=\"width: 201px;\" border=\"0\" cellspacing=\"0\" cellpadding=\"2\">\n<colgroup>\n<col width=\"156\"><\/colgroup>\n<colgroup>\n<col width=\"37\"><\/colgroup>\n<tbody>\n<tr>\n<th colspan=\"2\" width=\"197\">\n<p style=\"padding: 0cm; font-style: normal; font-weight: normal;\"><span style=\"font-size: small;\"><a name=\"23001\"><\/a><span style=\"font-size: x-large;\">Recursos<\/span><\/span><\/p>\n<\/th>\n<\/tr>\n<tr>\n<td width=\"156\">\n<p style=\"padding: 0cm 0cm 0.53cm; border: medium medium 1px none none solid currentcolor currentcolor #e6e7e8;\"><span style=\"font-size: small;\">Estabilizaci\u00f3n de imagen<\/span><\/p>\n<\/td>\n<td width=\"37\">\n<p style=\"padding: 0cm 0cm 0.53cm; border: medium medium 1px none none solid currentcolor currentcolor #e6e7e8;\"><span style=\"font-size: small;\">S\u00ed<\/span><\/p>\n<\/td>\n<\/tr>\n<tr>\n<td width=\"156\">\n<p style=\"padding: 0cm 0cm 0.53cm; border: medium medium 1px none none solid currentcolor currentcolor #e6e7e8;\"><span style=\"font-size: small;\">Autom\u00e1tico<\/span><\/p>\n<\/td>\n<td width=\"37\">\n<p style=\"padding: 0cm 0cm 0.53cm; border: medium medium 1px none none solid currentcolor currentcolor #e6e7e8;\"><span style=\"font-size: small;\">S\u00ed<\/span><\/p>\n<\/td>\n<\/tr>\n<\/tbody>\n<\/table>\n<p><span style=\"font-size: small;\"> <\/span><\/p>\n<p><span style=\"font-size: small;\"> <\/span><\/p>\n<table style=\"width: 444px;\" border=\"0\" cellspacing=\"0\" cellpadding=\"2\">\n<colgroup>\n<col width=\"147\"><\/colgroup>\n<colgroup>\n<col width=\"289\"><\/colgroup>\n<tbody>\n<tr>\n<th colspan=\"2\" width=\"440\">\n<p style=\"padding: 0cm; font-style: normal; font-weight: normal;\"><span style=\"font-size: small;\"><a name=\"11501\"><\/a><span style=\"font-size: x-large;\">F\u00edsico<\/span><\/span><\/p>\n<\/th>\n<\/tr>\n<tr>\n<td width=\"147\">\n<p style=\"padding: 0cm 0cm 0.53cm; border: medium medium 1px none none solid currentcolor currentcolor #e6e7e8;\"><span style=\"font-size: small;\">Tema de filtro<\/span><\/p>\n<\/td>\n<td width=\"289\">\n<p style=\"padding: 0cm 0cm 0.53cm; border: medium medium 1px none none solid currentcolor currentcolor #e6e7e8;\"><span style=\"font-size: small;\">Frontal: 62 mm<\/span><\/p>\n<\/td>\n<\/tr>\n<tr>\n<td width=\"147\">\n<p style=\"padding: 0cm 0cm 0.53cm; border: medium medium 1px none none solid currentcolor currentcolor #e6e7e8;\"><span style=\"font-size: small;\">Dimensiones (DxL)<\/span><\/p>\n<\/td>\n<td width=\"289\">\n<p style=\"padding: 0cm 0cm 0.53cm; border: medium medium 1px none none solid currentcolor currentcolor #e6e7e8;\"><span style=\"font-size: small;\">Aproximadamente. 3,15 x 5,12&#8243; (80 x 130 mm) <\/span><\/p>\n<\/td>\n<\/tr>\n<tr>\n<td width=\"147\">\n<p style=\"padding: 0cm 0cm 0.53cm; border: medium medium 1px none none solid currentcolor currentcolor #e6e7e8;\"><span style=\"font-size: small;\">Peso<\/span><\/p>\n<\/td>\n<td width=\"289\">\n<p style=\"padding: 0cm 0cm 0.53cm; border: medium medium 1px none none solid currentcolor currentcolor #e6e7e8;\"><span style=\"font-size: small;\">1,65 libras (750 g)<\/span><\/p>\n<\/td>\n<\/tr>\n<\/tbody>\n<\/table>\n<p><span style=\"font-size: small;\"> <\/span><\/p>\n<p><span style=\"font-size: small;\"><\/p>\n<p><\/span><\/p>\n","protected":false},"excerpt":{"rendered":"<p>ASPECTOS DESTACADOS DEL PRODUCTO Lente con montura X\/formato APS-C 120 mm (equivalente a 35 mm) Rango de apertura: f\/2.8 a<\/p>\n","protected":false},"featured_media":48758,"comment_status":"closed","ping_status":"closed","template":"","meta":{"_acf_changed":false},"product_brand":[2539],"product_cat":[1062],"product_tag":[],"class_list":{"0":"post-72000","1":"product","2":"type-product","3":"status-publish","4":"has-post-thumbnail","6":"product_brand-fujifilm-es","7":"product_cat-mirrorless-objectivos","8":"pa_abertura-maxima-f-2-8-es","9":"pa_cor-negro","10":"pa_designs-especiais-macro-es","11":"pa_diametro-62mm-es","12":"pa_estabilizacao-de-imagem-si","13":"pa_montagem-da-objetiva-fujifilm-x-es","14":"pa_sensor-aps-c-es","15":"pa_tipo-de-foco-enfoque-automatico","16":"pa_tipo-de-objetiva-teleobjetivo","17":"pa_zoom-fixa-fijo","19":"first","20":"onbackorder","21":"taxable","22":"shipping-taxable","23":"purchasable","24":"product-type-simple"},"bundled_by":[],"bundle_stock_status":"onbackorder","bundle_stock_quantity":null,"bundle_virtual":false,"bundle_layout":"","bundle_add_to_cart_form_location":"","bundle_editable_in_cart":false,"bundle_sold_individually_context":"","bundle_item_grouping":"","bundle_min_size":"","bundle_max_size":"","bundle_price":[],"bundled_items":[],"bundle_sell_ids":[],"acf":[],"_links":{"self":[{"href":"https:\/\/hi-techwonder.com\/es\/wp-json\/wp\/v2\/product\/72000","targetHints":{"allow":["GET"]}}],"collection":[{"href":"https:\/\/hi-techwonder.com\/es\/wp-json\/wp\/v2\/product"}],"about":[{"href":"https:\/\/hi-techwonder.com\/es\/wp-json\/wp\/v2\/types\/product"}],"replies":[{"embeddable":true,"href":"https:\/\/hi-techwonder.com\/es\/wp-json\/wp\/v2\/comments?post=72000"}],"wp:featuredmedia":[{"embeddable":true,"href":"https:\/\/hi-techwonder.com\/es\/wp-json\/wp\/v2\/media\/48758"}],"wp:attachment":[{"href":"https:\/\/hi-techwonder.com\/es\/wp-json\/wp\/v2\/media?parent=72000"}],"wp:term":[{"taxonomy":"product_brand","embeddable":true,"href":"https:\/\/hi-techwonder.com\/es\/wp-json\/wp\/v2\/product_brand?post=72000"},{"taxonomy":"product_cat","embeddable":true,"href":"https:\/\/hi-techwonder.com\/es\/wp-json\/wp\/v2\/product_cat?post=72000"},{"taxonomy":"product_tag","embeddable":true,"href":"https:\/\/hi-techwonder.com\/es\/wp-json\/wp\/v2\/product_tag?post=72000"}],"curies":[{"name":"wp","href":"https:\/\/api.w.org\/{rel}","templated":true}]}}