{"id":72001,"date":"2025-07-29T08:54:39","date_gmt":"2025-07-29T08:54:39","guid":{"rendered":"https:\/\/fv6qoy3ls0.wpdns.site\/produto\/limpiador-de-lentes-genesis-liquido-pano\/"},"modified":"2026-02-02T13:44:16","modified_gmt":"2026-02-02T13:44:16","slug":"genesis-limpiador-de-lentes-genesis-liquido-pano","status":"publish","type":"product","link":"https:\/\/hi-techwonder.com\/es\/producto\/genesis-limpiador-de-lentes-genesis-liquido-pano\/","title":{"rendered":"Limpiador de lentes Genesis L\u00edquido + Pa\u00f1o"},"content":{"rendered":"<p>&nbsp;Adem\u00e1s de limpiar la superficie de elementos \u00f3pticos como lentes, filtros y binoculares, tambi\u00e9n es adecuado para limpiar c\u00e1maras y pantallas LCD. La alta calidad de los materiales con los que se fabricaron las piezas del kit garantiza que los delicados elementos \u00f3pticos no se rayen y la suciedad desaparezca de su superficie. <\/p>\n<p><strong>Contenido:<\/strong><\/p>\n<ul>\n<li>Limpiador de lentes Genesis 30ml<\/li>\n<li>Tela<\/li>\n<\/ul>\n","protected":false},"excerpt":{"rendered":"<p>&nbsp;Adem\u00e1s de limpiar la superficie de elementos \u00f3pticos como lentes, filtros y binoculares, tambi\u00e9n es adecuado para limpiar c\u00e1maras y<\/p>\n","protected":false},"featured_media":42639,"comment_status":"closed","ping_status":"open","template":"","meta":{"_acf_changed":false},"product_brand":[2644],"product_cat":[920],"product_tag":[],"class_list":{"0":"post-72001","1":"product","2":"type-product","3":"status-publish","4":"has-post-thumbnail","6":"product_brand-genesis-es","7":"product_cat-limpieza","9":"first","10":"instock","11":"taxable","12":"shipping-taxable","13":"purchasable","14":"product-type-simple"},"bundled_by":[],"bundle_stock_status":"instock","bundle_stock_quantity":4,"bundle_virtual":false,"bundle_layout":"","bundle_add_to_cart_form_location":"","bundle_editable_in_cart":false,"bundle_sold_individually_context":"","bundle_item_grouping":"","bundle_min_size":"","bundle_max_size":"","bundle_price":[],"bundled_items":[],"bundle_sell_ids":[],"acf":[],"_links":{"self":[{"href":"https:\/\/hi-techwonder.com\/es\/wp-json\/wp\/v2\/product\/72001","targetHints":{"allow":["GET"]}}],"collection":[{"href":"https:\/\/hi-techwonder.com\/es\/wp-json\/wp\/v2\/product"}],"about":[{"href":"https:\/\/hi-techwonder.com\/es\/wp-json\/wp\/v2\/types\/product"}],"replies":[{"embeddable":true,"href":"https:\/\/hi-techwonder.com\/es\/wp-json\/wp\/v2\/comments?post=72001"}],"wp:featuredmedia":[{"embeddable":true,"href":"https:\/\/hi-techwonder.com\/es\/wp-json\/wp\/v2\/media\/42639"}],"wp:attachment":[{"href":"https:\/\/hi-techwonder.com\/es\/wp-json\/wp\/v2\/media?parent=72001"}],"wp:term":[{"taxonomy":"product_brand","embeddable":true,"href":"https:\/\/hi-techwonder.com\/es\/wp-json\/wp\/v2\/product_brand?post=72001"},{"taxonomy":"product_cat","embeddable":true,"href":"https:\/\/hi-techwonder.com\/es\/wp-json\/wp\/v2\/product_cat?post=72001"},{"taxonomy":"product_tag","embeddable":true,"href":"https:\/\/hi-techwonder.com\/es\/wp-json\/wp\/v2\/product_tag?post=72001"}],"curies":[{"name":"wp","href":"https:\/\/api.w.org\/{rel}","templated":true}]}}