{"id":72003,"date":"2025-07-29T10:23:19","date_gmt":"2025-07-29T10:23:19","guid":{"rendered":"https:\/\/fv6qoy3ls0.wpdns.site\/produto\/rotador-genesis-ir-64\/"},"modified":"2026-01-31T01:37:26","modified_gmt":"2026-01-31T01:37:26","slug":"genesis-rotador-genesis-ir-64","status":"publish","type":"product","link":"https:\/\/hi-techwonder.com\/es\/producto\/genesis-rotador-genesis-ir-64\/","title":{"rendered":"Rotador Genesis IR-64"},"content":{"rendered":"<p>Los cabezales Genesis funcionan seg\u00fan el sistema de ajuste de la fuerza de sujeci\u00f3n de la bola, lo que facilita el ajuste preciso de la posici\u00f3n de la c\u00e1mara. Los cabezales tienen tres botones para el ajuste a gran escala de los planos de la c\u00e1mara, el ajuste de la resistencia de la esfera y el control de rotaci\u00f3n en el eje horizontal (panor\u00e1mico). <\/p>\n<p><strong>Especificaci\u00f3n:<\/strong><\/p>\n<p>Di\u00e1metro: 60 mm<br \/>Altura: 30 mm<br \/>Orificio de montaje: UNC 1\/4&#8243;<br \/>M\u00e1ximo. Carga: 15kg<br \/>Peso: 157g <\/p>\n","protected":false},"excerpt":{"rendered":"<p>Los cabezales Genesis funcionan seg\u00fan el sistema de ajuste de la fuerza de sujeci\u00f3n de la bola, lo que facilita<\/p>\n","protected":false},"featured_media":62552,"comment_status":"closed","ping_status":"closed","template":"","meta":{"_acf_changed":false},"product_brand":[2644],"product_cat":[1076],"product_tag":[],"class_list":{"0":"post-72003","1":"product","2":"type-product","3":"status-publish","4":"has-post-thumbnail","6":"product_brand-genesis-es","7":"product_cat-gimbals-es","9":"first","10":"instock","11":"taxable","12":"shipping-taxable","13":"purchasable","14":"product-type-simple"},"bundled_by":[],"bundle_stock_status":"instock","bundle_stock_quantity":1,"bundle_virtual":false,"bundle_layout":"","bundle_add_to_cart_form_location":"","bundle_editable_in_cart":false,"bundle_sold_individually_context":"","bundle_item_grouping":"","bundle_min_size":"","bundle_max_size":"","bundle_price":[],"bundled_items":[],"bundle_sell_ids":[],"acf":[],"_links":{"self":[{"href":"https:\/\/hi-techwonder.com\/es\/wp-json\/wp\/v2\/product\/72003","targetHints":{"allow":["GET"]}}],"collection":[{"href":"https:\/\/hi-techwonder.com\/es\/wp-json\/wp\/v2\/product"}],"about":[{"href":"https:\/\/hi-techwonder.com\/es\/wp-json\/wp\/v2\/types\/product"}],"replies":[{"embeddable":true,"href":"https:\/\/hi-techwonder.com\/es\/wp-json\/wp\/v2\/comments?post=72003"}],"wp:featuredmedia":[{"embeddable":true,"href":"https:\/\/hi-techwonder.com\/es\/wp-json\/wp\/v2\/media\/62552"}],"wp:attachment":[{"href":"https:\/\/hi-techwonder.com\/es\/wp-json\/wp\/v2\/media?parent=72003"}],"wp:term":[{"taxonomy":"product_brand","embeddable":true,"href":"https:\/\/hi-techwonder.com\/es\/wp-json\/wp\/v2\/product_brand?post=72003"},{"taxonomy":"product_cat","embeddable":true,"href":"https:\/\/hi-techwonder.com\/es\/wp-json\/wp\/v2\/product_cat?post=72003"},{"taxonomy":"product_tag","embeddable":true,"href":"https:\/\/hi-techwonder.com\/es\/wp-json\/wp\/v2\/product_tag?post=72003"}],"curies":[{"name":"wp","href":"https:\/\/api.w.org\/{rel}","templated":true}]}}