{"id":72005,"date":"2025-07-29T10:14:35","date_gmt":"2025-07-29T10:14:35","guid":{"rendered":"https:\/\/fv6qoy3ls0.wpdns.site\/produto\/cabezal-portatil-godox-para-ad600-pro\/"},"modified":"2026-01-31T01:46:01","modified_gmt":"2026-01-31T01:46:01","slug":"godox-cabezal-portatil-godox-para-ad600-pro","status":"publish","type":"product","link":"https:\/\/hi-techwonder.com\/es\/producto\/godox-cabezal-portatil-godox-para-ad600-pro\/","title":{"rendered":"Cabezal port\u00e1til GODOX para AD600 PRO"},"content":{"rendered":"<p>DP600PRP cabezal de extensi\u00f3n para el cabezal de flash <a href=\"https:\/\/hi-techwonder.com\/godox-flash-de-estudio-ad600pro-bowens-ttl\" target=\"_blank\">AD600Pro <\/a>de Godox. Es una nueva forma de maximizar la versatilidad de su sistema de flash. Despu\u00e9s de quitar el tubo de flash del AD600Pro y conectarlo al cabezal de extensi\u00f3n, se conecta a la salida de flash del AD600Pro y consume 600 W de energ\u00eda. Un beneficio de esta disposici\u00f3n es el peso sustancialmente m\u00e1s liviano del cabezal de extensi\u00f3n que permite suspenderlo o montarlo en la parte superior mientras realiza ajustes desde el cuerpo del AD600Pro desde abajo. Otra posibilidad es llevar el AD600Pro en una bandolera mientras sostiene el cabezal de extensi\u00f3n para obtener diferentes efectos de iluminaci\u00f3n.    <\/p>\n","protected":false},"excerpt":{"rendered":"<p>DP600PRP cabezal de extensi\u00f3n para el cabezal de flash AD600Pro de Godox. Es una nueva forma de maximizar la versatilidad<\/p>\n","protected":false},"featured_media":60671,"comment_status":"closed","ping_status":"open","template":"","meta":{"_acf_changed":false},"product_brand":[2555],"product_cat":[992],"product_tag":[],"class_list":{"0":"post-72005","1":"product","2":"type-product","3":"status-publish","4":"has-post-thumbnail","6":"product_brand-godox-es","7":"product_cat-accesorios-luz-continua","9":"first","10":"onbackorder","11":"taxable","12":"shipping-taxable","13":"purchasable","14":"product-type-simple"},"bundled_by":[],"bundle_stock_status":"onbackorder","bundle_stock_quantity":0,"bundle_virtual":false,"bundle_layout":"","bundle_add_to_cart_form_location":"","bundle_editable_in_cart":false,"bundle_sold_individually_context":"","bundle_item_grouping":"","bundle_min_size":"","bundle_max_size":"","bundle_price":[],"bundled_items":[],"bundle_sell_ids":[],"acf":[],"_links":{"self":[{"href":"https:\/\/hi-techwonder.com\/es\/wp-json\/wp\/v2\/product\/72005","targetHints":{"allow":["GET"]}}],"collection":[{"href":"https:\/\/hi-techwonder.com\/es\/wp-json\/wp\/v2\/product"}],"about":[{"href":"https:\/\/hi-techwonder.com\/es\/wp-json\/wp\/v2\/types\/product"}],"replies":[{"embeddable":true,"href":"https:\/\/hi-techwonder.com\/es\/wp-json\/wp\/v2\/comments?post=72005"}],"wp:featuredmedia":[{"embeddable":true,"href":"https:\/\/hi-techwonder.com\/es\/wp-json\/wp\/v2\/media\/60671"}],"wp:attachment":[{"href":"https:\/\/hi-techwonder.com\/es\/wp-json\/wp\/v2\/media?parent=72005"}],"wp:term":[{"taxonomy":"product_brand","embeddable":true,"href":"https:\/\/hi-techwonder.com\/es\/wp-json\/wp\/v2\/product_brand?post=72005"},{"taxonomy":"product_cat","embeddable":true,"href":"https:\/\/hi-techwonder.com\/es\/wp-json\/wp\/v2\/product_cat?post=72005"},{"taxonomy":"product_tag","embeddable":true,"href":"https:\/\/hi-techwonder.com\/es\/wp-json\/wp\/v2\/product_tag?post=72005"}],"curies":[{"name":"wp","href":"https:\/\/api.w.org\/{rel}","templated":true}]}}