{"id":72011,"date":"2025-07-29T10:12:38","date_gmt":"2025-07-29T10:12:38","guid":{"rendered":"https:\/\/fv6qoy3ls0.wpdns.site\/produto\/godox-c7r-knowled-rgbww-lampara-creativa\/"},"modified":"2025-12-19T17:32:18","modified_gmt":"2025-12-19T17:32:18","slug":"godox-c7r-knowled-rgbww-lampara-creativa","status":"publish","type":"product","link":"https:\/\/hi-techwonder.com\/es\/producto\/godox-c7r-knowled-rgbww-lampara-creativa\/","title":{"rendered":"GODOX C7R KNOWLED RGBWW &#8211; L\u00e1mpara creativa"},"content":{"rendered":"<h3><strong>GODOX C7R KNOWLED RGBWW &#8211; L\u00e1mpara creativa<\/strong><\/h3>\n<ul>\n<li>Bater\u00eda incorporada y alimentaci\u00f3n USB-C<\/li>\n<li>Salida: 101 Lux a 1m (5500K)<\/li>\n<li>Modo RGB con tono, saturaci\u00f3n, intensidad<\/li>\n<li>CCT de 2000 a 10,000K<\/li>\n<li>CRI 96 | TLCI 98<\/li>\n<li>Dims 0 a 100%, Base E26\/27<\/li>\n<li>Control Bluetooth a trav\u00e9s de la aplicaci\u00f3n Godox Light<\/li>\n<\/ul>\n<p><iframe loading=\"lazy\" style=\"min-height: 500px; width: 100%; height: auto;\" src=\"https:\/\/www.youtube.com\/embed\/uI-k89GZV6k\" width=\"560\" height=\"314\" allowfullscreen=\"allowfullscreen\"><\/iframe><\/p>\n<p>Eleva tus sets de cine con la pr\u00e1ctica iluminaci\u00f3n de las l\u00e1mparas creativas KNOWLED RGBWW C7R. Con sus colores totalmente ajustables, su reproducci\u00f3n precisa del color y su calidad sin parpadeos, puede crear f\u00e1cilmente cualquier entorno deseado. Disfruta de la comodidad de la bater\u00eda incorporada y el control de aplicaciones f\u00e1cil de usar, que te brindan total libertad creativa.  <\/p>\n<p><em>Infinitas posibilidades creativas<\/em><\/p>\n<p>Descubre el poder de la l\u00e1mpara creativa Godox C7R KNOWLED RGBWW. Esta revolucionaria l\u00e1mpara combina un brillo fiable con infinitas posibilidades creativas. Ya sea que est\u00e9 fotografiando profesionalmente o quiera crear un ambiente espec\u00edfico, esta l\u00e1mpara siempre est\u00e1 ah\u00ed para usted. Gracias a la potente bater\u00eda incorporada del C7R, experimentas la m\u00e1xima libertad creativa. La temperatura de color ajustable de 2000K a 10000K y el ajuste del verde magenta aseguran que la l\u00e1mpara se mezcle a la perfecci\u00f3n con la luz blanca, dando a sus fotos una dimensi\u00f3n adicional.    <\/p>\n<p>Experimenta impresionantes efectos de iluminaci\u00f3n que transforman tu escena con la l\u00e1mpara creativa RGBWW de KNOWLED. Con un alto CRI de 96 y un TLCI de 97, aporta vivacidad a las escenas de sus pel\u00edculas y mejora el realismo sin ning\u00fan parpadeo. Esta l\u00e1mpara RGB de calidad cinematogr\u00e1fica lleva la calidad de tu trabajo creativo a un nivel completamente nuevo.  <\/p>\n<p><em>Sin restricciones<\/em><\/p>\n<p>Los sencillos controles integrados ponen el control total en tus manos. Con solo presionar prolongadamente el bot\u00f3n FN, puede restablecer Bluetooth y aumentar la eficiencia de una configuraci\u00f3n de luces m\u00faltiples. Cambie sin esfuerzo entre los modos CCT\/RGB, verifique el nivel de la bater\u00eda y ajuste el brillo con un 10% de precisi\u00f3n con la perilla de control incorporada.  <\/p>\n<p><img loading=\"lazy\" decoding=\"async\" src=\"https:\/\/www.godox.com\/static\/upload\/image\/20230627\/1687835795829679.gif\" alt=\"\" width=\"600\" height=\"400\"><\/p>\n<p><em>Aplicaci\u00f3n Godox Light para un control total<\/em><\/p>\n<p>Y si eso no es suficiente, la aplicaci\u00f3n Godox Light le brinda control total sobre su iluminaci\u00f3n. La versi\u00f3n 3.0 de la aplicaci\u00f3n le permite agrupar luces, atenuar infinitamente de 0 a 100, elegir la temperatura de color entre 2000K y 10000K y ajustar la configuraci\u00f3n de verde magenta. Adem\u00e1s, la aplicaci\u00f3n ofrece m\u00faltiples modos de selecci\u00f3n de color, incluidos HSI, RGB, gel y selector de color, as\u00ed como 14 efectos de iluminaci\u00f3n incorporados que se pueden ajustar.  <\/p>\n<h4>Caracter\u00edsticas t\u00e9cnicas<\/h4>\n<table class=\"table_fDXOr6EpR9\" style=\"box-sizing: inherit; width: 936.657px; font-family: OpenSans, 'Segoe UI', Helvetica, Roboto, Arial, sans-serif; font-size: 16px; background-color: #ffffff; height: 382.667px;\" data-selenium=\"specsItemGroupTable\">\n<tbody style=\"box-sizing: inherit;\">\n<tr class=\"pair_KqJ3Q3GPKv\" style=\"box-sizing: inherit; border-bottom: 0.0625rem solid #e5e5e5; height: 22.6667px;\" data-selenium=\"specsItemGroupTableRow\">\n<td class=\"label_KqJ3Q3GPKv \" style=\"box-sizing: inherit; border-top: none; padding: 1.25rem 0px; width: 355.928px; color: #666666; font-size: 1.125rem; line-height: 1.375rem; vertical-align: baseline; height: 22.6667px;\" data-selenium=\"specsItemGroupTableColumnLabel\"><span style=\"font-size: 16px;\">Tipo de base<\/span><\/td>\n<td class=\"value_KqJ3Q3GPKv \" style=\"box-sizing: inherit; color: #666666; font-size: 1.125rem; line-height: 1.375rem; vertical-align: baseline; padding: 1.25rem 0px 1.25rem 2.5rem; height: 22.6667px;\" data-selenium=\"specsItemGroupTableColumnValue\">\n<div class=\"expandableValue_KqJ3Q3GPKv\" style=\"box-sizing: inherit;\"><span style=\"color: #000000;\">E26\/E27<\/span><\/div>\n<\/td>\n<\/tr>\n<tr class=\"pair_KqJ3Q3GPKv\" style=\"box-sizing: inherit; border-bottom: 0.0625rem solid #e5e5e5; height: 22.6667px;\" data-selenium=\"specsItemGroupTableRow\">\n<td class=\"label_KqJ3Q3GPKv\" style=\"box-sizing: inherit; border-top: none; padding: 1.25rem 0px; width: 355.928px; color: #666666; font-size: 1.125rem; line-height: 1.375rem; vertical-align: baseline; height: 22.6667px;\" data-selenium=\"specsItemGroupTableColumnLabel\"><span style=\"font-size: 16px;\">Temperatura de color<\/span><\/td>\n<td class=\"value_KqJ3Q3GPKv\" style=\"box-sizing: inherit; color: #666666; font-size: 1.125rem; line-height: 1.375rem; vertical-align: baseline; padding: 1.25rem 0px 1.25rem 2.5rem; height: 22.6667px;\" data-selenium=\"specsItemGroupTableColumnValue\">\n<div class=\"expandableValue_KqJ3Q3GPKv\" style=\"box-sizing: inherit;\"><span style=\"color: #000000;\">2000 hasta 10.000K<\/span><\/div>\n<\/td>\n<\/tr>\n<tr class=\"pair_KqJ3Q3GPKv\" style=\"box-sizing: inherit; border-bottom: 0.0625rem solid #e5e5e5; height: 45.3333px;\" data-selenium=\"specsItemGroupTableRow\">\n<td class=\"label_KqJ3Q3GPKv\" style=\"box-sizing: inherit; border-top: none; padding: 1.25rem 0px; width: 355.928px; color: #666666; font-size: 1.125rem; line-height: 1.375rem; vertical-align: baseline; height: 45.3333px;\" data-selenium=\"specsItemGroupTableColumnLabel\"><span style=\"font-size: 16px;\">Est\u00e1ndar de precisi\u00f3n de color<\/span><\/td>\n<td class=\"value_KqJ3Q3GPKv\" style=\"box-sizing: inherit; color: #666666; font-size: 1.125rem; line-height: 1.375rem; vertical-align: baseline; padding: 1.25rem 0px 1.25rem 2.5rem; height: 45.3333px;\" data-selenium=\"specsItemGroupTableColumnValue\">\n<div class=\"expandableValue_KqJ3Q3GPKv\" style=\"box-sizing: inherit;\"><span style=\"color: #000000;\">CRI 96<br style=\"box-sizing: inherit;\">TLCI 97<\/span><\/div>\n<\/td>\n<\/tr>\n<tr class=\"pair_KqJ3Q3GPKv\" style=\"box-sizing: inherit; border-bottom: 0.0625rem solid #e5e5e5; height: 22.6667px;\" data-selenium=\"specsItemGroupTableRow\">\n<td class=\"label_KqJ3Q3GPKv\" style=\"box-sizing: inherit; border-top: none; padding: 1.25rem 0px; width: 355.928px; color: #666666; font-size: 1.125rem; line-height: 1.375rem; vertical-align: baseline; height: 22.6667px;\" data-selenium=\"specsItemGroupTableColumnLabel\"><span style=\"font-size: 16px;\">Poder<\/span><\/td>\n<td class=\"value_KqJ3Q3GPKv\" style=\"box-sizing: inherit; color: #666666; font-size: 1.125rem; line-height: 1.375rem; vertical-align: baseline; padding: 1.25rem 0px 1.25rem 2.5rem; height: 22.6667px;\" data-selenium=\"specsItemGroupTableColumnValue\">\n<div class=\"expandableValue_KqJ3Q3GPKv\" style=\"box-sizing: inherit;\"><span style=\"color: #000000;\">10 W<\/span><\/div>\n<\/td>\n<\/tr>\n<tr class=\"pair_KqJ3Q3GPKv\" style=\"box-sizing: inherit; border-bottom: 0.0625rem solid #e5e5e5; height: 68px;\" data-selenium=\"specsItemGroupTableRow\">\n<td class=\"label_KqJ3Q3GPKv\" style=\"box-sizing: inherit; border-top: none; padding: 1.25rem 0px; width: 355.928px; color: #666666; font-size: 1.125rem; line-height: 1.375rem; vertical-align: baseline; height: 68px;\" data-selenium=\"specsItemGroupTableColumnLabel\"><span style=\"font-size: 16px;\">Fotometr\u00eda<\/span><\/td>\n<td class=\"value_KqJ3Q3GPKv\" style=\"box-sizing: inherit; color: #666666; font-size: 1.125rem; line-height: 1.375rem; vertical-align: baseline; padding: 1.25rem 0px 1.25rem 2.5rem; height: 68px;\" data-selenium=\"specsItemGroupTableColumnValue\">\n<div class=\"expandableValue_KqJ3Q3GPKv\" style=\"box-sizing: inherit;\"><span style=\"color: #000000;\"><span style=\"box-sizing: inherit; font-weight: bolder;\">5500K:<br style=\"box-sizing: inherit;\">9 fc \/ 101 Lux a 1 m <br style=\"box-sizing: inherit;\">43 fc \/ 470 Lux a 0,5 m<\/span><\/span><\/div>\n<\/td>\n<\/tr>\n<tr class=\"pair_KqJ3Q3GPKv\" style=\"box-sizing: inherit; border-bottom: 0.0625rem solid #e5e5e5; height: 22.6667px;\" data-selenium=\"specsItemGroupTableRow\">\n<td class=\"label_KqJ3Q3GPKv\" style=\"box-sizing: inherit; border-top: none; padding: 1.25rem 0px; width: 355.928px; color: #666666; font-size: 1.125rem; line-height: 1.375rem; vertical-align: baseline; height: 22.6667px;\" data-selenium=\"specsItemGroupTableColumnLabel\"><span style=\"font-size: 16px;\">Oscurecimiento<\/span><\/td>\n<td class=\"value_KqJ3Q3GPKv\" style=\"box-sizing: inherit; line-height: 1.375rem; vertical-align: baseline; padding: 1.25rem 0px 1.25rem 2.5rem; height: 22.6667px;\" data-selenium=\"specsItemGroupTableColumnValue\">\n<div class=\"expandableValue_KqJ3Q3GPKv\" style=\"box-sizing: inherit;\"><span style=\"color: #000000;\">S\u00ed (<\/span>0%-100% en APP)<\/div>\n<\/td>\n<\/tr>\n<tr>\n<td style=\"box-sizing: inherit; border-top: none; padding: 1.25rem 0px; width: 355.928px; line-height: 1.375rem; vertical-align: baseline;\">Distancia m\u00e1xima de control Bluetooth<\/td>\n<td style=\"box-sizing: inherit; line-height: 1.375rem; vertical-align: baseline; padding: 1.25rem 0px 1.25rem 2.5rem;\">\n<div class=\"expandableValue_KqJ3Q3GPKv\" style=\"box-sizing: inherit;\">30 m<\/div>\n<\/td>\n<\/tr>\n<tr style=\"height: 22px;\">\n<td style=\"box-sizing: inherit; border-top: none; padding: 1.25rem 0px; width: 355.928px; line-height: 1.375rem; vertical-align: baseline; height: 22px;\">Tiempo de carga de la bater\u00eda de litio<\/td>\n<td style=\"box-sizing: inherit; line-height: 1.375rem; vertical-align: baseline; padding: 1.25rem 0px 1.25rem 2.5rem; height: 22px;\">\n<div class=\"expandableValue_KqJ3Q3GPKv\" style=\"box-sizing: inherit;\">aprox. 2h 30min (AC 220V) aprox. 3h (DC 5V 3A)  <\/div>\n<\/td>\n<\/tr>\n<tr style=\"height: 22px;\">\n<td style=\"box-sizing: inherit; border-top: none; padding: 1.25rem 0px; width: 355.928px; line-height: 1.375rem; vertical-align: baseline; height: 22px;\">Par\u00e1metros de la bater\u00eda de litio<\/td>\n<td style=\"box-sizing: inherit; line-height: 1.375rem; vertical-align: baseline; padding: 1.25rem 0px 1.25rem 2.5rem; height: 22px;\">\n<div class=\"expandableValue_KqJ3Q3GPKv\" style=\"box-sizing: inherit;\">7,6 V\/1300 mAh<\/div>\n<\/td>\n<\/tr>\n<tr style=\"height: 22px;\">\n<td style=\"box-sizing: inherit; border-top: none; padding: 1.25rem 0px; width: 355.928px; line-height: 1.375rem; vertical-align: baseline; height: 22px;\">Tiempo de trabajo de la bater\u00eda de litio&nbsp;<\/td>\n<td style=\"box-sizing: inherit; line-height: 1.375rem; vertical-align: baseline; padding: 1.25rem 0px 1.25rem 2.5rem; height: 22px;\">\n<div class=\"expandableValue_KqJ3Q3GPKv\" style=\"box-sizing: inherit;\">aprox. 1h <\/div>\n<\/td>\n<\/tr>\n<tr class=\"pair_KqJ3Q3GPKv\" style=\"box-sizing: inherit; border-bottom: 0.0625rem solid #e5e5e5; height: 22.6667px;\" data-selenium=\"specsItemGroupTableRow\">\n<td class=\"label_KqJ3Q3GPKv\" style=\"box-sizing: inherit; border-top: none; padding: 1.25rem 0px; width: 355.928px; color: #666666; font-size: 1.125rem; line-height: 1.375rem; vertical-align: baseline; height: 22.6667px;\" data-selenium=\"specsItemGroupTableColumnLabel\"><span style=\"font-size: 16px;\">Alimentaci\u00f3n de entrada de CA<\/span><\/td>\n<td class=\"value_KqJ3Q3GPKv\" style=\"box-sizing: inherit; line-height: 1.375rem; vertical-align: baseline; padding: 1.25rem 0px 1.25rem 2.5rem; height: 22.6667px;\" data-selenium=\"specsItemGroupTableColumnValue\">\n<div class=\"expandableValue_KqJ3Q3GPKv\" style=\"box-sizing: inherit;\">100V-120V ~ 50 \/ 60Hz 90mA \/ 200V-240V ~ 50 \/ 60Hz 50mA<\/div>\n<\/td>\n<\/tr>\n<tr class=\"pair_KqJ3Q3GPKv\" style=\"box-sizing: inherit; border-bottom: 0.0625rem solid #e5e5e5; height: 22px;\" data-selenium=\"specsItemGroupTableRow\">\n<td class=\"label_KqJ3Q3GPKv\" style=\"box-sizing: inherit; border-top: none; padding: 1.25rem 0px; width: 355.928px; line-height: 1.375rem; vertical-align: baseline; height: 22px;\" data-selenium=\"specsItemGroupTableColumnLabel\">Potencia de entrada de CC<\/td>\n<td class=\"value_KqJ3Q3GPKv\" style=\"box-sizing: inherit; line-height: 1.375rem; vertical-align: baseline; padding: 1.25rem 0px 1.25rem 2.5rem; height: 22px;\" data-selenium=\"specsItemGroupTableColumnValue\">\n<div class=\"expandableValue_KqJ3Q3GPKv\" style=\"box-sizing: inherit;\">5 VCC a 2,5 A<\/div>\n<\/td>\n<\/tr>\n<tr>\n<td style=\"box-sizing: inherit; border-top: none; padding: 1.25rem 0px; width: 355.928px; line-height: 1.375rem; vertical-align: baseline;\">Temperatura del entorno de trabajo&nbsp;<\/td>\n<td style=\"box-sizing: inherit; color: #666666; font-size: 1.125rem; line-height: 1.375rem; vertical-align: baseline; padding: 1.25rem 0px 1.25rem 2.5rem;\">\n<div class=\"expandableValue_KqJ3Q3GPKv\" style=\"box-sizing: inherit;\"><span style=\"color: #000000;\">-10\u00ba~+40\u00ba<br \/><\/span><\/div>\n<\/td>\n<\/tr>\n<tr class=\"pair_KqJ3Q3GPKv\" style=\"box-sizing: inherit; border-bottom: 0.0625rem solid #e5e5e5; height: 22.6667px;\" data-selenium=\"specsItemGroupTableRow\">\n<td class=\"label_KqJ3Q3GPKv\" style=\"box-sizing: inherit; border-top: none; padding: 1.25rem 0px; width: 355.928px; line-height: 1.375rem; vertical-align: baseline; height: 22.6667px;\" data-selenium=\"specsItemGroupTableColumnLabel\">Longitud total m\u00e1xima (MOL)<\/td>\n<td class=\"value_KqJ3Q3GPKv\" style=\"box-sizing: inherit; color: #666666; font-size: 1.125rem; line-height: 1.375rem; vertical-align: baseline; padding: 1.25rem 0px 1.25rem 2.5rem; height: 22.6667px;\" data-selenium=\"specsItemGroupTableColumnValue\">\n<div class=\"expandableValue_KqJ3Q3GPKv\" style=\"box-sizing: inherit;\"><span style=\"color: #000000;\">13,6 cm<\/span><\/div>\n<\/td>\n<\/tr>\n<tr class=\"pair_KqJ3Q3GPKv\" style=\"box-sizing: inherit; border-bottom: 0.0625rem solid #e5e5e5; height: 22.6667px;\" data-selenium=\"specsItemGroupTableRow\">\n<td class=\"label_KqJ3Q3GPKv\" style=\"box-sizing: inherit; border-top: none; padding: 1.25rem 0px; width: 355.928px; line-height: 1.375rem; vertical-align: baseline; height: 22.6667px;\" data-selenium=\"specsItemGroupTableColumnLabel\">Di\u00e1metro total m\u00e1ximo (MOD)<\/td>\n<td class=\"value_KqJ3Q3GPKv\" style=\"box-sizing: inherit; color: #666666; font-size: 1.125rem; line-height: 1.375rem; vertical-align: baseline; padding: 1.25rem 0px 1.25rem 2.5rem; height: 22.6667px;\" data-selenium=\"specsItemGroupTableColumnValue\">\n<div class=\"expandableValue_KqJ3Q3GPKv\" style=\"box-sizing: inherit;\"><span style=\"color: #000000;\">7,3 cm<\/span><\/div>\n<\/td>\n<\/tr>\n<tr class=\"pair_KqJ3Q3GPKv\" style=\"box-sizing: inherit; border-bottom: 0.0625rem solid #e5e5e5; height: 22.6667px;\" data-selenium=\"specsItemGroupTableRow\">\n<td class=\"label_KqJ3Q3GPKv\" style=\"box-sizing: inherit; border-top: none; padding: 1.25rem 0px; width: 355.928px; line-height: 1.375rem; vertical-align: baseline; height: 22.6667px;\" data-selenium=\"specsItemGroupTableColumnLabel\">Peso<\/td>\n<td class=\"value_KqJ3Q3GPKv\" style=\"box-sizing: inherit; color: #666666; font-size: 1.125rem; line-height: 1.375rem; vertical-align: baseline; padding: 1.25rem 0px 1.25rem 2.5rem; height: 22.6667px;\" data-selenium=\"specsItemGroupTableColumnValue\">\n<div class=\"expandableValue_KqJ3Q3GPKv\" style=\"box-sizing: inherit;\"><span style=\"color: #000000;\">256 gramos<\/span><\/div>\n<\/td>\n<\/tr>\n<\/tbody>\n<\/table>\n","protected":false},"excerpt":{"rendered":"<p>GODOX C7R KNOWLED RGBWW &#8211; L\u00e1mpara creativa Bater\u00eda incorporada y alimentaci\u00f3n USB-C Salida: 101 Lux a 1m (5500K) Modo RGB<\/p>\n","protected":false},"featured_media":60100,"comment_status":"closed","ping_status":"open","template":"","meta":{"_acf_changed":false},"product_brand":[2555],"product_cat":[995],"product_tag":[],"class_list":{"0":"post-72011","1":"product","2":"type-product","3":"status-publish","4":"has-post-thumbnail","6":"product_brand-godox-es","7":"product_cat-fluorescente-es","9":"first","10":"instock","11":"taxable","12":"shipping-taxable","13":"purchasable","14":"product-type-simple"},"bundled_by":[],"bundle_stock_status":"instock","bundle_stock_quantity":2,"bundle_virtual":false,"bundle_layout":"","bundle_add_to_cart_form_location":"","bundle_editable_in_cart":false,"bundle_sold_individually_context":"","bundle_item_grouping":"","bundle_min_size":"","bundle_max_size":"","bundle_price":[],"bundled_items":[],"bundle_sell_ids":[],"acf":[],"_links":{"self":[{"href":"https:\/\/hi-techwonder.com\/es\/wp-json\/wp\/v2\/product\/72011","targetHints":{"allow":["GET"]}}],"collection":[{"href":"https:\/\/hi-techwonder.com\/es\/wp-json\/wp\/v2\/product"}],"about":[{"href":"https:\/\/hi-techwonder.com\/es\/wp-json\/wp\/v2\/types\/product"}],"replies":[{"embeddable":true,"href":"https:\/\/hi-techwonder.com\/es\/wp-json\/wp\/v2\/comments?post=72011"}],"wp:featuredmedia":[{"embeddable":true,"href":"https:\/\/hi-techwonder.com\/es\/wp-json\/wp\/v2\/media\/60100"}],"wp:attachment":[{"href":"https:\/\/hi-techwonder.com\/es\/wp-json\/wp\/v2\/media?parent=72011"}],"wp:term":[{"taxonomy":"product_brand","embeddable":true,"href":"https:\/\/hi-techwonder.com\/es\/wp-json\/wp\/v2\/product_brand?post=72011"},{"taxonomy":"product_cat","embeddable":true,"href":"https:\/\/hi-techwonder.com\/es\/wp-json\/wp\/v2\/product_cat?post=72011"},{"taxonomy":"product_tag","embeddable":true,"href":"https:\/\/hi-techwonder.com\/es\/wp-json\/wp\/v2\/product_tag?post=72011"}],"curies":[{"name":"wp","href":"https:\/\/api.w.org\/{rel}","templated":true}]}}