{"id":72016,"date":"2025-07-29T10:03:16","date_gmt":"2025-07-29T10:03:16","guid":{"rendered":"https:\/\/fv6qoy3ls0.wpdns.site\/produto\/iluminador-led-impermeable-godox-wl8p-bicolor\/"},"modified":"2026-04-10T10:31:43","modified_gmt":"2026-04-10T09:31:43","slug":"godox-iluminador-led-impermeable-godox-wl8p-bicolor","status":"publish","type":"product","link":"https:\/\/hi-techwonder.com\/es\/producto\/godox-iluminador-led-impermeable-godox-wl8p-bicolor\/","title":{"rendered":"Iluminador LED impermeable GODOX WL8P (bicolor)"},"content":{"rendered":"<p><strong>Iluminador LED impermeable GODOX WL8P (bicolor)<\/strong><\/p>\n<p>\u00a1Explore lo desconocido con el nuevo LED impermeable bicolor WL8P de Godox! Este LED de bolsillo, fabricado con una robusta carcasa met\u00e1lica, es perfecto para filmar en cualquier lugar en condiciones dif\u00edciles. <\/p>\n<p>Esta luz LED a prueba de golpes, polvo e impermeable puede proporcionar colores c\u00e1lidos y fr\u00edos entre 2700K y 8500K, que se pueden ajustar f\u00e1cilmente en la parte posterior del dispositivo o con la aplicaci\u00f3n Godox Light.<\/p>\n<p>El dispositivo pesa solo 263 gramos, incluida la bater\u00eda de 2900 mAh, que puede alimentar a trav\u00e9s del cable USB-C suministrado. Tambi\u00e9n se incluye en el paquete un soporte para zapatos fr\u00edos, una bolsa y un pr\u00e1ctico difusor, para garantizar una salida de luz agradable y sombras homog\u00e9neas. <\/p>\n<p><strong>Caracter\u00edsticas<\/strong><\/p>\n<ul>\n<li>Luz LED bicolor de 10 W<\/li>\n<li>Resistente al agua hasta 10 m<\/li>\n<li>Bater\u00eda de litio incorporada de 2900 mAh<\/li>\n<li>Compatible con la aplicaci\u00f3n Godox Light a trav\u00e9s de Bluetooth<\/li>\n<li>Grandes colores: 2700-8500Kelvin<\/li>\n<li>Incluye difusor&nbsp;<\/li>\n<li>CRI 96+ TLCI 97+<\/li>\n<li>Construir efectos<\/li>\n<li>Montaje incorporado de 1\/4&#8243;<\/li>\n<li>11&#215;5,7&#215;3,25cm, peso 263g<\/li>\n<\/ul>\n<p><strong>En la caja<\/strong><\/p>\n<ul>\n<li>1x luz LED<\/li>\n<li>1x Difusor<\/li>\n<li>1x Soporte de zapata fr\u00eda<\/li>\n<li>1x Cable USB-C<\/li>\n<li>1x Bolsa<\/li>\n<\/ul>\n","protected":false},"excerpt":{"rendered":"<p>Iluminador LED impermeable GODOX WL8P (bicolor) \u00a1Explore lo desconocido con el nuevo LED impermeable bicolor WL8P de Godox! Este LED<\/p>\n","protected":false},"featured_media":57577,"comment_status":"closed","ping_status":"open","template":"","meta":{"_acf_changed":false},"product_brand":[2555],"product_cat":[994],"product_tag":[],"class_list":{"0":"post-72016","1":"product","2":"type-product","3":"status-publish","4":"has-post-thumbnail","6":"product_brand-godox-es","7":"product_cat-compactos-es","9":"first","10":"onbackorder","11":"taxable","12":"shipping-taxable","13":"purchasable","14":"product-type-simple"},"bundled_by":[],"bundle_stock_status":"onbackorder","bundle_stock_quantity":null,"bundle_virtual":false,"bundle_layout":"","bundle_add_to_cart_form_location":"","bundle_editable_in_cart":false,"bundle_sold_individually_context":"","bundle_item_grouping":"","bundle_min_size":"","bundle_max_size":"","bundle_price":[],"bundled_items":[],"bundle_sell_ids":[],"acf":[],"_links":{"self":[{"href":"https:\/\/hi-techwonder.com\/es\/wp-json\/wp\/v2\/product\/72016","targetHints":{"allow":["GET"]}}],"collection":[{"href":"https:\/\/hi-techwonder.com\/es\/wp-json\/wp\/v2\/product"}],"about":[{"href":"https:\/\/hi-techwonder.com\/es\/wp-json\/wp\/v2\/types\/product"}],"replies":[{"embeddable":true,"href":"https:\/\/hi-techwonder.com\/es\/wp-json\/wp\/v2\/comments?post=72016"}],"wp:featuredmedia":[{"embeddable":true,"href":"https:\/\/hi-techwonder.com\/es\/wp-json\/wp\/v2\/media\/57577"}],"wp:attachment":[{"href":"https:\/\/hi-techwonder.com\/es\/wp-json\/wp\/v2\/media?parent=72016"}],"wp:term":[{"taxonomy":"product_brand","embeddable":true,"href":"https:\/\/hi-techwonder.com\/es\/wp-json\/wp\/v2\/product_brand?post=72016"},{"taxonomy":"product_cat","embeddable":true,"href":"https:\/\/hi-techwonder.com\/es\/wp-json\/wp\/v2\/product_cat?post=72016"},{"taxonomy":"product_tag","embeddable":true,"href":"https:\/\/hi-techwonder.com\/es\/wp-json\/wp\/v2\/product_tag?post=72016"}],"curies":[{"name":"wp","href":"https:\/\/api.w.org\/{rel}","templated":true}]}}