{"id":72020,"date":"2025-07-29T10:03:49","date_gmt":"2025-07-29T10:03:49","guid":{"rendered":"https:\/\/fv6qoy3ls0.wpdns.site\/produto\/iluminador-led-godox-ml100bi-kit-1\/"},"modified":"2026-01-31T01:49:23","modified_gmt":"2026-01-31T01:49:23","slug":"godox-iluminador-led-godox-ml100bi-kit-1","status":"publish","type":"product","link":"https:\/\/hi-techwonder.com\/es\/producto\/godox-iluminador-led-godox-ml100bi-kit-1\/","title":{"rendered":"Iluminador LED GODOX ML100Bi &#8211; Kit 1"},"content":{"rendered":"<h3><strong>Iluminador LED GODOX ML100Bi &#8211; Kit 1<\/strong><\/h3>\n<hr>\n<h4><strong>Funciones<\/strong><\/h4>\n<ul>\n<li><strong>Potencia inigualable en un factor de forma compacto<\/strong>: Con unas dimensiones de solo 122 mm x 110 mm x 46 mm y un peso de 487 g, el <strong>ML100Bi<\/strong> destaca por su incre\u00edble portabilidad, perfecto para uso en exteriores o en estudio.<\/li>\n<li><strong>Dise\u00f1o bicolor<\/strong>: Permite ajustar la temperatura de color entre 2800K y 6500K, ofreciendo versatilidad para adaptarse a diferentes escenarios de iluminaci\u00f3n.<\/li>\n<li><strong>Compatible con el ecosistema de montura Godox<\/strong>: Soporte para dar forma a la luz con nuevos accesorios ligeros, optimizando el control y la movilidad.<\/li>\n<li><strong>M\u00faltiples opciones de alimentaci\u00f3n<\/strong>: admite alimentaci\u00f3n por adaptador de CC, bater\u00eda de montaje en V (14,8 V) y banco de energ\u00eda a trav\u00e9s de USB-C (opcional), lo que garantiza una mayor duraci\u00f3n de la bater\u00eda en grabaciones prolongadas.<\/li>\n<li><strong>Brillo ajustable de 0-100%<\/strong>: Ajuste continuo de la intensidad luminosa, con CRI 97 para una fidelidad de color precisa.<\/li>\n<li><strong>Control remoto<\/strong>: A trav\u00e9s de la aplicaci\u00f3n \u00abGodox Light\u00bb a trav\u00e9s de Bluetooth (hasta 30 m) o directamente en los controles del cuerpo del iluminador, lo que permite ajustes de brillo y efectos especiales.<\/li>\n<li><strong>Construcci\u00f3n ligera y resistente<\/strong>: Ideal para la movilidad y el transporte en diversas producciones fotogr\u00e1ficas o de v\u00eddeo.<\/li>\n<\/ul>\n<p><iframe loading=\"lazy\" frameborder=\"0\" src=\"https:\/\/www.youtube.com\/embed\/nv1N9BkXTLM?start=1\" width=\"640\" height=\"360\"><\/iframe><\/p>\n<ul>\n<\/ul>\n<hr>\n<h4><strong>Contenido del paquete &#8211; Kit 1<\/strong><\/h4>\n<ol>\n<li><strong>Iluminador LED GODOX ML100Bi<\/strong><\/li>\n<li>Lente <strong>ML-L15<\/strong><\/li>\n<li>Lente <strong>ML-L36<\/strong><\/li>\n<li><strong>Soporte AD-E21<\/strong><\/li>\n<li>Cubierta protectora del cabezal de la l\u00e1mpara<\/li>\n<li>Soporte de banco de energ\u00eda <strong>PH01<\/strong><\/li>\n<li>Adaptador de corriente<\/li>\n<li>Cable de alimentaci\u00f3n de CA<\/li>\n<li>Mini tr\u00edpode <strong>MT-01<\/strong><\/li>\n<li>Bolsa de almacenamiento<\/li>\n<\/ol>\n<hr>\n<h4><strong>Descripci\u00f3n<\/strong><\/h4>\n<p>El <strong>GODOX ML100Bi<\/strong> redefine lo que significa tener <strong>movilidad y alto rendimiento<\/strong> en un solo iluminador. Su dise\u00f1o compacto y liviano cabe f\u00e1cilmente en mochilas y bolsas de transporte, lo que lo hace perfecto para tomas y tomas al aire libre o en estudio. Su potencia de 120W y su dise\u00f1o <strong>Bi-Color<\/strong> permiten ajustar entre 2800K y 6500K, ofreciendo una variedad de tonos de luz para adaptarse a cualquier escenario.  <\/p>\n<p>Gracias a la compatibilidad con el ecosistema de montura Godox, el ML100Bi utiliza accesorios ligeros y vers\u00e1tiles, as\u00ed como <strong>objetivos (<\/strong> ML-L15 y ML-L36) y otros elementos que hacen que el flujo de trabajo sea m\u00e1s eficiente. La alimentaci\u00f3n m\u00faltiple (bater\u00eda de montaje en V, adaptador de CC o banco de energ\u00eda a trav\u00e9s de USB-C) garantiza que no se quede sin energ\u00eda durante grabaciones largas o en ubicaciones remotas. <\/p>\n<p>Adem\u00e1s de permitir ajustes de brillo (0 a 100%) y efectos especiales, el <strong>control inal\u00e1mbrico<\/strong> a trav\u00e9s de la aplicaci\u00f3n \u00abGodox Light\u00bb ampl\u00eda las posibilidades creativas de la iluminaci\u00f3n. Ya sea para fotos o videos, el <strong>ML100Bi<\/strong> ofrece <strong>un excelente control de la iluminaci\u00f3n y una portabilidad inigualable<\/strong>. <\/p>\n<hr>\n<h4><strong>Especificaciones t\u00e9cnicas<\/strong><\/h4>\n<ul>\n<li><strong>Modelo<\/strong>: ML100Bi<\/li>\n<li><strong>Potencia<\/strong>: 120 W<\/li>\n<li><strong>Tipo de LED<\/strong>: Bicolor (2800K a 6500K)<\/li>\n<li><strong>Ajuste de brillo<\/strong>: 0 &#8211; 100% continuo<\/li>\n<li><strong>CRI:<\/strong> 97<\/li>\n<li><strong>Dimensiones<\/strong>: 122 mm x 110 mm x 46 mm<\/li>\n<li><strong>Peso<\/strong>: 0,487 kg (sin accesorios)<\/li>\n<li><strong>Opciones de alimentaci\u00f3n<\/strong>: CC, bater\u00eda V-mount (14,8 V), banco de energ\u00eda a trav\u00e9s de USB-C (no incluido)<\/li>\n<li><strong>Conectividad inal\u00e1mbrica<\/strong>: Bluetooth, alcance de hasta 30 m<\/li>\n<li><strong>Compatibilidad<\/strong>: accesorios de montura Godox<\/li>\n<li><strong>Incluye<\/strong>: Lentes ML-L15, ML-L36, Montura AD-E21, Montura PH01, Mini Tr\u00edpode MT-01, etc.<\/li>\n<\/ul>\n<hr>\n<h4><strong>Informaci\u00f3n adicional<\/strong><\/h4>\n<p>Nota: Im\u00e1genes ilustrativas. Equipo adicional no incluido. Consulte el contenido del paquete y las especificaciones para obtener detalles del fabricante.  <\/p>\n","protected":false},"excerpt":{"rendered":"<p>Iluminador LED GODOX ML100Bi &#8211; Kit 1 Funciones Potencia inigualable en un factor de forma compacto: Con unas dimensiones de<\/p>\n","protected":false},"featured_media":57790,"comment_status":"closed","ping_status":"open","template":"","meta":{"_acf_changed":false},"product_brand":[2555],"product_cat":[994],"product_tag":[],"class_list":{"0":"post-72020","1":"product","2":"type-product","3":"status-publish","4":"has-post-thumbnail","6":"product_brand-godox-es","7":"product_cat-compactos-es","9":"first","10":"instock","11":"taxable","12":"shipping-taxable","13":"purchasable","14":"product-type-simple"},"bundled_by":[],"bundle_stock_status":"instock","bundle_stock_quantity":1,"bundle_virtual":false,"bundle_layout":"","bundle_add_to_cart_form_location":"","bundle_editable_in_cart":false,"bundle_sold_individually_context":"","bundle_item_grouping":"","bundle_min_size":"","bundle_max_size":"","bundle_price":[],"bundled_items":[],"bundle_sell_ids":[],"acf":[],"_links":{"self":[{"href":"https:\/\/hi-techwonder.com\/es\/wp-json\/wp\/v2\/product\/72020","targetHints":{"allow":["GET"]}}],"collection":[{"href":"https:\/\/hi-techwonder.com\/es\/wp-json\/wp\/v2\/product"}],"about":[{"href":"https:\/\/hi-techwonder.com\/es\/wp-json\/wp\/v2\/types\/product"}],"replies":[{"embeddable":true,"href":"https:\/\/hi-techwonder.com\/es\/wp-json\/wp\/v2\/comments?post=72020"}],"wp:featuredmedia":[{"embeddable":true,"href":"https:\/\/hi-techwonder.com\/es\/wp-json\/wp\/v2\/media\/57790"}],"wp:attachment":[{"href":"https:\/\/hi-techwonder.com\/es\/wp-json\/wp\/v2\/media?parent=72020"}],"wp:term":[{"taxonomy":"product_brand","embeddable":true,"href":"https:\/\/hi-techwonder.com\/es\/wp-json\/wp\/v2\/product_brand?post=72020"},{"taxonomy":"product_cat","embeddable":true,"href":"https:\/\/hi-techwonder.com\/es\/wp-json\/wp\/v2\/product_cat?post=72020"},{"taxonomy":"product_tag","embeddable":true,"href":"https:\/\/hi-techwonder.com\/es\/wp-json\/wp\/v2\/product_tag?post=72020"}],"curies":[{"name":"wp","href":"https:\/\/api.w.org\/{rel}","templated":true}]}}