{"id":72021,"date":"2025-07-29T10:13:08","date_gmt":"2025-07-29T10:13:08","guid":{"rendered":"https:\/\/fv6qoy3ls0.wpdns.site\/produto\/iluminador-led-tubular-godox-tl30-bicolor-rgb\/"},"modified":"2026-01-31T01:46:17","modified_gmt":"2026-01-31T01:46:17","slug":"godox-iluminador-led-tubular-godox-tl30-bicolor-rgb","status":"publish","type":"product","link":"https:\/\/hi-techwonder.com\/es\/producto\/godox-iluminador-led-tubular-godox-tl30-bicolor-rgb\/","title":{"rendered":"Iluminador LED tubular GODOX TL30 (Bicolor + RGB)"},"content":{"rendered":"<p><strong>Iluminador LED tubular TL30<\/strong><\/p>\n<p><strong><iframe loading=\"lazy\" src=\"https:\/\/www.youtube.com\/embed\/DxuKsfOz6EE\" width=\"560\" height=\"314\" allowfullscreen=\"allowfullscreen\"><\/iframe><\/strong><\/p>\n<p><strong>Caracter\u00edsticas principales:<\/strong><\/p>\n<ul>\n<li>Modos RGB, CCT, FX y HSI<\/li>\n<li>36.000 colores<\/li>\n<li>Bater\u00eda de iones de litio incorporada, 3,6 V\/2900 mAh\/10,7 Wh<\/li>\n<li>Bater\u00eda de larga duraci\u00f3n: 5600K 2h al 100%<\/li>\n<li>Compacto (30 cm) y ligero (0,3 kg)<\/li>\n<li>13 efectos ajustables<\/li>\n<li>Ajuste avanzado de verde\/magenta<\/li>\n<li>Control Bluetooth con la aplicaci\u00f3n gratuita para iPhone\/Android<\/li>\n<li>Puerto de carga USB-C<\/li>\n<li>Soportes magn\u00e9ticos incorporados<\/li>\n<li>Montaje de 1\/4&#8243;-20 en cada extremo<\/li>\n<\/ul>\n<p>El tubo de luz Godox TL30 RGBW es un tubo LED de bolsillo con 36000 colores, con una bater\u00eda incorporada.&nbsp;<\/p>\n<p>Este palo similar a un sable de luz presenta un rango Kelvin de dos colores de 2700-6500K, con una calificaci\u00f3n TLCI incre\u00edblemente alta de 99 y una calificaci\u00f3n CRI de 97 y reproduce colores con una calidad s\u00faper alta. Tambi\u00e9n cuenta con una salida de gama RGB completa para una gama de hasta 36.000 colores disponibles, con control de ajuste verde\/magenta, 13 efectos ajustables y filtros de gel Lee y Rosco incorporados. <\/p>\n<p>Esta luz es s\u00faper f\u00e1cil de transportar, usar y transportar. Su tama\u00f1o compacto y su peso hacen que sea f\u00e1cil de ocultar, tanto por debajo como por encima del sujeto. El cargador de bater\u00eda incorporado de 0-100% en 2.4h, ofrece 2h de salida total del 100% en color de luz diurna.  &nbsp;<\/p>\n<p>Controlar la luz in situ o en tu estudio es muy f\u00e1cil, con la descarga gratuita de la aplicaci\u00f3n Godox Light. Tambi\u00e9n hay un control remoto RC-R9 disponible, una rejilla y varios soportes y extensores de luz diferentes (no incluidos). <\/p>\n<p><strong>Contenido:<\/strong><\/p>\n<p>1 x TL30<\/p>\n<p>1 x Correa de mu\u00f1eca<\/p>\n<p>3 x Placas de metal<\/p>\n<p>1 x cable de alimentaci\u00f3n USB-C<\/p>\n<p>3x Gancho y bucle adhesivo<\/p>\n<p>1x bolsa de transporte<\/p>\n","protected":false},"excerpt":{"rendered":"<p>Iluminador LED tubular TL30 Caracter\u00edsticas principales: Modos RGB, CCT, FX y HSI 36.000 colores Bater\u00eda de iones de litio incorporada,<\/p>\n","protected":false},"featured_media":60243,"comment_status":"closed","ping_status":"open","template":"","meta":{"_acf_changed":false},"product_brand":[2555],"product_cat":[999],"product_tag":[],"class_list":{"0":"post-72021","1":"product","2":"type-product","3":"status-publish","4":"has-post-thumbnail","6":"product_brand-godox-es","7":"product_cat-tubulares-es","9":"first","10":"onbackorder","11":"taxable","12":"shipping-taxable","13":"purchasable","14":"product-type-simple"},"bundled_by":[],"bundle_stock_status":"onbackorder","bundle_stock_quantity":0,"bundle_virtual":false,"bundle_layout":"","bundle_add_to_cart_form_location":"","bundle_editable_in_cart":false,"bundle_sold_individually_context":"","bundle_item_grouping":"","bundle_min_size":"","bundle_max_size":"","bundle_price":[],"bundled_items":[],"bundle_sell_ids":[],"acf":[],"_links":{"self":[{"href":"https:\/\/hi-techwonder.com\/es\/wp-json\/wp\/v2\/product\/72021","targetHints":{"allow":["GET"]}}],"collection":[{"href":"https:\/\/hi-techwonder.com\/es\/wp-json\/wp\/v2\/product"}],"about":[{"href":"https:\/\/hi-techwonder.com\/es\/wp-json\/wp\/v2\/types\/product"}],"replies":[{"embeddable":true,"href":"https:\/\/hi-techwonder.com\/es\/wp-json\/wp\/v2\/comments?post=72021"}],"wp:featuredmedia":[{"embeddable":true,"href":"https:\/\/hi-techwonder.com\/es\/wp-json\/wp\/v2\/media\/60243"}],"wp:attachment":[{"href":"https:\/\/hi-techwonder.com\/es\/wp-json\/wp\/v2\/media?parent=72021"}],"wp:term":[{"taxonomy":"product_brand","embeddable":true,"href":"https:\/\/hi-techwonder.com\/es\/wp-json\/wp\/v2\/product_brand?post=72021"},{"taxonomy":"product_cat","embeddable":true,"href":"https:\/\/hi-techwonder.com\/es\/wp-json\/wp\/v2\/product_cat?post=72021"},{"taxonomy":"product_tag","embeddable":true,"href":"https:\/\/hi-techwonder.com\/es\/wp-json\/wp\/v2\/product_tag?post=72021"}],"curies":[{"name":"wp","href":"https:\/\/api.w.org\/{rel}","templated":true}]}}