{"id":72032,"date":"2025-07-29T10:03:41","date_gmt":"2025-07-29T10:03:41","guid":{"rendered":"https:\/\/fv6qoy3ls0.wpdns.site\/produto\/iluminador-led-godox-ldp18bi-bicolor\/"},"modified":"2026-01-31T01:49:27","modified_gmt":"2026-01-31T01:49:27","slug":"godox-iluminador-led-godox-ldp18bi-bicolor","status":"publish","type":"product","link":"https:\/\/hi-techwonder.com\/es\/producto\/godox-iluminador-led-godox-ldp18bi-bicolor\/","title":{"rendered":"Iluminador LED GODOX LDP18Bi Bicolor"},"content":{"rendered":"<h3><strong>Iluminador LED GODOX LDP18Bi Bicolor<\/strong><\/h3>\n<ul>\n<li>Para producci\u00f3n de video y vlogging<\/li>\n<li>Salida de 2100 lux a 1 metro a 5600K<\/li>\n<li>Control de modo bicolor de 2800 a 6500K<\/li>\n<li>Panel LED compacto de 21,0 x 14,9 cm<\/li>\n<li>TLCI 97, Modo de efectos de iluminaci\u00f3n<\/li>\n<li>Entrada de alimentaci\u00f3n USB-C<\/li>\n<li>Placa de bater\u00eda de la serie L, adaptador de corriente de CC<\/li>\n<li>Incluye soporte de adaptador de zapata<\/li>\n<\/ul>\n<p><iframe loading=\"lazy\" src=\"https:\/\/www.youtube.com\/embed\/pSm3T70pfaw\" width=\"400\" height=\"224\" allowfullscreen=\"allowfullscreen\"><\/iframe><\/p>\n<p><strong>En la caja:<\/strong><\/p>\n<ul>\n<li>Iluminador LED GODOX LDP18Bi Bicolor<\/li>\n<li>Conjunto de adaptador de zapata<\/li>\n<li>Adaptador de corriente<\/li>\n<\/ul>\n<p>Dise\u00f1ado para vlogs, transmisi\u00f3n en vivo y otros tipos de actividades en l\u00ednea, este panel de luz de video LED de dos colores LDP18BI de Godox emite una luz suave, especialmente favorecedora para los tonos de piel y la tez. El LDP18BI tiene una temperatura de color variable de 2800 a 5600K con una alta clasificaci\u00f3n de color TLCI de 97 para crear muchos efectos para que siempre luzcas lo mejor posible. <\/p>\n<p>El panel es regulable de 0 a 100% y tambi\u00e9n tiene 11 tipos de efectos de iluminaci\u00f3n con 31 niveles y opciones, que incluyen flash, TV, l\u00e1mpara rota, soldadura y m\u00e1s. El LDP18BI tiene una placa de bater\u00eda de la serie L y tambi\u00e9n se puede alimentar con el adaptador de CC incluido. El panel ligero y compacto mide solo 21,0 x 14,9 cm para adaptarse a cualquier configuraci\u00f3n de transmisi\u00f3n o montaje en la parte superior de su c\u00e1mara utilizando el adaptador de montaje de zapata incluido.  <\/p>\n<p><strong>Caracter\u00edsticas t\u00e9cnicas:<\/strong><\/p>\n<p><em>Iluminador<\/em><\/p>\n<ul>\n<li>Tipo de art\u00edculo: 1 x panel de luz LED<\/li>\n<li>Filtros incluidos: Difusi\u00f3n suave (incorporada)<\/li>\n<li>Estuche de almacenamiento incluido: Ninguno<\/li>\n<li>Fotometr\u00eda:&nbsp;<strong>3200K<\/strong>:\n<ul>\n<li>176 fc\/1900 Lux a 1 m*<\/li>\n<\/ul>\n<\/li>\n<li><strong>5600K<\/strong>:\n<ul>\n<li>195 fc\/2100 Lux a 1 m*<\/li>\n<\/ul>\n<\/li>\n<li><strong>6500K<\/strong>:\n<ul>\n<li>185 fc\/2000 Lux a 1 m*<\/li>\n<\/ul>\n<\/li>\n<\/ul>\n<p>*Medici\u00f3n estandarizada proporcionada por el fabricante<\/p>\n<ul>\n<li>Temperatura de color: 2800K a 6500K<\/li>\n<li>Est\u00e1ndar de precisi\u00f3n de color: TLCI 97<\/li>\n<li>Sistema de refrigeraci\u00f3n: Pasivo<\/li>\n<li>Atenuaci\u00f3n: S\u00ed, atenuador incorporado: 0 a 100%<\/li>\n<li>Flash incorporado: No<\/li>\n<li>Soporte de paraguas: No<\/li>\n<li>Montaje de accesorios delantero: Ninguno<\/li>\n<li>Compatible con aplicaciones m\u00f3viles: No<\/li>\n<\/ul>\n<p>*A partir de abril de 2023: consulte con el fabricante para obtener la compatibilidad m\u00e1s actualizada<\/p>\n<p><em>Alimentaci\u00f3n y E\/S<\/em><\/p>\n<ul>\n<li>Fuente de alimentaci\u00f3n: bater\u00eda (no incluida) o adaptador de CA a CC (incluido)<\/li>\n<li>Entradas\/Salidas: 1 x Entrada de Potencia Coaxial\/Barril (12VDC a 2A)<\/li>\n<li>Tipo de placa de bater\u00eda: 1 x Sony L-Series \/ NP-F (integrada)<\/li>\n<li>Potencia de entrada de CC: 12 VDC a 2 A<\/li>\n<li>Interruptor en l\u00ednea: No<\/li>\n<li>Transferencia de energ\u00eda: No<\/li>\n<\/ul>\n<p><em>Montura<\/em><\/p>\n<ul>\n<li>Soporte de montaje de fijaci\u00f3n\n<ul>\n<li>1 x Rosca hembra de 1\/4&#8243;-20<\/li>\n<li>Adaptador incluido: 1 x Montaje de cabeza de bola: Zapata fr\u00eda a tornillo macho de 1\/4&#8243;-20<\/li>\n<\/ul>\n<\/li>\n<\/ul>\n<p><em>Medioambiental<\/em><\/p>\n<ul>\n<li>Protecci\u00f3n del medio ambiente: Ninguna<\/li>\n<li>Temperatura de funcionamiento: -10 a 40 \u00b0C<\/li>\n<\/ul>\n<p><em>Generalmente<\/em><\/p>\n<ul>\n<li>Pantalla: Ninguna<\/li>\n<li>Dimensiones: 21 x 14,9 x 3,1 cm (accesorio)<\/li>\n<li>Peso: 363 g<\/li>\n<\/ul>\n","protected":false},"excerpt":{"rendered":"<p>Iluminador LED GODOX LDP18Bi Bicolor Para producci\u00f3n de video y vlogging Salida de 2100 lux a 1 metro a 5600K<\/p>\n","protected":false},"featured_media":57682,"comment_status":"closed","ping_status":"open","template":"","meta":{"_acf_changed":false},"product_brand":[2555],"product_cat":[994],"product_tag":[],"class_list":{"0":"post-72032","1":"product","2":"type-product","3":"status-publish","4":"has-post-thumbnail","6":"product_brand-godox-es","7":"product_cat-compactos-es","9":"first","10":"instock","11":"taxable","12":"shipping-taxable","13":"purchasable","14":"product-type-simple"},"bundled_by":[],"bundle_stock_status":"instock","bundle_stock_quantity":1,"bundle_virtual":false,"bundle_layout":"","bundle_add_to_cart_form_location":"","bundle_editable_in_cart":false,"bundle_sold_individually_context":"","bundle_item_grouping":"","bundle_min_size":"","bundle_max_size":"","bundle_price":[],"bundled_items":[],"bundle_sell_ids":[],"acf":[],"_links":{"self":[{"href":"https:\/\/hi-techwonder.com\/es\/wp-json\/wp\/v2\/product\/72032","targetHints":{"allow":["GET"]}}],"collection":[{"href":"https:\/\/hi-techwonder.com\/es\/wp-json\/wp\/v2\/product"}],"about":[{"href":"https:\/\/hi-techwonder.com\/es\/wp-json\/wp\/v2\/types\/product"}],"replies":[{"embeddable":true,"href":"https:\/\/hi-techwonder.com\/es\/wp-json\/wp\/v2\/comments?post=72032"}],"wp:featuredmedia":[{"embeddable":true,"href":"https:\/\/hi-techwonder.com\/es\/wp-json\/wp\/v2\/media\/57682"}],"wp:attachment":[{"href":"https:\/\/hi-techwonder.com\/es\/wp-json\/wp\/v2\/media?parent=72032"}],"wp:term":[{"taxonomy":"product_brand","embeddable":true,"href":"https:\/\/hi-techwonder.com\/es\/wp-json\/wp\/v2\/product_brand?post=72032"},{"taxonomy":"product_cat","embeddable":true,"href":"https:\/\/hi-techwonder.com\/es\/wp-json\/wp\/v2\/product_cat?post=72032"},{"taxonomy":"product_tag","embeddable":true,"href":"https:\/\/hi-techwonder.com\/es\/wp-json\/wp\/v2\/product_tag?post=72032"}],"curies":[{"name":"wp","href":"https:\/\/api.w.org\/{rel}","templated":true}]}}