{"id":72034,"date":"2025-07-29T10:07:21","date_gmt":"2025-07-29T10:07:21","guid":{"rendered":"https:\/\/fv6qoy3ls0.wpdns.site\/produto\/iluminador-led-godox-s60-spotlight\/"},"modified":"2026-01-31T01:48:38","modified_gmt":"2026-01-31T01:48:38","slug":"godox-iluminador-led-godox-s60-spotlight","status":"publish","type":"product","link":"https:\/\/hi-techwonder.com\/es\/producto\/godox-iluminador-led-godox-s60-spotlight\/","title":{"rendered":"Iluminador LED GODOX S60 Spotlight"},"content":{"rendered":"<p><strong>Iluminador LED GODOX S60 Spotlight<\/strong><\/p>\n<p> <strong>Caracter\u00edsticas principales<\/strong><\/p>\n<ul>\n<li>  Enfoque: 6 a 55\u00b0, 32 canales<\/li>\n<li>  Color: 5600K, CRI\/TLCI: 96\/97, DMX<\/li>\n<li>  Dim 0-100%, control de aplicaciones para tel\u00e9fonos inteligentes<\/li>\n<li>  100-240 VCA, bater\u00eda opcional con montura en V<\/li>\n<li>  Mando a distancia inal\u00e1mbrico opcional<\/li>\n<\/ul>\n<p> <strong>En la caja<\/strong><\/p>\n<ul>\n<li>  Foco LED Godox S60<\/li>\n<li>  Caja del controlador<\/li>\n<li>  Conjunto de puerta de granero<\/li>\n<li>  Cable de conexi\u00f3n<\/li>\n<li>  Cable de alimentaci\u00f3n<\/li>\n<li>  llave inglesa<\/li>\n<\/ul>\n<p>  Utilice esta luz de foco LED S60 de Godox para cuando necesite un enfoque de haz variable respaldado por opciones de control y potencia. La luz tiene un haz expandible y enfocable de 6 a 55 grados para que pueda usarla como luz de acento, luz para el cabello, l\u00e1mpara de largo alcance o herramienta de iluminaci\u00f3n selectiva. A 55 grados es f\u00e1cil llenar una seda o iluminar un grupo. Las puertas de granero incluidas le permiten dar forma a la luz a\u00fan m\u00e1s.   <\/p>\n<p>  El S60 tiene una temperatura de color s\u00f3lida y constante de 5600K que se puede convertir en balanza de tungsteno con un simple filtro de gel y es ajustable de 0 a 100%. Si bien puede realizar estos ajustes localmente en el equipo, Godox ofrece varias formas de hacerlos de forma remota. El S60 se puede controlar desde una consola a trav\u00e9s de DMX incorporado, de forma inal\u00e1mbrica con una aplicaci\u00f3n de tel\u00e9fono inteligente o con un control remoto opcional con un alcance de 164 pies. El S60 est\u00e1 listo para su uso en todo el mundo gracias a su fuente de alimentaci\u00f3n de 100 a 240 V, pero tambi\u00e9n puede ejecutarlo a trav\u00e9s de la placa de bater\u00eda de montaje en V del controlador cuando no hay alimentaci\u00f3n de CA disponible.   <\/p>\n<p> <strong>Control preciso de la cobertura de luz<\/strong><\/p>\n<p>  Con un \u00e1ngulo de haz de 6 a 55 grados, puede obtener el tama\u00f1o de extensi\u00f3n de salida que necesita ajustando la perilla giratoria en la parte posterior. Una lente de proyecci\u00f3n opcional hace que los detalles de iluminaci\u00f3n sean \u00fatiles. <\/p>\n<p> <strong>Efectos de iluminaci\u00f3n excepcionales<\/strong><\/p>\n<p>  Una lente \u00f3ptica asf\u00e9rica proporciona clasificaciones S60 CRI\/TLCI de 96+\/97+ y garantiza colores naturales y cristalinos en cualquier aplicaci\u00f3n. La intensidad de la luz del punto enfocado produce un aumento de aproximadamente 4 paradas sobre la configuraci\u00f3n de inundaci\u00f3n. Tambi\u00e9n ofrece brillo ajustable de 1 a 100% para un control m\u00e1s flexible.  <\/p>\n<p> <strong>Una selecci\u00f3n de modeladores de luz<\/strong><\/p>\n<p>  El S60 est\u00e1 dise\u00f1ado para una variedad de habilidades de estilo de iluminaci\u00f3n. Con los muchos accesorios de modelado de luz, como las puertas de granero, puede personalizar la luz con cualquier patr\u00f3n que desee. <\/p>\n<p> <strong>Viga uniforme<\/strong><\/p>\n<p>  La lente \u00f3ptica asf\u00e9rica produce una luz uniforme de borde a borde.<\/p>\n<p> <strong>Alimentaci\u00f3n en cualquier lugar<\/strong><\/p>\n<p>  El S60 viene con una caja de control separada que admite alimentaci\u00f3n de CA o una bater\u00eda opcional con montura V para disparar en exteriores.<\/p>\n<p> <strong>Mando a distancia opcional<\/strong><\/p>\n<p>  Con un sistema Bluetooth incorporado, el S60 se puede ajustar de forma remota para su configuraci\u00f3n en la aplicaci\u00f3n \u00abGodox Light\u00bb f\u00e1cil de usar. Tambi\u00e9n es compatible con el control remoto inal\u00e1mbrico RC-A6 opcional. <\/p>\n<p> <strong>Caracter\u00edsticas t\u00e9cnicas:<\/strong> <\/p>\n<div class=\"group_K7YrQottgVsRZ4B6zAaGG\" style=\"margin-bottom: 2.1875rem;font-family: OpenSans, 'Segoe UI', Helvetica, Roboto, Arial, sans-serif;font-size: 16px;background-color: #ffffff\">\n<p class=\"name_3mapjiENorVzh8SvFyXVPc firstGroupInItem_k8WqCFToyTsIW3AYbSuui\" style=\"padding: 0px 0px 0.875rem;border-bottom: 0.125rem solid #cdcdcd;font-size: 2rem;color: #769e2d;line-height: 2rem\" data-selenium=\"specsItemGroupName\"> <strong>L\u00e1mpara<\/strong> <\/p>\n<table class=\"table_o418fscimQZEg1oshu4aX\" style=\"width: 981px;height: 370px\" data-selenium=\"specsItemGroupTable\">\n<tbody>\n<tr class=\"pair_3u9fnESIQrtuEu6ye_zM4k\" style=\"border-bottom: 0.0625rem solid #e7e7e7;height: 58px\" data-selenium=\"specsItemGroupTableRow\">\n<td class=\"label_3bLwbW8ibvYc5tUwpKVQsL \" style=\"width: 372px;padding: 1.25rem 0px;border-top: none;vertical-align: baseline;font-size: 1.125rem;color: #666666;line-height: 1.375rem;height: 58px\" data-selenium=\"specsItemGroupTableColumnLabel\">\n<p>  \u00c1ngulo del haz  <\/p>\n<\/td>\n<td class=\"value_11Av1yGkVYn9TX48mQeu9v \" style=\"vertical-align: baseline;font-size: 1.125rem;color: #666666;line-height: 1.375rem;padding: 1.25rem 0px 1.25rem 2.5rem;height: 58px\" data-selenium=\"specsItemGroupTableColumnValue\">\n<p>  De 55 a 6\u00b0  <\/p>\n<\/td>\n<\/tr>\n<tr class=\"pair_3u9fnESIQrtuEu6ye_zM4k\" style=\"border-bottom: 0.0625rem solid #e7e7e7;height: 58px\" data-selenium=\"specsItemGroupTableRow\">\n<td class=\"label_3bLwbW8ibvYc5tUwpKVQsL\" style=\"width: 372px;padding: 1.25rem 0px;border-top: none;vertical-align: baseline;font-size: 1.125rem;color: #666666;line-height: 1.375rem;height: 58px\" data-selenium=\"specsItemGroupTableColumnLabel\">\n<p>  Temperatura de color  <\/p>\n<\/td>\n<td class=\"value_11Av1yGkVYn9TX48mQeu9v\" style=\"vertical-align: baseline;font-size: 1.125rem;color: #666666;line-height: 1.375rem;padding: 1.25rem 0px 1.25rem 2.5rem;height: 58px\" data-selenium=\"specsItemGroupTableColumnValue\">\n<p>  5600K \u00b1 300K  <\/p>\n<\/td>\n<\/tr>\n<tr class=\"pair_3u9fnESIQrtuEu6ye_zM4k\" style=\"border-bottom: 0.0625rem solid #e7e7e7;height: 80px\" data-selenium=\"specsItemGroupTableRow\">\n<td class=\"label_3bLwbW8ibvYc5tUwpKVQsL\" style=\"width: 372px;padding: 1.25rem 0px;border-top: none;vertical-align: baseline;font-size: 1.125rem;color: #666666;line-height: 1.375rem;height: 80px\" data-selenium=\"specsItemGroupTableColumnLabel\">\n<p>  Est\u00e1ndar de precisi\u00f3n de color  <\/p>\n<\/td>\n<td class=\"value_11Av1yGkVYn9TX48mQeu9v\" style=\"vertical-align: baseline;font-size: 1.125rem;color: #666666;line-height: 1.375rem;padding: 1.25rem 0px 1.25rem 2.5rem;height: 80px\" data-selenium=\"specsItemGroupTableColumnValue\">\n<p>  CRI 96 a 5600K<br \/> TLCI de 97 a 5600K  <\/p>\n<\/td>\n<\/tr>\n<tr class=\"pair_3u9fnESIQrtuEu6ye_zM4k\" style=\"border-bottom: 0.0625rem solid #e7e7e7;height: 58px\" data-selenium=\"specsItemGroupTableRow\">\n<td class=\"label_3bLwbW8ibvYc5tUwpKVQsL\" style=\"width: 372px;padding: 1.25rem 0px;border-top: none;vertical-align: baseline;font-size: 1.125rem;color: #666666;line-height: 1.375rem;height: 58px\" data-selenium=\"specsItemGroupTableColumnLabel\">\n<p>  Fotometr\u00eda  <\/p>\n<\/td>\n<td class=\"value_11Av1yGkVYn9TX48mQeu9v\" style=\"vertical-align: baseline;font-size: 1.125rem;color: #666666;line-height: 1.375rem;padding: 1.25rem 0px 1.25rem 2.5rem;height: 58px\" data-selenium=\"specsItemGroupTableColumnValue\">\n<p> <span>5\u00b0 a 5600K: 3200 Lux a 1 m<\/span> <\/p>\n<\/td>\n<\/tr>\n<tr class=\"pair_3u9fnESIQrtuEu6ye_zM4k\" style=\"border-bottom: 0.0625rem solid #e7e7e7;height: 58px\" data-selenium=\"specsItemGroupTableRow\">\n<td class=\"label_3bLwbW8ibvYc5tUwpKVQsL\" style=\"width: 372px;padding: 1.25rem 0px;border-top: none;vertical-align: baseline;font-size: 1.125rem;color: #666666;line-height: 1.375rem;height: 58px\" data-selenium=\"specsItemGroupTableColumnLabel\">\n<p>  Dimensiones de la luminaria  <\/p>\n<\/td>\n<td class=\"value_11Av1yGkVYn9TX48mQeu9v\" style=\"vertical-align: baseline;font-size: 1.125rem;color: #666666;line-height: 1.375rem;padding: 1.25rem 0px 1.25rem 2.5rem;height: 58px\" data-selenium=\"specsItemGroupTableColumnValue\">\n<p>  288,0 x 113,0 x 100,0 mm  <\/p>\n<\/td>\n<\/tr>\n<tr class=\"pair_3u9fnESIQrtuEu6ye_zM4k\" style=\"border-bottom: 0.0625rem solid #e7e7e7;height: 58px\" data-selenium=\"specsItemGroupTableRow\">\n<td class=\"label_3bLwbW8ibvYc5tUwpKVQsL\" style=\"width: 372px;padding: 1.25rem 0px;border-top: none;vertical-align: baseline;font-size: 1.125rem;color: #666666;line-height: 1.375rem;height: 58px\" data-selenium=\"specsItemGroupTableColumnLabel\">\n<p>  Peso del accesorio  <\/p>\n<\/td>\n<td class=\"value_11Av1yGkVYn9TX48mQeu9v\" style=\"vertical-align: baseline;font-size: 1.125rem;color: #666666;line-height: 1.375rem;padding: 1.25rem 0px 1.25rem 2.5rem;height: 58px\" data-selenium=\"specsItemGroupTableColumnValue\">\n<p>  1,36 kg  <\/p>\n<\/td>\n<\/tr>\n<\/tbody>\n<\/table>\n<\/div>\n<div class=\"name_3mapjiENorVzh8SvFyXVPc\" style=\"padding: 1rem 0px 0.875rem;border-bottom: 0.125rem solid #cdcdcd;font-size: 2rem;color: #769e2d;line-height: 2rem\" data-selenium=\"specsItemGroupName\"> <strong>Conectores<\/strong> <\/div>\n<table class=\"table_o418fscimQZEg1oshu4aX\" style=\"width: 981px\" data-selenium=\"specsItemGroupTable\">\n<tbody>\n<tr class=\"pair_3u9fnESIQrtuEu6ye_zM4k\" style=\"border-bottom: 0.0625rem solid #e7e7e7\" data-selenium=\"specsItemGroupTableRow\">\n<td class=\"label_3bLwbW8ibvYc5tUwpKVQsL \" style=\"width: 372px;padding: 1.25rem 0px;border-top: none;vertical-align: baseline;font-size: 1.125rem;color: #666666;line-height: 1.375rem\" data-selenium=\"specsItemGroupTableColumnLabel\"> Placa de bater\u00eda <\/td>\n<td class=\"value_11Av1yGkVYn9TX48mQeu9v \" style=\"vertical-align: baseline;font-size: 1.125rem;color: #666666;line-height: 1.375rem;padding: 1.25rem 0px 1.25rem 2.5rem\" data-selenium=\"specsItemGroupTableColumnValue\"> <span>1 x Montura en V<\/span> <\/td>\n<\/tr>\n<\/tbody>\n<\/table>\n<div class=\"name_3mapjiENorVzh8SvFyXVPc\" style=\"padding: 1rem 0px 0.875rem;border-bottom: 0.125rem solid #cdcdcd;font-size: 2rem;color: #769e2d;line-height: 2rem\" data-selenium=\"specsItemGroupName\"> <strong>Montura<\/strong> <\/div>\n<table class=\"table_o418fscimQZEg1oshu4aX\" style=\"width: 981px\" data-selenium=\"specsItemGroupTable\">\n<tbody>\n<tr class=\"pair_3u9fnESIQrtuEu6ye_zM4k\" style=\"border-bottom: 0.0625rem solid #e7e7e7\" data-selenium=\"specsItemGroupTableRow\">\n<td class=\"label_3bLwbW8ibvYc5tUwpKVQsL \" style=\"width: 372px;padding: 1.25rem 0px;border-top: none;vertical-align: baseline;font-size: 1.125rem;color: #666666;line-height: 1.375rem\" data-selenium=\"specsItemGroupTableColumnLabel\"> Soporte de montaje <\/td>\n<td class=\"value_11Av1yGkVYn9TX48mQeu9v \" style=\"vertical-align: baseline;font-size: 1.125rem;color: #666666;line-height: 1.375rem;padding: 1.25rem 0px 1.25rem 2.5rem\" data-selenium=\"specsItemGroupTableColumnValue\"> receptor de 5\/8&#8243; <\/td>\n<\/tr>\n<\/tbody>\n<\/table>\n<div class=\"name_3mapjiENorVzh8SvFyXVPc\" style=\"padding: 1rem 0px 0.875rem;border-bottom: 0.125rem solid #cdcdcd;font-size: 2rem;color: #769e2d;line-height: 2rem\" data-selenium=\"specsItemGroupName\"> <strong>Yugo<\/strong> <\/div>\n<table class=\"table_o418fscimQZEg1oshu4aX\" style=\"width: 981px\" data-selenium=\"specsItemGroupTable\">\n<tbody>\n<tr class=\"pair_3u9fnESIQrtuEu6ye_zM4k\" style=\"border-bottom: 0.0625rem solid #e7e7e7\" data-selenium=\"specsItemGroupTableRow\">\n<td class=\"value_11Av1yGkVYn9TX48mQeu9v \" style=\"vertical-align: baseline;font-size: 1.125rem;color: #666666;line-height: 1.375rem;padding: 1.25rem 0px 1.25rem 2.5rem\" data-selenium=\"specsItemGroupTableColumnValue\"> Horquilla\/soporte <\/td>\n<td class=\"label_3bLwbW8ibvYc5tUwpKVQsL \" style=\"width: 372px;padding: 1.25rem 0px;border-top: none;vertical-align: baseline;font-size: 1.125rem;color: #666666;line-height: 1.375rem\" data-selenium=\"specsItemGroupTableColumnLabel\"> tipo yugo <\/td>\n<\/tr>\n<\/tbody>\n<\/table>\n<div class=\"name_3mapjiENorVzh8SvFyXVPc\" style=\"padding: 1rem 0px 0.875rem;border-bottom: 0.125rem solid #cdcdcd;font-size: 2rem;color: #769e2d;line-height: 2rem\" data-selenium=\"specsItemGroupName\"> <strong>Operaci\u00f3n remota<\/strong> <\/div>\n<table class=\"table_o418fscimQZEg1oshu4aX\" style=\"width: 981px\" data-selenium=\"specsItemGroupTable\">\n<tbody>\n<tr class=\"pair_3u9fnESIQrtuEu6ye_zM4k\" style=\"border-bottom: 0.0625rem solid #e7e7e7\" data-selenium=\"specsItemGroupTableRow\">\n<td class=\"label_3bLwbW8ibvYc5tUwpKVQsL \" style=\"width: 372px;padding: 1.25rem 0px;border-top: none;vertical-align: baseline;font-size: 1.125rem;color: #666666;line-height: 1.375rem\" data-selenium=\"specsItemGroupTableColumnLabel\"> Tipo de control remoto <\/td>\n<td class=\"value_11Av1yGkVYn9TX48mQeu9v \" style=\"vertical-align: baseline;font-size: 1.125rem;color: #666666;line-height: 1.375rem;padding: 1.25rem 0px 1.25rem 2.5rem\" data-selenium=\"specsItemGroupTableColumnValue\"> Bluetooth, DMX, inal\u00e1mbrico patentado <\/td>\n<\/tr>\n<tr class=\"pair_3u9fnESIQrtuEu6ye_zM4k\" style=\"border-bottom: 0.0625rem solid #e7e7e7\" data-selenium=\"specsItemGroupTableRow\">\n<td class=\"label_3bLwbW8ibvYc5tUwpKVQsL\" style=\"width: 372px;padding: 1.25rem 0px;border-top: none;vertical-align: baseline;font-size: 1.125rem;color: #666666;line-height: 1.375rem\" data-selenium=\"specsItemGroupTableColumnLabel\"> Alcance inal\u00e1mbrico <\/td>\n<td class=\"value_11Av1yGkVYn9TX48mQeu9v\" style=\"vertical-align: baseline;font-size: 1.125rem;color: #666666;line-height: 1.375rem;padding: 1.25rem 0px 1.25rem 2.5rem\" data-selenium=\"specsItemGroupTableColumnValue\"> 50 m <\/td>\n<\/tr>\n<tr class=\"pair_3u9fnESIQrtuEu6ye_zM4k\" style=\"border-bottom: 0.0625rem solid #e7e7e7\" data-selenium=\"specsItemGroupTableRow\">\n<td class=\"label_3bLwbW8ibvYc5tUwpKVQsL\" style=\"width: 372px;padding: 1.25rem 0px;border-top: none;vertical-align: baseline;font-size: 1.125rem;color: #666666;line-height: 1.375rem\" data-selenium=\"specsItemGroupTableColumnLabel\"> Canales\/grupos inal\u00e1mbricos <\/td>\n<td class=\"value_11Av1yGkVYn9TX48mQeu9v\" style=\"vertical-align: baseline;font-size: 1.125rem;color: #666666;line-height: 1.375rem;padding: 1.25rem 0px 1.25rem 2.5rem\" data-selenium=\"specsItemGroupTableColumnValue\"> 32\/16 <\/td>\n<\/tr>\n<\/tbody>\n<\/table>\n<div class=\"name_3mapjiENorVzh8SvFyXVPc\" style=\"padding: 1rem 0px 0.875rem;border-bottom: 0.125rem solid #cdcdcd;font-size: 2rem;color: #769e2d;line-height: 2rem\" data-selenium=\"specsItemGroupName\"> <strong>Poder<\/strong> <\/div>\n<table class=\"table_o418fscimQZEg1oshu4aX\" style=\"width: 981px\" data-selenium=\"specsItemGroupTable\">\n<tbody>\n<tr class=\"pair_3u9fnESIQrtuEu6ye_zM4k\" style=\"border-bottom: 0.0625rem solid #e7e7e7\" data-selenium=\"specsItemGroupTableRow\">\n<td class=\"label_3bLwbW8ibvYc5tUwpKVQsL \" style=\"width: 372px;padding: 1.25rem 0px;border-top: none;vertical-align: baseline;font-size: 1.125rem;color: #666666;line-height: 1.375rem\" data-selenium=\"specsItemGroupTableColumnLabel\"> Fuente de alimentaci\u00f3n <\/td>\n<td class=\"value_11Av1yGkVYn9TX48mQeu9v \" style=\"vertical-align: baseline;font-size: 1.125rem;color: #666666;line-height: 1.375rem;padding: 1.25rem 0px 1.25rem 2.5rem\" data-selenium=\"specsItemGroupTableColumnValue\"> Adaptador de CA, bater\u00eda externa <\/td>\n<\/tr>\n<tr class=\"pair_3u9fnESIQrtuEu6ye_zM4k\" style=\"border-bottom: 0.0625rem solid #e7e7e7\" data-selenium=\"specsItemGroupTableRow\">\n<td class=\"label_3bLwbW8ibvYc5tUwpKVQsL\" style=\"width: 372px;padding: 1.25rem 0px;border-top: none;vertical-align: baseline;font-size: 1.125rem;color: #666666;line-height: 1.375rem\" data-selenium=\"specsItemGroupTableColumnLabel\"> Consumo m\u00e1ximo de energ\u00eda <\/td>\n<td class=\"value_11Av1yGkVYn9TX48mQeu9v\" style=\"vertical-align: baseline;font-size: 1.125rem;color: #666666;line-height: 1.375rem;padding: 1.25rem 0px 1.25rem 2.5rem\" data-selenium=\"specsItemGroupTableColumnValue\"> 60 W <\/td>\n<\/tr>\n<\/tbody>\n<\/table>\n<div class=\"name_3mapjiENorVzh8SvFyXVPc\" style=\"padding: 1rem 0px 0.875rem;border-bottom: 0.125rem solid #cdcdcd;font-size: 2rem;color: #769e2d;line-height: 2rem\" data-selenium=\"specsItemGroupName\"> <strong>Cabo<\/strong> <\/div>\n<table class=\"table_o418fscimQZEg1oshu4aX\" style=\"width: 981px\" data-selenium=\"specsItemGroupTable\">\n<tbody>\n<tr class=\"pair_3u9fnESIQrtuEu6ye_zM4k\" style=\"border-bottom: 0.0625rem solid #e7e7e7\" data-selenium=\"specsItemGroupTableRow\">\n<td class=\"label_3bLwbW8ibvYc5tUwpKVQsL \" style=\"width: 372px;padding: 1.25rem 0px;border-top: none;vertical-align: baseline;font-size: 1.125rem;color: #666666;line-height: 1.375rem\" data-selenium=\"specsItemGroupTableColumnLabel\"> Tipo de cable <\/td>\n<td class=\"value_11Av1yGkVYn9TX48mQeu9v \" style=\"vertical-align: baseline;font-size: 1.125rem;color: #666666;line-height: 1.375rem;padding: 1.25rem 0px 1.25rem 2.5rem\" data-selenium=\"specsItemGroupTableColumnValue\"> <em>: Ninguno<\/em> <\/td>\n<\/tr>\n<\/tbody>\n<\/table>\n<div class=\"name_3mapjiENorVzh8SvFyXVPc\" style=\"padding: 1rem 0px 0.875rem;border-bottom: 0.125rem solid #cdcdcd;font-size: 2rem;color: #769e2d;line-height: 2rem\" data-selenium=\"specsItemGroupName\"> <strong>F\u00edsico<\/strong> <\/div>\n<table class=\"table_o418fscimQZEg1oshu4aX\" style=\"width: 981px\" data-selenium=\"specsItemGroupTable\">\n<tbody>\n<tr class=\"pair_3u9fnESIQrtuEu6ye_zM4k\" style=\"border-bottom: 0.0625rem solid #e7e7e7\" data-selenium=\"specsItemGroupTableRow\">\n<td class=\"label_3bLwbW8ibvYc5tUwpKVQsL \" style=\"width: 372px;padding: 1.25rem 0px;border-top: none;vertical-align: baseline;font-size: 1.125rem;color: #666666;line-height: 1.375rem\" data-selenium=\"specsItemGroupTableColumnLabel\"> Temperatura de funcionamiento <\/td>\n<td class=\"value_11Av1yGkVYn9TX48mQeu9v \" style=\"vertical-align: baseline;font-size: 1.125rem;color: #666666;line-height: 1.375rem;padding: 1.25rem 0px 1.25rem 2.5rem\" data-selenium=\"specsItemGroupTableColumnValue\"> -10 a 40 \u00b0C<\/td>\n<\/tr>\n<\/tbody>\n<\/table>\n","protected":false},"excerpt":{"rendered":"<p>Iluminador LED GODOX S60 Spotlight Caracter\u00edsticas principales Enfoque: 6 a 55\u00b0, 32 canales Color: 5600K, CRI\/TLCI: 96\/97, DMX Dim 0-100%,<\/p>\n","protected":false},"featured_media":58766,"comment_status":"closed","ping_status":"open","template":"","meta":{"_acf_changed":false},"product_brand":[2555],"product_cat":[997],"product_tag":[],"class_list":{"0":"post-72034","1":"product","2":"type-product","3":"status-publish","4":"has-post-thumbnail","6":"product_brand-godox-es","7":"product_cat-focos","9":"first","10":"onbackorder","11":"taxable","12":"shipping-taxable","13":"purchasable","14":"product-type-simple"},"bundled_by":[],"bundle_stock_status":"onbackorder","bundle_stock_quantity":0,"bundle_virtual":false,"bundle_layout":"","bundle_add_to_cart_form_location":"","bundle_editable_in_cart":false,"bundle_sold_individually_context":"","bundle_item_grouping":"","bundle_min_size":"","bundle_max_size":"","bundle_price":[],"bundled_items":[],"bundle_sell_ids":[],"acf":[],"_links":{"self":[{"href":"https:\/\/hi-techwonder.com\/es\/wp-json\/wp\/v2\/product\/72034","targetHints":{"allow":["GET"]}}],"collection":[{"href":"https:\/\/hi-techwonder.com\/es\/wp-json\/wp\/v2\/product"}],"about":[{"href":"https:\/\/hi-techwonder.com\/es\/wp-json\/wp\/v2\/types\/product"}],"replies":[{"embeddable":true,"href":"https:\/\/hi-techwonder.com\/es\/wp-json\/wp\/v2\/comments?post=72034"}],"wp:featuredmedia":[{"embeddable":true,"href":"https:\/\/hi-techwonder.com\/es\/wp-json\/wp\/v2\/media\/58766"}],"wp:attachment":[{"href":"https:\/\/hi-techwonder.com\/es\/wp-json\/wp\/v2\/media?parent=72034"}],"wp:term":[{"taxonomy":"product_brand","embeddable":true,"href":"https:\/\/hi-techwonder.com\/es\/wp-json\/wp\/v2\/product_brand?post=72034"},{"taxonomy":"product_cat","embeddable":true,"href":"https:\/\/hi-techwonder.com\/es\/wp-json\/wp\/v2\/product_cat?post=72034"},{"taxonomy":"product_tag","embeddable":true,"href":"https:\/\/hi-techwonder.com\/es\/wp-json\/wp\/v2\/product_tag?post=72034"}],"curies":[{"name":"wp","href":"https:\/\/api.w.org\/{rel}","templated":true}]}}