{"id":72044,"date":"2025-07-29T10:08:53","date_gmt":"2025-07-29T10:08:53","guid":{"rendered":"https:\/\/fv6qoy3ls0.wpdns.site\/produto\/iluminador-led-godox-sl150iii-luz-diurna\/"},"modified":"2026-01-31T01:48:21","modified_gmt":"2026-01-31T01:48:21","slug":"godox-iluminador-led-godox-sl150iii-luz-diurna","status":"publish","type":"product","link":"https:\/\/hi-techwonder.com\/es\/producto\/godox-iluminador-led-godox-sl150iii-luz-diurna\/","title":{"rendered":"Iluminador LED GODOX SL150III (luz diurna)"},"content":{"rendered":"<h3><strong>Iluminador LED GODOX SL150III (luz diurna)<\/strong><\/h3>\n<p>La luz de video LED Daylight SL150III de Godox es una fuente de luz sofisticada con una gama completa de caracter\u00edsticas profesionales. La temperatura de color es s\u00f3lida y confiable de 5600K y tiene altas clasificaciones CRI \/ TLCI de 96\/97 para indicar una reproducci\u00f3n precisa del color. La intensidad de la luz es variable de 0 a 100%, y si bien puede realizar ajustes localmente en el equipo, tambi\u00e9n puede realizarlos desde distancias de hasta 50 metros con un control remoto por radio opcional o desde hasta 30 metros de distancia con su tel\u00e9fono inteligente y la aplicaci\u00f3n Godox. El equipo se mantiene fresco gracias a dos ventiladores silenciosos que se pueden apagar en situaciones sensibles al sonido.   <\/p>\n<p>El SL150III tambi\u00e9n cuenta con ocho efectos especiales, que incluyen flash 1, 2, 3, bombilla rota, tormenta 1, 2, 3 y televisi\u00f3n. El iluminador tiene un emparejador bien dise\u00f1ado que puede girar 360\u00b0 para acomodar modificadores grandes o sujetos cercanos a la luz. Esta luz est\u00e1 lista para su uso en todo el mundo a trav\u00e9s de su fuente de alimentaci\u00f3n multivoltaje de 100-240 VAC.  <\/p>\n<p><em>Resultado impresionante<\/em><\/p>\n<p>73.600 Lux a 1 metro<\/p>\n<p><em>Alta fidelidad de color<\/em><\/p>\n<p>Altas clasificaciones CRI\/TLCI de 96\/97 para colores precisos<\/p>\n<p><em>Ventilador silencioso<\/em><\/p>\n<p>Los ventiladores son muy silenciosos cuando est\u00e1n en uso, pero puede apagarlos en situaciones sensibles al sonido<\/p>\n<p><em>Efectos incorporados<\/em><\/p>\n<p>Ocho efectos cinematogr\u00e1ficos incorporados para escenarios de iluminaci\u00f3n simulados, incluidos flash 1, 2, 3, bombilla rota, tormenta 1, 2, 3 y televisi\u00f3n<\/p>\n<p><em>Opciones de control<\/em><\/p>\n<p>Operaci\u00f3n intuitiva incorporada, un control remoto RC-R9 opcional y control inal\u00e1mbrico de su tel\u00e9fono con la aplicaci\u00f3n Godox Light<\/p>\n<p><em>Par giratorio en forma de U<\/em><\/p>\n<p>El emparejador en forma de U de 360\u00b0 gira y ofrece una f\u00e1cil inclinaci\u00f3n para compensar los modificadores en uso o los objetos cercanos a la luz<\/p>\n<p><em>Amplia compatibilidad<\/em><\/p>\n<p>El soporte frontal para accesorios Bowens hace que el accesorio sea compatible con los modificadores Godox o los que fabrican muchos fabricantes que utilizan este popular soporte<\/p>\n<p><strong>Especificaciones<\/strong>:<\/p>\n<p><em>Iluminador<\/em><\/p>\n<ul>\n<li>Tipo de art\u00edculo: 1 x LED Monolight<\/li>\n<li>Modificador de luz incluido: 1 x reflector<\/li>\n<li>Estuche de almacenamiento incluido: Ninguno<\/li>\n<li>L\u00famenes: No especificados por el fabricante<\/li>\n<li>Fotometr\u00eda: 5600K: 6837 fc \/ 73,600 Lux a 3.3&#8242; \/ 1 m (con reflector)*<\/li>\n<\/ul>\n<p>*Medici\u00f3n estandarizada proporcionada por el fabricante<\/p>\n<ul>\n<li>Temperatura de color: 5600K<\/li>\n<li>Modos de color: Luz diurna<\/li>\n<li>Est\u00e1ndar de precisi\u00f3n de color: CRI 96 \/\/ TLCI 97<\/li>\n<li>Sistema de refrigeraci\u00f3n: Ventilador\/pasivo<\/li>\n<li>Atenuaci\u00f3n: S\u00ed, atenuador incorporado: 0 a 100%<\/li>\n<li>Flash incorporado: No<\/li>\n<li>Soporte de paraguas: No<\/li>\n<li>Soporte de accesorios delantero: Bowens S<\/li>\n<\/ul>\n<p><em>Conectividad<\/em><\/p>\n<ul>\n<li>Tipo de control remoto inal\u00e1mbrico: Bluetooth \/\/ Radio \/ RF<\/li>\n<li>&#8211; Compatible con aplicaciones m\u00f3viles: S\u00ed: Android e iOS<\/li>\n<li>Nombre de la aplicaci\u00f3n: Aplicaci\u00f3n Godox Light (Caracter\u00edstica: control remoto)<\/li>\n<\/ul>\n<p>*A partir de diciembre de 2022: consulte con el fabricante para obtener la compatibilidad m\u00e1s actualizada<\/p>\n<ul>\n<li>Canales inal\u00e1mbricos: 32<\/li>\n<li>Grupos inal\u00e1mbricos: 16<\/li>\n<li>Frecuencia inal\u00e1mbrica: 2,4 GHz<\/li>\n<li>Alcance inal\u00e1mbrico: 50 m (radio\/RF) \/\/ 30 m (Bluetooth)<\/li>\n<\/ul>\n<p><em>Energ\u00eda<\/em><\/p>\n<ul>\n<li>Fuente de alimentaci\u00f3n: alimentaci\u00f3n de CA (cable incluido)<\/li>\n<li>Entradas\/salidas: 1 x entrada de alimentaci\u00f3n de CA IEC<\/li>\n<li>Potencia de entrada de CA: 100 a 240 VCA, 50\/60 Hz<\/li>\n<li>Adaptador\/cable incluido: 1 x enchufe Edison a cable IEC<\/li>\n<li>Interruptor en l\u00ednea: No<\/li>\n<li>Transferencia de energ\u00eda: No<\/li>\n<li>Consumo de energ\u00eda: 160 W (m\u00e1ximo)<\/li>\n<\/ul>\n<p><em>Montura<\/em><\/p>\n<ul>\n<li>Tipo de emparejamiento: Emparejador operado manualmente<\/li>\n<li>Accesorio de montaje: 1 receptor de 5\/8&#8243; (a trav\u00e9s del soporte de horquilla)<\/li>\n<\/ul>\n<p><em>Medioambiental<\/em><\/p>\n<ul>\n<li>Temperatura de funcionamiento: -10 a 40 \u00b0C<\/li>\n<\/ul>\n<p><em>Generalmente<\/em><\/p>\n<ul>\n<li>Dimensiones: 34 x 20 x 16 cm<\/li>\n<li>Peso: 2,8 kg<\/li>\n<\/ul>\n","protected":false},"excerpt":{"rendered":"<p>Iluminador LED GODOX SL150III (luz diurna) La luz de video LED Daylight SL150III de Godox es una fuente de luz<\/p>\n","protected":false},"featured_media":59025,"comment_status":"closed","ping_status":"open","template":"","meta":{"_acf_changed":false},"product_brand":[2555],"product_cat":[997],"product_tag":[],"class_list":{"0":"post-72044","1":"product","2":"type-product","3":"status-publish","4":"has-post-thumbnail","6":"product_brand-godox-es","7":"product_cat-focos","9":"first","10":"pre-order","11":"taxable","12":"shipping-taxable","13":"purchasable","14":"product-type-simple"},"bundled_by":[],"bundle_stock_status":"pre-order","bundle_stock_quantity":null,"bundle_virtual":false,"bundle_layout":"","bundle_add_to_cart_form_location":"","bundle_editable_in_cart":false,"bundle_sold_individually_context":"","bundle_item_grouping":"","bundle_min_size":"","bundle_max_size":"","bundle_price":[],"bundled_items":[],"bundle_sell_ids":[],"acf":[],"_links":{"self":[{"href":"https:\/\/hi-techwonder.com\/es\/wp-json\/wp\/v2\/product\/72044","targetHints":{"allow":["GET"]}}],"collection":[{"href":"https:\/\/hi-techwonder.com\/es\/wp-json\/wp\/v2\/product"}],"about":[{"href":"https:\/\/hi-techwonder.com\/es\/wp-json\/wp\/v2\/types\/product"}],"replies":[{"embeddable":true,"href":"https:\/\/hi-techwonder.com\/es\/wp-json\/wp\/v2\/comments?post=72044"}],"wp:featuredmedia":[{"embeddable":true,"href":"https:\/\/hi-techwonder.com\/es\/wp-json\/wp\/v2\/media\/59025"}],"wp:attachment":[{"href":"https:\/\/hi-techwonder.com\/es\/wp-json\/wp\/v2\/media?parent=72044"}],"wp:term":[{"taxonomy":"product_brand","embeddable":true,"href":"https:\/\/hi-techwonder.com\/es\/wp-json\/wp\/v2\/product_brand?post=72044"},{"taxonomy":"product_cat","embeddable":true,"href":"https:\/\/hi-techwonder.com\/es\/wp-json\/wp\/v2\/product_cat?post=72044"},{"taxonomy":"product_tag","embeddable":true,"href":"https:\/\/hi-techwonder.com\/es\/wp-json\/wp\/v2\/product_tag?post=72044"}],"curies":[{"name":"wp","href":"https:\/\/api.w.org\/{rel}","templated":true}]}}