{"id":72045,"date":"2025-07-29T10:09:00","date_gmt":"2025-07-29T10:09:00","guid":{"rendered":"https:\/\/fv6qoy3ls0.wpdns.site\/produto\/iluminador-de-video-led-godox-vl200ii-luz-del-dia\/"},"modified":"2026-01-31T01:48:16","modified_gmt":"2026-01-31T01:48:16","slug":"godox-iluminador-de-video-led-godox-vl200ii-luz-del-dia","status":"publish","type":"product","link":"https:\/\/hi-techwonder.com\/es\/producto\/godox-iluminador-de-video-led-godox-vl200ii-luz-del-dia\/","title":{"rendered":"Iluminador de video LED GODOX VL200II (luz del d\u00eda)"},"content":{"rendered":"<h3><strong>Luminador de VL200II de video LED GODOX (luz del d\u00eda)<\/strong><\/h3>\n<p>\u00datil para iluminar su pr\u00f3xima entrevista, producto o sesi\u00f3n de retrato, este VL200II Daylight LED Monolight de Godox ofrece opciones de potencia, intensidad de luz y compatibilidad de modificadores para la creaci\u00f3n de im\u00e1genes de calidad. La luz de 215 W tiene un controlador \/ fuente de alimentaci\u00f3n separada del dispositivo para facilitar el enfriamiento por convecci\u00f3n de los LED y permitir un f\u00e1cil posicionamiento en la parte superior, especialmente porque el controlador tiene una placa de bater\u00eda de montaje en V. <\/p>\n<p>Los LED balanceados con luz diurna cuentan con clasificaciones CRI y TLCI de 96 para indicar una reproducci\u00f3n de color superior y son regulables de 0 a 100%. Puede realizar ajustes de intensidad de luz localmente en el dispositivo, y tiene un receptor incorporado de 32 canales y 16 grupos que aceptar\u00e1 comandos inal\u00e1mbricos desde un control remoto RC-A6 opcional de 2.4GHz. Tambi\u00e9n puede controlar el equipo de forma inal\u00e1mbrica a trav\u00e9s de Bluetooth desde su tel\u00e9fono con la aplicaci\u00f3n Godox.  <\/p>\n<p>La luz cuenta con un soporte de accesorios frontal Bowens para que pueda usar modificadores Godox y tambi\u00e9n otros fabricados por muchos otros fabricantes que usan este popular soporte. La luz est\u00e1 lista para su uso global gracias a su fuente de alimentaci\u00f3n de 100 a 240 VCA, pero tambi\u00e9n funcionar\u00e1 con una bater\u00eda de montaje en V cuando la corriente alterna no est\u00e9 disponible. Finalmente, como beneficio adicional, Godox proporciona ocho efectos de iluminaci\u00f3n para agregar realismo y una perspectiva personal a su metraje.  <\/p>\n<p><strong>Beneficios<\/strong><\/p>\n<ul>\n<li>Compacto, ligero y port\u00e1til<\/li>\n<li>Admite control inal\u00e1mbrico y Bluetooth de 2,4 GHz<\/li>\n<li>Potencia fuerte y fuente de luz estable<\/li>\n<li>Brillo ajustable de 0 a 100%<\/li>\n<li>Alimentado por bater\u00eda de litio de montaje en V o CC<\/li>\n<li>Para uso en interiores y exteriores<\/li>\n<li>8 efectos de iluminaci\u00f3n<\/li>\n<li>El accesorio est\u00e1 separado del adaptador\/controlador para permitir la disipaci\u00f3n de calor<\/li>\n<li>Soporte tipo U, soporte Bowens est\u00e1ndar y orificio para paraguas<\/li>\n<li>El estuche de transporte hace que la luz sea convenientemente port\u00e1til<\/li>\n<\/ul>\n<p><strong>En la caja<\/strong><\/p>\n<ul>\n<li>Iluminador Godox VL200II video LED (luz del d\u00eda)<\/li>\n<li>Cubierta de la l\u00e1mpara<\/li>\n<li>Cable de alimentaci\u00f3n<\/li>\n<li>Controlador<\/li>\n<li>Cable de conexi\u00f3n<\/li>\n<li>Clip trasero<\/li>\n<li>Reflector<\/li>\n<li>Adaptador<\/li>\n<li>Bolsa de transporte<\/li>\n<\/ul>\n<p><strong>Caracter\u00edsticas t\u00e9cnicas<\/strong><\/p>\n<p><em>Iluminador<\/em><\/p>\n<ul>\n<li>Tipo de art\u00edculo: 1 x LED Monolight<\/li>\n<li>Modificador de luz incluido: 1 x reflector<\/li>\n<li>Estuche de almacenamiento incluido: 1 x estuche de transporte<\/li>\n<li>L\u00famenes: No especificados por el fabricante<\/li>\n<li>Medici\u00f3n de 5600K:\n<ul>\n<li>687 fc\/7400 Lux a 1 m<\/li>\n<li>102 fc \/ 1100 Lux a 9.8&#8242; \/ 3 m<\/li>\n<li>8258 fc \/ 88.900 lux a 1 m (con reflector)<\/li>\n<li>743 fc \/ 8000 Lux a 3 m (con reflector)<\/li>\n<\/ul>\n<\/li>\n<li>Temperatura de color: 5600K +\/- 200K<\/li>\n<li>Modos de color: Luz diurna<\/li>\n<li>Est\u00e1ndar de precisi\u00f3n de color: CRI 96 \/\/ TLCI 96<\/li>\n<li>Sistema de refrigeraci\u00f3n: Ventilador&nbsp;<\/li>\n<li>Atenuaci\u00f3n: S\u00ed, incluye hardware &#8211; 0 a 100%<\/li>\n<li>Flash incorporado: No<\/li>\n<li>Soporte para paraguas: S\u00ed<\/li>\n<li>Accesorio de montaje frontal: Mount Bowens S<\/li>\n<\/ul>\n<p><em>Conectividad<\/em><\/p>\n<ul>\n<li>Tipo de control remoto inal\u00e1mbrico: Bluetooth<\/li>\n<li>&#8211; Compatible con aplicaciones m\u00f3viles: S\u00ed: Android e iOS<\/li>\n<li>Nombre de la aplicaci\u00f3n: Godox Light \u2013 Caracter\u00edstica: Control remoto<\/li>\n<\/ul>\n<p>*A partir de diciembre de 2022: consulte con el fabricante para obtener la compatibilidad m\u00e1s actualizada<\/p>\n<ul>\n<li>Canales inal\u00e1mbricos: 32<\/li>\n<li>Grupos inal\u00e1mbricos: 16<\/li>\n<li>Frecuencia inal\u00e1mbrica: 2,4 GHz<\/li>\n<\/ul>\n<p><em>Alimentaci\u00f3n y E\/S<\/em><\/p>\n<ul>\n<li>Fuente de alimentaci\u00f3n: adaptador de CA a CC (incluido) o bater\u00eda (no incluida)<\/li>\n<li>Tipo de placa de bater\u00eda: 2 x montaje en V (empotrado)<\/li>\n<li>Potencia de entrada de CA: 100 a 240 VCA, 50\/60 Hz a 3,9 A<\/li>\n<li>Potencia de entrada de CC: 47,8 V CC a 4,2 A<\/li>\n<li>Adaptador\/cable incluido: S\u00ed<\/li>\n<li>Cambiar: En l\u00ednea No<\/li>\n<li>Transferencia de energ\u00eda: No<\/li>\n<li>Consumo de energ\u00eda: 215 W (m\u00e1ximo)<\/li>\n<\/ul>\n<p><em>Montura<\/em><\/p>\n<ul>\n<li>Tipo de horquilla: Horquilla manual<\/li>\n<li>Soporte de montaje de fijaci\u00f3n: 1 receptor de 5\/8&#8243;<\/li>\n<\/ul>\n<p><em>Medioambiental<\/em><\/p>\n<ul>\n<li>Protecci\u00f3n del medio ambiente: Ninguna<\/li>\n<\/ul>\n<p><em>Generalmente<\/em><\/p>\n<p>Pantalla: S\u00ed<\/p>\n<p>Dimensiones: 27 x 21,2 x 17,5 cm<\/p>\n<p>Peso: 1,77 kg<\/p>\n","protected":false},"excerpt":{"rendered":"<p>Luminador de VL200II de video LED GODOX (luz del d\u00eda) \u00datil para iluminar su pr\u00f3xima entrevista, producto o sesi\u00f3n de<\/p>\n","protected":false},"featured_media":59066,"comment_status":"closed","ping_status":"open","template":"","meta":{"_acf_changed":false},"product_brand":[2555],"product_cat":[997],"product_tag":[],"class_list":{"0":"post-72045","1":"product","2":"type-product","3":"status-publish","4":"has-post-thumbnail","6":"product_brand-godox-es","7":"product_cat-focos","9":"first","10":"pre-order","11":"taxable","12":"shipping-taxable","13":"purchasable","14":"product-type-simple"},"bundled_by":[],"bundle_stock_status":"pre-order","bundle_stock_quantity":null,"bundle_virtual":false,"bundle_layout":"","bundle_add_to_cart_form_location":"","bundle_editable_in_cart":false,"bundle_sold_individually_context":"","bundle_item_grouping":"","bundle_min_size":"","bundle_max_size":"","bundle_price":[],"bundled_items":[],"bundle_sell_ids":[],"acf":[],"_links":{"self":[{"href":"https:\/\/hi-techwonder.com\/es\/wp-json\/wp\/v2\/product\/72045","targetHints":{"allow":["GET"]}}],"collection":[{"href":"https:\/\/hi-techwonder.com\/es\/wp-json\/wp\/v2\/product"}],"about":[{"href":"https:\/\/hi-techwonder.com\/es\/wp-json\/wp\/v2\/types\/product"}],"replies":[{"embeddable":true,"href":"https:\/\/hi-techwonder.com\/es\/wp-json\/wp\/v2\/comments?post=72045"}],"wp:featuredmedia":[{"embeddable":true,"href":"https:\/\/hi-techwonder.com\/es\/wp-json\/wp\/v2\/media\/59066"}],"wp:attachment":[{"href":"https:\/\/hi-techwonder.com\/es\/wp-json\/wp\/v2\/media?parent=72045"}],"wp:term":[{"taxonomy":"product_brand","embeddable":true,"href":"https:\/\/hi-techwonder.com\/es\/wp-json\/wp\/v2\/product_brand?post=72045"},{"taxonomy":"product_cat","embeddable":true,"href":"https:\/\/hi-techwonder.com\/es\/wp-json\/wp\/v2\/product_cat?post=72045"},{"taxonomy":"product_tag","embeddable":true,"href":"https:\/\/hi-techwonder.com\/es\/wp-json\/wp\/v2\/product_tag?post=72045"}],"curies":[{"name":"wp","href":"https:\/\/api.w.org\/{rel}","templated":true}]}}