{"id":72047,"date":"2025-07-29T10:09:00","date_gmt":"2025-07-29T10:09:00","guid":{"rendered":"https:\/\/fv6qoy3ls0.wpdns.site\/produto\/iluminador-de-luz-de-video-silencioso-led-godox-ul150ll\/"},"modified":"2026-01-31T01:48:19","modified_gmt":"2026-01-31T01:48:19","slug":"godox-iluminador-de-luz-de-video-silencioso-led-godox-ul150ll","status":"publish","type":"product","link":"https:\/\/hi-techwonder.com\/es\/producto\/godox-iluminador-de-luz-de-video-silencioso-led-godox-ul150ll\/","title":{"rendered":"Iluminador de luz de video silencioso LED GODOX UL150ll"},"content":{"rendered":"<p><strong>Luz de video silenciosa LED GODOX UL150ll<\/strong><\/p>\n<ul>\n<li>Para la producci\u00f3n de v\u00eddeo<\/li>\n<li>Temperatura de color de 5600K \u00b1 200K<\/li>\n<li>DMX512, control remoto RC-A6, Bluetooth<\/li>\n<li>96 CRI, 97 TLCI<\/li>\n<li>Alimentado por bater\u00eda de CA o V-Mount<\/li>\n<li>Atenuaci\u00f3n del 0-100%<\/li>\n<li>Funcionamiento casi silencioso<\/li>\n<li>Enfriamiento pasivo<\/li>\n<li>Portaccesorios Bowens S<\/li>\n<\/ul>\n<p><strong>En la caja<\/strong><\/p>\n<ul>\n<li>1x GODOX UL150ll&nbsp;<\/li>\n<li>1x cable de conexi\u00f3n<\/li>\n<li>1 x Cable de alimentaci\u00f3n<\/li>\n<li>1x Reflector profesional RFT-19<\/li>\n<li>1x abrazadera de controlador (LSA-19 y LSA-03)<\/li>\n<li>1x Cubierta de l\u00e1mpara<\/li>\n<li>1x Controlador<\/li>\n<li>1x cuerda fija<\/li>\n<\/ul>\n<p><iframe loading=\"lazy\" src=\"https:\/\/www.youtube.com\/embed\/wiaXSiiBv1M\" width=\"560\" height=\"314\" allowfullscreen=\"allowfullscreen\"><\/iframe><\/p>\n<p>Utilizando un dise\u00f1o de enfriamiento sin ventilador, la luz de video LED silenciosa GODOX UL150 II es una fuente de luz de estilo monolight LED balanceada de 155 W para luz diurna, dise\u00f1ada para transmisi\u00f3n, cinematograf\u00eda y otras aplicaciones de video con sonido. Puede alimentarse con bater\u00edas V-mount opcionales y controlarse a trav\u00e9s de la aplicaci\u00f3n Godox, DMX o mediante el controlador externo actualizado. Se proporciona un adaptador de CA para su uso en el estudio.  <\/p>\n<ul>\n<li>La fuente de luz LED port\u00e1til estilo monolight produce hasta 155 W de potencia<\/li>\n<li>Refrigeraci\u00f3n sin ventilador para un funcionamiento silencioso<\/li>\n<li>El brillo se puede reducir del 100 al 0%<\/li>\n<li>El control remoto opcional permite ajustes inal\u00e1mbricos f\u00e1ciles<\/li>\n<li>Sistema inal\u00e1mbrico con 16 grupos<\/li>\n<li>El controlador externo ayuda a reducir el tama\u00f1o y el peso de la fuente de luz<\/li>\n<li>La horquilla giratoria es compatible con la mayor\u00eda de los soportes de luz y ofrece una perilla de apriete para un ajuste seguro<\/li>\n<li>Soporte para paraguas incorporado y soporte Bowens para compatibilidad con una amplia gama de modificadores de luz<\/li>\n<li>Reflector de montaje Bowens<\/li>\n<li>Fuente de alimentaci\u00f3n de 14,8 V CC y adaptador de CA incluidos para uso por cable con una toma de corriente<\/li>\n<li>Placa de bater\u00eda con montura en V para operaci\u00f3n port\u00e1til<\/li>\n<\/ul>\n<p><strong>Caracter\u00edsticas t\u00e9cnicas<\/strong><\/p>\n<p><em>Iluminador<\/em><\/p>\n<ul>\n<li>Tipo de art\u00edculo: 1 x LED Monolight<\/li>\n<li>Estuche de almacenamiento incluido: Ninguno<\/li>\n<li>L\u00famenes: No especificados por el fabricante<\/li>\n<li>Medici\u00f3n de 5600K:\n<ul>\n<li>529 fc\/5700 Lux a 1 m*<\/li>\n<li>148 fc \/ 1600 Lux a 2 m<\/li>\n<li>73 fc \/ 790 Lux a 3 m<\/li>\n<\/ul>\n<\/li>\n<\/ul>\n<p>*Medici\u00f3n estandarizada proporcionada por el fabricante<\/p>\n<ul>\n<li>Temperatura de color: 5600K +\/- 200K<\/li>\n<li>Est\u00e1ndar de precisi\u00f3n de color: CRI 96 \/ TLCI 97<\/li>\n<li>Sistema de refrigeraci\u00f3n: Pasivo<\/li>\n<li>Atenuaci\u00f3n: S\u00ed, incluye hardware: 0 a 100% (continuo)<\/li>\n<li>Soporte para paraguas: S\u00ed<\/li>\n<li>Accesorio de montaje frontal: Mount Bowens S<\/li>\n<\/ul>\n<p><em>Conectividad<\/em><\/p>\n<ul>\n<li>Canales inal\u00e1mbricos: 16<\/li>\n<li>Grupos inal\u00e1mbricos: 6<\/li>\n<\/ul>\n<p><em>Alimentaci\u00f3n y E\/S<\/em><\/p>\n<ul>\n<li>Fuente de alimentaci\u00f3n: adaptador de CA a CC (incluido) o bater\u00eda (no incluida)<\/li>\n<li>Entradas\/Salidas:\n<ul>\n<li><strong>Iluminador <\/strong>:<\/li>\n<li>1 x entrada de alimentaci\u00f3n patentada de 7 pines (66 V CC a 2,3 A)<\/li>\n<li><strong>Fuente de alimentaci\u00f3n\/controlador<\/strong><\/li>\n<li>1 x entrada de alimentaci\u00f3n powerCON<\/li>\n<li>1 x entrada de alimentaci\u00f3n XLR de 3 pines<\/li>\n<li>1 x salida de alimentaci\u00f3n patentada de 7 pines (66 V CC a 2,3 A)<\/li>\n<\/ul>\n<\/li>\n<li>Tipo de placa de bater\u00eda; 2 x Montaje en V (empotrado)<\/li>\n<li>Potencia de entrada de CA: 100 a 240 VCA, 50\/60 Hz<\/li>\n<li>Potencia de entrada de CC: 48 V CC o 65 V CC a 2,3 A<\/li>\n<li>Adaptador\/cable incluido: 1 x Enchufe Edison a cable powerCON (5 m) y 1 x Cable macho de 7 pines patentado a hembra de 7 pines patentado<\/li>\n<li>Interruptor en l\u00ednea: No<\/li>\n<li>Transferencia de energ\u00eda: No<\/li>\n<li>Consumo de energ\u00eda: 160 W<\/li>\n<\/ul>\n<p><em>Montura<\/em><\/p>\n<ul>\n<li>Tipo de horquilla: Horquilla manual<\/li>\n<li>Accesorio de montaje: 1 receptor de 5\/8&#8243;<\/li>\n<\/ul>\n<p><em>Medioambiental<\/em><\/p>\n<ul>\n<li>Temperatura de funcionamiento: -10 a 40 \u00b0C<\/li>\n<\/ul>\n<p><em>Generalmente<\/em><\/p>\n<ul>\n<li>Pantalla: S\u00ed<\/li>\n<li>Dimensiones: 31,7 x 21,8 x 17 cm (accesorio)<\/li>\n<li>Peso: 3,1 kg<\/li>\n<\/ul>\n","protected":false},"excerpt":{"rendered":"<p>Luz de video silenciosa LED GODOX UL150ll Para la producci\u00f3n de v\u00eddeo Temperatura de color de 5600K \u00b1 200K DMX512,<\/p>\n","protected":false},"featured_media":59075,"comment_status":"closed","ping_status":"open","template":"","meta":{"_acf_changed":false},"product_brand":[2555],"product_cat":[997],"product_tag":[],"class_list":{"0":"post-72047","1":"product","2":"type-product","3":"status-publish","4":"has-post-thumbnail","6":"product_brand-godox-es","7":"product_cat-focos","9":"first","10":"onbackorder","11":"taxable","12":"shipping-taxable","13":"purchasable","14":"product-type-simple"},"bundled_by":[],"bundle_stock_status":"onbackorder","bundle_stock_quantity":0,"bundle_virtual":false,"bundle_layout":"","bundle_add_to_cart_form_location":"","bundle_editable_in_cart":false,"bundle_sold_individually_context":"","bundle_item_grouping":"","bundle_min_size":"","bundle_max_size":"","bundle_price":[],"bundled_items":[],"bundle_sell_ids":[],"acf":[],"_links":{"self":[{"href":"https:\/\/hi-techwonder.com\/es\/wp-json\/wp\/v2\/product\/72047","targetHints":{"allow":["GET"]}}],"collection":[{"href":"https:\/\/hi-techwonder.com\/es\/wp-json\/wp\/v2\/product"}],"about":[{"href":"https:\/\/hi-techwonder.com\/es\/wp-json\/wp\/v2\/types\/product"}],"replies":[{"embeddable":true,"href":"https:\/\/hi-techwonder.com\/es\/wp-json\/wp\/v2\/comments?post=72047"}],"wp:featuredmedia":[{"embeddable":true,"href":"https:\/\/hi-techwonder.com\/es\/wp-json\/wp\/v2\/media\/59075"}],"wp:attachment":[{"href":"https:\/\/hi-techwonder.com\/es\/wp-json\/wp\/v2\/media?parent=72047"}],"wp:term":[{"taxonomy":"product_brand","embeddable":true,"href":"https:\/\/hi-techwonder.com\/es\/wp-json\/wp\/v2\/product_brand?post=72047"},{"taxonomy":"product_cat","embeddable":true,"href":"https:\/\/hi-techwonder.com\/es\/wp-json\/wp\/v2\/product_cat?post=72047"},{"taxonomy":"product_tag","embeddable":true,"href":"https:\/\/hi-techwonder.com\/es\/wp-json\/wp\/v2\/product_tag?post=72047"}],"curies":[{"name":"wp","href":"https:\/\/api.w.org\/{rel}","templated":true}]}}