{"id":72050,"date":"2025-07-29T10:02:40","date_gmt":"2025-07-29T10:02:40","guid":{"rendered":"https:\/\/fv6qoy3ls0.wpdns.site\/produto\/anillo-de-luz-led-godox-lr120-bicolor\/"},"modified":"2026-03-13T10:12:59","modified_gmt":"2026-03-13T10:12:59","slug":"godox-anillo-de-luz-led-godox-lr120-bicolor","status":"publish","type":"product","link":"https:\/\/hi-techwonder.com\/es\/producto\/godox-anillo-de-luz-led-godox-lr120-bicolor\/","title":{"rendered":"Anillo de luz LED GODOX LR120 (bicolor)"},"content":{"rendered":"<p><strong>Anillo de luz LED GODOX LR120 (bicolor)<\/strong><\/p>\n<p>El anillo de luz LED bicolor LR120 de Godox produce una luz de forma distintiva con una temperatura de color que var\u00eda de 3000 a 6000K para adaptarse a otras luces, condiciones de luz ambiental o simplemente para la expresi\u00f3n creativa. La luz se puede montar en un cabezal o soporte opcional, lo que le permite disparar a trav\u00e9s de ella para obtener un efecto sedoso y suave casi sin sombras. Incluye un soporte para smartphone, ideal para selfies.  <\/p>\n<p>Puede realizar ajustes de color e intensidad de luz desde un simple bot\u00f3n en el dispositivo. El LR120 funciona con alimentaci\u00f3n USB, lo que significa que puede llevarlo a cualquier parte y operarlo con una computadora, computadora port\u00e1til o adaptador de corriente. <\/p>\n<ul>\n<li>Iluminaci\u00f3n suave, casi sin sombras<\/li>\n<li>Regulable, con color variable de 3000 a 6000K y un alto CRI\/TLCI para que pueda abordar e iluminar la situaci\u00f3n con resultados n\u00edtidos y precisos<\/li>\n<li>Soporte flexible para tel\u00e9fono para selfies, vlogs, retratos y m\u00e1s<\/li>\n<\/ul>\n<p><\/p>\n<p>Caracter\u00edsticas t\u00e9cnicas:<\/p>\n<div class=\"group_fDXOr6EpR9\">\n<div class=\"name_fDXOr6EpR9\" data-selenium=\"specsItemGroupName\" style=\"font-size: 2rem;line-height: 2rem;padding: 1rem 0px 0.875rem\"><font style=\"vertical-align: inherit\">Iluminaci\u00f3n<\/font><\/div>\n<table class=\"table_fDXOr6EpR9\" data-selenium=\"specsItemGroupTable\" style=\"width: 936.662px\">\n<tbody>\n<tr class=\"pair_KqJ3Q3GPKv\" data-selenium=\"specsItemGroupTableRow\">\n<td class=\"label_KqJ3Q3GPKv \" data-selenium=\"specsItemGroupTableColumnLabel\" style=\"border-top: none;padding: 1.25rem 0px;width: 355.923px;font-size: 1.125rem;line-height: 1.375rem;vertical-align: baseline\"><font style=\"vertical-align: inherit\">Tipo de art\u00edculo<\/font><\/td>\n<td class=\"value_KqJ3Q3GPKv \" data-selenium=\"specsItemGroupTableColumnValue\" style=\"font-size: 1.125rem;line-height: 1.375rem;vertical-align: baseline;padding: 1.25rem 0px 1.25rem 2.5rem\">\n<div class=\"expandableValue_KqJ3Q3GPKv\">1x Anillo de luz LED<\/div>\n<\/td>\n<\/tr>\n<tr class=\"pair_KqJ3Q3GPKv\" data-selenium=\"specsItemGroupTableRow\">\n<td class=\"label_KqJ3Q3GPKv\" data-selenium=\"specsItemGroupTableColumnLabel\" style=\"border-top: none;padding: 1.25rem 0px;width: 355.923px;font-size: 1.125rem;line-height: 1.375rem;vertical-align: baseline\"><font style=\"vertical-align: inherit\">Estuche de almacenamiento incluido<\/font><\/td>\n<td class=\"value_KqJ3Q3GPKv\" data-selenium=\"specsItemGroupTableColumnValue\" style=\"font-size: 1.125rem;line-height: 1.375rem;vertical-align: baseline;padding: 1.25rem 0px 1.25rem 2.5rem\">\n<div class=\"expandableValue_KqJ3Q3GPKv\">No<\/div>\n<\/td>\n<\/tr>\n<tr class=\"pair_KqJ3Q3GPKv\" data-selenium=\"specsItemGroupTableRow\">\n<td class=\"label_KqJ3Q3GPKv\" data-selenium=\"specsItemGroupTableColumnLabel\" style=\"border-top: none;padding: 1.25rem 0px;width: 355.923px;font-size: 1.125rem;line-height: 1.375rem;vertical-align: baseline\"><font style=\"vertical-align: inherit\">Fotometr\u00eda<\/font><\/td>\n<td class=\"value_KqJ3Q3GPKv\" data-selenium=\"specsItemGroupTableColumnValue\" style=\"font-size: 1.125rem;line-height: 1.375rem;vertical-align: baseline;padding: 1.25rem 0px 1.25rem 2.5rem\">\n<div class=\"expandableValue_KqJ3Q3GPKv\"><span style=\"font-weight: bolder\"><font style=\"vertical-align: inherit\"><font style=\"vertical-align: inherit\">Temperatura de color no especificada:<\/font><\/font><br \/><font style=\"vertical-align: inherit\"><font style=\"vertical-align: inherit\">12 fc \/ 137 Lux a 3.3&#8242; \/ 1 m*<\/font><\/font><br \/><font style=\"vertical-align: inherit\"><font style=\"vertical-align: inherit\">51 fc \/ 550 Lux a 1,6&#8242; \/ 0,5 m<\/font><\/font><\/p>\n<p><i><font style=\"vertical-align: inherit\"><font style=\"vertical-align: inherit\">*Medici\u00f3n estandarizada calculada internamente en funci\u00f3n de la distancia m\u00e1s cercana<\/font><\/font><\/i><\/span><\/div>\n<\/td>\n<\/tr>\n<tr class=\"pair_KqJ3Q3GPKv\" data-selenium=\"specsItemGroupTableRow\">\n<td class=\"label_KqJ3Q3GPKv\" data-selenium=\"specsItemGroupTableColumnLabel\" style=\"border-top: none;padding: 1.25rem 0px;width: 355.923px;font-size: 1.125rem;line-height: 1.375rem;vertical-align: baseline\"><font style=\"vertical-align: inherit\">Temperatura de color<\/font><\/td>\n<td class=\"value_KqJ3Q3GPKv\" data-selenium=\"specsItemGroupTableColumnValue\" style=\"font-size: 1.125rem;line-height: 1.375rem;vertical-align: baseline;padding: 1.25rem 0px 1.25rem 2.5rem\">\n<div class=\"expandableValue_KqJ3Q3GPKv\">De 3000 a 6000K<\/div>\n<\/td>\n<\/tr>\n<tr class=\"pair_KqJ3Q3GPKv\" data-selenium=\"specsItemGroupTableRow\">\n<td class=\"label_KqJ3Q3GPKv\" data-selenium=\"specsItemGroupTableColumnLabel\" style=\"border-top: none;padding: 1.25rem 0px;width: 355.923px;font-size: 1.125rem;line-height: 1.375rem;vertical-align: baseline\"><font style=\"vertical-align: inherit\">Modos de color<\/font><\/td>\n<td class=\"value_KqJ3Q3GPKv\" data-selenium=\"specsItemGroupTableColumnValue\" style=\"font-size: 1.125rem;line-height: 1.375rem;vertical-align: baseline;padding: 1.25rem 0px 1.25rem 2.5rem\">\n<div class=\"expandableValue_KqJ3Q3GPKv\">Luz del d\u00eda, tungsteno<\/div>\n<\/td>\n<\/tr>\n<tr class=\"pair_KqJ3Q3GPKv\" data-selenium=\"specsItemGroupTableRow\">\n<td class=\"label_KqJ3Q3GPKv\" data-selenium=\"specsItemGroupTableColumnLabel\" style=\"border-top: none;padding: 1.25rem 0px;width: 355.923px;font-size: 1.125rem;line-height: 1.375rem;vertical-align: baseline\"><font style=\"vertical-align: inherit\">Est\u00e1ndar de precisi\u00f3n de color<\/font><\/td>\n<td class=\"value_KqJ3Q3GPKv\" data-selenium=\"specsItemGroupTableColumnValue\" style=\"font-size: 1.125rem;line-height: 1.375rem;vertical-align: baseline;padding: 1.25rem 0px 1.25rem 2.5rem\">\n<div class=\"expandableValue_KqJ3Q3GPKv\"><font style=\"vertical-align: inherit\"><font style=\"vertical-align: inherit\">CRI 90<\/font><\/font><br \/><font style=\"vertical-align: inherit\"><font style=\"vertical-align: inherit\">TLCI 90<\/font><\/font><\/div>\n<\/td>\n<\/tr>\n<tr class=\"pair_KqJ3Q3GPKv\" data-selenium=\"specsItemGroupTableRow\">\n<td class=\"label_KqJ3Q3GPKv\" data-selenium=\"specsItemGroupTableColumnLabel\" style=\"border-top: none;padding: 1.25rem 0px;width: 355.923px;font-size: 1.125rem;line-height: 1.375rem;vertical-align: baseline\"><font style=\"vertical-align: inherit\">Oscurecimiento<\/font><\/td>\n<td class=\"value_KqJ3Q3GPKv\" data-selenium=\"specsItemGroupTableColumnValue\" style=\"font-size: 1.125rem;line-height: 1.375rem;vertical-align: baseline;padding: 1.25rem 0px 1.25rem 2.5rem\">\n<div class=\"expandableValue_KqJ3Q3GPKv\"><font style=\"vertical-align: inherit\"><font style=\"vertical-align: inherit\">Atenuador incorporado<\/font><\/font><br \/><span style=\"font-weight: bolder\"><font style=\"vertical-align: inherit\"><font style=\"vertical-align: inherit\"> \u2022 10 a 100%<\/font><\/font><\/span><\/div>\n<\/td>\n<\/tr>\n<tr class=\"pair_KqJ3Q3GPKv\" data-selenium=\"specsItemGroupTableRow\">\n<td class=\"label_KqJ3Q3GPKv\" data-selenium=\"specsItemGroupTableColumnLabel\" style=\"border-top: none;padding: 1.25rem 0px;width: 355.923px;font-size: 1.125rem;line-height: 1.375rem;vertical-align: baseline\"><font style=\"vertical-align: inherit\">Sistema de refrigeraci\u00f3n<\/font><\/td>\n<td class=\"value_KqJ3Q3GPKv\" data-selenium=\"specsItemGroupTableColumnValue\" style=\"font-size: 1.125rem;line-height: 1.375rem;vertical-align: baseline;padding: 1.25rem 0px 1.25rem 2.5rem\">\n<div class=\"expandableValue_KqJ3Q3GPKv\">Pasivo<\/div>\n<\/td>\n<\/tr>\n<tr class=\"pair_KqJ3Q3GPKv\" data-selenium=\"specsItemGroupTableRow\">\n<td class=\"label_KqJ3Q3GPKv\" data-selenium=\"specsItemGroupTableColumnLabel\" style=\"border-top: none;padding: 1.25rem 0px;width: 355.923px;font-size: 1.125rem;line-height: 1.375rem;vertical-align: baseline\"><font style=\"vertical-align: inherit\">\u00c1ngulo del haz<\/font><\/td>\n<td class=\"value_KqJ3Q3GPKv\" data-selenium=\"specsItemGroupTableColumnValue\" style=\"font-size: 1.125rem;line-height: 1.375rem;vertical-align: baseline;padding: 1.25rem 0px 1.25rem 2.5rem\">\n<div class=\"expandableValue_KqJ3Q3GPKv\">222\u00b0<\/div>\n<\/td>\n<\/tr>\n<tr class=\"pair_KqJ3Q3GPKv\" data-selenium=\"specsItemGroupTableRow\">\n<td class=\"label_KqJ3Q3GPKv\" data-selenium=\"specsItemGroupTableColumnLabel\" style=\"border-top: none;padding: 1.25rem 0px;width: 355.923px;font-size: 1.125rem;line-height: 1.375rem;vertical-align: baseline\"><font style=\"vertical-align: inherit\">Flash incorporado<\/font><\/td>\n<td class=\"value_KqJ3Q3GPKv\" data-selenium=\"specsItemGroupTableColumnValue\" style=\"font-size: 1.125rem;line-height: 1.375rem;vertical-align: baseline;padding: 1.25rem 0px 1.25rem 2.5rem\">\n<div class=\"expandableValue_KqJ3Q3GPKv\">No<\/div>\n<\/td>\n<\/tr>\n<tr class=\"pair_KqJ3Q3GPKv\" data-selenium=\"specsItemGroupTableRow\">\n<td class=\"label_KqJ3Q3GPKv\" data-selenium=\"specsItemGroupTableColumnLabel\" style=\"border-top: none;padding: 1.25rem 0px;width: 355.923px;font-size: 1.125rem;line-height: 1.375rem;vertical-align: baseline\"><font style=\"vertical-align: inherit\">Efectos preprogramados<\/font><\/td>\n<td class=\"value_KqJ3Q3GPKv\" data-selenium=\"specsItemGroupTableColumnValue\" style=\"font-size: 1.125rem;line-height: 1.375rem;vertical-align: baseline;padding: 1.25rem 0px 1.25rem 2.5rem\">\n<div class=\"expandableValue_KqJ3Q3GPKv\">No<\/div>\n<\/td>\n<\/tr>\n<tr class=\"pair_KqJ3Q3GPKv\" data-selenium=\"specsItemGroupTableRow\">\n<td class=\"label_KqJ3Q3GPKv\" data-selenium=\"specsItemGroupTableColumnLabel\" style=\"border-top: none;padding: 1.25rem 0px;width: 355.923px;font-size: 1.125rem;line-height: 1.375rem;vertical-align: baseline\"><font style=\"vertical-align: inherit\">Soporte para paraguas<\/font><\/td>\n<td class=\"value_KqJ3Q3GPKv\" data-selenium=\"specsItemGroupTableColumnValue\" style=\"font-size: 1.125rem;line-height: 1.375rem;vertical-align: baseline;padding: 1.25rem 0px 1.25rem 2.5rem\">\n<div class=\"expandableValue_KqJ3Q3GPKv\">No<\/div>\n<\/td>\n<\/tr>\n<tr class=\"pair_KqJ3Q3GPKv\" data-selenium=\"specsItemGroupTableRow\">\n<td class=\"label_KqJ3Q3GPKv\" data-selenium=\"specsItemGroupTableColumnLabel\" style=\"border-top: none;padding: 1.25rem 0px;width: 355.923px;font-size: 1.125rem;line-height: 1.375rem;vertical-align: baseline\"><font style=\"vertical-align: inherit\">Soporte de accesorios frontal<\/font><\/td>\n<td class=\"value_KqJ3Q3GPKv\" data-selenium=\"specsItemGroupTableColumnValue\" style=\"font-size: 1.125rem;line-height: 1.375rem;vertical-align: baseline;padding: 1.25rem 0px 1.25rem 2.5rem\">\n<div class=\"expandableValue_KqJ3Q3GPKv\">No<\/div>\n<\/td>\n<\/tr>\n<\/tbody>\n<\/table>\n<\/div>\n<div class=\"group_fDXOr6EpR9\">\n<div class=\"name_fDXOr6EpR9\" data-selenium=\"specsItemGroupName\" style=\"font-size: 2rem;line-height: 2rem;padding: 1rem 0px 0.875rem\"><font style=\"vertical-align: inherit\">Conectividad<\/font><\/div>\n<table class=\"table_fDXOr6EpR9\" data-selenium=\"specsItemGroupTable\" style=\"width: 936.662px\">\n<tbody>\n<tr class=\"pair_KqJ3Q3GPKv\" data-selenium=\"specsItemGroupTableRow\">\n<td class=\"label_KqJ3Q3GPKv \" data-selenium=\"specsItemGroupTableColumnLabel\" style=\"border-top: none;padding: 1.25rem 0px;width: 355.923px;font-size: 1.125rem;line-height: 1.375rem;vertical-align: baseline\"><font style=\"vertical-align: inherit\">Compatible con aplicaciones m\u00f3viles<\/font><\/td>\n<td class=\"value_KqJ3Q3GPKv \" data-selenium=\"specsItemGroupTableColumnValue\" style=\"font-size: 1.125rem;line-height: 1.375rem;vertical-align: baseline;padding: 1.25rem 0px 1.25rem 2.5rem\">\n<div class=\"expandableValue_KqJ3Q3GPKv\"><font style=\"vertical-align: inherit\"><font style=\"vertical-align: inherit\">No<\/font><\/font><span style=\"font-weight: bolder\"><\/span><\/div>\n<\/td>\n<\/tr>\n<\/tbody>\n<\/table>\n<\/div>\n<div class=\"group_fDXOr6EpR9\">\n<div class=\"name_fDXOr6EpR9\" data-selenium=\"specsItemGroupName\" style=\"font-size: 2rem;line-height: 2rem;padding: 1rem 0px 0.875rem\"><font style=\"vertical-align: inherit\">Alimentaci\u00f3n y E\/S<\/font><\/div>\n<table class=\"table_fDXOr6EpR9\" data-selenium=\"specsItemGroupTable\" style=\"width: 936.662px\">\n<tbody>\n<tr class=\"pair_KqJ3Q3GPKv\" data-selenium=\"specsItemGroupTableRow\">\n<td class=\"label_KqJ3Q3GPKv \" data-selenium=\"specsItemGroupTableColumnLabel\" style=\"border-top: none;padding: 1.25rem 0px;width: 355.923px;font-size: 1.125rem;line-height: 1.375rem;vertical-align: baseline\"><font style=\"vertical-align: inherit\">Fuente de alimentaci\u00f3n<\/font><\/td>\n<td class=\"value_KqJ3Q3GPKv \" data-selenium=\"specsItemGroupTableColumnValue\" style=\"font-size: 1.125rem;line-height: 1.375rem;vertical-align: baseline;padding: 1.25rem 0px 1.25rem 2.5rem\">\n<div class=\"expandableValue_KqJ3Q3GPKv\">Alimentaci\u00f3n USB (cable integrado)<\/div>\n<\/td>\n<\/tr>\n<tr class=\"pair_KqJ3Q3GPKv\" data-selenium=\"specsItemGroupTableRow\">\n<td class=\"label_KqJ3Q3GPKv\" data-selenium=\"specsItemGroupTableColumnLabel\" style=\"border-top: none;padding: 1.25rem 0px;width: 355.923px;font-size: 1.125rem;line-height: 1.375rem;vertical-align: baseline\"><font style=\"vertical-align: inherit\">Entradas\/salidas<\/font><\/td>\n<td class=\"value_KqJ3Q3GPKv\" data-selenium=\"specsItemGroupTableColumnValue\" style=\"font-size: 1.125rem;line-height: 1.375rem;vertical-align: baseline;padding: 1.25rem 0px 1.25rem 2.5rem\">\n<div class=\"expandableValue_KqJ3Q3GPKv\"><span style=\"font-weight: bolder\"><font style=\"vertical-align: inherit\"><font style=\"vertical-align: inherit\">1x cable incorporado con entrada de alimentaci\u00f3n USB-A macho<\/font><\/font><\/span><\/div>\n<\/td>\n<\/tr>\n<tr class=\"pair_KqJ3Q3GPKv\" data-selenium=\"specsItemGroupTableRow\">\n<td class=\"label_KqJ3Q3GPKv\" data-selenium=\"specsItemGroupTableColumnLabel\" style=\"border-top: none;padding: 1.25rem 0px;width: 355.923px;font-size: 1.125rem;line-height: 1.375rem;vertical-align: baseline\"><font style=\"vertical-align: inherit\">Potencia de entrada<\/font><\/td>\n<td class=\"value_KqJ3Q3GPKv\" data-selenium=\"specsItemGroupTableColumnValue\" style=\"font-size: 1.125rem;line-height: 1.375rem;vertical-align: baseline;padding: 1.25rem 0px 1.25rem 2.5rem\">\n<div class=\"expandableValue_KqJ3Q3GPKv\">5VDC<\/div>\n<\/td>\n<\/tr>\n<tr class=\"pair_KqJ3Q3GPKv\" data-selenium=\"specsItemGroupTableRow\">\n<td class=\"label_KqJ3Q3GPKv\" data-selenium=\"specsItemGroupTableColumnLabel\" style=\"border-top: none;padding: 1.25rem 0px;width: 355.923px;font-size: 1.125rem;line-height: 1.375rem;vertical-align: baseline\"><font style=\"vertical-align: inherit\">Interruptor en l\u00ednea<\/font><\/td>\n<td class=\"value_KqJ3Q3GPKv\" data-selenium=\"specsItemGroupTableColumnValue\" style=\"font-size: 1.125rem;line-height: 1.375rem;vertical-align: baseline;padding: 1.25rem 0px 1.25rem 2.5rem\">\n<div class=\"expandableValue_KqJ3Q3GPKv\">S\u00ed<\/div>\n<\/td>\n<\/tr>\n<tr class=\"pair_KqJ3Q3GPKv\" data-selenium=\"specsItemGroupTableRow\">\n<td class=\"label_KqJ3Q3GPKv\" data-selenium=\"specsItemGroupTableColumnLabel\" style=\"border-top: none;padding: 1.25rem 0px;width: 355.923px;font-size: 1.125rem;line-height: 1.375rem;vertical-align: baseline\"><font style=\"vertical-align: inherit\">Paso de energ\u00eda<\/font><\/td>\n<td class=\"value_KqJ3Q3GPKv\" data-selenium=\"specsItemGroupTableColumnValue\" style=\"font-size: 1.125rem;line-height: 1.375rem;vertical-align: baseline;padding: 1.25rem 0px 1.25rem 2.5rem\">\n<div class=\"expandableValue_KqJ3Q3GPKv\">No<\/div>\n<\/td>\n<\/tr>\n<tr class=\"pair_KqJ3Q3GPKv\" data-selenium=\"specsItemGroupTableRow\">\n<td class=\"label_KqJ3Q3GPKv\" data-selenium=\"specsItemGroupTableColumnLabel\" style=\"border-top: none;padding: 1.25rem 0px;width: 355.923px;font-size: 1.125rem;line-height: 1.375rem;vertical-align: baseline\"><font style=\"vertical-align: inherit\">Consumo de energ\u00eda<\/font><\/td>\n<td class=\"value_KqJ3Q3GPKv\" data-selenium=\"specsItemGroupTableColumnValue\" style=\"font-size: 1.125rem;line-height: 1.375rem;vertical-align: baseline;padding: 1.25rem 0px 1.25rem 2.5rem\">\n<div class=\"expandableValue_KqJ3Q3GPKv\">10 W<\/div>\n<\/td>\n<\/tr>\n<\/tbody>\n<\/table>\n<\/div>\n<div class=\"group_fDXOr6EpR9\">\n<div class=\"name_fDXOr6EpR9\" data-selenium=\"specsItemGroupName\" style=\"font-size: 2rem;line-height: 2rem;padding: 1rem 0px 0.875rem\"><font style=\"vertical-align: inherit\">Montura<\/font><\/div>\n<table class=\"table_fDXOr6EpR9\" data-selenium=\"specsItemGroupTable\" style=\"width: 936.662px\">\n<tbody>\n<tr class=\"pair_KqJ3Q3GPKv\" data-selenium=\"specsItemGroupTableRow\">\n<td class=\"label_KqJ3Q3GPKv \" data-selenium=\"specsItemGroupTableColumnLabel\" style=\"border-top: none;padding: 1.25rem 0px;width: 355.923px;font-size: 1.125rem;line-height: 1.375rem;vertical-align: baseline\"><font style=\"vertical-align: inherit\">Dispositivo compatible<\/font><\/td>\n<td class=\"value_KqJ3Q3GPKv \" data-selenium=\"specsItemGroupTableColumnValue\" style=\"font-size: 1.125rem;line-height: 1.375rem;vertical-align: baseline;padding: 1.25rem 0px 1.25rem 2.5rem\">\n<div class=\"expandableValue_KqJ3Q3GPKv\">Smartphone a trav\u00e9s de abrazadera incluida<\/div>\n<\/td>\n<\/tr>\n<tr class=\"pair_KqJ3Q3GPKv\" data-selenium=\"specsItemGroupTableRow\">\n<td class=\"label_KqJ3Q3GPKv\" data-selenium=\"specsItemGroupTableColumnLabel\" style=\"border-top: none;padding: 1.25rem 0px;width: 355.923px;font-size: 1.125rem;line-height: 1.375rem;vertical-align: baseline\"><font style=\"vertical-align: inherit\">Montaje de luminarias<\/font><\/td>\n<td class=\"value_KqJ3Q3GPKv\" data-selenium=\"specsItemGroupTableColumnValue\" style=\"font-size: 1.125rem;line-height: 1.375rem;vertical-align: baseline;padding: 1.25rem 0px 1.25rem 2.5rem\">\n<div class=\"expandableValue_KqJ3Q3GPKv\"><span style=\"font-weight: bolder\"><font style=\"vertical-align: inherit\"><font style=\"vertical-align: inherit\">1x Receptor de 5\/8&#8243;<\/font><\/font><\/span><\/div>\n<\/td>\n<\/tr>\n<\/tbody>\n<\/table>\n<\/div>\n<div class=\"group_fDXOr6EpR9\">\n<div class=\"name_fDXOr6EpR9\" data-selenium=\"specsItemGroupName\" style=\"font-size: 2rem;line-height: 2rem;padding: 1rem 0px 0.875rem\"><font style=\"vertical-align: inherit\">General<\/font><\/div>\n<table class=\"table_fDXOr6EpR9\" data-selenium=\"specsItemGroupTable\" style=\"width: 936.662px\">\n<tbody>\n<tr class=\"pair_KqJ3Q3GPKv\" data-selenium=\"specsItemGroupTableRow\">\n<td class=\"label_KqJ3Q3GPKv \" data-selenium=\"specsItemGroupTableColumnLabel\" style=\"border-top: none;padding: 1.25rem 0px;width: 355.923px;font-size: 1.125rem;line-height: 1.375rem;vertical-align: baseline\"><font style=\"vertical-align: inherit\">Mostrar<\/font><\/td>\n<td class=\"value_KqJ3Q3GPKv \" data-selenium=\"specsItemGroupTableColumnValue\" style=\"font-size: 1.125rem;line-height: 1.375rem;vertical-align: baseline;padding: 1.25rem 0px 1.25rem 2.5rem\">\n<div class=\"expandableValue_KqJ3Q3GPKv\">LCD<\/div>\n<\/td>\n<\/tr>\n<tr class=\"pair_KqJ3Q3GPKv\" data-selenium=\"specsItemGroupTableRow\">\n<td class=\"label_KqJ3Q3GPKv\" data-selenium=\"specsItemGroupTableColumnLabel\" style=\"border-top: none;padding: 1.25rem 0px;width: 355.923px;font-size: 1.125rem;line-height: 1.375rem;vertical-align: baseline\"><font style=\"vertical-align: inherit\">Resistencia ambiental<\/font><\/td>\n<td class=\"value_KqJ3Q3GPKv\" data-selenium=\"specsItemGroupTableColumnValue\" style=\"font-size: 1.125rem;line-height: 1.375rem;vertical-align: baseline;padding: 1.25rem 0px 1.25rem 2.5rem\">\n<div class=\"expandableValue_KqJ3Q3GPKv\">No<\/div>\n<\/td>\n<\/tr>\n<tr class=\"pair_KqJ3Q3GPKv\" data-selenium=\"specsItemGroupTableRow\">\n<td class=\"label_KqJ3Q3GPKv\" data-selenium=\"specsItemGroupTableColumnLabel\" style=\"border-top: none;padding: 1.25rem 0px;width: 355.923px;font-size: 1.125rem;line-height: 1.375rem;vertical-align: baseline\"><font style=\"vertical-align: inherit\">Condiciones de funcionamiento<\/font><\/td>\n<td class=\"value_KqJ3Q3GPKv\" data-selenium=\"specsItemGroupTableColumnValue\" style=\"font-size: 1.125rem;line-height: 1.375rem;vertical-align: baseline;padding: 1.25rem 0px 1.25rem 2.5rem\">\n<div class=\"expandableValue_KqJ3Q3GPKv\">De 14 a 104 \u00b0F \/ de -10 a 40 \u00b0C&nbsp;<\/div>\n<\/td>\n<\/tr>\n<tr class=\"pair_KqJ3Q3GPKv\" data-selenium=\"specsItemGroupTableRow\">\n<td class=\"label_KqJ3Q3GPKv\" data-selenium=\"specsItemGroupTableColumnLabel\" style=\"border-top: none;padding: 1.25rem 0px;width: 355.923px;font-size: 1.125rem;line-height: 1.375rem;vertical-align: baseline\"><font style=\"vertical-align: inherit\">Certificaciones<\/font><\/td>\n<td class=\"value_KqJ3Q3GPKv\" data-selenium=\"specsItemGroupTableColumnValue\" style=\"font-size: 1.125rem;line-height: 1.375rem;vertical-align: baseline;padding: 1.25rem 0px 1.25rem 2.5rem\">\n<div class=\"expandableValue_KqJ3Q3GPKv\"><font style=\"vertical-align: inherit\"><font style=\"vertical-align: inherit\">EC<\/font><\/font><span style=\"font-weight: bolder\"><font style=\"vertical-align: inherit\"><font style=\"vertical-align: inherit\">, FCC,<\/font><\/font> <font style=\"vertical-align: inherit\"><font style=\"vertical-align: inherit\">RoHS<\/font><\/font><i><\/i><\/span><\/div>\n<\/td>\n<\/tr>\n<tr class=\"pair_KqJ3Q3GPKv\" data-selenium=\"specsItemGroupTableRow\">\n<td class=\"label_KqJ3Q3GPKv\" data-selenium=\"specsItemGroupTableColumnLabel\" style=\"border-top: none;padding: 1.25rem 0px;width: 355.923px;font-size: 1.125rem;line-height: 1.375rem;vertical-align: baseline\"><font style=\"vertical-align: inherit\">Dimensiones<\/font><\/td>\n<td class=\"value_KqJ3Q3GPKv\" data-selenium=\"specsItemGroupTableColumnValue\" style=\"font-size: 1.125rem;line-height: 1.375rem;vertical-align: baseline;padding: 1.25rem 0px 1.25rem 2.5rem\">\n<div class=\"expandableValue_KqJ3Q3GPKv\"><span style=\"font-weight: bolder\"><font style=\"vertical-align: inherit\"><font style=\"vertical-align: inherit\">Di\u00e1metro exterior: 30 cm , Di\u00e1metro interior: 24 cm<\/font><\/font><\/span><\/div>\n<\/td>\n<\/tr>\n<tr class=\"pair_KqJ3Q3GPKv\" data-selenium=\"specsItemGroupTableRow\">\n<td class=\"label_KqJ3Q3GPKv\" data-selenium=\"specsItemGroupTableColumnLabel\" style=\"border-top: none;padding: 1.25rem 0px;width: 355.923px;font-size: 1.125rem;line-height: 1.375rem;vertical-align: baseline\"><font style=\"vertical-align: inherit\">Peso<\/font><\/td>\n<td class=\"value_KqJ3Q3GPKv\" data-selenium=\"specsItemGroupTableColumnValue\" style=\"font-size: 1.125rem;line-height: 1.375rem;vertical-align: baseline;padding: 1.25rem 0px 1.25rem 2.5rem\">\n<div class=\"expandableValue_KqJ3Q3GPKv\">1 lb \/ 440 g (dispositivo de yugo)<\/div>\n<\/td>\n<\/tr>\n<\/tbody>\n<\/table>\n<\/div>\n","protected":false},"excerpt":{"rendered":"<p>Anillo de luz LED GODOX LR120 (bicolor) El anillo de luz LED bicolor LR120 de Godox produce una luz de<\/p>\n","protected":false},"featured_media":57426,"comment_status":"closed","ping_status":"open","template":"","meta":{"_acf_changed":false},"product_brand":[2555],"product_cat":[993],"product_tag":[],"class_list":{"0":"post-72050","1":"product","2":"type-product","3":"status-publish","4":"has-post-thumbnail","6":"product_brand-godox-es","7":"product_cat-anulares","9":"first","10":"instock","11":"taxable","12":"shipping-taxable","13":"purchasable","14":"product-type-simple"},"bundled_by":[],"bundle_stock_status":"instock","bundle_stock_quantity":2,"bundle_virtual":false,"bundle_layout":"","bundle_add_to_cart_form_location":"","bundle_editable_in_cart":false,"bundle_sold_individually_context":"","bundle_item_grouping":"","bundle_min_size":"","bundle_max_size":"","bundle_price":[],"bundled_items":[],"bundle_sell_ids":[],"acf":[],"_links":{"self":[{"href":"https:\/\/hi-techwonder.com\/es\/wp-json\/wp\/v2\/product\/72050","targetHints":{"allow":["GET"]}}],"collection":[{"href":"https:\/\/hi-techwonder.com\/es\/wp-json\/wp\/v2\/product"}],"about":[{"href":"https:\/\/hi-techwonder.com\/es\/wp-json\/wp\/v2\/types\/product"}],"replies":[{"embeddable":true,"href":"https:\/\/hi-techwonder.com\/es\/wp-json\/wp\/v2\/comments?post=72050"}],"wp:featuredmedia":[{"embeddable":true,"href":"https:\/\/hi-techwonder.com\/es\/wp-json\/wp\/v2\/media\/57426"}],"wp:attachment":[{"href":"https:\/\/hi-techwonder.com\/es\/wp-json\/wp\/v2\/media?parent=72050"}],"wp:term":[{"taxonomy":"product_brand","embeddable":true,"href":"https:\/\/hi-techwonder.com\/es\/wp-json\/wp\/v2\/product_brand?post=72050"},{"taxonomy":"product_cat","embeddable":true,"href":"https:\/\/hi-techwonder.com\/es\/wp-json\/wp\/v2\/product_cat?post=72050"},{"taxonomy":"product_tag","embeddable":true,"href":"https:\/\/hi-techwonder.com\/es\/wp-json\/wp\/v2\/product_tag?post=72050"}],"curies":[{"name":"wp","href":"https:\/\/api.w.org\/{rel}","templated":true}]}}