{"id":72055,"date":"2025-07-29T09:55:35","date_gmt":"2025-07-29T09:55:35","guid":{"rendered":"https:\/\/fv6qoy3ls0.wpdns.site\/produto\/kit-de-flash-de-estudio-triple-godox-ms300v-d-trio\/"},"modified":"2026-03-26T17:44:05","modified_gmt":"2026-03-26T17:44:05","slug":"godox-kit-de-flash-de-estudio-triple-godox-ms300v-d-trio","status":"publish","type":"product","link":"https:\/\/hi-techwonder.com\/es\/producto\/godox-kit-de-flash-de-estudio-triple-godox-ms300v-d-trio\/","title":{"rendered":"Kit de flash de estudio triple GODOX MS300V-D Trio"},"content":{"rendered":"<p><strong>Kit de flash de estudio triple GODOX MS300V-D Trio<\/strong><\/p>\n<p><strong>Funciones:<\/strong><\/p>\n<ul>\n<li>Cabezal de flash MS300V con una potencia de 300 W,<\/li>\n<li>Potencia de flash ajustable, tiempo de carga r\u00e1pido, temperatura de color de 5600K<\/li>\n<li>Tr\u00edpode de estudio, soporte de luz tiene 2 metros de altura m\u00e1xima, construcci\u00f3n s\u00f3lida, altura ajustable<\/li>\n<li>La caja de luz de 60&#215;90 cm proporciona una luz suave y difusa<\/li>\n<li>Paraguas de color negro y plateado y refleja la luz para una mejor difusi\u00f3n y suavidad<\/li>\n<li>La resistente bolsa de transporte permite un f\u00e1cil transporte y almacenamiento<\/li>\n<li>El reflector est\u00e1ndar proporciona iluminaci\u00f3n direccional para una variedad de aplicaciones fotogr\u00e1ficas<\/li>\n<li>XT16 Disparador de flash de control de potencia inal\u00e1mbrico<\/li>\n<\/ul>\n<p><strong>Contenido del paquete:<\/strong><\/p>\n<ul>\n<li>3 cabezales de flash MS300V<\/li>\n<li>3 x Soporte de luz 304 (2 m de altura)<\/li>\n<li>2 x Softbox SB-BW (60x90cm)<\/li>\n<li>1 x Sombrilla UB-002 (40&#8243; Negro y Plata)<\/li>\n<li>1 x Bolsa de transporte CB-04<\/li>\n<li>1 x reflector est\u00e1ndar<\/li>\n<li>1 x Disparador de flash de control de energ\u00eda inal\u00e1mbrico XT16<\/li>\n<\/ul>\n","protected":false},"excerpt":{"rendered":"<p>Kit de flash de estudio triple GODOX MS300V-D Trio Funciones: Cabezal de flash MS300V con una potencia de 300 W,<\/p>\n","protected":false},"featured_media":56001,"comment_status":"closed","ping_status":"open","template":"","meta":{"_acf_changed":false},"product_brand":[2555],"product_cat":[989],"product_tag":[],"class_list":{"0":"post-72055","1":"product","2":"type-product","3":"status-publish","4":"has-post-thumbnail","6":"product_brand-godox-es","7":"product_cat-kits-es","9":"first","10":"instock","11":"taxable","12":"shipping-taxable","13":"purchasable","14":"product-type-simple"},"bundled_by":[],"bundle_stock_status":"instock","bundle_stock_quantity":4,"bundle_virtual":false,"bundle_layout":"","bundle_add_to_cart_form_location":"","bundle_editable_in_cart":false,"bundle_sold_individually_context":"","bundle_item_grouping":"","bundle_min_size":"","bundle_max_size":"","bundle_price":[],"bundled_items":[],"bundle_sell_ids":[],"acf":[],"_links":{"self":[{"href":"https:\/\/hi-techwonder.com\/es\/wp-json\/wp\/v2\/product\/72055","targetHints":{"allow":["GET"]}}],"collection":[{"href":"https:\/\/hi-techwonder.com\/es\/wp-json\/wp\/v2\/product"}],"about":[{"href":"https:\/\/hi-techwonder.com\/es\/wp-json\/wp\/v2\/types\/product"}],"replies":[{"embeddable":true,"href":"https:\/\/hi-techwonder.com\/es\/wp-json\/wp\/v2\/comments?post=72055"}],"wp:featuredmedia":[{"embeddable":true,"href":"https:\/\/hi-techwonder.com\/es\/wp-json\/wp\/v2\/media\/56001"}],"wp:attachment":[{"href":"https:\/\/hi-techwonder.com\/es\/wp-json\/wp\/v2\/media?parent=72055"}],"wp:term":[{"taxonomy":"product_brand","embeddable":true,"href":"https:\/\/hi-techwonder.com\/es\/wp-json\/wp\/v2\/product_brand?post=72055"},{"taxonomy":"product_cat","embeddable":true,"href":"https:\/\/hi-techwonder.com\/es\/wp-json\/wp\/v2\/product_cat?post=72055"},{"taxonomy":"product_tag","embeddable":true,"href":"https:\/\/hi-techwonder.com\/es\/wp-json\/wp\/v2\/product_tag?post=72055"}],"curies":[{"name":"wp","href":"https:\/\/api.w.org\/{rel}","templated":true}]}}