{"id":72057,"date":"2025-07-29T10:19:43","date_gmt":"2025-07-29T10:19:43","guid":{"rendered":"https:\/\/fv6qoy3ls0.wpdns.site\/produto\/kit-de-accesorios-godox-ak-r1-para-ad200-h200r-v1\/"},"modified":"2026-02-09T13:09:21","modified_gmt":"2026-02-09T13:09:21","slug":"godox-kit-de-accesorios-godox-ak-r1-para-ad200-h200r-v1","status":"publish","type":"product","link":"https:\/\/hi-techwonder.com\/es\/producto\/godox-kit-de-accesorios-godox-ak-r1-para-ad200-h200r-v1\/","title":{"rendered":"Kit de accesorios GODOX AK-R1 para AD200 \/ H200R \/ V1"},"content":{"rendered":"<p><strong>Kit de accesorios Godox AK-R1<\/strong><\/p>\n<p>Todas las piezas est\u00e1n aseguradas con imanes de alta potencia, lo que permite cambios r\u00e1pidos y f\u00e1ciles entre cada accesorio.<br \/><strong>&nbsp;<\/strong><\/p>\n<p><strong>Compatibilidad:<\/strong><\/p>\n<ul>\n<li>Cabezal H200R  <\/li>\n<li>Cabezal AD200<\/li>\n<li><a href=\"https:\/\/hi-techwonder.com\/productsList.aspx?s=4&amp;id=GODOX%20Flash%20Speedlite%20V1\" target=\"_blank\" rel=\"noopener\">Flashes Speedlite V1<\/a><\/li>\n<li>O para flashes compactos con el <a href=\"https:\/\/hi-techwonder.com\/godox-adaptador-magnetico-s-r1-p\/-flashes-compactos\" target=\"_blank\" rel=\"noopener\">adaptador magn\u00e9tico S-R1<\/a> de Godox<\/li>\n<\/ul>\n<p><span style=\"color: #000000\">&nbsp;<\/span><\/p>\n<p><strong>Contenido de la caja:<\/strong><\/p>\n<ul>\n<li>1 x Kit de accesorios AK-R1:  <\/li>\n<\/ul>\n<blockquote>\n<ul>\n<li>Difusor de c\u00fapula<\/li>\n<li>Colmena<\/li>\n<li>Juego de filtros<\/li>\n<li>Snoot<\/li>\n<li>Rebote<\/li>\n<li>Puertas de granero<\/li>\n<li>Placa difusora plana<\/li>\n<li>Estuche de transporte<\/li>\n<\/ul>\n<\/blockquote>\n<div id=\"_mcePaste\" style=\"position: absolute;left: -10000px;top: 105px;width: 1px;height: 1px;overflow: hidden\">\n<h1>S-R1<\/h1>\n<\/div>\n","protected":false},"excerpt":{"rendered":"<p>Kit de accesorios Godox AK-R1 Todas las piezas est\u00e1n aseguradas con imanes de alta potencia, lo que permite cambios r\u00e1pidos<\/p>\n","protected":false},"featured_media":61733,"comment_status":"closed","ping_status":"open","template":"","meta":{"_acf_changed":false},"product_brand":[2555],"product_cat":[1001],"product_tag":[],"class_list":{"0":"post-72057","1":"product","2":"type-product","3":"status-publish","4":"has-post-thumbnail","6":"product_brand-godox-es","7":"product_cat-aletas","9":"first","10":"instock","11":"taxable","12":"shipping-taxable","13":"purchasable","14":"product-type-simple"},"bundled_by":[],"bundle_stock_status":"instock","bundle_stock_quantity":2,"bundle_virtual":false,"bundle_layout":"","bundle_add_to_cart_form_location":"","bundle_editable_in_cart":false,"bundle_sold_individually_context":"","bundle_item_grouping":"","bundle_min_size":"","bundle_max_size":"","bundle_price":[],"bundled_items":[],"bundle_sell_ids":[],"acf":[],"_links":{"self":[{"href":"https:\/\/hi-techwonder.com\/es\/wp-json\/wp\/v2\/product\/72057","targetHints":{"allow":["GET"]}}],"collection":[{"href":"https:\/\/hi-techwonder.com\/es\/wp-json\/wp\/v2\/product"}],"about":[{"href":"https:\/\/hi-techwonder.com\/es\/wp-json\/wp\/v2\/types\/product"}],"replies":[{"embeddable":true,"href":"https:\/\/hi-techwonder.com\/es\/wp-json\/wp\/v2\/comments?post=72057"}],"wp:featuredmedia":[{"embeddable":true,"href":"https:\/\/hi-techwonder.com\/es\/wp-json\/wp\/v2\/media\/61733"}],"wp:attachment":[{"href":"https:\/\/hi-techwonder.com\/es\/wp-json\/wp\/v2\/media?parent=72057"}],"wp:term":[{"taxonomy":"product_brand","embeddable":true,"href":"https:\/\/hi-techwonder.com\/es\/wp-json\/wp\/v2\/product_brand?post=72057"},{"taxonomy":"product_cat","embeddable":true,"href":"https:\/\/hi-techwonder.com\/es\/wp-json\/wp\/v2\/product_cat?post=72057"},{"taxonomy":"product_tag","embeddable":true,"href":"https:\/\/hi-techwonder.com\/es\/wp-json\/wp\/v2\/product_tag?post=72057"}],"curies":[{"name":"wp","href":"https:\/\/api.w.org\/{rel}","templated":true}]}}