{"id":72058,"date":"2025-07-29T09:55:35","date_gmt":"2025-07-29T09:55:35","guid":{"rendered":"https:\/\/fv6qoy3ls0.wpdns.site\/produto\/kit-de-flash-de-estudio-godox-2x-dp600iiiv-m\/"},"modified":"2026-04-20T22:14:21","modified_gmt":"2026-04-20T21:14:21","slug":"godox-kit-de-flash-de-estudio-godox-2x-dp600iiiv-m","status":"publish","type":"product","link":"https:\/\/hi-techwonder.com\/es\/producto\/godox-kit-de-flash-de-estudio-godox-2x-dp600iiiv-m\/","title":{"rendered":"Kit de flash de estudio GODOX 2x DP600IIIV-M"},"content":{"rendered":"<h3 data-start=\"0\" data-end=\"112\"><strong data-start=\"4\" data-end=\"112\">Flash de estudio profesional Godox DP600III-V con l\u00e1mpara de peinado LED (2x Kit DP600IIIV-M + Accesorios)<\/strong><\/h3>\n<hr data-start=\"114\" data-end=\"117\">\n<h3 data-start=\"119\" data-end=\"142\"><strong data-start=\"123\" data-end=\"142\">Funciones<\/strong><\/h3>\n<ul data-start=\"144\" data-end=\"1347\">\n<li data-start=\"144\" data-end=\"330\">\n<p data-start=\"146\" data-end=\"330\"><strong data-start=\"146\" data-end=\"168\">Potencia de 600 Ws<\/strong><br data-start=\"168\" data-end=\"171\">Cada flash DP600III-V ofrece 600 W, ideal para retratos, fotograf\u00eda de productos y otras aplicaciones de estudio que requieren una iluminaci\u00f3n uniforme y potente.<\/p>\n<\/li>\n<li data-start=\"332\" data-end=\"524\">\n<p data-start=\"334\" data-end=\"524\"><strong data-start=\"334\" data-end=\"362\">L\u00e1mpara de peinado LED<\/strong><br data-start=\"362\" data-end=\"365\">Reemplaza las l\u00e1mparas hal\u00f3genas convencionales, reduciendo el consumo de energ\u00eda y calor, al tiempo que permite una vista previa m\u00e1s estable de la luz.<\/p>\n<\/li>\n<li data-start=\"526\" data-end=\"734\">\n<p data-start=\"528\" data-end=\"734\"><strong data-start=\"528\" data-end=\"557\">N\u00famero de gu\u00eda significativo<\/strong><br data-start=\"557\" data-end=\"560\">Tiene un GN (n\u00famero gu\u00eda) alto (consulte los datos exactos en el manual) que permite difundir m\u00e1s luz o trabajar a mayores distancias, incluso con modificadores voluminosos.<\/p>\n<\/li>\n<li data-start=\"736\" data-end=\"883\">\n<p data-start=\"738\" data-end=\"883\"><strong data-start=\"738\" data-end=\"759\">Reciclaje r\u00e1pido<\/strong><br data-start=\"759\" data-end=\"762\">Se recicla en aproximadamente 1-1,5 segundos a m\u00e1xima potencia, lo que acelera el flujo de trabajo en situaciones de disparos continuos.<\/p>\n<\/li>\n<li data-start=\"885\" data-end=\"1039\">\n<p data-start=\"887\" data-end=\"1039\"><strong data-start=\"887\" data-end=\"917\">Ajuste de potencia preciso<\/strong><br data-start=\"917\" data-end=\"920\">Ajustable en incrementos finos de 1\/64 a 1\/1 a trav\u00e9s de una pantalla LCD digital, lo que proporciona un mayor control creativo.<\/p>\n<\/li>\n<li data-start=\"1041\" data-end=\"1214\">\n<p data-start=\"1043\" data-end=\"1214\"><strong data-start=\"1043\" data-end=\"1072\">Control inal\u00e1mbrico de 2,4 GHz<\/strong><br data-start=\"1072\" data-end=\"1075\">Compatible con el sistema inal\u00e1mbrico Godox (a trav\u00e9s del disparador XT-16 incluido), lo que le permite disparar y ajustar la salida de forma remota, sin cables.<\/p>\n<\/li>\n<li data-start=\"1216\" data-end=\"1347\">\n<p data-start=\"1218\" data-end=\"1347\"><strong data-start=\"1218\" data-end=\"1240\">Ventilaci\u00f3n interna<\/strong><br data-start=\"1240\" data-end=\"1243\">Incluye un ventilador para mantener el flash fresco en sesiones prolongadas, asegurando una mayor durabilidad.<\/p>\n<\/li>\n<\/ul>\n<p data-start=\"1349\" data-end=\"1422\"><em data-start=\"1349\" data-end=\"1422\">(Para obtener detalles espec\u00edficos, consulte la hoja de datos oficial de Godox).<\/em><\/p>\n<hr data-start=\"1424\" data-end=\"1427\">\n<h3 data-start=\"1429\" data-end=\"1458\"><strong data-start=\"1433\" data-end=\"1458\">Contenido del paquete<\/strong><\/h3>\n<ul data-start=\"1460\" data-end=\"2080\">\n<li data-start=\"1460\" data-end=\"1702\">\n<p data-start=\"1462\" data-end=\"1511\"><strong data-start=\"1462\" data-end=\"1470\">2Un.<\/strong> Godox Studio Flash <strong data-start=\"1488\" data-end=\"1509\">DP600IIIV-M<\/strong><\/p>\n<ul data-start=\"1514\" data-end=\"1702\">\n<li data-start=\"1514\" data-end=\"1554\"><strong data-start=\"1516\" data-end=\"1524\">2Un.<\/strong>  Tubo de flash preinstalado<\/li>\n<li data-start=\"1557\" data-end=\"1608\"><strong data-start=\"1559\" data-end=\"1567\">2Un.<\/strong>  L\u00e1mpara de peinado LED preinstalada<\/li>\n<li data-start=\"1611\" data-end=\"1663\"><strong data-start=\"1613\" data-end=\"1621\">2Un.<\/strong>  Protecci\u00f3n frontal (cubierta de la l\u00e1mpara)<\/li>\n<li data-start=\"1666\" data-end=\"1702\"><strong data-start=\"1668\" data-end=\"1676\">2Un.<\/strong>  Cable de alimentaci\u00f3n (5 m)<\/li>\n<\/ul>\n<\/li>\n<li data-start=\"1704\" data-end=\"1786\">\n<p data-start=\"1706\" data-end=\"1750\">Tr\u00edpode de iluminaci\u00f3n <strong data-start=\"1735\" data-end=\"1748\">Godox 303 2Un<\/strong><strong data-start=\"1706\" data-end=\"1714\">.<\/strong><\/p>\n<ul data-start=\"1753\" data-end=\"1786\">\n<li data-start=\"1753\" data-end=\"1786\">Ajuste de altura y pies estables<\/li>\n<\/ul>\n<\/li>\n<li data-start=\"1788\" data-end=\"1835\">\n<p data-start=\"1790\" data-end=\"1835\"><strong data-start=\"1790\" data-end=\"1798\">1 pieza<\/strong> <strong data-start=\"1807\" data-end=\"1821\">Softbox SB-BW80120<\/strong> (80 \u00d7 120 cm)<\/p>\n<\/li>\n<li data-start=\"1837\" data-end=\"1909\">\n<p data-start=\"1839\" data-end=\"1909\"><strong data-start=\"1839\" data-end=\"1847\">Paraguas<\/strong> Estudio <strong data-start=\"1872\" data-end=\"1886\">UB-004-101<\/strong> (negro\/blanco, 101 cm)<\/p>\n<\/li>\n<li data-start=\"1911\" data-end=\"1980\">\n<p data-start=\"1913\" data-end=\"1980\"><strong data-start=\"1913\" data-end=\"1921\">1Un.<\/strong> Barndoor <strong data-start=\"1931\" data-end=\"1940\">BD-04<\/strong> (con filtros de color y rejilla de nido de abeja)<\/p>\n<\/li>\n<li data-start=\"1982\" data-end=\"2020\">\n<p data-start=\"1984\" data-end=\"2020\"><strong data-start=\"1984\" data-end=\"1992\">1Un.<\/strong> <strong data-start=\"2001\" data-end=\"2010\">XT-16<\/strong> Trigger (2,4 GHz)<\/p>\n<\/li>\n<li data-start=\"2022\" data-end=\"2080\">\n<p data-start=\"2024\" data-end=\"2080\"><strong data-start=\"2024\" data-end=\"2032\">1 Unidad<\/strong> Trolley <strong data-start=\"2041\" data-end=\"2050\">CB-01<\/strong> (maleta\/trolley)<\/p>\n<\/li>\n<\/ul>\n<p data-start=\"2082\" data-end=\"2146\"><em data-start=\"2082\" data-end=\"2146\">(Es posible que no se incluyan otros accesorios no mencionados).<\/em><\/p>\n<hr data-start=\"2148\" data-end=\"2151\">\n<h3 data-start=\"2153\" data-end=\"2180\"><strong data-start=\"2157\" data-end=\"2180\">Descripci\u00f3n detallada<\/strong><\/h3>\n<p data-start=\"2182\" data-end=\"2575\">El <strong data-start=\"2184\" data-end=\"2204\">Godox DP600III-V<\/strong> es un flash de estudio de 600 Ws, dise\u00f1ado para fot\u00f3grafos que desean un alto rendimiento y confiabilidad. La l\u00e1mpara de modelado LED ofrece un sistema m\u00e1s moderno y eficiente, reduciendo la temperatura de funcionamiento y el consumo de energ\u00eda. El r\u00e1pido tiempo de reciclaje (1-1,5 s) y la estabilidad de la temperatura del color (~5600 K \u00b1200 K) garantizan un disparo suave y consistente.  <\/p>\n<p data-start=\"2577\" data-end=\"3038\">En esta configuraci\u00f3n de kit, dispondr\u00e1s de dos flashes (cada uno con un tubo de flash y una bombilla LED), dos tr\u00edpodes de iluminaci\u00f3n (modelo 303), una caja de luz de 80\u00d7120 cm para una luz suave y completa, un paraguas en blanco y negro para reflejos r\u00e1pidos, un barndoor con filtros de color y una rejilla para dar forma creativa a la luz.  adem\u00e1s del disparador XT-16 para el control inal\u00e1mbrico de los flashes en el estudio. El carro CB-01 facilita el almacenamiento y transporte de todo el conjunto. <\/p>\n<p data-start=\"3040\" data-end=\"3235\">Es una soluci\u00f3n integral para cualquiera que busque configurar o mejorar un estudio profesional, con todos los elementos esenciales del modelado de luz y la comodidad del control remoto de 2.4GHz de Godox.<\/p>\n<hr data-start=\"3237\" data-end=\"3240\">\n<h3 data-start=\"3242\" data-end=\"3275\"><strong data-start=\"3246\" data-end=\"3273\">Especificaciones t\u00e9cnicas<\/strong><\/h3>\n<p data-start=\"3276\" data-end=\"3335\"><em data-start=\"3276\" data-end=\"3335\">(Valores aproximados; confirmar datos en el manual oficial).<\/em><\/p>\n<ul data-start=\"3337\" data-end=\"3932\">\n<li data-start=\"3337\" data-end=\"3364\"><strong data-start=\"3339\" data-end=\"3350\">Modelo:<\/strong> DP600IIIV-M<\/li>\n<li data-start=\"3365\" data-end=\"3408\"><strong data-start=\"3367\" data-end=\"3387\">Potencia m\u00e1xima:<\/strong> 600 Ws (por flash)<\/li>\n<li data-start=\"3409\" data-end=\"3465\"><strong data-start=\"3411\" data-end=\"3432\">N\u00famero de gu\u00eda (GN):<\/strong> ~80 (ISO 100, reflector est\u00e1ndar)<\/li>\n<li data-start=\"3466\" data-end=\"3506\"><strong data-start=\"3468\" data-end=\"3491\">Temperatura de color:<\/strong> 5600 \u00b1 200 K<\/li>\n<li data-start=\"3507\" data-end=\"3563\"><strong data-start=\"3509\" data-end=\"3529\">Rango de ajuste:<\/strong> 1\/64 \u2013 1\/1 (0,1 pasos)<\/li>\n<li data-start=\"3564\" data-end=\"3622\"><strong data-start=\"3566\" data-end=\"3590\">Tiempo de reciclaje:<\/strong> ~1\u20131,5 s (a 1\/1 de potencia)<\/li>\n<li data-start=\"3623\" data-end=\"3674\"><strong data-start=\"3625\" data-end=\"3646\">Duraci\u00f3n del flash:<\/strong> ~1\/2000 a 1\/800 s (t0.1)*<\/li>\n<li data-start=\"3675\" data-end=\"3711\"><strong data-start=\"3677\" data-end=\"3705\">Modelado de iluminaci\u00f3n:<\/strong> LED<\/li>\n<li data-start=\"3712\" data-end=\"3761\"><strong data-start=\"3714\" data-end=\"3741\">Sincronizaci\u00f3n inal\u00e1mbrica:<\/strong> 2,4 GHz (Godox X)<\/li>\n<li data-start=\"3762\" data-end=\"3842\"><strong data-start=\"3764\" data-end=\"3780\">Alimentaci\u00f3n:<\/strong> CA 220-240 V \/ 50 Hz (o 100-120 V, var\u00eda seg\u00fan la regi\u00f3n)<\/li>\n<li data-start=\"3843\" data-end=\"3894\"><strong data-start=\"3845\" data-end=\"3868\">Dimensiones (aprox.):<\/strong> 42\u00d714\u00d720 cm por unidad<\/li>\n<li data-start=\"3895\" data-end=\"3932\"><strong data-start=\"3897\" data-end=\"3920\">Peso de cada flash:<\/strong> \u00b12,8\u20133 kg<\/li>\n<\/ul>\n<p data-start=\"3934\" data-end=\"3970\"><em data-start=\"3934\" data-end=\"3937\">(<\/em>) dependiendo del nivel de potencia<\/p>\n<hr data-start=\"3972\" data-end=\"3975\">\n<h3 data-start=\"3977\" data-end=\"4009\"><strong data-start=\"3981\" data-end=\"4007\">Informaci\u00f3n adicional<\/strong><\/h3>\n<p data-start=\"4010\" data-end=\"4215\">Nota: Las im\u00e1genes son solo para fines ilustrativos. Equipo adicional como c\u00e1maras, tr\u00edpodes adicionales o accesorios personales no incluidos. Consulte el contenido exacto del paquete y las especificaciones para obtener m\u00e1s detalles.  <\/p>\n","protected":false},"excerpt":{"rendered":"<p>Flash de estudio profesional Godox DP600III-V con l\u00e1mpara de peinado LED (2x Kit DP600IIIV-M + Accesorios) Funciones Potencia de 600<\/p>\n","protected":false},"featured_media":56035,"comment_status":"closed","ping_status":"open","template":"","meta":{"_acf_changed":false},"product_brand":[2555],"product_cat":[989],"product_tag":[],"class_list":{"0":"post-72058","1":"product","2":"type-product","3":"status-publish","4":"has-post-thumbnail","6":"product_brand-godox-es","7":"product_cat-kits-es","9":"first","10":"instock","11":"taxable","12":"shipping-taxable","13":"purchasable","14":"product-type-simple"},"bundled_by":[],"bundle_stock_status":"instock","bundle_stock_quantity":1,"bundle_virtual":false,"bundle_layout":"","bundle_add_to_cart_form_location":"","bundle_editable_in_cart":false,"bundle_sold_individually_context":"","bundle_item_grouping":"","bundle_min_size":"","bundle_max_size":"","bundle_price":[],"bundled_items":[],"bundle_sell_ids":[],"acf":[],"_links":{"self":[{"href":"https:\/\/hi-techwonder.com\/es\/wp-json\/wp\/v2\/product\/72058","targetHints":{"allow":["GET"]}}],"collection":[{"href":"https:\/\/hi-techwonder.com\/es\/wp-json\/wp\/v2\/product"}],"about":[{"href":"https:\/\/hi-techwonder.com\/es\/wp-json\/wp\/v2\/types\/product"}],"replies":[{"embeddable":true,"href":"https:\/\/hi-techwonder.com\/es\/wp-json\/wp\/v2\/comments?post=72058"}],"wp:featuredmedia":[{"embeddable":true,"href":"https:\/\/hi-techwonder.com\/es\/wp-json\/wp\/v2\/media\/56035"}],"wp:attachment":[{"href":"https:\/\/hi-techwonder.com\/es\/wp-json\/wp\/v2\/media?parent=72058"}],"wp:term":[{"taxonomy":"product_brand","embeddable":true,"href":"https:\/\/hi-techwonder.com\/es\/wp-json\/wp\/v2\/product_brand?post=72058"},{"taxonomy":"product_cat","embeddable":true,"href":"https:\/\/hi-techwonder.com\/es\/wp-json\/wp\/v2\/product_cat?post=72058"},{"taxonomy":"product_tag","embeddable":true,"href":"https:\/\/hi-techwonder.com\/es\/wp-json\/wp\/v2\/product_tag?post=72058"}],"curies":[{"name":"wp","href":"https:\/\/api.w.org\/{rel}","templated":true}]}}