{"id":72059,"date":"2025-07-29T10:01:26","date_gmt":"2025-07-29T10:01:26","guid":{"rendered":"https:\/\/fv6qoy3ls0.wpdns.site\/produto\/godox-kit-3-iluminadores-de-focos-led-s60-accesorios\/"},"modified":"2025-07-29T10:01:26","modified_gmt":"2025-07-29T10:01:26","slug":"godox-kit-3-iluminadores-de-focos-led-s60-accesorios","status":"publish","type":"product","link":"https:\/\/hi-techwonder.com\/es\/producto\/godox-kit-3-iluminadores-de-focos-led-s60-accesorios\/","title":{"rendered":"GODOX Kit 3 Iluminadores de Focos LED S60 + Accesorios"},"content":{"rendered":"<p><strong>GODOX Kit 3 Iluminadores de Focos LED S60 + Accesorios<\/strong><\/p>\n<p> <strong>Caracter\u00edsticas principales<\/strong><\/p>\n<ul>\n<li>  Tres cabezales de luz S60 con puertas de granero<\/li>\n<li>  Dos cajas de luz, tres portal\u00e1mparas<\/li>\n<li>  Accesorio de proyecci\u00f3n con accesorios<\/li>\n<li>  Mando a distancia RC-A6<\/li>\n<li>  Enfoque: 6 a 55\u00b0<\/li>\n<\/ul>\n<p> <strong>En la caja<\/strong><\/p>\n<ul>\n<li>  3 x Luz de enfoque LED Godox S60<\/li>\n<li>  2 x Caja de luz<\/li>\n<li>  1 x Juego de malla<\/li>\n<li>  1 x Iris<\/li>\n<li>  1 x Obturador de encuadre<\/li>\n<li>  1 x Juego de Gobos<\/li>\n<li>  1 x Soporte de gobos<\/li>\n<li>  1 x conjunto de efectos de filtro de color<\/li>\n<li>  1 x Ajuste de temperatura de color Filtros de color<\/li>\n<li>  1 x Accesorio de proyecci\u00f3n (incluido un objetivo SA-01 de 85 mm)<\/li>\n<li>  3 x Soporte de luz<\/li>\n<li>  1 x Mando a distancia RC-A6<\/li>\n<li>  1 x Bolsa de transporte para soporte de luz<\/li>\n<\/ul>\n<p>  Godox ha ensamblado este amplio kit de 3 luces de enfoque LED S60 para brindarle una configuraci\u00f3n completa con un enfoque de haz variable de 6 a 55 \u00b0 respaldado por opciones de control y potencia. El kit tiene tres cabezales de luz diurna S60, cada uno con puertas, un controlador y un soporte de luz. Tambi\u00e9n hay una bolsa para las gradas y dos cajas de luz. Para cuando quieras hacer de todo, desde iluminaci\u00f3n selectiva hasta proyecci\u00f3n de patrones, se incluye un accesorio de proyecci\u00f3n con una lente de 85 mm y, literalmente, todos tus accesorios. La extensa lista incluye un obturador de encuadre, un juego de gobos y soportes, un conjunto de filtros de efectos de color y un conjunto de filtros de temperatura de color. Godox tambi\u00e9n incluye un control remoto inal\u00e1mbrico RC-A6 con un alcance de 164 pies.     <\/p>\n<p>  El S60 tiene una temperatura de color s\u00f3lida y constante de 5600K que se puede convertir en balanza de tungsteno con un simple filtro de gel y es ajustable de 0 a 100%. Si bien puede realizar estos ajustes localmente en el equipo, Godox ofrece varias formas de hacerlos de forma remota. El S60 se puede controlar desde una consola a trav\u00e9s de DMX incorporado, de forma inal\u00e1mbrica con una aplicaci\u00f3n de tel\u00e9fono inteligente o con un control remoto opcional con un alcance de 164 pies. El S60 est\u00e1 listo para su uso en todo el mundo gracias a su fuente de alimentaci\u00f3n de 100 a 240 V, pero tambi\u00e9n puede ejecutarlo a trav\u00e9s de la placa de bater\u00eda de montaje en V del controlador cuando no hay alimentaci\u00f3n de CA disponible.   <\/p>\n<p> <strong>Control preciso de la cobertura de luz<\/strong><\/p>\n<p>  Con un \u00e1ngulo de haz de 6 a 55 grados, puede obtener el tama\u00f1o de extensi\u00f3n de salida que necesita ajustando la perilla giratoria en la parte posterior. Una lente de proyecci\u00f3n opcional hace que los detalles de iluminaci\u00f3n sean \u00fatiles. <\/p>\n<p> <strong>Efectos de iluminaci\u00f3n excepcionales<\/strong><\/p>\n<p>  Una lente \u00f3ptica asf\u00e9rica proporciona clasificaciones S60 CRI\/TLCI de 96+\/97+ y garantiza colores naturales y cristalinos en cualquier aplicaci\u00f3n. La intensidad de la luz del punto enfocado produce un aumento de aproximadamente 4 paradas sobre la configuraci\u00f3n de inundaci\u00f3n. Tambi\u00e9n ofrece brillo ajustable de 1 a 100% para un control m\u00e1s flexible.  <\/p>\n<p> <strong>Una selecci\u00f3n de modeladores de luz<\/strong><\/p>\n<p>  El S60 est\u00e1 dise\u00f1ado para una variedad de habilidades de estilo de iluminaci\u00f3n. Con los muchos accesorios de modelado de luz, como las puertas de granero, puede personalizar la luz con cualquier patr\u00f3n que desee. <\/p>\n<p> <strong>Viga uniforme<\/strong><\/p>\n<p>  La lente \u00f3ptica asf\u00e9rica produce una luz uniforme de borde a borde.<\/p>\n<p> <strong>Alimentaci\u00f3n en cualquier lugar<\/strong><\/p>\n<p>  El S60 viene con una caja de control separada que admite alimentaci\u00f3n de CA o una bater\u00eda opcional con montura V para disparar en exteriores.<\/p>\n<p> <strong>Caracter\u00edsticas t\u00e9cnicas<\/strong> <\/p>\n<div class=\"group_K7YrQottgVsRZ4B6zAaGG\" style=\"box-sizing: inherit; margin-bottom: 2.1875rem; font-family: OpenSans, 'Segoe UI', Helvetica, Roboto, Arial, sans-serif; font-size: 16px; background-color: #ffffff;\"><strong> <\/strong><\/p>\n<p class=\"name_3mapjiENorVzh8SvFyXVPc firstGroupInItem_k8WqCFToyTsIW3AYbSuui\" style=\"box-sizing: inherit; padding: 0px 0px 0.875rem; border-bottom: 0.125rem solid #cdcdcd; font-size: 2rem; color: #769e2d; line-height: 2rem;\" data-selenium=\"specsItemGroupName\"> <strong>L\u00e1mpara<\/strong> <\/p>\n<table class=\"table_o418fscimQZEg1oshu4aX\" style=\"box-sizing: inherit; width: 981px; height: 370px;\" data-selenium=\"specsItemGroupTable\">\n<tbody style=\"box-sizing: inherit;\">\n<tr class=\"pair_3u9fnESIQrtuEu6ye_zM4k\" style=\"box-sizing: inherit; border-bottom: 0.0625rem solid #e7e7e7; height: 58px;\" data-selenium=\"specsItemGroupTableRow\">\n<td class=\"label_3bLwbW8ibvYc5tUwpKVQsL \" style=\"box-sizing: inherit; width: 372px; padding: 1.25rem 0px; border-top: none; vertical-align: baseline; font-size: 1.125rem; color: #666666; line-height: 1.375rem; height: 58px;\" data-selenium=\"specsItemGroupTableColumnLabel\">\n<p>  \u00c1ngulo del haz  <\/p>\n<\/td>\n<td class=\"value_11Av1yGkVYn9TX48mQeu9v \" style=\"box-sizing: inherit; vertical-align: baseline; font-size: 1.125rem; color: #666666; line-height: 1.375rem; padding: 1.25rem 0px 1.25rem 2.5rem; height: 58px;\" data-selenium=\"specsItemGroupTableColumnValue\">\n<p>  De 55 a 6\u00b0  <\/p>\n<\/td>\n<\/tr>\n<tr class=\"pair_3u9fnESIQrtuEu6ye_zM4k\" style=\"box-sizing: inherit; border-bottom: 0.0625rem solid #e7e7e7; height: 58px;\" data-selenium=\"specsItemGroupTableRow\">\n<td class=\"label_3bLwbW8ibvYc5tUwpKVQsL\" style=\"box-sizing: inherit; width: 372px; padding: 1.25rem 0px; border-top: none; vertical-align: baseline; font-size: 1.125rem; color: #666666; line-height: 1.375rem; height: 58px;\" data-selenium=\"specsItemGroupTableColumnLabel\">\n<p>  Temperatura de color  <\/p>\n<\/td>\n<td class=\"value_11Av1yGkVYn9TX48mQeu9v\" style=\"box-sizing: inherit; vertical-align: baseline; font-size: 1.125rem; color: #666666; line-height: 1.375rem; padding: 1.25rem 0px 1.25rem 2.5rem; height: 58px;\" data-selenium=\"specsItemGroupTableColumnValue\">\n<p>  5600K \u00b1 300K  <\/p>\n<\/td>\n<\/tr>\n<tr class=\"pair_3u9fnESIQrtuEu6ye_zM4k\" style=\"box-sizing: inherit; border-bottom: 0.0625rem solid #e7e7e7; height: 80px;\" data-selenium=\"specsItemGroupTableRow\">\n<td class=\"label_3bLwbW8ibvYc5tUwpKVQsL\" style=\"box-sizing: inherit; width: 372px; padding: 1.25rem 0px; border-top: none; vertical-align: baseline; font-size: 1.125rem; color: #666666; line-height: 1.375rem; height: 80px;\" data-selenium=\"specsItemGroupTableColumnLabel\">\n<p>  Est\u00e1ndar de precisi\u00f3n de color  <\/p>\n<\/td>\n<td class=\"value_11Av1yGkVYn9TX48mQeu9v\" style=\"box-sizing: inherit; vertical-align: baseline; font-size: 1.125rem; color: #666666; line-height: 1.375rem; padding: 1.25rem 0px 1.25rem 2.5rem; height: 80px;\" data-selenium=\"specsItemGroupTableColumnValue\">\n<p>  CRI 96 a 5600K<br style=\"box-sizing: inherit;\"> TLCI de 97 a 5600K  <\/p>\n<\/td>\n<\/tr>\n<tr class=\"pair_3u9fnESIQrtuEu6ye_zM4k\" style=\"box-sizing: inherit; border-bottom: 0.0625rem solid #e7e7e7; height: 58px;\" data-selenium=\"specsItemGroupTableRow\">\n<td class=\"label_3bLwbW8ibvYc5tUwpKVQsL\" style=\"box-sizing: inherit; width: 372px; padding: 1.25rem 0px; border-top: none; vertical-align: baseline; font-size: 1.125rem; color: #666666; line-height: 1.375rem; height: 58px;\" data-selenium=\"specsItemGroupTableColumnLabel\">\n<p>  Fotometr\u00eda  <\/p>\n<\/td>\n<td class=\"value_11Av1yGkVYn9TX48mQeu9v\" style=\"box-sizing: inherit; vertical-align: baseline; font-size: 1.125rem; color: #666666; line-height: 1.375rem; padding: 1.25rem 0px 1.25rem 2.5rem; height: 58px;\" data-selenium=\"specsItemGroupTableColumnValue\">\n<p> <span style=\"box-sizing: inherit;\">5\u00b0 a 5600K: 3200 Lux a 1 m<\/span> <\/p>\n<\/td>\n<\/tr>\n<tr class=\"pair_3u9fnESIQrtuEu6ye_zM4k\" style=\"box-sizing: inherit; border-bottom: 0.0625rem solid #e7e7e7; height: 58px;\" data-selenium=\"specsItemGroupTableRow\">\n<td class=\"label_3bLwbW8ibvYc5tUwpKVQsL\" style=\"box-sizing: inherit; width: 372px; padding: 1.25rem 0px; border-top: none; vertical-align: baseline; font-size: 1.125rem; color: #666666; line-height: 1.375rem; height: 58px;\" data-selenium=\"specsItemGroupTableColumnLabel\">\n<p>  Dimensiones de la luminaria  <\/p>\n<\/td>\n<td class=\"value_11Av1yGkVYn9TX48mQeu9v\" style=\"box-sizing: inherit; vertical-align: baseline; font-size: 1.125rem; color: #666666; line-height: 1.375rem; padding: 1.25rem 0px 1.25rem 2.5rem; height: 58px;\" data-selenium=\"specsItemGroupTableColumnValue\">\n<p>  288,0 x 113,0 x 100,0 mm  <\/p>\n<\/td>\n<\/tr>\n<tr class=\"pair_3u9fnESIQrtuEu6ye_zM4k\" style=\"box-sizing: inherit; border-bottom: 0.0625rem solid #e7e7e7; height: 58px;\" data-selenium=\"specsItemGroupTableRow\">\n<td class=\"label_3bLwbW8ibvYc5tUwpKVQsL\" style=\"box-sizing: inherit; width: 372px; padding: 1.25rem 0px; border-top: none; vertical-align: baseline; font-size: 1.125rem; color: #666666; line-height: 1.375rem; height: 58px;\" data-selenium=\"specsItemGroupTableColumnLabel\">\n<p>  Peso del accesorio  <\/p>\n<\/td>\n<td class=\"value_11Av1yGkVYn9TX48mQeu9v\" style=\"box-sizing: inherit; vertical-align: baseline; font-size: 1.125rem; color: #666666; line-height: 1.375rem; padding: 1.25rem 0px 1.25rem 2.5rem; height: 58px;\" data-selenium=\"specsItemGroupTableColumnValue\">\n<p>  1,36 kg  <\/p>\n<\/td>\n<\/tr>\n<\/tbody>\n<\/table>\n<\/div>\n<div class=\"name_3mapjiENorVzh8SvFyXVPc\" style=\"box-sizing: inherit; padding: 1rem 0px 0.875rem; border-bottom: 0.125rem solid #cdcdcd; font-size: 2rem; color: #769e2d; line-height: 2rem;\" data-selenium=\"specsItemGroupName\"> <strong>Conectores<\/strong> <\/div>\n<table class=\"table_o418fscimQZEg1oshu4aX\" style=\"box-sizing: inherit; width: 981px;\" data-selenium=\"specsItemGroupTable\">\n<tbody style=\"box-sizing: inherit;\">\n<tr class=\"pair_3u9fnESIQrtuEu6ye_zM4k\" style=\"box-sizing: inherit; border-bottom: 0.0625rem solid #e7e7e7;\" data-selenium=\"specsItemGroupTableRow\">\n<td class=\"label_3bLwbW8ibvYc5tUwpKVQsL \" style=\"box-sizing: inherit; width: 372px; padding: 1.25rem 0px; border-top: none; vertical-align: baseline; font-size: 1.125rem; color: #666666; line-height: 1.375rem;\" data-selenium=\"specsItemGroupTableColumnLabel\"> Placa de bater\u00eda <\/td>\n<td class=\"value_11Av1yGkVYn9TX48mQeu9v \" style=\"box-sizing: inherit; vertical-align: baseline; font-size: 1.125rem; color: #666666; line-height: 1.375rem; padding: 1.25rem 0px 1.25rem 2.5rem;\" data-selenium=\"specsItemGroupTableColumnValue\"> <span style=\"box-sizing: inherit;\">1 x Montura en V<\/span> <\/td>\n<\/tr>\n<\/tbody>\n<\/table>\n<div class=\"name_3mapjiENorVzh8SvFyXVPc\" style=\"box-sizing: inherit; padding: 1rem 0px 0.875rem; border-bottom: 0.125rem solid #cdcdcd; font-size: 2rem; color: #769e2d; line-height: 2rem;\" data-selenium=\"specsItemGroupName\"> <strong>Montura<\/strong> <\/div>\n<table class=\"table_o418fscimQZEg1oshu4aX\" style=\"box-sizing: inherit; width: 981px;\" data-selenium=\"specsItemGroupTable\">\n<tbody style=\"box-sizing: inherit;\">\n<tr class=\"pair_3u9fnESIQrtuEu6ye_zM4k\" style=\"box-sizing: inherit; border-bottom: 0.0625rem solid #e7e7e7;\" data-selenium=\"specsItemGroupTableRow\">\n<td class=\"label_3bLwbW8ibvYc5tUwpKVQsL \" style=\"box-sizing: inherit; width: 372px; padding: 1.25rem 0px; border-top: none; vertical-align: baseline; font-size: 1.125rem; color: #666666; line-height: 1.375rem;\" data-selenium=\"specsItemGroupTableColumnLabel\"> Soporte de montaje <\/td>\n<td class=\"value_11Av1yGkVYn9TX48mQeu9v \" style=\"box-sizing: inherit; vertical-align: baseline; font-size: 1.125rem; color: #666666; line-height: 1.375rem; padding: 1.25rem 0px 1.25rem 2.5rem;\" data-selenium=\"specsItemGroupTableColumnValue\"> receptor de 5\/8&#8243; <\/td>\n<\/tr>\n<\/tbody>\n<\/table>\n<div class=\"name_3mapjiENorVzh8SvFyXVPc\" style=\"box-sizing: inherit; padding: 1rem 0px 0.875rem; border-bottom: 0.125rem solid #cdcdcd; font-size: 2rem; color: #769e2d; line-height: 2rem;\" data-selenium=\"specsItemGroupName\"> <strong>Yugo<\/strong> <\/div>\n<table class=\"table_o418fscimQZEg1oshu4aX\" style=\"box-sizing: inherit; width: 981px;\" data-selenium=\"specsItemGroupTable\">\n<tbody style=\"box-sizing: inherit;\">\n<tr class=\"pair_3u9fnESIQrtuEu6ye_zM4k\" style=\"box-sizing: inherit; border-bottom: 0.0625rem solid #e7e7e7;\" data-selenium=\"specsItemGroupTableRow\">\n<td class=\"value_11Av1yGkVYn9TX48mQeu9v \" style=\"box-sizing: inherit; vertical-align: baseline; font-size: 1.125rem; color: #666666; line-height: 1.375rem; padding: 1.25rem 0px 1.25rem 2.5rem;\" data-selenium=\"specsItemGroupTableColumnValue\"> Horquilla\/soporte <\/td>\n<td class=\"label_3bLwbW8ibvYc5tUwpKVQsL \" style=\"box-sizing: inherit; width: 372px; padding: 1.25rem 0px; border-top: none; vertical-align: baseline; font-size: 1.125rem; color: #666666; line-height: 1.375rem;\" data-selenium=\"specsItemGroupTableColumnLabel\"> tipo yugo <\/td>\n<\/tr>\n<\/tbody>\n<\/table>\n<div class=\"name_3mapjiENorVzh8SvFyXVPc\" style=\"box-sizing: inherit; padding: 1rem 0px 0.875rem; border-bottom: 0.125rem solid #cdcdcd; font-size: 2rem; color: #769e2d; line-height: 2rem;\" data-selenium=\"specsItemGroupName\"> <strong>Operaci\u00f3n remota<\/strong> <\/div>\n<table class=\"table_o418fscimQZEg1oshu4aX\" style=\"box-sizing: inherit; width: 981px;\" data-selenium=\"specsItemGroupTable\">\n<tbody style=\"box-sizing: inherit;\">\n<tr class=\"pair_3u9fnESIQrtuEu6ye_zM4k\" style=\"box-sizing: inherit; border-bottom: 0.0625rem solid #e7e7e7;\" data-selenium=\"specsItemGroupTableRow\">\n<td class=\"label_3bLwbW8ibvYc5tUwpKVQsL \" style=\"box-sizing: inherit; width: 372px; padding: 1.25rem 0px; border-top: none; vertical-align: baseline; font-size: 1.125rem; color: #666666; line-height: 1.375rem;\" data-selenium=\"specsItemGroupTableColumnLabel\"> Tipo de control remoto <\/td>\n<td class=\"value_11Av1yGkVYn9TX48mQeu9v \" style=\"box-sizing: inherit; vertical-align: baseline; font-size: 1.125rem; color: #666666; line-height: 1.375rem; padding: 1.25rem 0px 1.25rem 2.5rem;\" data-selenium=\"specsItemGroupTableColumnValue\"> Bluetooth, DMX, inal\u00e1mbrico patentado <\/td>\n<\/tr>\n<tr class=\"pair_3u9fnESIQrtuEu6ye_zM4k\" style=\"box-sizing: inherit; border-bottom: 0.0625rem solid #e7e7e7;\" data-selenium=\"specsItemGroupTableRow\">\n<td class=\"label_3bLwbW8ibvYc5tUwpKVQsL\" style=\"box-sizing: inherit; width: 372px; padding: 1.25rem 0px; border-top: none; vertical-align: baseline; font-size: 1.125rem; color: #666666; line-height: 1.375rem;\" data-selenium=\"specsItemGroupTableColumnLabel\"> Alcance inal\u00e1mbrico <\/td>\n<td class=\"value_11Av1yGkVYn9TX48mQeu9v\" style=\"box-sizing: inherit; vertical-align: baseline; font-size: 1.125rem; color: #666666; line-height: 1.375rem; padding: 1.25rem 0px 1.25rem 2.5rem;\" data-selenium=\"specsItemGroupTableColumnValue\"> 50 m <\/td>\n<\/tr>\n<tr class=\"pair_3u9fnESIQrtuEu6ye_zM4k\" style=\"box-sizing: inherit; border-bottom: 0.0625rem solid #e7e7e7;\" data-selenium=\"specsItemGroupTableRow\">\n<td class=\"label_3bLwbW8ibvYc5tUwpKVQsL\" style=\"box-sizing: inherit; width: 372px; padding: 1.25rem 0px; border-top: none; vertical-align: baseline; font-size: 1.125rem; color: #666666; line-height: 1.375rem;\" data-selenium=\"specsItemGroupTableColumnLabel\"> Canales\/grupos inal\u00e1mbricos <\/td>\n<td class=\"value_11Av1yGkVYn9TX48mQeu9v\" style=\"box-sizing: inherit; vertical-align: baseline; font-size: 1.125rem; color: #666666; line-height: 1.375rem; padding: 1.25rem 0px 1.25rem 2.5rem;\" data-selenium=\"specsItemGroupTableColumnValue\"> 32\/16 <\/td>\n<\/tr>\n<\/tbody>\n<\/table>\n<div class=\"name_3mapjiENorVzh8SvFyXVPc\" style=\"box-sizing: inherit; padding: 1rem 0px 0.875rem; border-bottom: 0.125rem solid #cdcdcd; font-size: 2rem; color: #769e2d; line-height: 2rem;\" data-selenium=\"specsItemGroupName\"> <strong>Poder<\/strong> <\/div>\n<table class=\"table_o418fscimQZEg1oshu4aX\" style=\"box-sizing: inherit; width: 981px;\" data-selenium=\"specsItemGroupTable\">\n<tbody style=\"box-sizing: inherit;\">\n<tr class=\"pair_3u9fnESIQrtuEu6ye_zM4k\" style=\"box-sizing: inherit; border-bottom: 0.0625rem solid #e7e7e7;\" data-selenium=\"specsItemGroupTableRow\">\n<td class=\"label_3bLwbW8ibvYc5tUwpKVQsL \" style=\"box-sizing: inherit; width: 372px; padding: 1.25rem 0px; border-top: none; vertical-align: baseline; font-size: 1.125rem; color: #666666; line-height: 1.375rem;\" data-selenium=\"specsItemGroupTableColumnLabel\"> Fuente de alimentaci\u00f3n <\/td>\n<td class=\"value_11Av1yGkVYn9TX48mQeu9v \" style=\"box-sizing: inherit; vertical-align: baseline; font-size: 1.125rem; color: #666666; line-height: 1.375rem; padding: 1.25rem 0px 1.25rem 2.5rem;\" data-selenium=\"specsItemGroupTableColumnValue\"> Adaptador de CA, bater\u00eda externa <\/td>\n<\/tr>\n<tr class=\"pair_3u9fnESIQrtuEu6ye_zM4k\" style=\"box-sizing: inherit; border-bottom: 0.0625rem solid #e7e7e7;\" data-selenium=\"specsItemGroupTableRow\">\n<td class=\"label_3bLwbW8ibvYc5tUwpKVQsL\" style=\"box-sizing: inherit; width: 372px; padding: 1.25rem 0px; border-top: none; vertical-align: baseline; font-size: 1.125rem; color: #666666; line-height: 1.375rem;\" data-selenium=\"specsItemGroupTableColumnLabel\"> Consumo m\u00e1ximo de energ\u00eda <\/td>\n<td class=\"value_11Av1yGkVYn9TX48mQeu9v\" style=\"box-sizing: inherit; vertical-align: baseline; font-size: 1.125rem; color: #666666; line-height: 1.375rem; padding: 1.25rem 0px 1.25rem 2.5rem;\" data-selenium=\"specsItemGroupTableColumnValue\"> 60 W <\/td>\n<\/tr>\n<\/tbody>\n<\/table>\n<div class=\"name_3mapjiENorVzh8SvFyXVPc\" style=\"box-sizing: inherit; padding: 1rem 0px 0.875rem; border-bottom: 0.125rem solid #cdcdcd; font-size: 2rem; color: #769e2d; line-height: 2rem;\" data-selenium=\"specsItemGroupName\"> <strong>Cabo<\/strong> <\/div>\n<table class=\"table_o418fscimQZEg1oshu4aX\" style=\"box-sizing: inherit; width: 981px;\" data-selenium=\"specsItemGroupTable\">\n<tbody style=\"box-sizing: inherit;\">\n<tr class=\"pair_3u9fnESIQrtuEu6ye_zM4k\" style=\"box-sizing: inherit; border-bottom: 0.0625rem solid #e7e7e7;\" data-selenium=\"specsItemGroupTableRow\">\n<td class=\"label_3bLwbW8ibvYc5tUwpKVQsL \" style=\"box-sizing: inherit; width: 372px; padding: 1.25rem 0px; border-top: none; vertical-align: baseline; font-size: 1.125rem; color: #666666; line-height: 1.375rem;\" data-selenium=\"specsItemGroupTableColumnLabel\"> Tipo de cable <\/td>\n<td class=\"value_11Av1yGkVYn9TX48mQeu9v \" style=\"box-sizing: inherit; vertical-align: baseline; font-size: 1.125rem; color: #666666; line-height: 1.375rem; padding: 1.25rem 0px 1.25rem 2.5rem;\" data-selenium=\"specsItemGroupTableColumnValue\"> <em style=\"box-sizing: inherit;\">: Ninguno<\/em> <\/td>\n<\/tr>\n<\/tbody>\n<\/table>\n<div class=\"name_3mapjiENorVzh8SvFyXVPc\" style=\"box-sizing: inherit; padding: 1rem 0px 0.875rem; border-bottom: 0.125rem solid #cdcdcd; font-size: 2rem; color: #769e2d; line-height: 2rem;\" data-selenium=\"specsItemGroupName\"> <strong>F\u00edsico<\/strong> <\/div>\n<table class=\"table_o418fscimQZEg1oshu4aX\" style=\"box-sizing: inherit; width: 981px;\" data-selenium=\"specsItemGroupTable\">\n<tbody style=\"box-sizing: inherit;\">\n<tr class=\"pair_3u9fnESIQrtuEu6ye_zM4k\" style=\"box-sizing: inherit; border-bottom: 0.0625rem solid #e7e7e7;\" data-selenium=\"specsItemGroupTableRow\">\n<td class=\"label_3bLwbW8ibvYc5tUwpKVQsL \" style=\"box-sizing: inherit; width: 372px; padding: 1.25rem 0px; border-top: none; vertical-align: baseline; font-size: 1.125rem; color: #666666; line-height: 1.375rem;\" data-selenium=\"specsItemGroupTableColumnLabel\"> Temperatura de funcionamiento <\/td>\n<td class=\"value_11Av1yGkVYn9TX48mQeu9v \" style=\"box-sizing: inherit; vertical-align: baseline; font-size: 1.125rem; color: #666666; line-height: 1.375rem; padding: 1.25rem 0px 1.25rem 2.5rem;\" data-selenium=\"specsItemGroupTableColumnValue\"> -10 a 40 \u00b0C<\/td>\n<\/tr>\n<\/tbody>\n<\/table>\n","protected":false},"excerpt":{"rendered":"<p>GODOX Kit 3 Iluminadores de Focos LED S60 + Accesorios Caracter\u00edsticas principales Tres cabezales de luz S60 con puertas de<\/p>\n","protected":false},"featured_media":57216,"comment_status":"closed","ping_status":"open","template":"","meta":{"_acf_changed":false},"product_brand":[2555],"product_cat":[991],"product_tag":[],"class_list":{"0":"post-72059","1":"product","2":"type-product","3":"status-publish","4":"has-post-thumbnail","6":"product_brand-godox-es","7":"product_cat-luz-continua-es","9":"first","10":"onbackorder","11":"taxable","12":"shipping-taxable","13":"purchasable","14":"product-type-simple"},"bundled_by":[],"bundle_stock_status":"onbackorder","bundle_stock_quantity":0,"bundle_virtual":false,"bundle_layout":"","bundle_add_to_cart_form_location":"","bundle_editable_in_cart":false,"bundle_sold_individually_context":"","bundle_item_grouping":"","bundle_min_size":"","bundle_max_size":"","bundle_price":[],"bundled_items":[],"bundle_sell_ids":[],"acf":[],"_links":{"self":[{"href":"https:\/\/hi-techwonder.com\/es\/wp-json\/wp\/v2\/product\/72059","targetHints":{"allow":["GET"]}}],"collection":[{"href":"https:\/\/hi-techwonder.com\/es\/wp-json\/wp\/v2\/product"}],"about":[{"href":"https:\/\/hi-techwonder.com\/es\/wp-json\/wp\/v2\/types\/product"}],"replies":[{"embeddable":true,"href":"https:\/\/hi-techwonder.com\/es\/wp-json\/wp\/v2\/comments?post=72059"}],"wp:featuredmedia":[{"embeddable":true,"href":"https:\/\/hi-techwonder.com\/es\/wp-json\/wp\/v2\/media\/57216"}],"wp:attachment":[{"href":"https:\/\/hi-techwonder.com\/es\/wp-json\/wp\/v2\/media?parent=72059"}],"wp:term":[{"taxonomy":"product_brand","embeddable":true,"href":"https:\/\/hi-techwonder.com\/es\/wp-json\/wp\/v2\/product_brand?post=72059"},{"taxonomy":"product_cat","embeddable":true,"href":"https:\/\/hi-techwonder.com\/es\/wp-json\/wp\/v2\/product_cat?post=72059"},{"taxonomy":"product_tag","embeddable":true,"href":"https:\/\/hi-techwonder.com\/es\/wp-json\/wp\/v2\/product_tag?post=72059"}],"curies":[{"name":"wp","href":"https:\/\/api.w.org\/{rel}","templated":true}]}}