{"id":72060,"date":"2025-07-29T09:55:35","date_gmt":"2025-07-29T09:55:35","guid":{"rendered":"https:\/\/fv6qoy3ls0.wpdns.site\/produto\/kit-de-flash-de-estudio-godox-dual-sk400ii-v-accesorios\/"},"modified":"2026-03-26T17:44:05","modified_gmt":"2026-03-26T17:44:05","slug":"godox-kit-de-flash-de-estudio-godox-dual-sk400ii-v-accesorios","status":"publish","type":"product","link":"https:\/\/hi-techwonder.com\/es\/producto\/godox-kit-de-flash-de-estudio-godox-dual-sk400ii-v-accesorios\/","title":{"rendered":"Kit de flash de estudio GODOX Dual SK400II-V + Accesorios"},"content":{"rendered":"<h3>Godox SK400II-V Kit de Flash de Estudio Monolight con 2 Cabezales 400Ws y Accesorios<\/h3>\n<p><strong>Funciones<\/strong><br \/>\u2022 2 estrobosc\u00f3picos de 400 W con l\u00e1mpara de modelado LED de 10 W<br \/>\u2022 Softbox 60x90cm con Speed Ring<br \/>\u2022 2 paraguas de 100 cm (blanco\/negro y plateado\/negro)<br \/>\u2022 2 soportes de luz de 2 metros&nbsp;<br \/>\u2022 Sistema de control de energ\u00eda inal\u00e1mbrico con XT-16 (2,4 GHz)<br \/>\u2022 Estuche r\u00edgido con ruedas para facilitar el transporte<br \/>\u2022 Compatible con montura Bowens para una amplia variedad de modificadores de luz<br \/>\u2022 L\u00e1mpara de modelado LED ajustable para obtener una vista previa del efecto de iluminaci\u00f3n<br \/>\u2022 Reciclaje r\u00e1pido de 0,1 a 1,5 segundos y duraci\u00f3n del flash de hasta 1\/2000 segundos<br \/>\u2022 Control de potencia variable de 1\/16 a m\u00e1xima potencia<br \/>\u2022 Ideal para estudios peque\u00f1os y medianos, sesiones de video y sesiones de fotos<\/p>\n<p><strong>Contenido del paquete<\/strong><br \/>\u2022 2 flashes de estudio Godox SK400II-V Monolights (400 W)<br \/>\u2022 1x Caja de luz SB-BW (60x90cm)<br \/>\u2022 1x Paraguas blanco\/negro de 100 cm<br \/>\u2022 1x Paraguas plateado\/negro 100cm<br \/>\u2022 2 tr\u00edpodes ligeros de 2 m<br \/>\u2022 1x Disparador inal\u00e1mbrico XT-16<br \/>\u2022 1x Estuche de transporte r\u00edgido con ruedas<\/p>\n<p><strong>Descripci\u00f3n<\/strong><br \/>El kit Godox SK400II-V Studio Flash Monolight es una soluci\u00f3n port\u00e1til todo en uno para fot\u00f3grafos que buscan iluminaci\u00f3n de estudio de alta calidad. Equipado con dos flashes de 400 W, este kit ofrece un reciclaje r\u00e1pido de 0,1 a 1,5 segundos y una l\u00e1mpara de modelado LED de 10 W para obtener una vista previa de los efectos de luz. El disparador inal\u00e1mbrico XT-16 permite el control remoto de los modos de potencia e iluminaci\u00f3n hasta 100 metros de distancia, proporcionando flexibilidad y eficiencia durante las sesiones. El sistema de montaje Bowens ofrece compatibilidad con una amplia gama de modificadores de luz, incluidas cajas de luz y platos de belleza, mientras que el estuche r\u00edgido con ruedas facilita su transporte para sesiones al aire libre.   <\/p>\n<p><strong>Especificaciones t\u00e9cnicas<\/strong><br \/>\u2022 Potencia del flash: 400 Ws<br \/>\u2022 N\u00famero de gu\u00eda: 65 m (ISO 100)<br \/>\u2022 Tiempo de reciclaje: 0,1 a 1,5 segundos<br \/>\u2022 Temperatura de color: 5600K +\/- 200K<br \/>\u2022 L\u00e1mpara de modelado: LED de 10W<br \/>\u2022 Duraci\u00f3n del destello: 1\/2000 a 1\/800 s<br \/>\u2022 Control de potencia: Variable de 1\/16 a m\u00e1xima potencia<br \/>\u2022 Montaje frontal: Bowens S<br \/>\u2022 Conectividad inal\u00e1mbrica: 2,4 GHz, compatible con XT-16, X1, FT-16<br \/>\u2022 Potencia: 110-120 VAC<br \/>\u2022 Peso de cada unidad: 2 kg<br \/>\u2022 Dimensiones: 39 x 23,2 x 13,7 cm<\/p>\n","protected":false},"excerpt":{"rendered":"<p>Godox SK400II-V Kit de Flash de Estudio Monolight con 2 Cabezales 400Ws y Accesorios Funciones\u2022 2 estrobosc\u00f3picos de 400 W<\/p>\n","protected":false},"featured_media":56026,"comment_status":"closed","ping_status":"closed","template":"","meta":{"_acf_changed":false},"product_brand":[2555],"product_cat":[989],"product_tag":[],"class_list":{"0":"post-72060","1":"product","2":"type-product","3":"status-publish","4":"has-post-thumbnail","6":"product_brand-godox-es","7":"product_cat-kits-es","9":"first","10":"pre-order","11":"taxable","12":"shipping-taxable","13":"purchasable","14":"product-type-simple"},"bundled_by":[],"bundle_stock_status":"pre-order","bundle_stock_quantity":null,"bundle_virtual":false,"bundle_layout":"","bundle_add_to_cart_form_location":"","bundle_editable_in_cart":false,"bundle_sold_individually_context":"","bundle_item_grouping":"","bundle_min_size":"","bundle_max_size":"","bundle_price":[],"bundled_items":[],"bundle_sell_ids":[],"acf":[],"_links":{"self":[{"href":"https:\/\/hi-techwonder.com\/es\/wp-json\/wp\/v2\/product\/72060","targetHints":{"allow":["GET"]}}],"collection":[{"href":"https:\/\/hi-techwonder.com\/es\/wp-json\/wp\/v2\/product"}],"about":[{"href":"https:\/\/hi-techwonder.com\/es\/wp-json\/wp\/v2\/types\/product"}],"replies":[{"embeddable":true,"href":"https:\/\/hi-techwonder.com\/es\/wp-json\/wp\/v2\/comments?post=72060"}],"wp:featuredmedia":[{"embeddable":true,"href":"https:\/\/hi-techwonder.com\/es\/wp-json\/wp\/v2\/media\/56026"}],"wp:attachment":[{"href":"https:\/\/hi-techwonder.com\/es\/wp-json\/wp\/v2\/media?parent=72060"}],"wp:term":[{"taxonomy":"product_brand","embeddable":true,"href":"https:\/\/hi-techwonder.com\/es\/wp-json\/wp\/v2\/product_brand?post=72060"},{"taxonomy":"product_cat","embeddable":true,"href":"https:\/\/hi-techwonder.com\/es\/wp-json\/wp\/v2\/product_cat?post=72060"},{"taxonomy":"product_tag","embeddable":true,"href":"https:\/\/hi-techwonder.com\/es\/wp-json\/wp\/v2\/product_tag?post=72060"}],"curies":[{"name":"wp","href":"https:\/\/api.w.org\/{rel}","templated":true}]}}