{"id":72064,"date":"2025-07-29T09:55:26","date_gmt":"2025-07-29T09:55:26","guid":{"rendered":"https:\/\/fv6qoy3ls0.wpdns.site\/produto\/kit-de-flash-de-estudio-dual-godox-ms200-v-200w\/"},"modified":"2026-01-31T01:56:20","modified_gmt":"2026-01-31T01:56:20","slug":"godox-kit-de-flash-de-estudio-dual-godox-ms200-v-200w","status":"publish","type":"product","link":"https:\/\/hi-techwonder.com\/es\/producto\/godox-kit-de-flash-de-estudio-dual-godox-ms200-v-200w\/","title":{"rendered":"Kit de flash de estudio dual GODOX MS200-V 200W"},"content":{"rendered":"<p><strong> Kit de <\/strong><strong>flash de estudio dual GODOX MS200-V 200W<\/strong><\/p>\n<p><strong>Contenido del paquete:<\/strong><\/p>\n<ul>\n<li>2x Godox Flash MS200-V<\/li>\n<li>2x Tapas protectoras&nbsp;<\/li>\n<li>2x Caja de luz 60x90cm<\/li>\n<li>2x L\u00e1mparas de destello<\/li>\n<li>2x L\u00e1mparas de peinado<\/li>\n<li>1x Control remoto Godox XT-16<\/li>\n<li>2x Cables de alimentaci\u00f3n<\/li>\n<li>2x Tr\u00edpodes<\/li>\n<li>1x Bolsa de transporte CB-05<\/li>\n<\/ul>\n<p>El kit Godox MS200-V es un conjunto completo de flashes de estudio que consta de 2 cabezales de flash Godox MS200-V, un control remoto Godox XT-16, 2 portal\u00e1mparas, 2 cajas de luz y un estuche de transporte Godox CB-05.  Los cabezales de flash tienen un n\u00famero gu\u00eda de 58 y est\u00e1n equipados con el sistema inal\u00e1mbrico Godox 2.4 GHz X.&nbsp;<\/p>\n<p>El MS200-V es un flash s\u00f3lido con luz diurna de 5600K y funciones f\u00e1ciles de usar a un precio asequible. El cabezal del flash tiene un tiempo de carga de 0,1 a 1,8 segundos, con una duraci\u00f3n del flash de solo 1\/2000 segundos. &nbsp;  La potencia es variable desde 1\/32 hasta la potencia m\u00e1xima, ajustable en 50 pasos. Se puede acceder a la configuraci\u00f3n a trav\u00e9s de botones en el panel posterior y se muestran en la pantalla LCD de f\u00e1cil lectura. &nbsp;  Las opciones de disparo se realizan a trav\u00e9s de un cable de sincronizaci\u00f3n, un bot\u00f3n de prueba y una funci\u00f3n esclava.<\/p>\n<p>El Godox MS200-V tiene un sistema de radio de 32 canales incorporado con 16 grupos, lo que permite controlar de forma inal\u00e1mbrica con transmisores XT16, X2, X1 o X Pro.&nbsp;  El cabezal tambi\u00e9n tiene una funci\u00f3n anti-flash que facilita el trabajo con c\u00e1maras de apuntar y disparar y otras c\u00e1maras que usan flash previo.<\/p>\n<p>Gracias al accesorio accesorio Bowens, el Godox MS200-V es adecuado para accesorios de Godox y para accesorios de muchos otros fabricantes que utilizan este sistema.<\/p>\n<p><strong>Especificaciones del flash Godox MS200-V Studio Monolight:<\/strong><\/p>\n<div style=\"background-color: #ffffff\">\n<div class=\"group_fDXOr6EpR9\" style=\"font-family: OpenSans, 'Segoe UI', Helvetica, Roboto, Arial, sans-serif;font-size: 16px;margin-bottom: 2.1875rem\">\n<div class=\"name_fDXOr6EpR9 firstGroupInItem_fDXOr6EpR9\" style=\"border-bottom: 0.125rem solid #cdcdcd;color: #769e2d;font-size: 2rem;line-height: 2rem;padding: 0px 0px 0.875rem\" data-selenium=\"specsItemGroupName\"><strong><span style=\"vertical-align: inherit\">Cabezal de flash<\/strong><\/span><\/div>\n<table class=\"table_fDXOr6EpR9\" style=\"width: 982.5px\" data-selenium=\"specsItemGroupTable\">\n<tbody>\n<tr class=\"pair_fDXOr6EpR9\" style=\"border-bottom: 0.0625rem solid #e7e7e7\" data-selenium=\"specsItemGroupTableRow\">\n<td class=\"label_fDXOr6EpR9 \" style=\"border-top: none;padding: 1.25rem 0px;width: 373.344px;color: #666666;font-size: 1.125rem;line-height: 1.375rem;vertical-align: baseline\" data-selenium=\"specsItemGroupTableColumnLabel\"><span style=\"vertical-align: inherit\">M\u00e1xima<\/span><\/td>\n<p> resistencia<\/p>\n<td class=\"value_fDXOr6EpR9 \" style=\"color: #666666;font-size: 1.125rem;line-height: 1.375rem;vertical-align: baseline;padding: 1.25rem 0px 1.25rem 2.5rem\" data-selenium=\"specsItemGroupTableColumnValue\">200 Ws<\/td>\n<\/tr>\n<tr class=\"pair_fDXOr6EpR9\" style=\"border-bottom: 0.0625rem solid #e7e7e7\" data-selenium=\"specsItemGroupTableRow\">\nN\u00famero <\/p>\n<td class=\"label_fDXOr6EpR9\" style=\"border-top: none;padding: 1.25rem 0px;width: 373.344px;color: #666666;font-size: 1.125rem;line-height: 1.375rem;vertical-align: baseline\" data-selenium=\"specsItemGroupTableColumnLabel\"><span style=\"vertical-align: inherit\">de gu\u00eda<\/span><\/td>\n<td class=\"value_fDXOr6EpR9\" style=\"color: #666666;font-size: 1.125rem;line-height: 1.375rem;vertical-align: baseline;padding: 1.25rem 0px 1.25rem 2.5rem\" data-selenium=\"specsItemGroupTableColumnValue\">53 m, ISO 100<\/td>\n<\/tr>\n<tr class=\"pair_fDXOr6EpR9\" style=\"border-bottom: 0.0625rem solid #e7e7e7\" data-selenium=\"specsItemGroupTableRow\">\nDuraci\u00f3n <\/p>\n<td class=\"label_fDXOr6EpR9\" style=\"border-top: none;padding: 1.25rem 0px;width: 373.344px;color: #666666;font-size: 1.125rem;line-height: 1.375rem;vertical-align: baseline\" data-selenium=\"specsItemGroupTableColumnLabel\"><span style=\"vertical-align: inherit\">del flash<\/span><\/td>\n<td class=\"value_fDXOr6EpR9\" style=\"color: #666666;font-size: 1.125rem;line-height: 1.375rem;vertical-align: baseline;padding: 1.25rem 0px 1.25rem 2.5rem\" data-selenium=\"specsItemGroupTableColumnValue\">De 1\/2000 a 1\/800 s<\/td>\n<\/tr>\n<tr class=\"pair_fDXOr6EpR9\" style=\"border-bottom: 0.0625rem solid #e7e7e7\" data-selenium=\"specsItemGroupTableRow\">\n<td class=\"label_fDXOr6EpR9\" style=\"border-top: none;padding: 1.25rem 0px;width: 373.344px;color: #666666;font-size: 1.125rem;line-height: 1.375rem;vertical-align: baseline\" data-selenium=\"specsItemGroupTableColumnLabel\"><span style=\"vertical-align: inherit\">Tiempo de<\/span><\/td>\n<p> reciclaje<\/p>\n<td class=\"value_fDXOr6EpR9\" style=\"color: #666666;font-size: 1.125rem;line-height: 1.375rem;vertical-align: baseline;padding: 1.25rem 0px 1.25rem 2.5rem\" data-selenium=\"specsItemGroupTableColumnValue\">De 0,1 a 1,8 segundos<\/td>\n<\/tr>\n<tr class=\"pair_fDXOr6EpR9\" style=\"border-bottom: 0.0625rem solid #e7e7e7\" data-selenium=\"specsItemGroupTableRow\">\n<td class=\"label_fDXOr6EpR9\" style=\"border-top: none;padding: 1.25rem 0px;width: 373.344px;color: #666666;font-size: 1.125rem;line-height: 1.375rem;vertical-align: baseline\" data-selenium=\"specsItemGroupTableColumnLabel\"><span style=\"vertical-align: inherit\">Temperatura de<\/span><\/td>\n<p> color<\/p>\n<td class=\"value_fDXOr6EpR9\" style=\"color: #666666;font-size: 1.125rem;line-height: 1.375rem;vertical-align: baseline;padding: 1.25rem 0px 1.25rem 2.5rem\" data-selenium=\"specsItemGroupTableColumnValue\">5800K +\/- 200K<\/td>\n<\/tr>\n<\/tbody>\n<\/table>\n<\/div>\n<div class=\"group_fDXOr6EpR9\" style=\"font-family: OpenSans, 'Segoe UI', Helvetica, Roboto, Arial, sans-serif;font-size: 16px;margin-bottom: 2.1875rem\">\n<div class=\"name_fDXOr6EpR9\" style=\"border-bottom: 0.125rem solid #cdcdcd;color: #769e2d;font-size: 2rem;line-height: 2rem;padding: 1rem 0px 0.875rem\" data-selenium=\"specsItemGroupName\"><strong><span style=\"vertical-align: inherit\">Luz de modelado<\/strong><\/span><\/div>\n<table class=\"table_fDXOr6EpR9\" style=\"width: 982.5px\" data-selenium=\"specsItemGroupTable\">\n<tbody>\n<tr class=\"pair_fDXOr6EpR9\" style=\"border-bottom: 0.0625rem solid #e7e7e7\" data-selenium=\"specsItemGroupTableRow\">\n<td class=\"label_fDXOr6EpR9 \" style=\"border-top: none;padding: 1.25rem 0px;width: 373.344px;color: #666666;font-size: 1.125rem;line-height: 1.375rem;vertical-align: baseline\" data-selenium=\"specsItemGroupTableColumnLabel\"><span style=\"vertical-align: inherit\">Amable<\/span><\/td>\n<td class=\"value_fDXOr6EpR9 \" style=\"color: #666666;font-size: 1.125rem;line-height: 1.375rem;vertical-align: baseline;padding: 1.25rem 0px 1.25rem 2.5rem\" data-selenium=\"specsItemGroupTableColumnValue\">LED<\/td>\n<\/tr>\n<tr class=\"pair_fDXOr6EpR9\" style=\"border-bottom: 0.0625rem solid #e7e7e7\" data-selenium=\"specsItemGroupTableRow\">\n<td class=\"label_fDXOr6EpR9\" style=\"border-top: none;padding: 1.25rem 0px;width: 373.344px;color: #666666;font-size: 1.125rem;line-height: 1.375rem;vertical-align: baseline\" data-selenium=\"specsItemGroupTableColumnLabel\"><span style=\"vertical-align: inherit\">Poder<\/span><\/td>\n<td class=\"value_fDXOr6EpR9\" style=\"color: #666666;font-size: 1.125rem;line-height: 1.375rem;vertical-align: baseline;padding: 1.25rem 0px 1.25rem 2.5rem\" data-selenium=\"specsItemGroupTableColumnValue\">10W<\/td>\n<\/tr>\n<\/tbody>\n<\/table>\n<\/div>\n<div class=\"group_fDXOr6EpR9\" style=\"font-family: OpenSans, 'Segoe UI', Helvetica, Roboto, Arial, sans-serif;font-size: 16px;margin-bottom: 2.1875rem\">\n<div class=\"name_fDXOr6EpR9\" style=\"border-bottom: 0.125rem solid #cdcdcd;color: #769e2d;font-size: 2rem;line-height: 2rem;padding: 1rem 0px 0.875rem\" data-selenium=\"specsItemGroupName\"><strong><span style=\"vertical-align: inherit\">Sincronizar<\/strong><\/span><\/div>\n<table class=\"table_fDXOr6EpR9\" style=\"width: 982.5px\" data-selenium=\"specsItemGroupTable\">\n<tbody>\n<tr class=\"pair_fDXOr6EpR9\" style=\"border-bottom: 0.0625rem solid #e7e7e7\" data-selenium=\"specsItemGroupTableRow\">\n<td class=\"label_fDXOr6EpR9 \" style=\"border-top: none;padding: 1.25rem 0px;width: 373.344px;color: #666666;font-size: 1.125rem;line-height: 1.375rem;vertical-align: baseline\" data-selenium=\"specsItemGroupTableColumnLabel\"><span style=\"vertical-align: inherit\">Tipo de sincronizaci\u00f3n<\/span><\/td>\n<td class=\"value_fDXOr6EpR9 \" style=\"color: #666666;font-size: 1.125rem;line-height: 1.375rem;vertical-align: baseline;padding: 1.25rem 0px 1.25rem 2.5rem\" data-selenium=\"specsItemGroupTableColumnValue\">Bot\u00f3n, Cable, \u00d3ptico, Radio<\/td>\n<\/tr>\n<tr class=\"pair_fDXOr6EpR9\" style=\"border-bottom: 0.0625rem solid #e7e7e7\" data-selenium=\"specsItemGroupTableRow\">\n<td class=\"label_fDXOr6EpR9\" style=\"border-top: none;padding: 1.25rem 0px;width: 373.344px;color: #666666;font-size: 1.125rem;line-height: 1.375rem;vertical-align: baseline\" data-selenium=\"specsItemGroupTableColumnLabel\"><span style=\"vertical-align: inherit\">Receptor inal\u00e1mbrico incorporado<\/span><\/td>\n<td class=\"value_fDXOr6EpR9\" style=\"color: #666666;font-size: 1.125rem;line-height: 1.375rem;vertical-align: baseline;padding: 1.25rem 0px 1.25rem 2.5rem\" data-selenium=\"specsItemGroupTableColumnValue\">S\u00ed<\/td>\n<\/tr>\n<\/tbody>\n<\/table>\n<\/div>\n<div class=\"group_fDXOr6EpR9\" style=\"font-family: OpenSans, 'Segoe UI', Helvetica, Roboto, Arial, sans-serif;font-size: 16px;margin-bottom: 2.1875rem\">\n<div class=\"name_fDXOr6EpR9\" style=\"border-bottom: 0.125rem solid #cdcdcd;color: #769e2d;font-size: 2rem;line-height: 2rem;padding: 1rem 0px 0.875rem\" data-selenium=\"specsItemGroupName\"><strong><span style=\"font-size: 12pt\"><span style=\"vertical-align: inherit\">Poder<\/span><\/strong><\/span><\/div>\n<table class=\"table_fDXOr6EpR9\" style=\"width: 982.5px\" data-selenium=\"specsItemGroupTable\">\n<tbody>\n<tr class=\"pair_fDXOr6EpR9\" style=\"border-bottom: 0.0625rem solid #e7e7e7\" data-selenium=\"specsItemGroupTableRow\">\n<p> Alimentaci\u00f3n de entrada <\/p>\n<td class=\"label_fDXOr6EpR9 \" style=\"border-top: none;padding: 1.25rem 0px;width: 373.344px;color: #666666;font-size: 1.125rem;line-height: 1.375rem;vertical-align: baseline\" data-selenium=\"specsItemGroupTableColumnLabel\"><span style=\"vertical-align: inherit\">de CA<\/span><\/td>\n<td class=\"value_fDXOr6EpR9 \" style=\"color: #666666;font-size: 1.125rem;line-height: 1.375rem;vertical-align: baseline;padding: 1.25rem 0px 1.25rem 2.5rem\" data-selenium=\"specsItemGroupTableColumnValue\">De 110 a 120 VCA, 60 Hz<\/td>\n<\/tr>\n<tr class=\"pair_fDXOr6EpR9\" style=\"border-bottom: 0.0625rem solid #e7e7e7\" data-selenium=\"specsItemGroupTableRow\">\n<td class=\"label_fDXOr6EpR9\" style=\"border-top: none;padding: 1.25rem 0px;width: 373.344px;color: #666666;font-size: 1.125rem;line-height: 1.375rem;vertical-align: baseline\" data-selenium=\"specsItemGroupTableColumnLabel\"><span style=\"vertical-align: inherit\">Protecci\u00f3n de circuitos<\/span><\/td>\n<td class=\"value_fDXOr6EpR9\" style=\"color: #666666;font-size: 1.125rem;line-height: 1.375rem;vertical-align: baseline;padding: 1.25rem 0px 1.25rem 2.5rem\" data-selenium=\"specsItemGroupTableColumnValue\">Fusible<\/td>\n<\/tr>\n<\/tbody>\n<\/table>\n<\/div>\n<div class=\"group_fDXOr6EpR9\" style=\"font-family: OpenSans, 'Segoe UI', Helvetica, Roboto, Arial, sans-serif;font-size: 16px;margin-bottom: 2.1875rem\">\n<div class=\"name_fDXOr6EpR9\" style=\"border-bottom: 0.125rem solid #cdcdcd;color: #769e2d;font-size: 2rem;line-height: 2rem;padding: 1rem 0px 0.875rem\" data-selenium=\"specsItemGroupName\"><strong><span style=\"vertical-align: inherit\">General<\/strong><\/span><\/div>\n<table class=\"table_fDXOr6EpR9\" style=\"width: 982.5px\" data-selenium=\"specsItemGroupTable\">\n<tbody>\n<tr class=\"pair_fDXOr6EpR9\" style=\"border-bottom: 0.0625rem solid #e7e7e7\" data-selenium=\"specsItemGroupTableRow\">\n<td class=\"label_fDXOr6EpR9 \" style=\"border-top: none;padding: 1.25rem 0px;width: 373.344px;color: #666666;font-size: 1.125rem;line-height: 1.375rem;vertical-align: baseline\" data-selenium=\"specsItemGroupTableColumnLabel\"><span style=\"vertical-align: inherit\">Pantalla<\/span><\/td>\n<td class=\"value_fDXOr6EpR9 \" style=\"color: #666666;font-size: 1.125rem;line-height: 1.375rem;vertical-align: baseline;padding: 1.25rem 0px 1.25rem 2.5rem\" data-selenium=\"specsItemGroupTableColumnValue\">LCD<\/td>\n<\/tr>\n<tr class=\"pair_fDXOr6EpR9\" style=\"border-bottom: 0.0625rem solid #e7e7e7\" data-selenium=\"specsItemGroupTableRow\">\n<td class=\"label_fDXOr6EpR9\" style=\"border-top: none;padding: 1.25rem 0px;width: 373.344px;color: #666666;font-size: 1.125rem;line-height: 1.375rem;vertical-align: baseline\" data-selenium=\"specsItemGroupTableColumnLabel\"><span style=\"vertical-align: inherit\">Dimensiones<\/span><\/td>\n<td class=\"value_fDXOr6EpR9\" style=\"color: #666666;font-size: 1.125rem;line-height: 1.375rem;vertical-align: baseline;padding: 1.25rem 0px 1.25rem 2.5rem\" data-selenium=\"specsItemGroupTableColumnValue\">\u00f8: 12,6 x alto: 16,7 x ancho: 28,3 cm, incluida la tapa, el asa<\/td>\n<\/tr>\n<tr class=\"pair_fDXOr6EpR9\" style=\"border-bottom: 0.0625rem solid #e7e7e7\" data-selenium=\"specsItemGroupTableRow\">\n<td class=\"label_fDXOr6EpR9\" style=\"border-top: none;padding: 1.25rem 0px;width: 373.344px;color: #666666;font-size: 1.125rem;line-height: 1.375rem;vertical-align: baseline\" data-selenium=\"specsItemGroupTableColumnLabel\"><span style=\"vertical-align: inherit\">Peso<\/span><\/td>\n<td class=\"value_fDXOr6EpR9\" style=\"color: #666666;font-size: 1.125rem;line-height: 1.375rem;vertical-align: baseline;padding: 1.25rem 0px 1.25rem 2.5rem\" data-selenium=\"specsItemGroupTableColumnValue\">1,3 kg<\/td>\n<\/tr>\n<\/tbody>\n<\/table>\n<\/div>\n<div class=\"group_fDXOr6EpR9\" style=\"font-family: OpenSans, 'Segoe UI', Helvetica, Roboto, Arial, sans-serif;font-size: 16px;margin-bottom: 2.1875rem\">\n<div class=\"name_fDXOr6EpR9\" style=\"border-bottom: 0.125rem solid #cdcdcd;color: #769e2d;font-size: 2rem;line-height: 2rem;padding: 1rem 0px 0.875rem\" data-selenium=\"specsItemGroupName\">&nbsp;<\/div>\n<table class=\"table_fDXOr6EpR9\" style=\"width: 982.5px\" data-selenium=\"specsItemGroupTable\">\n<tbody>\n<tr class=\"pair_fDXOr6EpR9\" style=\"border-bottom: 0.0625rem solid #e7e7e7\" data-selenium=\"specsItemGroupTableRow\">\n<td class=\"label_fDXOr6EpR9 \" style=\"border-top: none;padding: 1.25rem 0px;width: 373.344px;color: #666666;font-size: 1.125rem;line-height: 1.375rem;vertical-align: baseline\" data-selenium=\"specsItemGroupTableColumnLabel\"><span style=\"vertical-align: inherit\">Peso del paquete<\/span><\/td>\n<td class=\"value_fDXOr6EpR9 \" style=\"color: #666666;font-size: 1.125rem;line-height: 1.375rem;vertical-align: baseline;padding: 1.25rem 0px 1.25rem 2.5rem\" data-selenium=\"specsItemGroupTableColumnValue\">5.315 litros<\/td>\n<\/tr>\n<tr class=\"pair_fDXOr6EpR9\" style=\"border-bottom: 0.0625rem solid #e7e7e7\" data-selenium=\"specsItemGroupTableRow\">\n<td class=\"label_fDXOr6EpR9\" style=\"border-top: none;padding: 1.25rem 0px;width: 373.344px;color: #666666;font-size: 1.125rem;line-height: 1.375rem;vertical-align: baseline\" data-selenium=\"specsItemGroupTableColumnLabel\"><span style=\"vertical-align: inherit\">Dimensiones de la caja (LxWxH)<\/span><\/td>\n<td class=\"value_fDXOr6EpR9\" style=\"color: #666666;font-size: 1.125rem;line-height: 1.375rem;vertical-align: baseline;padding: 1.25rem 0px 1.25rem 2.5rem\" data-selenium=\"specsItemGroupTableColumnValue\">13.1 x 8.9 x 7.3&#8243;<\/td>\n<\/tr>\n<\/tbody>\n<\/table>\n<\/div>\n<div class=\"group_fDXOr6EpR9\" style=\"margin-bottom: 2.1875rem\">&nbsp;<\/div>\n<div class=\"group_fDXOr6EpR9\" style=\"margin-bottom: 2.1875rem\"><strong><span style=\"vertical-align: inherit\"><span style=\"font-family: -apple-system, BlinkMacSystemFont, 'Segoe UI', Roboto, Oxygen, Ubuntu, Cantarell, 'Open Sans', 'Helvetica Neue', sans-serif;text-transform: none\">Especificaciones Godox XT-16 Control de potencia inal\u00e1mbrico Flash Trigger 2.4G (Transmisor y receptor):<\/span><\/strong><\/span><\/div>\n<\/div>\n<div style=\"font-family: OpenSans, 'Segoe UI', Helvetica, Roboto, Arial, sans-serif;font-size: 16px;background-color: #ffffff\">\n<div class=\"group_fDXOr6EpR9\" style=\"margin-bottom: 2.1875rem\">\n<div class=\"name_fDXOr6EpR9 firstGroupInItem_fDXOr6EpR9\" style=\"border-bottom: 0.125rem solid #cdcdcd;color: #769e2d;font-size: 2rem;line-height: 2rem;padding: 0px 0px 0.875rem\" data-selenium=\"specsItemGroupName\"><strong><span style=\"font-size: 12pt\"><span style=\"vertical-align: inherit\">Conexi\u00f3n Wi-Fi<\/span><\/strong><\/span><\/div>\n<table class=\"table_fDXOr6EpR9\" style=\"width: 982.5px\" data-selenium=\"specsItemGroupTable\">\n<tbody>\n<tr class=\"pair_fDXOr6EpR9\" style=\"border-bottom: 0.0625rem solid #e7e7e7\" data-selenium=\"specsItemGroupTableRow\">\n<td class=\"label_fDXOr6EpR9 \" style=\"border-top: none;padding: 1.25rem 0px;width: 373.344px;color: #666666;font-size: 1.125rem;line-height: 1.375rem;vertical-align: baseline\" data-selenium=\"specsItemGroupTableColumnLabel\"><span style=\"vertical-align: inherit\">Canales<\/span><\/td>\n<td class=\"value_fDXOr6EpR9 \" style=\"color: #666666;font-size: 1.125rem;line-height: 1.375rem;vertical-align: baseline;padding: 1.25rem 0px 1.25rem 2.5rem\" data-selenium=\"specsItemGroupTableColumnValue\">16<\/td>\n<\/tr>\n<tr class=\"pair_fDXOr6EpR9\" style=\"border-bottom: 0.0625rem solid #e7e7e7\" data-selenium=\"specsItemGroupTableRow\">\n<td class=\"label_fDXOr6EpR9\" style=\"border-top: none;padding: 1.25rem 0px;width: 373.344px;color: #666666;font-size: 1.125rem;line-height: 1.375rem;vertical-align: baseline\" data-selenium=\"specsItemGroupTableColumnLabel\"><span style=\"vertical-align: inherit\">Alcance<\/span><\/td>\n<p> inal\u00e1mbrico<\/p>\n<td class=\"value_fDXOr6EpR9\" style=\"color: #666666;font-size: 1.125rem;line-height: 1.375rem;vertical-align: baseline;padding: 1.25rem 0px 1.25rem 2.5rem\" data-selenium=\"specsItemGroupTableColumnValue\">328&#8217;\/100m<\/td>\n<\/tr>\n<tr class=\"pair_fDXOr6EpR9\" style=\"border-bottom: 0.0625rem solid #e7e7e7\" data-selenium=\"specsItemGroupTableRow\">\n<td class=\"label_fDXOr6EpR9\" style=\"border-top: none;padding: 1.25rem 0px;width: 373.344px;color: #666666;font-size: 1.125rem;line-height: 1.375rem;vertical-align: baseline\" data-selenium=\"specsItemGroupTableColumnLabel\"><span style=\"vertical-align: inherit\">Radiofrecuencia<\/span><\/td>\n<td class=\"value_fDXOr6EpR9\" style=\"color: #666666;font-size: 1.125rem;line-height: 1.375rem;vertical-align: baseline;padding: 1.25rem 0px 1.25rem 2.5rem\" data-selenium=\"specsItemGroupTableColumnValue\">2,4 GHz<\/td>\n<\/tr>\n<\/tbody>\n<\/table>\n<\/div>\n<div class=\"group_fDXOr6EpR9\" style=\"margin-bottom: 2.1875rem\">\n<div class=\"name_fDXOr6EpR9\" style=\"border-bottom: 0.125rem solid #cdcdcd;color: #769e2d;font-size: 2rem;line-height: 2rem;padding: 1rem 0px 0.875rem\" data-selenium=\"specsItemGroupName\"><strong><span style=\"color: #4b4b4b\"><span style=\"vertical-align: inherit\">Generalmente<\/span><\/strong><\/span><\/div>\n<table class=\"table_fDXOr6EpR9\" style=\"width: 982.5px\" data-selenium=\"specsItemGroupTable\">\n<tbody>\n<tr class=\"pair_fDXOr6EpR9\" style=\"border-bottom: 0.0625rem solid #e7e7e7\" data-selenium=\"specsItemGroupTableRow\">\n<td class=\"label_fDXOr6EpR9 \" style=\"border-top: none;padding: 1.25rem 0px;width: 373.344px;color: #666666;font-size: 1.125rem;line-height: 1.375rem;vertical-align: baseline\" data-selenium=\"specsItemGroupTableColumnLabel\"><span style=\"vertical-align: inherit\">Velocidad de sincronizaci\u00f3n<\/span><\/td>\n<td class=\"value_fDXOr6EpR9 \" style=\"color: #666666;font-size: 1.125rem;line-height: 1.375rem;vertical-align: baseline;padding: 1.25rem 0px 1.25rem 2.5rem\" data-selenium=\"specsItemGroupTableColumnValue\">1\/250 segundos<\/td>\n<\/tr>\n<\/tbody>\n<\/table>\n<\/div>\n<div class=\"group_fDXOr6EpR9\" style=\"margin-bottom: 2.1875rem\">\n<div class=\"name_fDXOr6EpR9\" style=\"border-bottom: 0.125rem solid #cdcdcd;color: #769e2d;font-size: 2rem;line-height: 2rem;padding: 1rem 0px 0.875rem\" data-selenium=\"specsItemGroupName\">&nbsp;<\/div>\n<\/div>\n<div class=\"group_fDXOr6EpR9\" style=\"margin-bottom: 2.1875rem\">\n<div class=\"name_fDXOr6EpR9\" style=\"border-bottom: 0.125rem solid #cdcdcd;color: #769e2d;font-size: 2rem;line-height: 2rem;padding: 1rem 0px 0.875rem\" data-selenium=\"specsItemGroupName\"><strong><span style=\"color: #4b4b4b\"><span style=\"vertical-align: inherit\">El\u00e9ctrico<\/span><\/strong><\/span><\/div>\n<table class=\"table_fDXOr6EpR9\" style=\"width: 982.5px\" data-selenium=\"specsItemGroupTable\">\n<tbody>\n<tr class=\"pair_fDXOr6EpR9\" style=\"border-bottom: 0.0625rem solid #e7e7e7\" data-selenium=\"specsItemGroupTableRow\">\n<td class=\"label_fDXOr6EpR9 \" style=\"border-top: none;padding: 1.25rem 0px;width: 373.344px;color: #666666;font-size: 1.125rem;line-height: 1.375rem;vertical-align: baseline\" data-selenium=\"specsItemGroupTableColumnLabel\"><span style=\"vertical-align: inherit\">Tipo<\/span><\/td>\n<p> de bater\u00eda<\/p>\n<td class=\"value_fDXOr6EpR9 \" style=\"color: #666666;font-size: 1.125rem;line-height: 1.375rem;vertical-align: baseline;padding: 1.25rem 0px 1.25rem 2.5rem\" data-selenium=\"specsItemGroupTableColumnValue\"><span style=\"font-weight: bolder\"><span style=\"vertical-align: inherit\"><span style=\"vertical-align: inherit\">2 x<\/span><\/span><span style=\"vertical-align: inherit\"> AA<\/span><\/span><\/td>\n<\/tr>\n<\/tbody>\n<\/table>\n<\/div>\n<div class=\"group_fDXOr6EpR9\" style=\"margin-bottom: 2.1875rem\">\n<div class=\"name_fDXOr6EpR9\" style=\"border-bottom: 0.125rem solid #cdcdcd;color: #769e2d;font-size: 2rem;line-height: 2rem;padding: 1rem 0px 0.875rem\" data-selenium=\"specsItemGroupName\"><strong><span style=\"color: #4b4b4b\"><span style=\"vertical-align: inherit\">F\u00edsico<\/span><\/strong><\/span><\/div>\n<table class=\"table_fDXOr6EpR9\" style=\"width: 982.5px\" data-selenium=\"specsItemGroupTable\">\n<tbody>\n<tr class=\"pair_fDXOr6EpR9\" style=\"border-bottom: 0.0625rem solid #e7e7e7\" data-selenium=\"specsItemGroupTableRow\">\n<td class=\"label_fDXOr6EpR9 \" style=\"border-top: none;padding: 1.25rem 0px;width: 373.344px;color: #666666;font-size: 1.125rem;line-height: 1.375rem;vertical-align: baseline\" data-selenium=\"specsItemGroupTableColumnLabel\"><span style=\"vertical-align: inherit\">Dimensiones<\/span><\/td>\n<td class=\"value_fDXOr6EpR9 \" style=\"color: #666666;font-size: 1.125rem;line-height: 1.375rem;vertical-align: baseline;padding: 1.25rem 0px 1.25rem 2.5rem\" data-selenium=\"specsItemGroupTableColumnValue\">Transmisor: 97,6 x 49,9 x 37 mm<\/td>\n<\/tr>\n<tr class=\"pair_fDXOr6EpR9\" style=\"border-bottom: 0.0625rem solid #e7e7e7\" data-selenium=\"specsItemGroupTableRow\">\n<td class=\"label_fDXOr6EpR9\" style=\"border-top: none;padding: 1.25rem 0px;width: 373.344px;color: #666666;font-size: 1.125rem;line-height: 1.375rem;vertical-align: baseline\" data-selenium=\"specsItemGroupTableColumnLabel\"><span style=\"vertical-align: inherit\">Peso<\/span><\/td>\n<td class=\"value_fDXOr6EpR9\" style=\"color: #666666;font-size: 1.125rem;line-height: 1.375rem;vertical-align: baseline;padding: 1.25rem 0px 1.25rem 2.5rem\" data-selenium=\"specsItemGroupTableColumnValue\">60 gramos<\/td>\n<\/tr>\n<\/tbody>\n<\/table>\n<\/div>\n<\/div>\n","protected":false},"excerpt":{"rendered":"<p>Kit de flash de estudio dual GODOX MS200-V 200W Contenido del paquete: 2x Godox Flash MS200-V 2x Tapas protectoras&nbsp; 2x<\/p>\n","protected":false},"featured_media":55962,"comment_status":"closed","ping_status":"open","template":"","meta":{"_acf_changed":false},"product_brand":[2555],"product_cat":[989],"product_tag":[],"class_list":{"0":"post-72064","1":"product","2":"type-product","3":"status-publish","4":"has-post-thumbnail","6":"product_brand-godox-es","7":"product_cat-kits-es","9":"first","10":"pre-order","11":"taxable","12":"shipping-taxable","13":"purchasable","14":"product-type-simple"},"bundled_by":[],"bundle_stock_status":"pre-order","bundle_stock_quantity":null,"bundle_virtual":false,"bundle_layout":"","bundle_add_to_cart_form_location":"","bundle_editable_in_cart":false,"bundle_sold_individually_context":"","bundle_item_grouping":"","bundle_min_size":"","bundle_max_size":"","bundle_price":[],"bundled_items":[],"bundle_sell_ids":[],"acf":[],"_links":{"self":[{"href":"https:\/\/hi-techwonder.com\/es\/wp-json\/wp\/v2\/product\/72064","targetHints":{"allow":["GET"]}}],"collection":[{"href":"https:\/\/hi-techwonder.com\/es\/wp-json\/wp\/v2\/product"}],"about":[{"href":"https:\/\/hi-techwonder.com\/es\/wp-json\/wp\/v2\/types\/product"}],"replies":[{"embeddable":true,"href":"https:\/\/hi-techwonder.com\/es\/wp-json\/wp\/v2\/comments?post=72064"}],"wp:featuredmedia":[{"embeddable":true,"href":"https:\/\/hi-techwonder.com\/es\/wp-json\/wp\/v2\/media\/55962"}],"wp:attachment":[{"href":"https:\/\/hi-techwonder.com\/es\/wp-json\/wp\/v2\/media?parent=72064"}],"wp:term":[{"taxonomy":"product_brand","embeddable":true,"href":"https:\/\/hi-techwonder.com\/es\/wp-json\/wp\/v2\/product_brand?post=72064"},{"taxonomy":"product_cat","embeddable":true,"href":"https:\/\/hi-techwonder.com\/es\/wp-json\/wp\/v2\/product_cat?post=72064"},{"taxonomy":"product_tag","embeddable":true,"href":"https:\/\/hi-techwonder.com\/es\/wp-json\/wp\/v2\/product_tag?post=72064"}],"curies":[{"name":"wp","href":"https:\/\/api.w.org\/{rel}","templated":true}]}}