{"id":72065,"date":"2025-07-29T10:06:02","date_gmt":"2025-07-29T10:06:02","guid":{"rendered":"https:\/\/fv6qoy3ls0.wpdns.site\/produto\/pantalla-led-godox-ldx100r-rgbww\/"},"modified":"2026-01-31T01:48:47","modified_gmt":"2026-01-31T01:48:47","slug":"godox-pantalla-led-godox-ldx100r-rgbww","status":"publish","type":"product","link":"https:\/\/hi-techwonder.com\/es\/producto\/godox-pantalla-led-godox-ldx100r-rgbww\/","title":{"rendered":"Pantalla LED GODOX LDX100R RGBWW"},"content":{"rendered":"<h3><strong>Pantalla LED GODOX LDX100R RGBWW&nbsp;<\/strong><\/h3>\n<ul>\n<li>Para producci\u00f3n de video y vlogging<\/li>\n<li>Salida: 4620 Lux a 1 metro (5600K)<\/li>\n<li>2500-10,000K CCT; RGB Color Control<\/li>\n<li>46,8 x 41,7 cm; Funcionamiento de CA\/CC<\/li>\n<li>CRI 96 | TLCI 96<\/li>\n<li>Control integrado, inal\u00e1mbrico y de aplicaciones<\/li>\n<li>Atenuaci\u00f3n del 0-100%, 14 efectos de iluminaci\u00f3n<\/li>\n<li>Mando a distancia y banderas opcionales<\/li>\n<li>Incluye difusor<\/li>\n<li>Incluye fuente de alimentaci\u00f3n y estuche de transporte<\/li>\n<\/ul>\n<p><strong>En la caja:<\/strong><\/p>\n<ul>\n<li>Panel de luz GODOX LDX100R Panel LED RGBWW&nbsp;<\/li>\n<li>Difusor<\/li>\n<li>Banda de fijaci\u00f3n del adaptador<\/li>\n<li>Cuerda de acero<\/li>\n<li>Cable de alimentaci\u00f3n<\/li>\n<li>Adaptador de corriente<\/li>\n<li>Bolsa de transporte<\/li>\n<\/ul>\n<p><img loading=\"lazy\" decoding=\"async\" src=\"https:\/\/static.bhphoto.com\/images\/multiple_images\/images500x500\/1686260822_IMG_2013294.jpg\" alt=\"\" width=\"400\" height=\"400\"><\/p>\n<p>El panel de luz LED RGB LDX100R de Godox es un iluminador compacto de 46,8 x 41,7 cm con capacidad RGBWW, que le permite ajustar r\u00e1pidamente la temperatura de color de 2500 a 10.000 K. La luz se puede atenuar de 0 a 100% en todo su rango CCT, lo que le otorga altas calificaciones CRI \/ TLCI de 96 como indicadores de precisi\u00f3n avanzada en la reproducci\u00f3n del color. Adem\u00e1s, este panel proporciona una luz suave adecuada para el uso en video con 14 efectos especiales para brindar realismo a su metraje. Los ajustes se pueden realizar a bordo, de forma remota a trav\u00e9s de un control remoto inal\u00e1mbrico opcional o mediante una aplicaci\u00f3n directamente desde su tel\u00e9fono inteligente.  <\/p>\n<p>El LDX100R est\u00e1 clasificado para una salida de hasta 4620 lux a 1 metro y 5600K, consumiendo un m\u00e1ximo de 118W de potencia. Para alimentar el panel, se incluye un adaptador de CA para conectarlo a una toma de corriente. Adem\u00e1s, aquellos que deseen llevar la luz al aire libre pueden hacerla funcionar con una bater\u00eda V-mount, disponible por separado. Godox incluye una bolsa de transporte para almacenamiento y transporte.   <\/p>\n<p><strong>Fuente de luz brillante y suave<\/strong><\/p>\n<p>Dise\u00f1ado para iluminar tu visi\u00f3n creativa, LDX100R te da acceso a literalmente millones de combinaciones de colores. Para mayor versatilidad, puede cambiar f\u00e1cilmente entre los modos CCT y FX. Al presionar r\u00e1pidamente los diales anal\u00f3gicos integrados de la unidad, seleccione y personalice r\u00e1pidamente la intensidad o el efecto de iluminaci\u00f3n.  <\/p>\n<ul>\n<li>Modo RGB con cuatro colores mezclados<\/li>\n<li>El modo de color HSI permite un control total del color sobre el tono, la saturaci\u00f3n y la intensidad<\/li>\n<li>El modo Gel permite una variedad de 60 filtros de color populares<\/li>\n<\/ul>\n<p><strong>14 efectos de iluminaci\u00f3n personalizables<\/strong><\/p>\n<p>Ciclo RGB, fiesta, coche de polic\u00eda, flash, rel\u00e1mpago, nublado, l\u00e1mpara rota, TV, vela, fuego, fuegos artificiales, explosi\u00f3n, soldadura y SOS. Estos 14 efectos de iluminaci\u00f3n creativos personalizables ?? te ayudar\u00e1 a lograr diferentes looks.<\/p>\n<p><strong>Mayor control<\/strong><\/p>\n<ul>\n<li>La aplicaci\u00f3n Godox Light de su dispositivo m\u00f3vil controla la luz a trav\u00e9s de Bluetooth desde una distancia de hasta 30 metros<\/li>\n<li>El control remoto RC-R9II opcional controla la luz a trav\u00e9s de 2,4 GHz desde una distancia de hasta 50 metros<\/li>\n<\/ul>\n<p><strong>Detalles constructivos<\/strong><\/p>\n<ul>\n<li>Pantalla integrada para ver la configuraci\u00f3n<\/li>\n<li>Placa de montaje en V empotrada<\/li>\n<li>El difusor desmontable y las banderas opcionales producen una calidad de luz suave y controlable<\/li>\n<li>Horquilla tipo U de 360\u00b0 para mayor flexibilidad<\/li>\n<li>Carcasa met\u00e1lica<\/li>\n<\/ul>\n<p><img loading=\"lazy\" decoding=\"async\" src=\"https:\/\/static.bhphoto.com\/images\/multiple_images\/images500x500\/1686260822_IMG_2013295.jpg\" alt=\"\" width=\"400\" height=\"400\"><\/p>\n<p><strong>Caracter\u00edsticas t\u00e9cnicas:<\/strong><\/p>\n<p><em>Iluminador<\/em><\/p>\n<ul>\n<li>Tipo de art\u00edculo: 1 x panel de luz LED<\/li>\n<li>Filtros incluidos: Difusi\u00f3n<\/li>\n<li>Estuche de almacenamiento incluido: 1 x estuche de transporte<\/li>\n<li>L\u00famenes: No especificados por el fabricante<\/li>\n<li>Fotometr\u00eda: <strong>3200K<\/strong>:\n<ul>\n<li>379 fc\/4090 Lux a 1 m*<\/li>\n<li>99 fc \/ 1070 Lux a 2 m<\/li>\n<li>46 fc \/ 504 Lux a 3 m<\/li>\n<\/ul>\n<\/li>\n<li><strong>4300K<\/strong>:\n<ul>\n<li>392 fc\/4230 Lux a 1 m*<\/li>\n<li>103 fc\/1110 Lux a 2 m<\/li>\n<li>48 fc \/ 520 Lux a 3 m<\/li>\n<\/ul>\n<\/li>\n<li><strong>5600K<\/strong>:\n<ul>\n<li>429 fc\/4620 Lux a 1 m*<\/li>\n<li>110 fc \/ 1190 Lux a 2 m<\/li>\n<li>52 fc \/ 561 Lux a 3 m<\/li>\n<\/ul>\n<\/li>\n<li><strong>6500K<\/strong>:\n<ul>\n<li>409 fc\/4410 Lux a 1 m*<\/li>\n<li>104 fc \/ 1130 Lux a 2 m<\/li>\n<li>49 fc \/ 528 Lux a 3 m<\/li>\n<\/ul>\n<\/li>\n<\/ul>\n<p>*Medici\u00f3n estandarizada proporcionada por el fabricante<\/p>\n<ul>\n<li>Temperatura de color: 2500 a 10,000K<\/li>\n<li>Modos de color: RGB<\/li>\n<li>Est\u00e1ndar de precisi\u00f3n de color: CRI 96 \/\/ TLCI 96<\/li>\n<li>Sistema de refrigeraci\u00f3n: Ninguno<\/li>\n<li>Atenuaci\u00f3n: S\u00ed, atenuador incorporado: 0 a 100%<\/li>\n<li>Flash incorporado: No<\/li>\n<li>Soporte de paraguas: No<\/li>\n<li>Montaje de accesorios delantero: Ninguno<\/li>\n<\/ul>\n<p><em>Conectividad<\/em><\/p>\n<ul>\n<li>Tipo de control remoto inal\u00e1mbrico: Bluetooth \/\/ Radio \/ RF * Control remoto no incluido<\/li>\n<li>Compatible con aplicaciones m\u00f3viles: S\u00ed: Android e iOS<\/li>\n<li>Nombre de la aplicaci\u00f3n: Godox Light<\/li>\n<\/ul>\n<p>*A partir de mayo de 2023: consulte con el fabricante para obtener la compatibilidad m\u00e1s actualizada<\/p>\n<ul>\n<li>Canales inal\u00e1mbricos: 32<\/li>\n<li>Grupos inal\u00e1mbricos: 16<\/li>\n<li>Frecuencia inal\u00e1mbrica: 2,4 GHz<\/li>\n<li>Alcance inal\u00e1mbrico: 30 m (Bluetooth) \/\/ 50 m (Radio\/RF)<\/li>\n<\/ul>\n<p><em>Alimentaci\u00f3n y E\/S<\/em><\/p>\n<ul>\n<li>Fuente de alimentaci\u00f3n: adaptador de CA a CC (incluido) o bater\u00eda (no incluida)<\/li>\n<li>Tipo de placa de bater\u00eda: 1 x V-Mount (integrado)<\/li>\n<li>Bater\u00eda: 1 x V-Mount recargable (no incluida)<\/li>\n<li>Potencia de entrada: DC 20 VDC<\/li>\n<li>Consumo de energ\u00eda: 118 W<\/li>\n<\/ul>\n<p><em>Montura<\/em><\/p>\n<ul>\n<li>Tipo de Garfor: Horquilla manual<\/li>\n<li>Montaje del iluminador: No especificado por el fabricante<\/li>\n<\/ul>\n<p><em>Medioambiental<\/em><\/p>\n<ul>\n<li>Protecci\u00f3n del medio ambiente Ninguno<\/li>\n<\/ul>\n<p><em>Generalmente<\/em><\/p>\n<ul>\n<li>Pantalla: S\u00ed<\/li>\n<li>Material: Metal<\/li>\n<li>Dimensiones: 46,8 x 41,7 x 6,3 cm<\/li>\n<li>Peso: 3,24 kg<\/li>\n<\/ul>\n","protected":false},"excerpt":{"rendered":"<p>Pantalla LED GODOX LDX100R RGBWW&nbsp; Para producci\u00f3n de video y vlogging Salida: 4620 Lux a 1 metro (5600K) 2500-10,000K CCT;<\/p>\n","protected":false},"featured_media":58352,"comment_status":"closed","ping_status":"open","template":"","meta":{"_acf_changed":false},"product_brand":[2555],"product_cat":[998],"product_tag":[],"class_list":{"0":"post-72065","1":"product","2":"type-product","3":"status-publish","4":"has-post-thumbnail","6":"product_brand-godox-es","7":"product_cat-paneles-es","9":"first","10":"onbackorder","11":"taxable","12":"shipping-taxable","13":"purchasable","14":"product-type-simple"},"bundled_by":[],"bundle_stock_status":"onbackorder","bundle_stock_quantity":0,"bundle_virtual":false,"bundle_layout":"","bundle_add_to_cart_form_location":"","bundle_editable_in_cart":false,"bundle_sold_individually_context":"","bundle_item_grouping":"","bundle_min_size":"","bundle_max_size":"","bundle_price":[],"bundled_items":[],"bundle_sell_ids":[],"acf":[],"_links":{"self":[{"href":"https:\/\/hi-techwonder.com\/es\/wp-json\/wp\/v2\/product\/72065","targetHints":{"allow":["GET"]}}],"collection":[{"href":"https:\/\/hi-techwonder.com\/es\/wp-json\/wp\/v2\/product"}],"about":[{"href":"https:\/\/hi-techwonder.com\/es\/wp-json\/wp\/v2\/types\/product"}],"replies":[{"embeddable":true,"href":"https:\/\/hi-techwonder.com\/es\/wp-json\/wp\/v2\/comments?post=72065"}],"wp:featuredmedia":[{"embeddable":true,"href":"https:\/\/hi-techwonder.com\/es\/wp-json\/wp\/v2\/media\/58352"}],"wp:attachment":[{"href":"https:\/\/hi-techwonder.com\/es\/wp-json\/wp\/v2\/media?parent=72065"}],"wp:term":[{"taxonomy":"product_brand","embeddable":true,"href":"https:\/\/hi-techwonder.com\/es\/wp-json\/wp\/v2\/product_brand?post=72065"},{"taxonomy":"product_cat","embeddable":true,"href":"https:\/\/hi-techwonder.com\/es\/wp-json\/wp\/v2\/product_cat?post=72065"},{"taxonomy":"product_tag","embeddable":true,"href":"https:\/\/hi-techwonder.com\/es\/wp-json\/wp\/v2\/product_tag?post=72065"}],"curies":[{"name":"wp","href":"https:\/\/api.w.org\/{rel}","templated":true}]}}