{"id":72067,"date":"2025-07-29T10:02:07","date_gmt":"2025-07-29T10:02:07","guid":{"rendered":"https:\/\/fv6qoy3ls0.wpdns.site\/produto\/godox-led-monolight-sl100bi-bi-color-kit-doble\/"},"modified":"2025-07-29T10:02:07","modified_gmt":"2025-07-29T10:02:07","slug":"godox-led-monolight-sl100bi-bi-color-kit-doble","status":"publish","type":"product","link":"https:\/\/hi-techwonder.com\/es\/producto\/godox-led-monolight-sl100bi-bi-color-kit-doble\/","title":{"rendered":"GODOX LED Monolight SL100Bi (Bi-Color) &#8211; Kit Doble"},"content":{"rendered":"<p><strong>Godox <\/strong><strong>LED Monolight SL100Bi (Bi-Color) &#8211; Kit Doble<\/strong><\/p>\n<p>Compacto y ligero, el kit de 2 luces Sl100BI de Godox contiene todo lo que un fot\u00f3grafo necesita para la iluminaci\u00f3n de estudio y la fotograf\u00eda, con calidad. El kit contiene dos luces LED de dos colores SL100BI, dos cajas de luz de 23,6 x 35,4&#8243;, un soporte para cada luz y un estuche de transporte con ruedas para almacenamiento y transporte. <\/p>\n<p>Equipado con funciones avanzadas y opciones de control convenientes, el iluminador LED bicolor SL100Bi de Godox presenta una temperatura de color variable de 2,800 a 6,500 K para manejar cualquier situaci\u00f3n de luz ambiental, para combinar con otros iluminadores o para fomentar la expresi\u00f3n creativa.&nbsp;<\/p>\n<p>La alta clasificaci\u00f3n CRI \/ TLCI de la luz de 96\/97 es una indicaci\u00f3n de precisi\u00f3n avanzada en la reproducci\u00f3n del color.&nbsp;<\/p>\n<p>El SL100Bi tambi\u00e9n es regulable, de 0 a 100%, y aunque se pueden realizar ajustes en el dispositivo, sus 32 canales y 16 grupos se pueden utilizar para realizar cambios de forma inal\u00e1mbrica, con un mando a distancia opcional o con un smartphone mediante la app Godox. Godox ha introducido efectos especiales a esta luz que incluyen Lightning 1\/2\/3, Flash, Conference, Paparazzi, Television, Broken Bulb, Candle, Fire y Fireworks. La compatibilidad es otra de las virtudes del SL100Bi, evidente por su montura frontal Bowens, que no solo da acceso completo a los modificadores Godox, sino tambi\u00e9n a los de los muchos fabricantes que emplean esta popular montura. El SL100Bi est\u00e1 listo para su uso en todo el mundo gracias a su fuente de alimentaci\u00f3n de 100 a 240 VCA.   <\/p>\n<p><strong>Clasificaci\u00f3n CRI \/ TLCI de color alto variable<\/strong><\/p>\n<p>El color es variable de 2.800 a 6.500 K con una alta calificaci\u00f3n CRI\/TLCI de 96\/97, lo que se traduce en una precisi\u00f3n avanzada en la reproducci\u00f3n del color.<\/p>\n<p><strong>Especial FX<\/strong><\/p>\n<p>Lightning 1\/2\/3, Flash, Conferencia, Paparazzi, Televisi\u00f3n, Bombilla rota, Vela, Fuego y fuegos artificiales<\/p>\n<p><strong>Construcci\u00f3n compacta<\/strong><\/p>\n<p>Uso dom\u00e9stico o de estudio peque\u00f1o<\/p>\n<p><strong>Asamblea de Bowens<\/strong><\/p>\n<p>El soporte de accesorios frontal Bowens permite el uso de modificadores Godox y muchos fabricantes que usan este soporte.&nbsp;<\/p>\n<p><strong>Interfaz de usuario intuitiva<\/strong><\/p>\n<p>Diales dobles y botones claramente marcados.<\/p>\n<p><strong>M\u00faltiples opciones de control<\/strong><\/p>\n<p>Las funciones del SL100D se pueden ajustar en el dispositivo, con un tel\u00e9fono inteligente usando la aplicaci\u00f3n Godox o con un control remoto inal\u00e1mbrico.<\/p>\n<p><strong>Godox Softbox con Anillo Bowens (60 x 90cm)<\/strong><\/p>\n<p>La caja de luz de Godox con anillo de velocidad Bowens es un modificador de 60&#215;90 cm que se adapta a los cabezales de flash Godox de gran tama\u00f1o u otras marcas que tienen el soporte de accesorios frontal Bowens ampliamente utilizado. Muy \u00fatil para todo tipo de trabajos fotogr\u00e1ficos, la caja de luz ofrece un aspecto suave, calidad de luz con sombras abiertas y un contraste manejable.<\/p>\n<p><strong>Godox CB-04 estuche r\u00edgido con ruedas<\/strong><\/p>\n<p>Con unas dimensiones de 78 x 24 x 24 cm, el estuche r\u00edgido CB-04 con ruedas de Godox puede acomodar un kit de dos o tres luces con accesorios, lo que lo hace ideal para equipos de las series Smart, Mini Pioneer y Mini Master. Tiene un dise\u00f1o similar al de las bolsas de viaje, con ruedas en l\u00ednea y un asa superior que le permite enrollar f\u00e1cilmente la bolsa sobre superficies lisas. Para distancias cortas, las correas a cada lado de la bolsa se pueden conectar a trav\u00e9s de una correa extra\u00edble para su transporte manual.  <\/p>\n<p><strong>Caracter\u00edsticas t\u00e9cnicas:<\/strong><\/p>\n<p><strong>Iluminador LED:<\/strong><\/p>\n<p>LED Monolight<\/p>\n<p>Modificador de luz incluido: 1 x reflector<\/p>\n<p>Fotometr\u00eda: 2,982 fc \/ 32,100 Lux a 3.3 &#8216;\/ 1 m (con reflector)&nbsp;<\/p>\n<p>Temperatura de color: 2800 a 6500K<\/p>\n<p>Est\u00e1ndar de precisi\u00f3n de color:<\/p>\n<p>CRI 96<\/p>\n<p>TLCI 97<\/p>\n<p>Atenuaci\u00f3n: S\u00ed, atenuador incorporado, 0 a 100%<\/p>\n<p>\u00c1ngulo de haz: 120 \u00b0<\/p>\n<p>&#8211; Soporte para paraguas: S\u00ed<\/p>\n<p>Soporte de accesorios delantero: Bowens S<\/p>\n<p><strong>Conectividad<\/strong><\/p>\n<p>Mando a distancia inal\u00e1mbrico, Bluetooth no especificado&nbsp;<\/p>\n<p>Canales inal\u00e1mbricos: 32<\/p>\n<p>Grupos inal\u00e1mbricos: 16<\/p>\n<p>Alcance inal\u00e1mbrico: 30 m (Bluetooth)<\/p>\n<p>Alimentaci\u00f3n y E\/S:<\/p>\n<p>Fuente de alimentaci\u00f3n: alimentaci\u00f3n de CA (cable incluido)<\/p>\n<p>Entradas\/salidas: 1 x entrada de alimentaci\u00f3n IEC<\/p>\n<p>Potencia de entrada de CA: 100 a 240 VCA, 50\/60 Hz<\/p>\n<p>Adaptador\/cable incluido: 1 x enchufe Edison a cable IEC<\/p>\n<p>Interruptor incorporado: No  <\/p>\n<p>Paso de energ\u00eda: No<\/p>\n<p>Consumo de energ\u00eda: 100 W<\/p>\n<p><strong>Montura<\/strong><\/p>\n<p>Montaje del accesorio: receptor de 1&#215;5 \/8&#8243;<\/p>\n<p>Temperatura de funcionamiento: -10.0 a 40.0 \u00b0C \/ 14.0 a 104.0 \u00b0F&nbsp;<\/p>\n<p><strong>Contenido:<\/strong><\/p>\n<ul>\n<li>2 x SL100BI<\/li>\n<li>2x SB-BW6090 Caja de luz<\/li>\n<li>2x Soporte de luz 304<\/li>\n<li>1x malet\u00edn de transporte CB04 * 1 unidad.&nbsp; &nbsp; &nbsp; &nbsp; &nbsp; &nbsp;<\/li>\n<li>1x Mando a distancia RC-A6 (pilas AAA NO incluidas)<\/li>\n<\/ul>\n","protected":false},"excerpt":{"rendered":"<p>Godox LED Monolight SL100Bi (Bi-Color) &#8211; Kit Doble Compacto y ligero, el kit de 2 luces Sl100BI de Godox contiene<\/p>\n","protected":false},"featured_media":57271,"comment_status":"closed","ping_status":"open","template":"","meta":{"_acf_changed":false},"product_brand":[2555],"product_cat":[991],"product_tag":[],"class_list":{"0":"post-72067","1":"product","2":"type-product","3":"status-publish","4":"has-post-thumbnail","6":"product_brand-godox-es","7":"product_cat-luz-continua-es","9":"first","10":"onbackorder","11":"taxable","12":"shipping-taxable","13":"purchasable","14":"product-type-simple"},"bundled_by":[],"bundle_stock_status":"onbackorder","bundle_stock_quantity":0,"bundle_virtual":false,"bundle_layout":"","bundle_add_to_cart_form_location":"","bundle_editable_in_cart":false,"bundle_sold_individually_context":"","bundle_item_grouping":"","bundle_min_size":"","bundle_max_size":"","bundle_price":[],"bundled_items":[],"bundle_sell_ids":[],"acf":[],"_links":{"self":[{"href":"https:\/\/hi-techwonder.com\/es\/wp-json\/wp\/v2\/product\/72067","targetHints":{"allow":["GET"]}}],"collection":[{"href":"https:\/\/hi-techwonder.com\/es\/wp-json\/wp\/v2\/product"}],"about":[{"href":"https:\/\/hi-techwonder.com\/es\/wp-json\/wp\/v2\/types\/product"}],"replies":[{"embeddable":true,"href":"https:\/\/hi-techwonder.com\/es\/wp-json\/wp\/v2\/comments?post=72067"}],"wp:featuredmedia":[{"embeddable":true,"href":"https:\/\/hi-techwonder.com\/es\/wp-json\/wp\/v2\/media\/57271"}],"wp:attachment":[{"href":"https:\/\/hi-techwonder.com\/es\/wp-json\/wp\/v2\/media?parent=72067"}],"wp:term":[{"taxonomy":"product_brand","embeddable":true,"href":"https:\/\/hi-techwonder.com\/es\/wp-json\/wp\/v2\/product_brand?post=72067"},{"taxonomy":"product_cat","embeddable":true,"href":"https:\/\/hi-techwonder.com\/es\/wp-json\/wp\/v2\/product_cat?post=72067"},{"taxonomy":"product_tag","embeddable":true,"href":"https:\/\/hi-techwonder.com\/es\/wp-json\/wp\/v2\/product_tag?post=72067"}],"curies":[{"name":"wp","href":"https:\/\/api.w.org\/{rel}","templated":true}]}}