{"id":72069,"date":"2025-07-29T10:07:46","date_gmt":"2025-07-29T10:07:46","guid":{"rendered":"https:\/\/fv6qoy3ls0.wpdns.site\/produto\/godox-led-monolight-sl100bi-bicolor\/"},"modified":"2025-09-11T16:45:24","modified_gmt":"2025-09-11T16:45:24","slug":"godox-led-monolight-sl100bi-bicolor","status":"publish","type":"product","link":"https:\/\/hi-techwonder.com\/es\/producto\/godox-led-monolight-sl100bi-bicolor\/","title":{"rendered":"GODOX LED Monolight SL100Bi (Bicolor)"},"content":{"rendered":"<p>Repleta de funciones avanzadas y opciones de control convenientes, la luz de video LED bicolor SL100Bi de Godox presenta una temperatura de color variable de 2,800 a 6,500K para manejar cualquier situaci\u00f3n de luz, combinada con otros accesorios o generar expresi\u00f3n creativa.<\/p>\n<p><iframe loading=\"lazy\" style=\"width: 100%;\" src=\"https:\/\/www.youtube.com\/embed\/8El9MjHL0gc\" width=\"560\" height=\"314\" allowfullscreen=\"allowfullscreen\"><\/iframe><\/p>\n<p><strong>Caracter\u00edsticas principales:<\/strong><\/p>\n<ul>\n<li>Temperatura de color: 2800-6500K, CRI \/ TLCI: 96\/97<\/li>\n<li>100-240 VCA, 32 canales, 16 grupos<\/li>\n<li>Control de la aplicaci\u00f3n Godox, control remoto opcional<\/li>\n<li>11 Efectos especiales<\/li>\n<li>Soporte de accesorios delantero Bowens<\/li>\n<\/ul>\n<p>Repleta de funciones avanzadas y opciones de control convenientes, la luz de video LED bicolor SL100Bi de Godox cumple con todos los requisitos de su lista de deseos. Tiene una temperatura de color variable de 2800 a 6500K para manejar cualquier situaci\u00f3n de luz ambiental, combinar con otros equipos o estimular la expresi\u00f3n creativa. La alta clasificaci\u00f3n CRI \/ TLCI de la luz de 96\/97 es una indicaci\u00f3n de precisi\u00f3n avanzada en la reproducci\u00f3n del color. El SL100Bi tambi\u00e9n es regulable, de 0 a 100%, y aunque puede realizar estos ajustes localmente en el tel\u00e9fono, puede aprovechar sus 32 canales y 16 grupos para realizar cambios de forma inal\u00e1mbrica con un control remoto opcional o con un tel\u00e9fono inteligente usando la aplicaci\u00f3n Godox. Si bien estos son activos valiosos, Godox ha dotado a la luz con efectos especiales que incluyen Lightning 1\/2\/3, Flash, Conference, Paparazzi, Television, Broken Light Bulb, Candle, Fire y Fireworks. La compatibilidad es otra de las virtudes de la SL100Bi, evidente por su montura frontal Bowens que no solo ofrece acceso completo a los modificadores Godox, sino tambi\u00e9n a los de muchos fabricantes que emplean esta popular montura. El SL100Bi est\u00e1 listo para su uso en todo el mundo gracias a su fuente de alimentaci\u00f3n de 100 a 240 VAC.      <\/p>\n<p><strong>Clasificaci\u00f3n CRI \/ TLCI alta de color variable<\/strong><\/p>\n<p>El color es variable de 2800 a 6500K con una alta clasificaci\u00f3n CRI \/ TLCI de 96\/97 que se traduce en una precisi\u00f3n avanzada en la reproducci\u00f3n del color<\/p>\n<p><strong>Especial FX<\/strong><\/p>\n<p>Lightning 1\/2\/3, Flash, Conferencia, Paparazzi, Televisi\u00f3n, Bombilla rota, Vela, Fuego y fuegos artificiales<\/p>\n<p><strong>Construcci\u00f3n compacta<\/strong><\/p>\n<p>\u00daselo en casa o en peque\u00f1os estudios<\/p>\n<p><strong>Asamblea de Bowens<\/strong><\/p>\n<p>El soporte de accesorios frontal Bowens permite el uso de modificadores Godox y los de muchos fabricantes que usan este popular soporte<\/p>\n<p><strong>Interfaz de usuario intuitiva<\/strong><\/p>\n<p>Diales duales y botones claramente marcados<\/p>\n<p><strong>M\u00faltiples opciones de control<\/strong><\/p>\n<p>Las funciones del SL100D se pueden ajustar en el dispositivo, con un tel\u00e9fono inteligente usando la aplicaci\u00f3n Godox o con un control remoto inal\u00e1mbrico opcional<\/p>\n<div class=\"title_1tNQ83iPOOgJ6m5fVkxmSw\" style=\"box-sizing: inherit; padding: 2.8125rem 0px; text-transform: capitalize; font-family: OpenSans, 'Segoe UI', Helvetica, Roboto, Arial, sans-serif; font-size: 16px; background-color: #ffffff;\">\n<h2 class=\"text_2iIiQM2M98BvhYsiaXaYuw comfy_3Tv67P0yhL_J6BIUitJ2zo sizeTitle1_1zfM7_vQc3Dj448B46wR81 weightNormal_SF-rc73z4mkRlFO4x_Sh4 primary_ELb2ysditdCtk24iMBTUs\" style=\"box-sizing: inherit; margin: 0px; font-size: 2rem; font-weight: 400; line-height: 2.5rem;\" data-selenium=\"specsItemTitle\"><strong>Especificaciones de Godox SL100Bi<\/strong><\/h2>\n<\/div>\n<div class=\"group_K7YrQottgVsRZ4B6zAaGG\" style=\"box-sizing: inherit; margin-bottom: 2.1875rem; font-family: OpenSans, 'Segoe UI', Helvetica, Roboto, Arial, sans-serif; font-size: 16px; background-color: #ffffff;\">\n<div class=\"name_3mapjiENorVzh8SvFyXVPc firstGroupInItem_k8WqCFToyTsIW3AYbSuui\" style=\"box-sizing: inherit; padding: 0px 0px 0.875rem; border-bottom: 0.125rem solid #cdcdcd; font-size: 2rem; color: #769e2d; line-height: 2rem;\" data-selenium=\"specsItemGroupName\">L\u00e1mpara<\/div>\n<table class=\"table_o418fscimQZEg1oshu4aX\" style=\"box-sizing: inherit; width: 981.75px;\" data-selenium=\"specsItemGroupTable\">\n<tbody style=\"box-sizing: inherit;\">\n<tr class=\"pair_3u9fnESIQrtuEu6ye_zM4k\" style=\"box-sizing: inherit; border-bottom: 0.0625rem solid #e7e7e7;\" data-selenium=\"specsItemGroupTableRow\">\n<td class=\"label_3bLwbW8ibvYc5tUwpKVQsL \" style=\"box-sizing: inherit; width: 373.062px; padding: 1.25rem 0px; border-top: none; vertical-align: baseline; font-size: 1.125rem; color: #666666; line-height: 1.375rem;\" data-selenium=\"specsItemGroupTableColumnLabel\">\u00c1ngulo del haz<\/td>\n<td class=\"value_11Av1yGkVYn9TX48mQeu9v \" style=\"box-sizing: inherit; vertical-align: baseline; font-size: 1.125rem; color: #666666; line-height: 1.375rem; padding: 1.25rem 0px 1.25rem 2.5rem;\" data-selenium=\"specsItemGroupTableColumnValue\">De 120 a 120\u00b0<\/td>\n<\/tr>\n<tr class=\"pair_3u9fnESIQrtuEu6ye_zM4k\" style=\"box-sizing: inherit; border-bottom: 0.0625rem solid #e7e7e7;\" data-selenium=\"specsItemGroupTableRow\">\n<td class=\"label_3bLwbW8ibvYc5tUwpKVQsL\" style=\"box-sizing: inherit; width: 373.062px; padding: 1.25rem 0px; border-top: none; vertical-align: baseline; font-size: 1.125rem; color: #666666; line-height: 1.375rem;\" data-selenium=\"specsItemGroupTableColumnLabel\">Temperatura de<\/td>\n<p> color<\/p>\n<td class=\"value_11Av1yGkVYn9TX48mQeu9v\" style=\"box-sizing: inherit; vertical-align: baseline; font-size: 1.125rem; color: #666666; line-height: 1.375rem; padding: 1.25rem 0px 1.25rem 2.5rem;\" data-selenium=\"specsItemGroupTableColumnValue\">De 2800 a 6500K<\/td>\n<\/tr>\n<tr class=\"pair_3u9fnESIQrtuEu6ye_zM4k\" style=\"box-sizing: inherit; border-bottom: 0.0625rem solid #e7e7e7;\" data-selenium=\"specsItemGroupTableRow\">\n<td class=\"label_3bLwbW8ibvYc5tUwpKVQsL\" style=\"box-sizing: inherit; width: 373.062px; padding: 1.25rem 0px; border-top: none; vertical-align: baseline; font-size: 1.125rem; color: #666666; line-height: 1.375rem;\" data-selenium=\"specsItemGroupTableColumnLabel\">Est\u00e1ndar de precisi\u00f3n de color<\/td>\n<td class=\"value_11Av1yGkVYn9TX48mQeu9v\" style=\"box-sizing: inherit; vertical-align: baseline; font-size: 1.125rem; color: #666666; line-height: 1.375rem; padding: 1.25rem 0px 1.25rem 2.5rem;\" data-selenium=\"specsItemGroupTableColumnValue\">CRI 96<br style=\"box-sizing: inherit;\">TLCI 97<\/td>\n<\/tr>\n<tr class=\"pair_3u9fnESIQrtuEu6ye_zM4k\" style=\"box-sizing: inherit; border-bottom: 0.0625rem solid #e7e7e7;\" data-selenium=\"specsItemGroupTableRow\">\n<td class=\"label_3bLwbW8ibvYc5tUwpKVQsL\" style=\"box-sizing: inherit; width: 373.062px; padding: 1.25rem 0px; border-top: none; vertical-align: baseline; font-size: 1.125rem; color: #666666; line-height: 1.375rem;\" data-selenium=\"specsItemGroupTableColumnLabel\">Oscurecimiento<\/td>\n<td class=\"value_11Av1yGkVYn9TX48mQeu9v\" style=\"box-sizing: inherit; vertical-align: baseline; font-size: 1.125rem; color: #666666; line-height: 1.375rem; padding: 1.25rem 0px 1.25rem 2.5rem;\" data-selenium=\"specsItemGroupTableColumnValue\">S\u00ed, de 0 a 100%<\/td>\n<\/tr>\n<tr class=\"pair_3u9fnESIQrtuEu6ye_zM4k\" style=\"box-sizing: inherit; border-bottom: 0.0625rem solid #e7e7e7;\" data-selenium=\"specsItemGroupTableRow\">\n<td class=\"label_3bLwbW8ibvYc5tUwpKVQsL\" style=\"box-sizing: inherit; width: 373.062px; padding: 1.25rem 0px; border-top: none; vertical-align: baseline; font-size: 1.125rem; color: #666666; line-height: 1.375rem;\" data-selenium=\"specsItemGroupTableColumnLabel\">Fotometr\u00eda<\/td>\n<td class=\"value_11Av1yGkVYn9TX48mQeu9v\" style=\"box-sizing: inherit; vertical-align: baseline; font-size: 1.125rem; color: #666666; line-height: 1.375rem; padding: 1.25rem 0px 1.25rem 2.5rem;\" data-selenium=\"specsItemGroupTableColumnValue\">2982.1 fc \/ 32,100 Lux a 1 m<\/td>\n<\/tr>\n<tr class=\"pair_3u9fnESIQrtuEu6ye_zM4k\" style=\"box-sizing: inherit; border-bottom: 0.0625rem solid #e7e7e7;\" data-selenium=\"specsItemGroupTableRow\">\n<td class=\"label_3bLwbW8ibvYc5tUwpKVQsL\" style=\"box-sizing: inherit; width: 373.062px; padding: 1.25rem 0px; border-top: none; vertical-align: baseline; font-size: 1.125rem; color: #666666; line-height: 1.375rem;\" data-selenium=\"specsItemGroupTableColumnLabel\">Dimensiones de la luminaria<\/td>\n<td class=\"value_11Av1yGkVYn9TX48mQeu9v\" style=\"box-sizing: inherit; vertical-align: baseline; font-size: 1.125rem; color: #666666; line-height: 1.375rem; padding: 1.25rem 0px 1.25rem 2.5rem;\" data-selenium=\"specsItemGroupTableColumnValue\">243,0 x 205,0 x 127,0 mm<\/td>\n<\/tr>\n<tr class=\"pair_3u9fnESIQrtuEu6ye_zM4k\" style=\"box-sizing: inherit; border-bottom: 0.0625rem solid #e7e7e7;\" data-selenium=\"specsItemGroupTableRow\">\n<td class=\"label_3bLwbW8ibvYc5tUwpKVQsL\" style=\"box-sizing: inherit; width: 373.062px; padding: 1.25rem 0px; border-top: none; vertical-align: baseline; font-size: 1.125rem; color: #666666; line-height: 1.375rem;\" data-selenium=\"specsItemGroupTableColumnLabel\">Peso del<\/td>\n<p> accesorio<\/p>\n<td class=\"value_11Av1yGkVYn9TX48mQeu9v\" style=\"box-sizing: inherit; vertical-align: baseline; font-size: 1.125rem; color: #666666; line-height: 1.375rem; padding: 1.25rem 0px 1.25rem 2.5rem;\" data-selenium=\"specsItemGroupTableColumnValue\">1,6 kg<\/td>\n<\/tr>\n<\/tbody>\n<\/table>\n<\/div>\n<div class=\"group_K7YrQottgVsRZ4B6zAaGG\" style=\"box-sizing: inherit; margin-bottom: 2.1875rem; font-family: OpenSans, 'Segoe UI', Helvetica, Roboto, Arial, sans-serif; font-size: 16px; background-color: #ffffff;\">\n<div class=\"name_3mapjiENorVzh8SvFyXVPc\" style=\"box-sizing: inherit; padding: 1rem 0px 0.875rem; border-bottom: 0.125rem solid #cdcdcd; font-size: 2rem; color: #769e2d; line-height: 2rem;\" data-selenium=\"specsItemGroupName\">Conectores<\/div>\n<table class=\"table_o418fscimQZEg1oshu4aX\" style=\"box-sizing: inherit; width: 981.75px;\" data-selenium=\"specsItemGroupTable\">\n<tbody style=\"box-sizing: inherit;\">\n<tr class=\"pair_3u9fnESIQrtuEu6ye_zM4k\" style=\"box-sizing: inherit; border-bottom: 0.0625rem solid #e7e7e7;\" data-selenium=\"specsItemGroupTableRow\">\n<td class=\"label_3bLwbW8ibvYc5tUwpKVQsL \" style=\"box-sizing: inherit; width: 373.062px; padding: 1.25rem 0px; border-top: none; vertical-align: baseline; font-size: 1.125rem; color: #666666; line-height: 1.375rem;\" data-selenium=\"specsItemGroupTableColumnLabel\">Placa de bater\u00eda<\/td>\n<td class=\"value_11Av1yGkVYn9TX48mQeu9v \" style=\"box-sizing: inherit; vertical-align: baseline; font-size: 1.125rem; color: #666666; line-height: 1.375rem; padding: 1.25rem 0px 1.25rem 2.5rem;\" data-selenium=\"specsItemGroupTableColumnValue\"><em style=\"box-sizing: inherit;\">Ninguno<\/em><\/td>\n<\/tr>\n<\/tbody>\n<\/table>\n<\/div>\n<div class=\"group_K7YrQottgVsRZ4B6zAaGG\" style=\"box-sizing: inherit; margin-bottom: 2.1875rem; font-family: OpenSans, 'Segoe UI', Helvetica, Roboto, Arial, sans-serif; font-size: 16px; background-color: #ffffff;\">\n<div class=\"name_3mapjiENorVzh8SvFyXVPc\" style=\"box-sizing: inherit; padding: 1rem 0px 0.875rem; border-bottom: 0.125rem solid #cdcdcd; font-size: 2rem; color: #769e2d; line-height: 2rem;\" data-selenium=\"specsItemGroupName\">Lente<\/div>\n<table class=\"table_o418fscimQZEg1oshu4aX\" style=\"box-sizing: inherit; width: 981.75px;\" data-selenium=\"specsItemGroupTable\">\n<tbody style=\"box-sizing: inherit;\">\n<tr class=\"pair_3u9fnESIQrtuEu6ye_zM4k\" style=\"box-sizing: inherit; border-bottom: 0.0625rem solid #e7e7e7;\" data-selenium=\"specsItemGroupTableRow\">\n<td class=\"label_3bLwbW8ibvYc5tUwpKVQsL \" style=\"box-sizing: inherit; width: 373.062px; padding: 1.25rem 0px; border-top: none; vertical-align: baseline; font-size: 1.125rem; color: #666666; line-height: 1.375rem;\" data-selenium=\"specsItemGroupTableColumnLabel\">Montaje del reflector<\/td>\n<td class=\"value_11Av1yGkVYn9TX48mQeu9v \" style=\"box-sizing: inherit; vertical-align: baseline; font-size: 1.125rem; color: #666666; line-height: 1.375rem; padding: 1.25rem 0px 1.25rem 2.5rem;\" data-selenium=\"specsItemGroupTableColumnValue\">Bowens tipo S<\/td>\n<\/tr>\n<\/tbody>\n<\/table>\n<\/div>\n<div class=\"group_K7YrQottgVsRZ4B6zAaGG\" style=\"box-sizing: inherit; margin-bottom: 2.1875rem; font-family: OpenSans, 'Segoe UI', Helvetica, Roboto, Arial, sans-serif; font-size: 16px; background-color: #ffffff;\">\n<div class=\"name_3mapjiENorVzh8SvFyXVPc\" style=\"box-sizing: inherit; padding: 1rem 0px 0.875rem; border-bottom: 0.125rem solid #cdcdcd; font-size: 2rem; color: #769e2d; line-height: 2rem;\" data-selenium=\"specsItemGroupName\">Montura<\/div>\n<table class=\"table_o418fscimQZEg1oshu4aX\" style=\"box-sizing: inherit; width: 981.75px;\" data-selenium=\"specsItemGroupTable\">\n<tbody style=\"box-sizing: inherit;\">\n<tr class=\"pair_3u9fnESIQrtuEu6ye_zM4k\" style=\"box-sizing: inherit; border-bottom: 0.0625rem solid #e7e7e7;\" data-selenium=\"specsItemGroupTableRow\">\n<td class=\"label_3bLwbW8ibvYc5tUwpKVQsL \" style=\"box-sizing: inherit; width: 373.062px; padding: 1.25rem 0px; border-top: none; vertical-align: baseline; font-size: 1.125rem; color: #666666; line-height: 1.375rem;\" data-selenium=\"specsItemGroupTableColumnLabel\">Soporte de fijaci\u00f3n<\/td>\n<td class=\"value_11Av1yGkVYn9TX48mQeu9v \" style=\"box-sizing: inherit; vertical-align: baseline; font-size: 1.125rem; color: #666666; line-height: 1.375rem; padding: 1.25rem 0px 1.25rem 2.5rem;\" data-selenium=\"specsItemGroupTableColumnValue\">Receptor de 5\/8&#8243;<\/td>\n<\/tr>\n<\/tbody>\n<\/table>\n<\/div>\n<div class=\"group_K7YrQottgVsRZ4B6zAaGG\" style=\"box-sizing: inherit; margin-bottom: 2.1875rem; font-family: OpenSans, 'Segoe UI', Helvetica, Roboto, Arial, sans-serif; font-size: 16px; background-color: #ffffff;\">\n<div class=\"name_3mapjiENorVzh8SvFyXVPc\" style=\"box-sizing: inherit; padding: 1rem 0px 0.875rem; border-bottom: 0.125rem solid #cdcdcd; font-size: 2rem; color: #769e2d; line-height: 2rem;\" data-selenium=\"specsItemGroupName\">Operaci\u00f3n remota<\/div>\n<table class=\"table_o418fscimQZEg1oshu4aX\" style=\"box-sizing: inherit; width: 981.75px;\" data-selenium=\"specsItemGroupTable\">\n<tbody style=\"box-sizing: inherit;\">\n<tr class=\"pair_3u9fnESIQrtuEu6ye_zM4k\" style=\"box-sizing: inherit; border-bottom: 0.0625rem solid #e7e7e7;\" data-selenium=\"specsItemGroupTableRow\">\n<td class=\"label_3bLwbW8ibvYc5tUwpKVQsL \" style=\"box-sizing: inherit; width: 373.062px; padding: 1.25rem 0px; border-top: none; vertical-align: baseline; font-size: 1.125rem; color: #666666; line-height: 1.375rem;\" data-selenium=\"specsItemGroupTableColumnLabel\">Tipo<\/td>\n<p> de control remoto <\/p>\n<td class=\"value_11Av1yGkVYn9TX48mQeu9v \" style=\"box-sizing: inherit; vertical-align: baseline; font-size: 1.125rem; color: #666666; line-height: 1.375rem; padding: 1.25rem 0px 1.25rem 2.5rem;\" data-selenium=\"specsItemGroupTableColumnValue\">Bluetooth, inal\u00e1mbrico patentado<\/td>\n<\/tr>\n<tr class=\"pair_3u9fnESIQrtuEu6ye_zM4k\" style=\"box-sizing: inherit; border-bottom: 0.0625rem solid #e7e7e7;\" data-selenium=\"specsItemGroupTableRow\">\n<td class=\"label_3bLwbW8ibvYc5tUwpKVQsL\" style=\"box-sizing: inherit; width: 373.062px; padding: 1.25rem 0px; border-top: none; vertical-align: baseline; font-size: 1.125rem; color: #666666; line-height: 1.375rem;\" data-selenium=\"specsItemGroupTableColumnLabel\">Alcance<\/td>\n<p> inal\u00e1mbrico<\/p>\n<td class=\"value_11Av1yGkVYn9TX48mQeu9v\" style=\"box-sizing: inherit; vertical-align: baseline; font-size: 1.125rem; color: #666666; line-height: 1.375rem; padding: 1.25rem 0px 1.25rem 2.5rem;\" data-selenium=\"specsItemGroupTableColumnValue\">30 m (Bluetooth)<\/td>\n<\/tr>\n<tr class=\"pair_3u9fnESIQrtuEu6ye_zM4k\" style=\"box-sizing: inherit; border-bottom: 0.0625rem solid #e7e7e7;\" data-selenium=\"specsItemGroupTableRow\">\n<td class=\"label_3bLwbW8ibvYc5tUwpKVQsL\" style=\"box-sizing: inherit; width: 373.062px; padding: 1.25rem 0px; border-top: none; vertical-align: baseline; font-size: 1.125rem; color: #666666; line-height: 1.375rem;\" data-selenium=\"specsItemGroupTableColumnLabel\">Canales\/grupos inal\u00e1mbricos<\/td>\n<td class=\"value_11Av1yGkVYn9TX48mQeu9v\" style=\"box-sizing: inherit; vertical-align: baseline; font-size: 1.125rem; color: #666666; line-height: 1.375rem; padding: 1.25rem 0px 1.25rem 2.5rem;\" data-selenium=\"specsItemGroupTableColumnValue\">32\/16<\/td>\n<\/tr>\n<\/tbody>\n<\/table>\n<\/div>\n<div class=\"group_K7YrQottgVsRZ4B6zAaGG\" style=\"box-sizing: inherit; margin-bottom: 2.1875rem; font-family: OpenSans, 'Segoe UI', Helvetica, Roboto, Arial, sans-serif; font-size: 16px; background-color: #ffffff;\">\n<div class=\"name_3mapjiENorVzh8SvFyXVPc\" style=\"box-sizing: inherit; padding: 1rem 0px 0.875rem; border-bottom: 0.125rem solid #cdcdcd; font-size: 2rem; color: #769e2d; line-height: 2rem;\" data-selenium=\"specsItemGroupName\">Poder<\/div>\n<table class=\"table_o418fscimQZEg1oshu4aX\" style=\"box-sizing: inherit; width: 981.75px;\" data-selenium=\"specsItemGroupTable\">\n<tbody style=\"box-sizing: inherit;\">\n<tr class=\"pair_3u9fnESIQrtuEu6ye_zM4k\" style=\"box-sizing: inherit; border-bottom: 0.0625rem solid #e7e7e7;\" data-selenium=\"specsItemGroupTableRow\">\n<p> Alimentaci\u00f3n de entrada <\/p>\n<td class=\"label_3bLwbW8ibvYc5tUwpKVQsL \" style=\"box-sizing: inherit; width: 373.062px; padding: 1.25rem 0px; border-top: none; vertical-align: baseline; font-size: 1.125rem; color: #666666; line-height: 1.375rem;\" data-selenium=\"specsItemGroupTableColumnLabel\">de CA<\/td>\n<td class=\"value_11Av1yGkVYn9TX48mQeu9v \" style=\"box-sizing: inherit; vertical-align: baseline; font-size: 1.125rem; color: #666666; line-height: 1.375rem; padding: 1.25rem 0px 1.25rem 2.5rem;\" data-selenium=\"specsItemGroupTableColumnValue\">De 100 a 240 VCA, 50\/60 Hz<\/td>\n<\/tr>\n<tr class=\"pair_3u9fnESIQrtuEu6ye_zM4k\" style=\"box-sizing: inherit; border-bottom: 0.0625rem solid #e7e7e7;\" data-selenium=\"specsItemGroupTableRow\">\nFuente <\/p>\n<td class=\"label_3bLwbW8ibvYc5tUwpKVQsL\" style=\"box-sizing: inherit; width: 373.062px; padding: 1.25rem 0px; border-top: none; vertical-align: baseline; font-size: 1.125rem; color: #666666; line-height: 1.375rem;\" data-selenium=\"specsItemGroupTableColumnLabel\">de alimentaci\u00f3n<\/td>\n<td class=\"value_11Av1yGkVYn9TX48mQeu9v\" style=\"box-sizing: inherit; vertical-align: baseline; font-size: 1.125rem; color: #666666; line-height: 1.375rem; padding: 1.25rem 0px 1.25rem 2.5rem;\" data-selenium=\"specsItemGroupTableColumnValue\">Adaptador de CA<\/td>\n<\/tr>\n<tr class=\"pair_3u9fnESIQrtuEu6ye_zM4k\" style=\"box-sizing: inherit; border-bottom: 0.0625rem solid #e7e7e7;\" data-selenium=\"specsItemGroupTableRow\">\n<td class=\"label_3bLwbW8ibvYc5tUwpKVQsL\" style=\"box-sizing: inherit; width: 373.062px; padding: 1.25rem 0px; border-top: none; vertical-align: baseline; font-size: 1.125rem; color: #666666; line-height: 1.375rem;\" data-selenium=\"specsItemGroupTableColumnLabel\">Consumo m\u00e1ximo de energ\u00eda<\/td>\n<td class=\"value_11Av1yGkVYn9TX48mQeu9v\" style=\"box-sizing: inherit; vertical-align: baseline; font-size: 1.125rem; color: #666666; line-height: 1.375rem; padding: 1.25rem 0px 1.25rem 2.5rem;\" data-selenium=\"specsItemGroupTableColumnValue\">100 W<\/td>\n<\/tr>\n<\/tbody>\n<\/table>\n<\/div>\n<div class=\"group_K7YrQottgVsRZ4B6zAaGG\" style=\"box-sizing: inherit; margin-bottom: 2.1875rem; font-family: OpenSans, 'Segoe UI', Helvetica, Roboto, Arial, sans-serif; font-size: 16px; background-color: #ffffff;\">\n<div class=\"name_3mapjiENorVzh8SvFyXVPc\" style=\"box-sizing: inherit; padding: 1rem 0px 0.875rem; border-bottom: 0.125rem solid #cdcdcd; font-size: 2rem; color: #769e2d; line-height: 2rem;\" data-selenium=\"specsItemGroupName\">F\u00edsico<\/div>\n<table class=\"table_o418fscimQZEg1oshu4aX\" style=\"box-sizing: inherit; width: 981.75px;\" data-selenium=\"specsItemGroupTable\">\n<tbody style=\"box-sizing: inherit;\">\n<tr class=\"pair_3u9fnESIQrtuEu6ye_zM4k\" style=\"box-sizing: inherit; border-bottom: 0.0625rem solid #e7e7e7;\" data-selenium=\"specsItemGroupTableRow\">\n<td class=\"label_3bLwbW8ibvYc5tUwpKVQsL \" style=\"box-sizing: inherit; width: 373.062px; padding: 1.25rem 0px; border-top: none; vertical-align: baseline; font-size: 1.125rem; color: #666666; line-height: 1.375rem;\" data-selenium=\"specsItemGroupTableColumnLabel\">Temperatura de funcionamiento<\/td>\n<td class=\"value_11Av1yGkVYn9TX48mQeu9v \" style=\"box-sizing: inherit; vertical-align: baseline; font-size: 1.125rem; color: #666666; line-height: 1.375rem; padding: 1.25rem 0px 1.25rem 2.5rem;\" data-selenium=\"specsItemGroupTableColumnValue\">De -10 a 40 \u00b0C<\/td>\n<\/tr>\n<\/tbody>\n<\/table>\n<\/div>\n<p><strong>En la caja:<\/strong><\/p>\n<ul>\n<li>Godox SL100Bi Luz de video LED bicolor<\/li>\n<li>L\u00e1mpara<\/li>\n<li>Reflector<\/li>\n<li>Cable de alimentaci\u00f3n<\/li>\n<li>Cubierta protectora<\/li>\n<\/ul>\n","protected":false},"excerpt":{"rendered":"<p>Repleta de funciones avanzadas y opciones de control convenientes, la luz de video LED bicolor SL100Bi de Godox presenta una<\/p>\n","protected":false},"featured_media":58807,"comment_status":"closed","ping_status":"open","template":"","meta":{"_acf_changed":false},"product_brand":[2555],"product_cat":[997],"product_tag":[],"class_list":{"0":"post-72069","1":"product","2":"type-product","3":"status-publish","4":"has-post-thumbnail","6":"product_brand-godox-es","7":"product_cat-focos","9":"first","10":"pre-order","11":"taxable","12":"shipping-taxable","13":"purchasable","14":"product-type-simple"},"bundled_by":[],"bundle_stock_status":"pre-order","bundle_stock_quantity":null,"bundle_virtual":false,"bundle_layout":"","bundle_add_to_cart_form_location":"","bundle_editable_in_cart":false,"bundle_sold_individually_context":"","bundle_item_grouping":"","bundle_min_size":"","bundle_max_size":"","bundle_price":[],"bundled_items":[],"bundle_sell_ids":[],"acf":[],"_links":{"self":[{"href":"https:\/\/hi-techwonder.com\/es\/wp-json\/wp\/v2\/product\/72069","targetHints":{"allow":["GET"]}}],"collection":[{"href":"https:\/\/hi-techwonder.com\/es\/wp-json\/wp\/v2\/product"}],"about":[{"href":"https:\/\/hi-techwonder.com\/es\/wp-json\/wp\/v2\/types\/product"}],"replies":[{"embeddable":true,"href":"https:\/\/hi-techwonder.com\/es\/wp-json\/wp\/v2\/comments?post=72069"}],"wp:featuredmedia":[{"embeddable":true,"href":"https:\/\/hi-techwonder.com\/es\/wp-json\/wp\/v2\/media\/58807"}],"wp:attachment":[{"href":"https:\/\/hi-techwonder.com\/es\/wp-json\/wp\/v2\/media?parent=72069"}],"wp:term":[{"taxonomy":"product_brand","embeddable":true,"href":"https:\/\/hi-techwonder.com\/es\/wp-json\/wp\/v2\/product_brand?post=72069"},{"taxonomy":"product_cat","embeddable":true,"href":"https:\/\/hi-techwonder.com\/es\/wp-json\/wp\/v2\/product_cat?post=72069"},{"taxonomy":"product_tag","embeddable":true,"href":"https:\/\/hi-techwonder.com\/es\/wp-json\/wp\/v2\/product_tag?post=72069"}],"curies":[{"name":"wp","href":"https:\/\/api.w.org\/{rel}","templated":true}]}}