{"id":72073,"date":"2025-07-29T10:06:02","date_gmt":"2025-07-29T10:06:02","guid":{"rendered":"https:\/\/fv6qoy3ls0.wpdns.site\/produto\/godox-led-1000bi-mkii-bi-color-con-puertas-de-granero\/"},"modified":"2025-07-29T10:06:02","modified_gmt":"2025-07-29T10:06:02","slug":"godox-led-1000bi-mkii-bi-color-con-puertas-de-granero","status":"publish","type":"product","link":"https:\/\/hi-techwonder.com\/es\/producto\/godox-led-1000bi-mkii-bi-color-con-puertas-de-granero\/","title":{"rendered":"GODOX LED 1000Bi MkII Bi-Color con Puertas de Granero"},"content":{"rendered":"<p>La luz de video LED DMX bicolor Godox LED1000Bi II ofrece una temperatura de color seleccionable por el usuario de 3300K a 5600K con un rango de \u00b1300K. La configuraci\u00f3n de atenuaci\u00f3n var\u00eda desde 0% hasta m\u00e1xima potencia y se puede ajustar usando el panel LCD incorporado de la luz de video. Para mayor versatilidad, la luz de video LED DMX bicolor LED1000Bi II tambi\u00e9n ofrece conectividad para controladores DMX.  <\/p>\n<p>Esta luz de video est\u00e1 clasificada para una salida de hasta 4800 Lux a 1 m a 4200K, 2200 Lux a 1 m a 3300K y 2600 Lux a 1 m a 5600K, consumiendo un m\u00e1ximo de 70 W de energ\u00eda durante el uso. Una horquilla con un receptor portal\u00e1mparas est\u00e1ndar y una perilla de bloqueo soporta la luz de video LED DMX LED1000D II y su dise\u00f1o tambi\u00e9n incorpora un accesorio de filtro incorporado para facilitar la manipulaci\u00f3n de la luz. <\/p>\n<ul>\n<li>El panel LED port\u00e1til emite hasta 70 W de potencia, con una potencia nominal de 4800 Lux a 1 m y 4200 K, 2200 Lux a 1 m y 3300 K, y 2600 Lux a 1 m y 5600 K<\/li>\n<li>Ofrece una temperatura de color seleccionable por el usuario de 3300-5600K con una variaci\u00f3n de \u00b1300K<\/li>\n<li>El brillo se puede atenuar de 0 a 100%<\/li>\n<li>Control integrado con una pantalla LCD para ver los ajustes<\/li>\n<li>La conectividad para controladores DMX proporciona una mayor versatilidad<\/li>\n<li>El yugo es compatible con la mayor\u00eda de los soportes de luz y ofrece una perilla de apriete para un ajuste seguro<\/li>\n<li>Ranura de filtro incorporada para usar con el panel de difusi\u00f3n incluido<\/li>\n<li>Cuatro puertas de granero reflectantes para dar forma y dirigir la salida de luz<\/li>\n<li>Fuente de alimentaci\u00f3n incorporada de 13-16,8 V CC<\/li>\n<li>Adaptador de CA incluido para uso por cable con una toma de corriente<\/li>\n<li>La placa de bater\u00eda con montura en V acepta una bater\u00eda Sony BP-L para un funcionamiento verdaderamente port\u00e1til<\/li>\n<\/ul>\n<h2 class=\"western\" style=\"font-style: normal; font-weight: normal;\"><strong><span style=\"font-family: OpenSans, Segoe UI, Helvetica, Roboto, Arial, sans-serif;\"><span style=\"font-size: medium;\">Godox LED1000Bi II Ficha Tecnica<\/span><\/span><\/strong><\/h2>\n<p><strong> <\/strong><\/p>\n<p style=\"margin-bottom: 0cm; border-top: none; border-bottom: 1.00pt solid #cdcdcd; border-left: none; border-right: none; font-style: normal; font-weight: normal; line-height: 200%; widows: 2; orphans: 2; padding: 0cm 0cm 0.05cm 0cm;\"><strong> <span style=\"font-family: OpenSans, Segoe UI, Helvetica, Roboto, Arial, sans-serif;\"><span style=\"font-size: medium;\">L\u00e1mpara<\/span><\/span><\/strong><\/p>\n<table border=\"0\" width=\"439\" cellspacing=\"0\" cellpadding=\"2\">\n<colgroup>\n<col width=\"165\">\n<col width=\"266\"> <\/colgroup>\n<tbody>\n<tr>\n<td width=\"165\">\n<p style=\"border: none; padding: 0cm; font-weight: normal;\" align=\"LEFT\">Temperatura de color<\/p>\n<\/td>\n<td width=\"266\">\n<p style=\"border: none; padding: 0cm; font-weight: normal;\">De 3300 a 5600K \u00b1 300K<\/p>\n<\/td>\n<\/tr>\n<tr>\n<td width=\"165\">\n<p style=\"border: none; padding: 0cm; font-weight: normal;\" align=\"LEFT\">Est\u00e1ndar de precisi\u00f3n de color<\/p>\n<\/td>\n<td width=\"266\">\n<p style=\"border: none; padding: 0cm; font-weight: normal;\">CRI 96<br \/>TLCI 98<\/p>\n<\/td>\n<\/tr>\n<tr>\n<td width=\"165\">\n<p style=\"border: none; padding: 0cm; font-weight: normal;\" align=\"LEFT\">Atenuaci\u00f3n<\/p>\n<\/td>\n<td width=\"266\">\n<p style=\"border: none; padding: 0cm; font-weight: normal;\">S\u00ed, de 0 a 100%<\/p>\n<\/td>\n<\/tr>\n<tr>\n<td width=\"165\">\n<p style=\"border: none; padding: 0cm; font-weight: normal;\" align=\"LEFT\">Monitor<\/p>\n<\/td>\n<td width=\"266\">\n<p style=\"border: none; padding: 0cm; font-weight: normal;\">LCD<\/p>\n<\/td>\n<\/tr>\n<tr>\n<td width=\"165\">\n<p style=\"border: none; padding: 0cm; font-weight: normal;\" align=\"LEFT\">Fotometr\u00eda<\/p>\n<\/td>\n<td width=\"266\">\n<p style=\"border: none; padding: 0cm; font-weight: normal;\"><strong>4200K:<\/strong><br \/>445.9 fc \/ 4800 Lux a 3.3&#8242; \/ 1 m<br \/><strong>3300K:<\/strong><br \/>204.4 fc \/ 2200 Lux a 3.28&#8242; \/ 1 m<br \/><strong>5600K:<\/strong><br \/>241.5 fc \/ 2600 Lux a 3.28&#8242; \/ 1 m<\/p>\n<\/td>\n<\/tr>\n<tr>\n<td width=\"165\">\n<p style=\"border: none; padding: 0cm; font-weight: normal;\" align=\"LEFT\">N\u00famero de LED<\/p>\n<\/td>\n<td width=\"266\">\n<p style=\"border: none; padding: 0cm; font-weight: normal;\">512 (Luz del d\u00eda)<br \/>512 (tungsteno)<\/p>\n<\/td>\n<\/tr>\n<tr>\n<td width=\"165\">\n<p style=\"border: none; padding: 0cm; font-weight: normal;\" align=\"LEFT\">Dimensiones de la luminaria<\/p>\n<\/td>\n<td width=\"266\">\n<p style=\"border: none; padding: 0cm; font-weight: normal;\">16,9 x 18,1 x 3,9&#8243; \/ 43,0 x 46,0 x 10,0 cm<\/p>\n<\/td>\n<\/tr>\n<tr>\n<td width=\"165\">\n<p style=\"border: none; padding: 0cm; font-weight: normal;\" align=\"LEFT\">Peso del accesorio<\/p>\n<\/td>\n<td width=\"266\">\n<p style=\"border: none; padding: 0cm; font-weight: normal;\">5,53 lb \/ 2,51 kg<\/p>\n<\/td>\n<\/tr>\n<\/tbody>\n<\/table>\n<p style=\"margin-bottom: 0cm; border-top: none; border-bottom: 1.00pt solid #cdcdcd; border-left: none; border-right: none; font-style: normal; font-weight: normal; line-height: 200%; widows: 2; orphans: 2; padding: 0cm 0cm 0.05cm 0cm;\"><strong> <span style=\"font-family: OpenSans, Segoe UI, Helvetica, Roboto, Arial, sans-serif;\"><span style=\"font-size: medium;\">Conectores<\/span><\/span><\/strong><\/p>\n<table border=\"0\" width=\"248\" cellspacing=\"0\" cellpadding=\"2\">\n<colgroup>\n<col width=\"152\">\n<col width=\"88\"> <\/colgroup>\n<tbody>\n<tr>\n<td width=\"152\">\n<p style=\"border: none; padding: 0cm; font-weight: normal;\" align=\"LEFT\">Placa de bater\u00eda<\/p>\n<\/td>\n<td width=\"88\">\n<p style=\"border: none; padding: 0cm; font-weight: normal;\"><strong>1 x <\/strong>Montura en V<\/p>\n<\/td>\n<\/tr>\n<tr>\n<td width=\"152\">\n<p style=\"border: none; padding: 0cm; font-weight: normal;\" align=\"LEFT\">Conector de entrada de alimentaci\u00f3n<\/p>\n<\/td>\n<td width=\"88\">\n<p style=\"border: none; padding: 0cm; font-weight: normal;\">Propietario<\/p>\n<\/td>\n<\/tr>\n<\/tbody>\n<\/table>\n<p style=\"margin-bottom: 0cm; border-top: none; border-bottom: 1.00pt solid #cdcdcd; border-left: none; border-right: none; font-style: normal; font-weight: normal; line-height: 200%; widows: 2; orphans: 2; padding: 0cm 0cm 0.05cm 0cm;\"><strong> <span style=\"font-family: OpenSans, Segoe UI, Helvetica, Roboto, Arial, sans-serif;\"><span style=\"font-size: medium;\">Montura<\/span><\/span><\/strong><\/p>\n<table border=\"0\" width=\"195\" cellspacing=\"0\" cellpadding=\"2\">\n<colgroup>\n<col width=\"96\">\n<col width=\"91\"> <\/colgroup>\n<tbody>\n<tr>\n<td width=\"96\">\n<p style=\"border: none; padding: 0cm; font-weight: normal;\" align=\"LEFT\">Montaje de accesorio<\/p>\n<\/td>\n<td width=\"91\">\n<p style=\"border: none; padding: 0cm; font-weight: normal;\">Receptor de 5\/8&#8243;<\/p>\n<\/td>\n<\/tr>\n<\/tbody>\n<\/table>\n<p style=\"margin-bottom: 0cm; border-top: none; border-bottom: 1.00pt solid #cdcdcd; border-left: none; border-right: none; font-style: normal; font-weight: normal; line-height: 200%; widows: 2; orphans: 2; padding: 0cm 0cm 0.05cm 0cm;\"><strong> <span style=\"font-family: OpenSans, Segoe UI, Helvetica, Roboto, Arial, sans-serif;\"><span style=\"font-size: medium;\">Yugo<\/span><\/span><\/strong><\/p>\n<table border=\"0\" width=\"173\" cellspacing=\"0\" cellpadding=\"2\">\n<colgroup>\n<col width=\"72\">\n<col width=\"92\"> <\/colgroup>\n<tbody>\n<tr>\n<td width=\"72\">\n<p style=\"border: none; padding: 0cm; font-weight: normal;\" align=\"LEFT\">Tipo de yugo<\/p>\n<\/td>\n<td width=\"92\">\n<p style=\"border: none; padding: 0cm; font-weight: normal;\">Canes\u00fa\/Soporte<\/p>\n<\/td>\n<\/tr>\n<\/tbody>\n<\/table>\n<p style=\"margin-bottom: 0cm; border-top: none; border-bottom: 1.00pt solid #cdcdcd; border-left: none; border-right: none; font-style: normal; font-weight: normal; line-height: 200%; widows: 2; orphans: 2; padding: 0cm 0cm 0.05cm 0cm;\"><strong> <span style=\"font-family: OpenSans, Segoe UI, Helvetica, Roboto, Arial, sans-serif;\"><span style=\"font-size: medium;\">Poder<\/span><\/span><\/strong><\/p>\n<table border=\"0\" width=\"257\" cellspacing=\"0\" cellpadding=\"2\">\n<colgroup>\n<col width=\"167\">\n<col width=\"82\"> <\/colgroup>\n<tbody>\n<tr>\n<td width=\"167\">\n<p style=\"border: none; padding: 0cm; font-weight: normal;\" align=\"LEFT\">Potencia de entrada de CC<\/p>\n<\/td>\n<td width=\"82\">\n<p style=\"border: none; padding: 0cm; font-weight: normal;\">16,8 V CC<\/p>\n<\/td>\n<\/tr>\n<tr>\n<td width=\"167\">\n<p style=\"border: none; padding: 0cm; font-weight: normal;\" align=\"LEFT\">Fuente de alimentaci\u00f3n<\/p>\n<\/td>\n<td width=\"82\">\n<p style=\"border: none; padding: 0cm; font-weight: normal;\">Adaptador de CA<\/p>\n<\/td>\n<\/tr>\n<tr>\n<td width=\"167\">\n<p style=\"border: none; padding: 0cm; font-weight: normal;\" align=\"LEFT\">Consumo m\u00e1ximo de energ\u00eda<\/p>\n<\/td>\n<td width=\"82\">\n<p style=\"border: none; padding: 0cm; font-weight: normal;\">70 W<\/p>\n<\/td>\n<\/tr>\n<tr>\n<td width=\"167\">\n<p style=\"border: none; padding: 0cm; font-weight: normal;\" align=\"LEFT\">Paso de energ\u00eda<\/p>\n<\/td>\n<td width=\"82\">\n<p style=\"border: none; padding: 0cm; font-weight: normal;\">En<\/p>\n<\/td>\n<\/tr>\n<\/tbody>\n<\/table>\n<p style=\"margin-bottom: 0cm; border-top: none; border-bottom: 1.00pt solid #cdcdcd; border-left: none; border-right: none; font-style: normal; font-weight: normal; line-height: 200%; widows: 2; orphans: 2; padding: 0cm 0cm 0.05cm 0cm;\"><strong> <span style=\"font-family: OpenSans, Segoe UI, Helvetica, Roboto, Arial, sans-serif;\"><span style=\"font-size: medium;\">F\u00edsico<\/span><\/span><\/strong><\/p>\n<table border=\"0\" width=\"328\" cellspacing=\"0\" cellpadding=\"2\">\n<colgroup>\n<col width=\"151\">\n<col width=\"168\"> <\/colgroup>\n<tbody>\n<tr>\n<td width=\"151\">\n<p style=\"border: none; padding: 0cm; font-weight: normal;\" align=\"LEFT\">Temperatura de funcionamiento<\/p>\n<\/td>\n<td width=\"168\">\n<p style=\"border: none; padding: 0cm; font-weight: normal;\">De 14 a 104 \u00b0F \/ de -10 a 40 \u00b0C<\/p>\n<\/td>\n<\/tr>\n<\/tbody>\n<\/table>\n","protected":false},"excerpt":{"rendered":"<p>La luz de video LED DMX bicolor Godox LED1000Bi II ofrece una temperatura de color seleccionable por el usuario de<\/p>\n","protected":false},"featured_media":58343,"comment_status":"closed","ping_status":"open","template":"","meta":{"_acf_changed":false},"product_brand":[2555],"product_cat":[998],"product_tag":[],"class_list":{"0":"post-72073","1":"product","2":"type-product","3":"status-publish","4":"has-post-thumbnail","6":"product_brand-godox-es","7":"product_cat-paneles-es","9":"first","10":"onbackorder","11":"taxable","12":"shipping-taxable","13":"purchasable","14":"product-type-simple"},"bundled_by":[],"bundle_stock_status":"onbackorder","bundle_stock_quantity":0,"bundle_virtual":false,"bundle_layout":"","bundle_add_to_cart_form_location":"","bundle_editable_in_cart":false,"bundle_sold_individually_context":"","bundle_item_grouping":"","bundle_min_size":"","bundle_max_size":"","bundle_price":[],"bundled_items":[],"bundle_sell_ids":[],"acf":[],"_links":{"self":[{"href":"https:\/\/hi-techwonder.com\/es\/wp-json\/wp\/v2\/product\/72073","targetHints":{"allow":["GET"]}}],"collection":[{"href":"https:\/\/hi-techwonder.com\/es\/wp-json\/wp\/v2\/product"}],"about":[{"href":"https:\/\/hi-techwonder.com\/es\/wp-json\/wp\/v2\/types\/product"}],"replies":[{"embeddable":true,"href":"https:\/\/hi-techwonder.com\/es\/wp-json\/wp\/v2\/comments?post=72073"}],"wp:featuredmedia":[{"embeddable":true,"href":"https:\/\/hi-techwonder.com\/es\/wp-json\/wp\/v2\/media\/58343"}],"wp:attachment":[{"href":"https:\/\/hi-techwonder.com\/es\/wp-json\/wp\/v2\/media?parent=72073"}],"wp:term":[{"taxonomy":"product_brand","embeddable":true,"href":"https:\/\/hi-techwonder.com\/es\/wp-json\/wp\/v2\/product_brand?post=72073"},{"taxonomy":"product_cat","embeddable":true,"href":"https:\/\/hi-techwonder.com\/es\/wp-json\/wp\/v2\/product_cat?post=72073"},{"taxonomy":"product_tag","embeddable":true,"href":"https:\/\/hi-techwonder.com\/es\/wp-json\/wp\/v2\/product_tag?post=72073"}],"curies":[{"name":"wp","href":"https:\/\/api.w.org\/{rel}","templated":true}]}}