{"id":72078,"date":"2025-07-29T10:12:34","date_gmt":"2025-07-29T10:12:34","guid":{"rendered":"https:\/\/fv6qoy3ls0.wpdns.site\/produto\/godox-lh-01-e27-soporte-con-paraguero\/"},"modified":"2025-07-29T10:12:34","modified_gmt":"2025-07-29T10:12:34","slug":"godox-lh-01-e27-soporte-con-paraguero","status":"publish","type":"product","link":"https:\/\/hi-techwonder.com\/es\/producto\/godox-lh-01-e27-soporte-con-paraguero\/","title":{"rendered":"GODOX LH-01 E27 Soporte con parag\u00fcero"},"content":{"rendered":"<p style=\"text-align: justify;\"><span style=\"font-size: small;\">Este portal\u00e1mparas universal Godox es adecuado para unidades de flash esclavas y varias l\u00e1mparas de luz diurna con casquillo E27. En este portal\u00e1mparas hay un orificio con un tornillo de fijaci\u00f3n para que tambi\u00e9n pueda montar un paraguas flash. El soporte encaja en un soporte de iluminaci\u00f3n est\u00e1ndar con adaptador de grifo.  <\/span><\/p>\n","protected":false},"excerpt":{"rendered":"<p>Este portal\u00e1mparas universal Godox es adecuado para unidades de flash esclavas y varias l\u00e1mparas de luz diurna con casquillo E27.<\/p>\n","protected":false},"featured_media":60097,"comment_status":"closed","ping_status":"open","template":"","meta":{"_acf_changed":false},"product_brand":[2555],"product_cat":[995],"product_tag":[],"class_list":{"0":"post-72078","1":"product","2":"type-product","3":"status-publish","4":"has-post-thumbnail","6":"product_brand-godox-es","7":"product_cat-fluorescente-es","9":"first","10":"pre-order","11":"taxable","12":"shipping-taxable","13":"purchasable","14":"product-type-simple"},"bundled_by":[],"bundle_stock_status":"pre-order","bundle_stock_quantity":0,"bundle_virtual":false,"bundle_layout":"","bundle_add_to_cart_form_location":"","bundle_editable_in_cart":false,"bundle_sold_individually_context":"","bundle_item_grouping":"","bundle_min_size":"","bundle_max_size":"","bundle_price":[],"bundled_items":[],"bundle_sell_ids":[],"acf":[],"_links":{"self":[{"href":"https:\/\/hi-techwonder.com\/es\/wp-json\/wp\/v2\/product\/72078","targetHints":{"allow":["GET"]}}],"collection":[{"href":"https:\/\/hi-techwonder.com\/es\/wp-json\/wp\/v2\/product"}],"about":[{"href":"https:\/\/hi-techwonder.com\/es\/wp-json\/wp\/v2\/types\/product"}],"replies":[{"embeddable":true,"href":"https:\/\/hi-techwonder.com\/es\/wp-json\/wp\/v2\/comments?post=72078"}],"wp:featuredmedia":[{"embeddable":true,"href":"https:\/\/hi-techwonder.com\/es\/wp-json\/wp\/v2\/media\/60097"}],"wp:attachment":[{"href":"https:\/\/hi-techwonder.com\/es\/wp-json\/wp\/v2\/media?parent=72078"}],"wp:term":[{"taxonomy":"product_brand","embeddable":true,"href":"https:\/\/hi-techwonder.com\/es\/wp-json\/wp\/v2\/product_brand?post=72078"},{"taxonomy":"product_cat","embeddable":true,"href":"https:\/\/hi-techwonder.com\/es\/wp-json\/wp\/v2\/product_cat?post=72078"},{"taxonomy":"product_tag","embeddable":true,"href":"https:\/\/hi-techwonder.com\/es\/wp-json\/wp\/v2\/product_tag?post=72078"}],"curies":[{"name":"wp","href":"https:\/\/api.w.org\/{rel}","templated":true}]}}