{"id":72081,"date":"2025-07-29T10:03:16","date_gmt":"2025-07-29T10:03:16","guid":{"rendered":"https:\/\/fv6qoy3ls0.wpdns.site\/produto\/iluminador-godox-litemons-led6bi-bicolor\/"},"modified":"2026-01-31T01:49:32","modified_gmt":"2026-01-31T01:49:32","slug":"godox-iluminador-godox-litemons-led6bi-bicolor","status":"publish","type":"product","link":"https:\/\/hi-techwonder.com\/es\/producto\/godox-iluminador-godox-litemons-led6bi-bicolor\/","title":{"rendered":"Iluminador GODOX Litemons LED6Bi (Bicolor)"},"content":{"rendered":"<p><strong>Iluminador GODOX Litemons LED6Bi (Bicolor)<\/strong><\/p>\n<p><strong>Funciones:<\/strong><\/p>\n<ul>\n<li>Temperatura 3200 y 6500K<\/li>\n<li>Bater\u00eda de 1800mAh<\/li>\n<li>Magn\u00e9tico<\/li>\n<li>El difusor extra\u00edble suaviza la salida de luz<\/li>\n<li>Apilable vertical y horizontalmente con unidades adicionales<\/li>\n<li>Zapato integrado<\/li>\n<\/ul>\n<p><iframe loading=\"lazy\" src=\"https:\/\/www.youtube.com\/embed\/WV97RGP1Ie8\" width=\"560\" height=\"314\" allowfullscreen=\"allowfullscreen\"><\/iframe><\/p>\n<p>Con un tama\u00f1o peque\u00f1o, posibilidades de montaje flexibles y salida de temperatura de color variable, la luz de video LED bicolor Litemons Pocket de Godox es una luz LED en la c\u00e1mara que puede recoger y montar pr\u00e1cticamente en cualquier lugar para agregar la cantidad justa de luz a su foto, ya sea que est\u00e9 creando narrativas, vlogs,  iluminando una fiesta o haciendo fotograf\u00eda de productos. Puede ajustar la temperatura de color variable del dispositivo entre 3200 y 6500K en 9 pasos, y esta salida vers\u00e1til es regulable de 0 a 100% de brillo en 10 pasos. <\/p>\n<p>El accesorio tiene una bater\u00eda de litio incorporada de 1800 mAh que alimentar\u00e1 su luz entre 1,5 y 10 horas, dependiendo de la configuraci\u00f3n de la luz. Dispone de un pie accesorio para montar en tu c\u00e1mara u otras plataformas con zapata fr\u00eda. Adem\u00e1s, el cuerpo de la luz tiene tres zapatas fr\u00edas integradas, lo que le permite apilar luces adicionales y crear una fuente m\u00e1s grande.  <\/p>\n<p><strong>Caracter\u00edsticas t\u00e9cnicas:<\/strong><\/p>\n<p><strong>Iluminador<\/strong><\/p>\n<ul>\n<li>Temperatura de color: 3200 a 6500K<\/li>\n<li>Est\u00e1ndar de precisi\u00f3n de color: CRI 95<\/li>\n<li>Fotometr\u00eda: 360 Lux a 0,5 m<\/li>\n<li>Brillo regulable: S\u00ed, 0 a 100%<\/li>\n<\/ul>\n<p><strong>Bater\u00eda integrada<\/strong><\/p>\n<ul>\n<li>Bater\u00eda: 1800 mAh incorporada<\/li>\n<li>Duraci\u00f3n de la bater\u00eda: 1,5 a 10 horas<\/li>\n<li>Voltaje de funcionamiento: 5.0 VDC<\/li>\n<\/ul>\n<p><strong>Poder<\/strong><\/p>\n<ul>\n<li>Potencia de entrada: CC 5 V CC a 2 A<\/li>\n<li>Consumo m\u00e1ximo de energ\u00eda: 6 W<\/li>\n<li>Conexi\u00f3n de entrada de alimentaci\u00f3n: USB tipo C<\/li>\n<li>Bater\u00eda: integrada en la fuente de alimentaci\u00f3n<\/li>\n<\/ul>\n<p><strong>F\u00edsico<\/strong><\/p>\n<ul>\n<li>Tipo de montaje: Zapata, magn\u00e9tico<\/li>\n<li>Temperatura de funcionamiento: -10 a 40 \u00b0C<\/li>\n<li>Dimensiones: 77 x 66 x 30 mm<\/li>\n<li>Peso: 100 g<\/li>\n<\/ul>\n","protected":false},"excerpt":{"rendered":"<p>Iluminador GODOX Litemons LED6Bi (Bicolor) Funciones: Temperatura 3200 y 6500K Bater\u00eda de 1800mAh Magn\u00e9tico El difusor extra\u00edble suaviza la salida<\/p>\n","protected":false},"featured_media":57586,"comment_status":"closed","ping_status":"open","template":"","meta":{"_acf_changed":false},"product_brand":[2555],"product_cat":[994],"product_tag":[],"class_list":{"0":"post-72081","1":"product","2":"type-product","3":"status-publish","4":"has-post-thumbnail","6":"product_brand-godox-es","7":"product_cat-compactos-es","9":"first","10":"instock","11":"taxable","12":"shipping-taxable","13":"purchasable","14":"product-type-simple"},"bundled_by":[],"bundle_stock_status":"instock","bundle_stock_quantity":2,"bundle_virtual":false,"bundle_layout":"","bundle_add_to_cart_form_location":"","bundle_editable_in_cart":false,"bundle_sold_individually_context":"","bundle_item_grouping":"","bundle_min_size":"","bundle_max_size":"","bundle_price":[],"bundled_items":[],"bundle_sell_ids":[],"acf":[],"_links":{"self":[{"href":"https:\/\/hi-techwonder.com\/es\/wp-json\/wp\/v2\/product\/72081","targetHints":{"allow":["GET"]}}],"collection":[{"href":"https:\/\/hi-techwonder.com\/es\/wp-json\/wp\/v2\/product"}],"about":[{"href":"https:\/\/hi-techwonder.com\/es\/wp-json\/wp\/v2\/types\/product"}],"replies":[{"embeddable":true,"href":"https:\/\/hi-techwonder.com\/es\/wp-json\/wp\/v2\/comments?post=72081"}],"wp:featuredmedia":[{"embeddable":true,"href":"https:\/\/hi-techwonder.com\/es\/wp-json\/wp\/v2\/media\/57586"}],"wp:attachment":[{"href":"https:\/\/hi-techwonder.com\/es\/wp-json\/wp\/v2\/media?parent=72081"}],"wp:term":[{"taxonomy":"product_brand","embeddable":true,"href":"https:\/\/hi-techwonder.com\/es\/wp-json\/wp\/v2\/product_brand?post=72081"},{"taxonomy":"product_cat","embeddable":true,"href":"https:\/\/hi-techwonder.com\/es\/wp-json\/wp\/v2\/product_cat?post=72081"},{"taxonomy":"product_tag","embeddable":true,"href":"https:\/\/hi-techwonder.com\/es\/wp-json\/wp\/v2\/product_tag?post=72081"}],"curies":[{"name":"wp","href":"https:\/\/api.w.org\/{rel}","templated":true}]}}