{"id":72085,"date":"2025-07-29T10:28:23","date_gmt":"2025-07-29T10:28:23","guid":{"rendered":"https:\/\/fv6qoy3ls0.wpdns.site\/produto\/godox-lsa-10-brazo-horizontal\/"},"modified":"2025-07-29T10:28:23","modified_gmt":"2025-07-29T10:28:23","slug":"godox-lsa-10-brazo-horizontal","status":"publish","type":"product","link":"https:\/\/hi-techwonder.com\/es\/producto\/godox-lsa-10-brazo-horizontal\/","title":{"rendered":"GODOX LSA-10 Brazo Horizontal"},"content":{"rendered":"<h3><strong>GODOX LSA-10 Brazo Horizontal<\/strong><\/h3>\n<ul>\n<li>Se monta en la parte superior de la mayor\u00eda de los tr\u00edpodes compatibles<\/li>\n<li>Para c\u00e1maras, luces y otros accesorios<\/li>\n<li>Montajes 1\/4&#8243;-20 y 3\/8&#8243;-16&nbsp;<\/li>\n<li>Palancas de trinquete para los soportes superiores<\/li>\n<\/ul>\n<p>Una adici\u00f3n vers\u00e1til a su configuraci\u00f3n, ya sea que est\u00e9 grabando en el estudio o en el campo, el brazo de doble montaje de Godox cuenta con dos soportes laterales y dos soportes superiores. Esta columna se monta en su tr\u00edpode y lo transforma en una plataforma para colocar varios accesorios. Uno de los soportes superiores tiene un soporte de 1\/4&#8243;-20 y el otro proporciona un soporte de 3\/8&#8243;-16. Del mismo modo, uno de los soportes laterales tiene un soporte de 1\/4&#8243;-20 y el otro proporciona un soporte de 3\/8&#8243;-16. El tubo se desliza hacia adelante y hacia atr\u00e1s para reposicionar los accesorios adjuntos y se bloquea con una palanca de trinquete. Adem\u00e1s, los dos soportes superiores se bloquean con sus respectivas palancas de trinquete. Con los dos soportes superiores, tiene la opci\u00f3n de montar una plataforma para su computadora port\u00e1til, un cabezal de tr\u00edpode, un micr\u00f3fono, una luz de video LED y otros accesorios de foto y video.      <\/p>\n<p><strong>Caracter\u00edsticas t\u00e9cnicas:<\/strong><\/p>\n<p>Material de construcci\u00f3n: Aluminio<\/p>\n<p>Tama\u00f1os de rosca de montaje de accesorios: dos de 3\/8&#8243;-16 y dos de 1\/4&#8243;-20<\/p>\n<p>Di\u00e1metro del tubo: 1,1&#8243; \/ 28 mm<\/p>\n<p>Peso: 2,6 lb \/ 1,2 kg<\/p>\n","protected":false},"excerpt":{"rendered":"<p>GODOX LSA-10 Brazo Horizontal Se monta en la parte superior de la mayor\u00eda de los tr\u00edpodes compatibles Para c\u00e1maras, luces<\/p>\n","protected":false},"featured_media":63816,"comment_status":"closed","ping_status":"open","template":"","meta":{"_acf_changed":false},"product_brand":[2555],"product_cat":[1082],"product_tag":[],"class_list":{"0":"post-72085","1":"product","2":"type-product","3":"status-publish","4":"has-post-thumbnail","6":"product_brand-godox-es","7":"product_cat-columnas-horizontales","9":"first","10":"onbackorder","11":"taxable","12":"shipping-taxable","13":"purchasable","14":"product-type-simple"},"bundled_by":[],"bundle_stock_status":"onbackorder","bundle_stock_quantity":0,"bundle_virtual":false,"bundle_layout":"","bundle_add_to_cart_form_location":"","bundle_editable_in_cart":false,"bundle_sold_individually_context":"","bundle_item_grouping":"","bundle_min_size":"","bundle_max_size":"","bundle_price":[],"bundled_items":[],"bundle_sell_ids":[],"acf":[],"_links":{"self":[{"href":"https:\/\/hi-techwonder.com\/es\/wp-json\/wp\/v2\/product\/72085","targetHints":{"allow":["GET"]}}],"collection":[{"href":"https:\/\/hi-techwonder.com\/es\/wp-json\/wp\/v2\/product"}],"about":[{"href":"https:\/\/hi-techwonder.com\/es\/wp-json\/wp\/v2\/types\/product"}],"replies":[{"embeddable":true,"href":"https:\/\/hi-techwonder.com\/es\/wp-json\/wp\/v2\/comments?post=72085"}],"wp:featuredmedia":[{"embeddable":true,"href":"https:\/\/hi-techwonder.com\/es\/wp-json\/wp\/v2\/media\/63816"}],"wp:attachment":[{"href":"https:\/\/hi-techwonder.com\/es\/wp-json\/wp\/v2\/media?parent=72085"}],"wp:term":[{"taxonomy":"product_brand","embeddable":true,"href":"https:\/\/hi-techwonder.com\/es\/wp-json\/wp\/v2\/product_brand?post=72085"},{"taxonomy":"product_cat","embeddable":true,"href":"https:\/\/hi-techwonder.com\/es\/wp-json\/wp\/v2\/product_cat?post=72085"},{"taxonomy":"product_tag","embeddable":true,"href":"https:\/\/hi-techwonder.com\/es\/wp-json\/wp\/v2\/product_tag?post=72085"}],"curies":[{"name":"wp","href":"https:\/\/api.w.org\/{rel}","templated":true}]}}