{"id":72092,"date":"2025-07-29T10:01:39","date_gmt":"2025-07-29T10:01:39","guid":{"rendered":"https:\/\/fv6qoy3ls0.wpdns.site\/produto\/godox-litemons-led-la200d-luz-del-dia-kit-doble\/"},"modified":"2026-04-20T22:16:35","modified_gmt":"2026-04-20T21:16:35","slug":"godox-litemons-led-la200d-luz-del-dia-kit-doble","status":"publish","type":"product","link":"https:\/\/hi-techwonder.com\/es\/producto\/godox-litemons-led-la200d-luz-del-dia-kit-doble\/","title":{"rendered":"GODOX Litemons LED LA200D (Luz del d\u00eda) &#8211; Kit doble"},"content":{"rendered":"<p><strong>Kit LED de luz diurna GODOX Litemons LA200D<\/strong><\/p>\n<p><strong>Caracter\u00edsticas principales:<\/strong><\/p>\n<ul>\n<li>Dos luces LED de luz diurna LA200D<\/li>\n<li>Dos soportes de luz de 6.5&#8242;<\/li>\n<li>Dos cajas de luz de 23,6 x 35,4&#8243;<\/li>\n<li>Estuche r\u00edgido para transporte y almacenamiento<\/li>\n<li>Temperatura de color 5600K<\/li>\n<li>Atenuaci\u00f3n del 0-100%<\/li>\n<li>Control inal\u00e1mbrico Bluetooth<\/li>\n<\/ul>\n<p><iframe loading=\"lazy\" style=\"min-height: 500px; width: 100%; height: auto;\" src=\"https:\/\/www.youtube.com\/embed\/2KPerwJaWF4\" width=\"560\" height=\"314\" allowfullscreen=\"allowfullscreen\"><\/iframe><\/p>\n<p>Godox ha creado este kit de 2 luces LED de luz diurna Litemons LA200D con soportes y cajas de luz para cuando necesite una configuraci\u00f3n de iluminaci\u00f3n intuitiva y rentable. Este kit cuenta con dos luces LED de luz diurna LA200D con una temperatura de color de 5600K. Cada luz viene con una caja de luz de 23.6 x 35.4&#8243; y un soporte de luz de 6.5&#8243;. Tambi\u00e9n se proporciona un estuche r\u00edgido para protecci\u00f3n durante el almacenamiento y el transporte.   <\/p>\n<p><strong>Luz LED de luz diurna Godox Litemons LA200D<\/strong><\/p>\n<p>Una herramienta de iluminaci\u00f3n vers\u00e1til e intuitiva, la luz LED de luz diurna Litemons LA200D de Godox ofrece una soluci\u00f3n de iluminaci\u00f3n rentable para YouTubers, transmisores en vivo, creadores de contenido y m\u00e1s. Proporcionando un haz de luz claro con sombras claras, esta luz LED equilibrada de luz diurna de alto rendimiento garantiza colores naturales y fieles, y con una atenuaci\u00f3n continua del 0% al 100%, puede adaptar r\u00e1pidamente la luz a cualquier escena. Ofreciendo un nivel avanzado de control creativo, ocho modos de efectos especiales incluyen flash 1, flash 2, flash 3, storm 1, storm 2, storm 3, TV y l\u00e1mpara rota. La luz tambi\u00e9n est\u00e1 configurada para aceptar modificadores de luz y accesorios de montura S de Bowens, como el reflector incluido, y se proporciona un soporte de paraguas integrado para mayor versatilidad.   <\/p>\n<ul>\n<li>Luz diurna LED equilibrada con temperatura de color de 5600K<\/li>\n<li>El control de atenuaci\u00f3n del 0-100% proporciona el brillo que necesita sin necesidad de filtros ND<\/li>\n<li>Las altas clasificaciones CRI\/TLCI de 96\/97 garantizan una reproducci\u00f3n precisa del color<\/li>\n<li>Ocho efectos especiales incluyen flash 1, flash 2, flash 3, tormenta 1, tormenta 2, tormenta 3, TV y bombilla rota<\/li>\n<li>Compatible con la aplicaci\u00f3n Godox Light para permitir el control inal\u00e1mbrico del brillo y los efectos especiales<\/li>\n<li>Acepta modificadores de luz y accesorios de montura S de Bowens, como el reflector incluido para producir una calidad de luz amplia, uniforme y neutra<\/li>\n<li>Soporte de paraguas incorporado<\/li>\n<li>Dise\u00f1o ligero y compacto para una configuraci\u00f3n y transporte r\u00e1pidos<\/li>\n<\/ul>\n<p><strong>Soporte de luz Godox 304 (6.5&#8242;)<\/strong><\/p>\n<p>El soporte de luz de aluminio modelo 304 de Godox es un soporte de tres secciones con patas reforzadas que se eleva a una altura m\u00e1xima de 6.5 &#8216;y ofrece una altura m\u00ednima de 27.5 &#8220;. Realiza ajustes de altura. <\/p>\n<p><strong>Godox Softbox con Bowens Speed ?? Anillo (23,6 x 35,4&#8243;)<\/strong><\/p>\n<p>La caja de luz Bowens Speed Ring de Godox es un modificador de 23.6 x 35.4&#8243; que se adapta a las cabezas de flash Godox de tama\u00f1o completo u otras marcas que tienen el accesorio frontal Bowens ampliamente utilizado. Buena para todo tipo de trabajos fotogr\u00e1ficos, la caja de luz ofrece una apariencia suave y una calidad de luz agradable con sombras abiertas y un contraste manejable. <\/p>\n<p><strong>Juego completo<\/strong><\/p>\n<p>Godox Litemons LA200D K2 es un kit de iluminaci\u00f3n compuesto por dos luces LA200D, junto con cajas de luz, soportes de luz y una bolsa de transporte. Es la opci\u00f3n ideal cuando necesita un juego de luces asequible y listo para usar, junto con todos los accesorios necesarios. Los soportes de luz de 3 secciones Godox 304 que encontrar\u00e1s en el set est\u00e1n fabricados en aluminio y tienen una altura m\u00e1xima de 200 cm. Las cajas de luz son modelos Godox SB-NB6090, que son modificadores rectangulares con montura Bowens con lados de 60&#215;90 cm. El set tambi\u00e9n incluye una bolsa para guardar todo el set y llevarlo c\u00f3modamente.    <\/p>\n<p><strong>Brillantez intransigente<\/strong><\/p>\n<p>Un brillo fiable es la garant\u00eda de todas las creaciones de contenido. Peque\u00f1a pero potente, la serie LA ofrece una potente salida de 101.000 lux a 1 metro (LA200D con reflector). Un ajuste continuo de 0 a 100% para un control preciso, ayud\u00e1ndote a obtener el efecto de iluminaci\u00f3n exacto en tus ideas.  <\/p>\n<p><strong>Alta reproducci\u00f3n crom\u00e1tica<\/strong><\/p>\n<p>Una alta clasificaci\u00f3n CRI \/ TLCI de 96 + \/ 97 + garantiza colores naturales y fieles en cualquier aplicaci\u00f3n.<\/p>\n<p><strong>Controla la aplicaci\u00f3n a voluntad<\/strong><\/p>\n<p>Con la aplicaci\u00f3n Godox Light, todos los ajustes est\u00e1n a solo un toque de distancia, lo que facilita que la serie LA cambie el brillo, la temperatura del color, los efectos FX y coopere con otros miembros LED pertenecientes a la familia Godox.<\/p>\n<p><strong>Configuraci\u00f3n r\u00e1pida, f\u00e1cil producci\u00f3n<\/strong><\/p>\n<p>Con un peso de 1,4 kg cada uno, la serie LA es r\u00e1pida de ensamblar y transportar, lo que ahorra tiempo y energ\u00eda en cada producci\u00f3n. El cuerpo compacto puede caber bien en espacios estrechos, siendo tan flexible para ser utilizado en estudios peque\u00f1os y rodajes caseros. <\/p>\n<p><strong>Creativos efectos de luz especiales<\/strong><\/p>\n<p>El LA200D cuenta con 8 efectos de luz FX, incluidos Flash 1, Flash 2, Flash 3, Storm 1, Storm 2, Storm 3, TV y Broken Bulb, lo que le brinda m\u00e1s posibilidades creativas sin costo adicional.<\/p>\n<p><strong>Potencial de modelado de luz<\/strong><\/p>\n<p>Compatible con cualquier modelador de luz de montura Bowens, funciona perfectamente con el sistema de modelado de luz Godox y otros modificadores convencionales del mercado, explorando m\u00e1s potencial de escultura de luz para su producci\u00f3n. Con un parag\u00fcero incorporado, lograr una iluminaci\u00f3n m\u00e1s suave nunca ha sido tan f\u00e1cil. <\/p>\n<p><strong>En la caja:<\/strong><\/p>\n<p>2x luz Godox LA200D,<\/p>\n<p>2 x Caja de luz Godox SB6090,<\/p>\n<p>2 x Soporte de luz Godox 302,<\/p>\n<p>2 reflectores RFT-19,<\/p>\n<p>2 x Cubierta,<\/p>\n<p>2x adaptador,<\/p>\n<p>2x cable de acero,<\/p>\n<p>2x banda de sujeci\u00f3n,<\/p>\n<p>2 x Cable de alimentaci\u00f3n,<\/p>\n<p>1 x bolsa de transporte,<\/p>\n<p>1 x Embalaje original.<\/p>\n","protected":false},"excerpt":{"rendered":"<p>Kit LED de luz diurna GODOX Litemons LA200D Caracter\u00edsticas principales: Dos luces LED de luz diurna LA200D Dos soportes de<\/p>\n","protected":false},"featured_media":57251,"comment_status":"closed","ping_status":"open","template":"","meta":{"_acf_changed":false},"product_brand":[2555],"product_cat":[991],"product_tag":[],"class_list":{"0":"post-72092","1":"product","2":"type-product","3":"status-publish","4":"has-post-thumbnail","6":"product_brand-godox-es","7":"product_cat-luz-continua-es","9":"first","10":"instock","11":"taxable","12":"shipping-taxable","13":"purchasable","14":"product-type-simple"},"bundled_by":[],"bundle_stock_status":"instock","bundle_stock_quantity":1,"bundle_virtual":false,"bundle_layout":"","bundle_add_to_cart_form_location":"","bundle_editable_in_cart":false,"bundle_sold_individually_context":"","bundle_item_grouping":"","bundle_min_size":"","bundle_max_size":"","bundle_price":[],"bundled_items":[],"bundle_sell_ids":[],"acf":[],"_links":{"self":[{"href":"https:\/\/hi-techwonder.com\/es\/wp-json\/wp\/v2\/product\/72092","targetHints":{"allow":["GET"]}}],"collection":[{"href":"https:\/\/hi-techwonder.com\/es\/wp-json\/wp\/v2\/product"}],"about":[{"href":"https:\/\/hi-techwonder.com\/es\/wp-json\/wp\/v2\/types\/product"}],"replies":[{"embeddable":true,"href":"https:\/\/hi-techwonder.com\/es\/wp-json\/wp\/v2\/comments?post=72092"}],"wp:featuredmedia":[{"embeddable":true,"href":"https:\/\/hi-techwonder.com\/es\/wp-json\/wp\/v2\/media\/57251"}],"wp:attachment":[{"href":"https:\/\/hi-techwonder.com\/es\/wp-json\/wp\/v2\/media?parent=72092"}],"wp:term":[{"taxonomy":"product_brand","embeddable":true,"href":"https:\/\/hi-techwonder.com\/es\/wp-json\/wp\/v2\/product_brand?post=72092"},{"taxonomy":"product_cat","embeddable":true,"href":"https:\/\/hi-techwonder.com\/es\/wp-json\/wp\/v2\/product_cat?post=72092"},{"taxonomy":"product_tag","embeddable":true,"href":"https:\/\/hi-techwonder.com\/es\/wp-json\/wp\/v2\/product_tag?post=72092"}],"curies":[{"name":"wp","href":"https:\/\/api.w.org\/{rel}","templated":true}]}}