{"id":72093,"date":"2025-07-29T10:08:35","date_gmt":"2025-07-29T10:08:35","guid":{"rendered":"https:\/\/fv6qoy3ls0.wpdns.site\/produto\/godox-litemons-led-la200d-luz-del-dia\/"},"modified":"2025-10-30T16:31:49","modified_gmt":"2025-10-30T16:31:49","slug":"godox-litemons-led-la200d-luz-del-dia","status":"publish","type":"product","link":"https:\/\/hi-techwonder.com\/es\/producto\/godox-litemons-led-la200d-luz-del-dia\/","title":{"rendered":"GODOX Litemons LED LA200D (Luz del d\u00eda)"},"content":{"rendered":"<p><strong>GODOX <\/strong><strong>Litemons LED LA200D (Luz del d\u00eda)<\/strong><\/p>\n<p>Godox ha lanzado su exitoso producto y se ha ganado el apoyo y la admiraci\u00f3n de nuestros clientes. Pero cuanto m\u00e1s avanzamos, m\u00e1s responsabilidades sentimos para contribuir con soluciones livianas y asequibles para aquellos que desean comenzar a crear, nos complace presentar los litemons LA150D \/ 150Bi \/ 200D \/ 200Bi rentables. Con diferentes salidas y versiones de luz diurna\/bicolor para elegir, la serie LA puede satisfacer diversas necesidades de Youtubers, transmisores en vivo, creadores de videos, productores comerciales y m\u00e1s.  <\/p>\n<p><iframe loading=\"lazy\" style=\"width: 889px; height: 500px;\" title=\"Reproductor de video de YouTube\" src=\"https:\/\/www.youtube.com\/embed\/2KPerwJaWF4\" width=\"889\" height=\"500\" frameborder=\"0\" allowfullscreen=\"allowfullscreen\"><\/iframe><\/p>\n<p><strong>Brillantez intransigente<\/strong><\/p>\n<p>Fiable es la garant\u00eda para todas las creaciones de contenido. Peque\u00f1o pero poderoso. La serie LA proporciona una potente potencia de 101.000 lux a 1 m. (LA200D con reflector). Un ajuste continuo de 0 a 100% para un control preciso, lo que ayuda a realizar el efecto de iluminaci\u00f3n exacto en sus ideas.    <\/p>\n<p><strong>Opci\u00f3n de temperatura de color libre<\/strong><\/p>\n<p>Si solo est\u00e1 buscando una iluminaci\u00f3n de luz diurna equilibrada, el LA150D \/ LA200D har\u00e1 el truco; o bien el LA150Bi\/LA200Bi de dos colores, ajustable de 2800-6500K, est\u00e1 bien preparado para encajar en varios entornos y crear escenas creativas.<\/p>\n<p><strong>Alta reproducci\u00f3n crom\u00e1tica<\/strong><\/p>\n<p>Una alta clasificaci\u00f3n CRI \/ TLCI de 96 + \/ 97 + garantiza colores naturales y fieles en cualquier aplicaci\u00f3n.<\/p>\n<p><strong>Control de aplicaciones a voluntad<\/strong><\/p>\n<p>Con la aplicaci\u00f3n de luz Godox, todos los ajustes est\u00e1n a solo un toque de distancia, lo que facilita que la serie LA cambie el brillo, la temperatura del color, el efecto FX y coopere con otros miembros LED pertenecientes a la familia Godox.<\/p>\n<p><strong>Configuraci\u00f3n r\u00e1pida, f\u00e1cil producci\u00f3n<\/strong><\/p>\n<p>Con un peso de 1,4 kg cada uno, la serie LA es r\u00e1pida de ensamblar y transportar, lo que le ahorra tiempo y energ\u00eda en cada ciclo de producci\u00f3n. El cuerpo compacto puede caber bien en espacios estrechos, por lo tanto, es flexible para ser utilizado en estudios peque\u00f1os y tomas en casa. <\/p>\n<p><strong>Creativos efectos de luz especiales<\/strong><\/p>\n<p>LA150D\/LA200D\/ cuenta con 8 efectos de luz FX, incluyendo flash 1, Flash 2, Flash 3, Storm 1, Storm 2, Storm 3, TV y Bombilla rota, proporcionando m\u00e1s posibilidades creativas sin coste adicional. LA150Bi \/ LA200Bi agrega otros tres efectos de luz; Velas, fuego y fuegos artificiales. <\/p>\n<p><strong>Potencial infinito de modelado de luz<\/strong><\/p>\n<p>Compatible con cualquier modelador de luz de montura Bowens, funciona perfectamente con el sistema de modelado de luz godox y otros modificadores convencionales del mercado, explorando m\u00e1s potencial de escultura de luz para su producci\u00f3n. Con un parag\u00fcero integrado, nunca ha sido tan f\u00e1cil lograr una iluminaci\u00f3n m\u00e1s suave. <\/p>\n<p><strong>Funciones<\/strong><\/p>\n<ul>\n<li>Potencia m\u00e1xima: 230W<\/li>\n<li>Temperatura de color: 5600K<\/li>\n<li>100% de brillo lum\u00ednico (LUX, 1M con reflector):\u2248101.000<\/li>\n<li>CRI \u2248 96<\/li>\n<li>TLCI \u2248 97<\/li>\n<li>Rango de brillo de la luz: 0% -100%<\/li>\n<li>Dimensi\u00f3n (no incluye un reflector est\u00e1ndar): 205x145x215mm<\/li>\n<li>Peso neto: 1,4 kg<\/li>\n<li>Control manual,<\/li>\n<li>Control de aplicaciones Bluetooth<\/li>\n<\/ul>\n<p><strong>En la caja<\/strong><\/p>\n<ul>\n<li>1 x Cuerpo de luz<\/li>\n<li>1x Reflector RFT-19<\/li>\n<li>1x cubierta protectora<\/li>\n<li>1 x Adaptador<\/li>\n<li>1 x Cable de alimentaci\u00f3n<\/li>\n<li>1x Banda de sujeci\u00f3n<\/li>\n<li>1 x Cable de acero<\/li>\n<li>1 x Manual de usuario<\/li>\n<\/ul>\n","protected":false},"excerpt":{"rendered":"<p>GODOX Litemons LED LA200D (Luz del d\u00eda) Godox ha lanzado su exitoso producto y se ha ganado el apoyo y<\/p>\n","protected":false},"featured_media":58935,"comment_status":"closed","ping_status":"open","template":"","meta":{"_acf_changed":false},"product_brand":[2555],"product_cat":[997],"product_tag":[],"class_list":{"0":"post-72093","1":"product","2":"type-product","3":"status-publish","4":"has-post-thumbnail","6":"product_brand-godox-es","7":"product_cat-focos","9":"first","10":"pre-order","11":"taxable","12":"shipping-taxable","13":"purchasable","14":"product-type-simple"},"bundled_by":[],"bundle_stock_status":"pre-order","bundle_stock_quantity":null,"bundle_virtual":false,"bundle_layout":"","bundle_add_to_cart_form_location":"","bundle_editable_in_cart":false,"bundle_sold_individually_context":"","bundle_item_grouping":"","bundle_min_size":"","bundle_max_size":"","bundle_price":[],"bundled_items":[],"bundle_sell_ids":[],"acf":[],"_links":{"self":[{"href":"https:\/\/hi-techwonder.com\/es\/wp-json\/wp\/v2\/product\/72093","targetHints":{"allow":["GET"]}}],"collection":[{"href":"https:\/\/hi-techwonder.com\/es\/wp-json\/wp\/v2\/product"}],"about":[{"href":"https:\/\/hi-techwonder.com\/es\/wp-json\/wp\/v2\/types\/product"}],"replies":[{"embeddable":true,"href":"https:\/\/hi-techwonder.com\/es\/wp-json\/wp\/v2\/comments?post=72093"}],"wp:featuredmedia":[{"embeddable":true,"href":"https:\/\/hi-techwonder.com\/es\/wp-json\/wp\/v2\/media\/58935"}],"wp:attachment":[{"href":"https:\/\/hi-techwonder.com\/es\/wp-json\/wp\/v2\/media?parent=72093"}],"wp:term":[{"taxonomy":"product_brand","embeddable":true,"href":"https:\/\/hi-techwonder.com\/es\/wp-json\/wp\/v2\/product_brand?post=72093"},{"taxonomy":"product_cat","embeddable":true,"href":"https:\/\/hi-techwonder.com\/es\/wp-json\/wp\/v2\/product_cat?post=72093"},{"taxonomy":"product_tag","embeddable":true,"href":"https:\/\/hi-techwonder.com\/es\/wp-json\/wp\/v2\/product_tag?post=72093"}],"curies":[{"name":"wp","href":"https:\/\/api.w.org\/{rel}","templated":true}]}}