{"id":72094,"date":"2025-07-29T10:09:32","date_gmt":"2025-07-29T10:09:32","guid":{"rendered":"https:\/\/fv6qoy3ls0.wpdns.site\/produto\/godox-litemons-la200r-led-monolight\/"},"modified":"2025-07-29T10:09:32","modified_gmt":"2025-07-29T10:09:32","slug":"godox-litemons-la200r-led-monolight","status":"publish","type":"product","link":"https:\/\/hi-techwonder.com\/es\/producto\/godox-litemons-la200r-led-monolight\/","title":{"rendered":"GODOX Litemons LA200R Led Monolight"},"content":{"rendered":"<p><\/p>\n<p><b>Godox Litemons LA200R Led Monolight<\/b><\/p>\n<p><\/p>\n<p>La luz de video LED Godox Litemons LA200R es perfecta para publicidad comercial, producci\u00f3n de microfilmes y transmisi\u00f3n en vivo. Sus caracter\u00edsticas incluyen el modo RGBW de color para efectos de iluminaci\u00f3n vers\u00e1tiles, amplio rango de temperatura de color (1800K-6500K), brillo ajustable y l\u00e1mparas de alto brillo.   <\/p>\n<p>Con m\u00faltiples modos como efectos CCT\/HSI\/RGBW\/GEL\/FX y soporte para atenuaci\u00f3n de cien niveles, le brinda la flexibilidad para satisfacer diferentes necesidades de grabaci\u00f3n.<\/p>\n<p><iframe loading=\"lazy\" frameborder=\"0\" src=\"https:\/\/www.youtube.com\/embed\/XAVOwylm8zc\" width=\"640\" height=\"360\" class=\"note-video-clip\" referrerpolicy=\"strict-origin-when-cross-origin\"><\/iframe><\/p>\n<p><\/p>\n<p>Perfecto para publicidad comercial, producci\u00f3n de microfilmes y transmisi\u00f3n en vivo.&nbsp;<\/p>\n<p>Adici\u00f3n de NFC<\/p>\n<p>Compatibilidad con monturas Bowens<\/p>\n<p>Cuentas premium para una claridad excepcional<\/p>\n<p>La LA200R cumple con los est\u00e1ndares de dise\u00f1o LED profesional de KNOWLED y supera los puntos de referencia de la industria con par\u00e1metros de eficiencia \u00f3ptica que superan significativamente las l\u00e1mparas RGB tradicionales.<\/p>\n<p><\/p>\n<p><b>Adici\u00f3n de NFC<\/b><\/p>\n<p>Si abre la aplicaci\u00f3n Godox Light junto al chip NFC de la bombilla, se agregar\u00e1 instant\u00e1neamente, para una integraci\u00f3n perfecta y un f\u00e1cil control. Esta caracter\u00edstica acelera la adici\u00f3n de m\u00faltiples luces, lo que hace que las configuraciones de m\u00faltiples luces sean m\u00e1s r\u00e1pidas y eficientes. <\/p>\n<p><\/p>\n<p><b>Iluminaci\u00f3n personalizable y vers\u00e1til<\/b><\/p>\n<p>Con m\u00faltiples modos como efectos CCT\/HSI\/RGBW\/GEL\/FX y soporte para cientos de niveles de atenuaci\u00f3n, el LA200R le brinda la flexibilidad para satisfacer diferentes necesidades de grabaci\u00f3n.<\/p>\n<p><\/p>\n<p><b>Alimentaci\u00f3n de la bater\u00eda DC y V-Mount<\/b><\/p>\n<p>El LA200R ofrece opciones de alimentaci\u00f3n convenientes, con una interfaz de alimentaci\u00f3n universal de 48 V CC y compatibilidad con bater\u00edas de montaje en V para configuraciones de iluminaci\u00f3n m\u00f3viles, cuando se usa con la placa de bater\u00eda dual Godox DBP-V (se vende por separado).<\/p>\n<p><\/p>\n<p><b>Control de aplicaciones fluido<\/b><\/p>\n<p>La aplicaci\u00f3n Godox Light ofrece ajustes de iluminaci\u00f3n suaves y se ha actualizado con una nueva funci\u00f3n de intercambio de escenas. Puede conectar f\u00e1cilmente varias luces para el control remoto y sincronizado de varios efectos FX. &nbsp;<\/p>\n<p><b><br \/><\/b><\/p>\n<p><b>Compatibilidad con monturas Bowens<\/b><\/p>\n<p>El LA200R cuenta con un soporte universal Bowens compatible con una gama de accesorios de control de iluminaci\u00f3n, lo que lo ayuda a maximizar su potencial creativo.<\/p>\n<p><b>Funciones<\/b><\/p>\n<p>Modelo: LA20OR<\/p>\n<p>Potencia de entrada: 220W<\/p>\n<p><\/p>\n<p><b>Contenido del paquete:<\/b><\/p>\n<p>1 x Luz de video LED Godox Litemons LA200R<\/p>\n<p>1 x cable de alimentaci\u00f3n de CA<\/p>\n<p>1 x Reflector<\/p>\n<p>1 x Cable de acero<\/p>\n<p>1 x Adaptador<\/p>\n","protected":false},"excerpt":{"rendered":"<p>Godox Litemons LA200R Led Monolight La luz de video LED Godox Litemons LA200R es perfecta para publicidad comercial, producci\u00f3n de<\/p>\n","protected":false},"featured_media":59249,"comment_status":"closed","ping_status":"open","template":"","meta":{"_acf_changed":false},"product_brand":[2555],"product_cat":[997],"product_tag":[],"class_list":{"0":"post-72094","1":"product","2":"type-product","3":"status-publish","4":"has-post-thumbnail","6":"product_brand-godox-es","7":"product_cat-focos","9":"first","10":"onbackorder","11":"taxable","12":"shipping-taxable","13":"purchasable","14":"product-type-simple"},"bundled_by":[],"bundle_stock_status":"onbackorder","bundle_stock_quantity":0,"bundle_virtual":false,"bundle_layout":"","bundle_add_to_cart_form_location":"","bundle_editable_in_cart":false,"bundle_sold_individually_context":"","bundle_item_grouping":"","bundle_min_size":"","bundle_max_size":"","bundle_price":[],"bundled_items":[],"bundle_sell_ids":[],"acf":[],"_links":{"self":[{"href":"https:\/\/hi-techwonder.com\/es\/wp-json\/wp\/v2\/product\/72094","targetHints":{"allow":["GET"]}}],"collection":[{"href":"https:\/\/hi-techwonder.com\/es\/wp-json\/wp\/v2\/product"}],"about":[{"href":"https:\/\/hi-techwonder.com\/es\/wp-json\/wp\/v2\/types\/product"}],"replies":[{"embeddable":true,"href":"https:\/\/hi-techwonder.com\/es\/wp-json\/wp\/v2\/comments?post=72094"}],"wp:featuredmedia":[{"embeddable":true,"href":"https:\/\/hi-techwonder.com\/es\/wp-json\/wp\/v2\/media\/59249"}],"wp:attachment":[{"href":"https:\/\/hi-techwonder.com\/es\/wp-json\/wp\/v2\/media?parent=72094"}],"wp:term":[{"taxonomy":"product_brand","embeddable":true,"href":"https:\/\/hi-techwonder.com\/es\/wp-json\/wp\/v2\/product_brand?post=72094"},{"taxonomy":"product_cat","embeddable":true,"href":"https:\/\/hi-techwonder.com\/es\/wp-json\/wp\/v2\/product_cat?post=72094"},{"taxonomy":"product_tag","embeddable":true,"href":"https:\/\/hi-techwonder.com\/es\/wp-json\/wp\/v2\/product_tag?post=72094"}],"curies":[{"name":"wp","href":"https:\/\/api.w.org\/{rel}","templated":true}]}}