{"id":72095,"date":"2025-07-29T09:57:21","date_gmt":"2025-07-29T09:57:21","guid":{"rendered":"https:\/\/fv6qoy3ls0.wpdns.site\/produto\/godox-lux-senior-retro-flash\/"},"modified":"2025-07-29T09:57:21","modified_gmt":"2025-07-29T09:57:21","slug":"godox-lux-senior-retro-flash","status":"publish","type":"product","link":"https:\/\/hi-techwonder.com\/es\/producto\/godox-lux-senior-retro-flash\/","title":{"rendered":"GODOX Lux Senior Retro Flash"},"content":{"rendered":"<p><strong>GODOX <\/strong><strong>Lux Senior Flash Retro<\/strong><\/p>\n<p><strong>Funciones:<\/strong><\/p>\n<ul>\n<li>Encendido, ISO, paradas, dial de distancia<\/li>\n<li>N\u00famero de gu\u00eda: 14m ISO 100<\/li>\n<li>7 x Niveles de salida: 1\/1 a 1\/64<\/li>\n<li>Funciona con bater\u00eda recargable<\/li>\n<li>Modos manual y autom\u00e1tico, cubierta fija de 28 mm<\/li>\n<\/ul>\n<p><strong>Contenido del paquete:<\/strong><\/p>\n<ul>\n<li>Flash Retro Lux Senior<\/li>\n<li>Cable de carga<\/li>\n<li>Cable de disparo<\/li>\n<li>Bolsa de almacenamiento<\/li>\n<\/ul>\n<p><iframe loading=\"lazy\" style=\"min-height: 500px; width: 100%; height: auto;\" src=\"https:\/\/www.youtube.com\/embed\/JHxyslCRNEg\" width=\"560\" height=\"314\" allowfullscreen=\"allowfullscreen\"><\/iframe><\/p>\n<p>Con un formato vintage como si de una colecci\u00f3n de museo rara se tratara, Lux Senior trae la inspiraci\u00f3n de una gran obra de arte cada vez que la despliegas.<\/p>\n<p>Al fotografiar con Lux Senior, mantienes la conexi\u00f3n entre el pasado y el futuro. Plegado, es como otro tel\u00e9fono que toma. Desplegado, ser\u00e1 la m\u00e1quina del tiempo que te llevar\u00e1 a un viaje por la historia de la fotograf\u00eda y conocer\u00e1s a los grandes fot\u00f3grafos de la \u00e9poca gloriosa.  <\/p>\n<p>Con Lux Senior, crea el aspecto glamuroso de la nostalgia con un simple clic del bot\u00f3n del obturador y presenta la belleza cl\u00e1sica original de los a\u00f1os 60 sin a\u00f1adir ning\u00fan filtro.<\/p>\n<p>Seleccione el modo que prefiera. Adoptando el mismo m\u00e9todo de operaci\u00f3n que el Lux Junior, el Lux Senior tambi\u00e9n ofrece dos formas de control de luz: el modo de flash autom\u00e1tico y el modo de flash manual. Selecciona el modo A para sumergirte en ideas creativas o el modo M para aprovechar el logro del control manual.  <\/p>\n<p>Compatible con las c\u00e1maras Fujifilm, Canon, Nikon, Olympus y Sony, el flash Godox Retro Lux Senior es una fuente de luz en miniatura de 176x114x84 mm con caracter\u00edsticas b\u00e1sicas y es lo suficientemente peque\u00f1a como para montarla regularmente en su c\u00e1mara.<\/p>\n<p>Llamado flash \u00abretro\u00bb, la unidad tiene un dial simple que correlaciona ISO con aperturas, niveles de potencia y distancias de disparo. Por ejemplo, si quieres disparar a 13 cm con un ISO de 400, el dial alinea f\/5.6 y 1\/16 de potencia. El flash tambi\u00e9n tiene un modo autom\u00e1tico, que por defecto es f\/2.8 a ISO 100.  <\/p>\n<p>Las funciones de control incluyen un modo \u00f3ptico que ofrece configuraciones S1 y S2. En S1, el flash se disparar\u00e1 en respuesta a otro flash manual o TTL, mientras que en S2 el flash retro responder\u00e1 de la misma manera, pero ignorar\u00e1 el flash inicial. La unidad funciona con la bater\u00eda recargable y viene con un cable de disparo y una bolsa de almacenamiento.  <\/p>\n<p><iframe loading=\"lazy\" style=\"min-height: 500px; width: 100%; height: auto;\" src=\"https:\/\/www.youtube.com\/embed\/kzuwnUtGoyk\" width=\"560\" height=\"314\" allowfullscreen=\"allowfullscreen\"><\/iframe><\/p>\n<p><strong>Caracter\u00edsticas t\u00e9cnicas:&nbsp;<\/strong><\/p>\n<ul>\n<li><strong>N\u00famero de gu\u00eda (nivel 1\/1):<\/strong> GN14 (ISO100, en metros)<\/li>\n<li><strong>Bater\u00eda de litio: <\/strong>3.7V 1700mAh<\/li>\n<li><strong>Par\u00e1metro de entrada:<\/strong> 5V ? 2A <\/li>\n<li><strong>Potencia de flash:<\/strong> 7 niveles: 1\/1-1\/64<\/li>\n<li><strong>CCT: <\/strong>6000K \u00b1 200K<\/li>\n<li><strong>Distancia focal: <\/strong>28 mm (valor fijo)<\/li>\n<li><strong>Pantalla de panel &#8211; Alimentaci\u00f3n: <\/strong>Completo, 1\/2, 1\/4, 1\/8, 1\/16, 1\/32, 1\/64<\/li>\n<li><strong>Pantalla de panel &#8211; Apertura: <\/strong>F2-16<\/li>\n<li><strong>Pantalla de panel &#8211; Distancia:<\/strong> 0,5 m, 0,7 m, 1 m, 1,5 m, 2 m, 3 m, 4 m<\/li>\n<li><strong>Pantalla de panel &#8211; Autom\u00e1tico:<\/strong> f2.8 ISO100 (valor predeterminado en el modo de flash autom\u00e1tico A)<\/li>\n<li><strong>Control \u00f3ptico:<\/strong> Flash \u00f3ptico S1 \/ Control \u00f3ptico S2<\/li>\n<li><strong>Temperatura ambiente de trabajo: <\/strong>-10 ?~50?<\/li>\n<li><strong>Tiempo de reciclaje (nivel m\u00e1ximo): <\/strong>&lt;3S<\/li>\n<li><strong>Tiempos de flash a plena potencia (nivel 1\/1): <\/strong>150 veces<\/li>\n<li><strong>Rango de temperatura de carga de la bater\u00eda: <\/strong>0?-60?<\/li>\n<li><strong>SINCRONIZAR: <\/strong>Zapata, cable SYNC<\/li>\n<li><strong>Dimensi\u00f3n:<\/strong> 84 mm x 114 mm x 176 mm<\/li>\n<li><strong>Peso neto:<\/strong> 227g<\/li>\n<\/ul>\n","protected":false},"excerpt":{"rendered":"<p>GODOX Lux Senior Flash Retro Funciones: Encendido, ISO, paradas, dial de distancia N\u00famero de gu\u00eda: 14m ISO 100 7 x<\/p>\n","protected":false},"featured_media":56456,"comment_status":"closed","ping_status":"open","template":"","meta":{"_acf_changed":false},"product_brand":[2555],"product_cat":[1022],"product_tag":[],"class_list":{"0":"post-72095","1":"product","2":"type-product","3":"status-publish","4":"has-post-thumbnail","6":"product_brand-godox-es","7":"product_cat-manuales","9":"first","10":"onbackorder","11":"taxable","12":"shipping-taxable","13":"purchasable","14":"product-type-simple"},"bundled_by":[],"bundle_stock_status":"onbackorder","bundle_stock_quantity":0,"bundle_virtual":false,"bundle_layout":"","bundle_add_to_cart_form_location":"","bundle_editable_in_cart":false,"bundle_sold_individually_context":"","bundle_item_grouping":"","bundle_min_size":"","bundle_max_size":"","bundle_price":[],"bundled_items":[],"bundle_sell_ids":[],"acf":[],"_links":{"self":[{"href":"https:\/\/hi-techwonder.com\/es\/wp-json\/wp\/v2\/product\/72095","targetHints":{"allow":["GET"]}}],"collection":[{"href":"https:\/\/hi-techwonder.com\/es\/wp-json\/wp\/v2\/product"}],"about":[{"href":"https:\/\/hi-techwonder.com\/es\/wp-json\/wp\/v2\/types\/product"}],"replies":[{"embeddable":true,"href":"https:\/\/hi-techwonder.com\/es\/wp-json\/wp\/v2\/comments?post=72095"}],"wp:featuredmedia":[{"embeddable":true,"href":"https:\/\/hi-techwonder.com\/es\/wp-json\/wp\/v2\/media\/56456"}],"wp:attachment":[{"href":"https:\/\/hi-techwonder.com\/es\/wp-json\/wp\/v2\/media?parent=72095"}],"wp:term":[{"taxonomy":"product_brand","embeddable":true,"href":"https:\/\/hi-techwonder.com\/es\/wp-json\/wp\/v2\/product_brand?post=72095"},{"taxonomy":"product_cat","embeddable":true,"href":"https:\/\/hi-techwonder.com\/es\/wp-json\/wp\/v2\/product_cat?post=72095"},{"taxonomy":"product_tag","embeddable":true,"href":"https:\/\/hi-techwonder.com\/es\/wp-json\/wp\/v2\/product_tag?post=72095"}],"curies":[{"name":"wp","href":"https:\/\/api.w.org\/{rel}","templated":true}]}}