{"id":72096,"date":"2025-07-29T10:01:02","date_gmt":"2025-07-29T10:01:02","guid":{"rendered":"https:\/\/fv6qoy3ls0.wpdns.site\/produto\/brazo-godox-mf-db-para-mf12\/"},"modified":"2026-01-31T01:51:12","modified_gmt":"2026-01-31T01:51:12","slug":"godox-brazo-godox-mf-db-para-mf12","status":"publish","type":"product","link":"https:\/\/hi-techwonder.com\/es\/producto\/godox-brazo-godox-mf-db-para-mf12\/","title":{"rendered":"Brazo GODOX MF-DB para MF12"},"content":{"rendered":"<h3>Brazo Godox MF-DB para MF12&nbsp;<\/h3>\n<ul>\n<li>Monta dos flashes Godox MF12<\/li>\n<li>Proporciona posicionamiento ajustable<\/li>\n<li>Brazos plegables<\/li>\n<\/ul>\n<p>El soporte de luz dual Godox MF-DB para el kit de flash dental MF12-DK1 est\u00e1 especialmente dise\u00f1ado para el flash macro MF12. Garantiza una instalaci\u00f3n estable y se ajusta a cualquier posici\u00f3n de exposici\u00f3n ideal. &nbsp;<\/p>\n<p>Los cabezales de flash duales se pueden girar 180\u00b0 en la montura, lo que permite colocarlos lo m\u00e1s cerca posible de la lente y exponer de manera efectiva los molares posteriores.<\/p>\n<h4>Funciones<\/h4>\n<ul>\n<li>Especialmente dise\u00f1ado para la unidad de flash macro MF12<\/li>\n<li>Adecuado para dos cabezales de flash<\/li>\n<li>Rotaci\u00f3n de 180\u00b0 de los cabezales de flash en el soporte<\/li>\n<li>Brazos plegables<\/li>\n<\/ul>\n","protected":false},"excerpt":{"rendered":"<p>Brazo Godox MF-DB para MF12&nbsp; Monta dos flashes Godox MF12 Proporciona posicionamiento ajustable Brazos plegables El soporte de luz dual<\/p>\n","protected":false},"featured_media":57112,"comment_status":"closed","ping_status":"open","template":"","meta":{"_acf_changed":false},"product_brand":[2555],"product_cat":[1020],"product_tag":[],"class_list":{"0":"post-72096","1":"product","2":"type-product","3":"status-publish","4":"has-post-thumbnail","6":"product_brand-godox-es","7":"product_cat-accesorios-cables","9":"first","10":"onbackorder","11":"taxable","12":"shipping-taxable","13":"purchasable","14":"product-type-simple"},"bundled_by":[],"bundle_stock_status":"onbackorder","bundle_stock_quantity":0,"bundle_virtual":false,"bundle_layout":"","bundle_add_to_cart_form_location":"","bundle_editable_in_cart":false,"bundle_sold_individually_context":"","bundle_item_grouping":"","bundle_min_size":"","bundle_max_size":"","bundle_price":[],"bundled_items":[],"bundle_sell_ids":[],"acf":[],"_links":{"self":[{"href":"https:\/\/hi-techwonder.com\/es\/wp-json\/wp\/v2\/product\/72096","targetHints":{"allow":["GET"]}}],"collection":[{"href":"https:\/\/hi-techwonder.com\/es\/wp-json\/wp\/v2\/product"}],"about":[{"href":"https:\/\/hi-techwonder.com\/es\/wp-json\/wp\/v2\/types\/product"}],"replies":[{"embeddable":true,"href":"https:\/\/hi-techwonder.com\/es\/wp-json\/wp\/v2\/comments?post=72096"}],"wp:featuredmedia":[{"embeddable":true,"href":"https:\/\/hi-techwonder.com\/es\/wp-json\/wp\/v2\/media\/57112"}],"wp:attachment":[{"href":"https:\/\/hi-techwonder.com\/es\/wp-json\/wp\/v2\/media?parent=72096"}],"wp:term":[{"taxonomy":"product_brand","embeddable":true,"href":"https:\/\/hi-techwonder.com\/es\/wp-json\/wp\/v2\/product_brand?post=72096"},{"taxonomy":"product_cat","embeddable":true,"href":"https:\/\/hi-techwonder.com\/es\/wp-json\/wp\/v2\/product_cat?post=72096"},{"taxonomy":"product_tag","embeddable":true,"href":"https:\/\/hi-techwonder.com\/es\/wp-json\/wp\/v2\/product_tag?post=72096"}],"curies":[{"name":"wp","href":"https:\/\/api.w.org\/{rel}","templated":true}]}}