{"id":72097,"date":"2025-07-29T09:57:21","date_gmt":"2025-07-29T09:57:21","guid":{"rendered":"https:\/\/fv6qoy3ls0.wpdns.site\/produto\/godox-lux-junior-retro-flash\/"},"modified":"2026-01-08T17:52:11","modified_gmt":"2026-01-08T17:52:11","slug":"godox-lux-junior-retro-flash","status":"publish","type":"product","link":"https:\/\/hi-techwonder.com\/es\/producto\/godox-lux-junior-retro-flash\/","title":{"rendered":"GODOX Lux Junior Retro Flash"},"content":{"rendered":"<p><strong>GODOX Lux Junior Retro Flash<\/strong><\/p>\n<p>Compatible con las c\u00e1maras FUJIFILM, Canon, Nikon, Olympus y Sony, el flash de c\u00e1mara retro Lux Junior de Godox es una diminuta fuente de luz de 2.9 x 2 x 2.8 \u00abcon caracter\u00edsticas b\u00e1sicas y es lo suficientemente peque\u00f1a como para montarla regularmente en su c\u00e1mara.<\/p>\n<p><iframe loading=\"lazy\" style=\"width: 952px; height: 500px;\" title=\"Mantenlo simple | Lux Junior Retro Camera Flash Teaser\" src=\"https:\/\/www.youtube.com\/embed\/dK_G3WqVn3Q\" width=\"952\" height=\"500\" frameborder=\"0\" allowfullscreen=\"allowfullscreen\"><\/iframe><\/p>\n<p>Llamado flash \u00abretro\u00bb, la unidad tiene un dial simple que correlaciona ISO con aperturas, niveles de potencia y distancias de disparo. Por ejemplo, si desea disparar a 5 &#8216;con un ISO de 400, el dial alinea f\/4 y 1\/8 de potencia. El flash tambi\u00e9n tiene un modo autom\u00e1tico, que por defecto es f\/2.8 a ISO 100.  <\/p>\n<p>Las funciones de control incluyen un modo \u00f3ptico que ofrece configuraciones S1 y S2. En S1, el flash se disparar\u00e1 en respuesta a otro flash manual o TTL, mientras que en S2 el flash retro responder\u00e1 de manera similar pero ignorar\u00e1 el flash inicial de las c\u00e1maras con funci\u00f3n de pre-flash. El flash de c\u00e1mara retro Junior funciona con dos bater\u00edas AAA compradas por separado y viene con un cable de disparo y una bolsa de almacenamiento.  <\/p>\n<p><iframe loading=\"lazy\" title=\"Godox: Flash de c\u00e1mara retro Lux Junior | Mantenlo simple\" src=\"https:\/\/www.youtube.com\/embed\/5RvD4KekMjI\" width=\"880\" height=\"500\" frameborder=\"0\" allowfullscreen=\"allowfullscreen\"><\/iframe><\/p>\n<p><strong>Especificaciones Godox Lux Junior<\/p>\n<p><\/strong><\/p>\n<p><strong>Cabezal de flash<\/strong><\/p>\n<ul>\n<li>N\u00famero gu\u00eda: 12 m a ISO 100 (posici\u00f3n de 28 mm)<\/li>\n<li>Rendimiento: 28 mm<\/li>\n<li>Cabeza plegada: Ninguna<\/li>\n<li>Cabezal giratorio: Ninguno<\/li>\n<li>Iluminaci\u00f3n secundaria: Ninguna<\/li>\n<\/ul>\n<p><strong>Control de exposici\u00f3n<\/strong><\/p>\n<ul>\n<li>Control autom\u00e1tico de exposici\u00f3n: (sin TTL), manual<\/li>\n<li>Modos de flash: Ninguno<\/li>\n<li>Rango de potencia: 1\/1 a 1\/64 (manual)<\/li>\n<li>Compensaci\u00f3n de flash: Ninguna<\/li>\n<\/ul>\n<p><strong>Inal\u00e1mbrico<\/strong><\/p>\n<ul>\n<li>Funcionamiento inal\u00e1mbrico: Ninguno<\/li>\n<li>Canales inal\u00e1mbricos: Ninguno<\/li>\n<li>Grupos inal\u00e1mbricos: Ninguno<\/li>\n<li>Modos de tiempo remoto: Ninguno<\/li>\n<\/ul>\n<p><strong>Alimentaci\u00f3n<\/strong><\/p>\n<ul>\n<li>Alimentaci\u00f3n interna 2 x AAA (alcalina)<\/li>\n<\/ul>\n<p><strong>Generalmente<\/strong><\/p>\n<ul>\n<li>Zapata de montaje<\/li>\n<li>Terminal fuera de la c\u00e1mara: Ninguno<\/li>\n<li>Dimensiones 73,8 x 50,2 x 71,8 mm<\/li>\n<li>Peso 130 g<\/li>\n<\/ul>\n","protected":false},"excerpt":{"rendered":"<p>GODOX Lux Junior Retro Flash Compatible con las c\u00e1maras FUJIFILM, Canon, Nikon, Olympus y Sony, el flash de c\u00e1mara retro<\/p>\n","protected":false},"featured_media":56431,"comment_status":"closed","ping_status":"open","template":"","meta":{"_acf_changed":false},"product_brand":[2555],"product_cat":[1022],"product_tag":[],"class_list":{"0":"post-72097","1":"product","2":"type-product","3":"status-publish","4":"has-post-thumbnail","6":"product_brand-godox-es","7":"product_cat-manuales","9":"first","10":"instock","11":"taxable","12":"shipping-taxable","13":"purchasable","14":"product-type-simple"},"bundled_by":[],"bundle_stock_status":"instock","bundle_stock_quantity":1,"bundle_virtual":false,"bundle_layout":"","bundle_add_to_cart_form_location":"","bundle_editable_in_cart":false,"bundle_sold_individually_context":"","bundle_item_grouping":"","bundle_min_size":"","bundle_max_size":"","bundle_price":[],"bundled_items":[],"bundle_sell_ids":[],"acf":[],"_links":{"self":[{"href":"https:\/\/hi-techwonder.com\/es\/wp-json\/wp\/v2\/product\/72097","targetHints":{"allow":["GET"]}}],"collection":[{"href":"https:\/\/hi-techwonder.com\/es\/wp-json\/wp\/v2\/product"}],"about":[{"href":"https:\/\/hi-techwonder.com\/es\/wp-json\/wp\/v2\/types\/product"}],"replies":[{"embeddable":true,"href":"https:\/\/hi-techwonder.com\/es\/wp-json\/wp\/v2\/comments?post=72097"}],"wp:featuredmedia":[{"embeddable":true,"href":"https:\/\/hi-techwonder.com\/es\/wp-json\/wp\/v2\/media\/56431"}],"wp:attachment":[{"href":"https:\/\/hi-techwonder.com\/es\/wp-json\/wp\/v2\/media?parent=72097"}],"wp:term":[{"taxonomy":"product_brand","embeddable":true,"href":"https:\/\/hi-techwonder.com\/es\/wp-json\/wp\/v2\/product_brand?post=72097"},{"taxonomy":"product_cat","embeddable":true,"href":"https:\/\/hi-techwonder.com\/es\/wp-json\/wp\/v2\/product_cat?post=72097"},{"taxonomy":"product_tag","embeddable":true,"href":"https:\/\/hi-techwonder.com\/es\/wp-json\/wp\/v2\/product_tag?post=72097"}],"curies":[{"name":"wp","href":"https:\/\/api.w.org\/{rel}","templated":true}]}}