{"id":72098,"date":"2025-07-29T10:01:15","date_gmt":"2025-07-29T10:01:15","guid":{"rendered":"https:\/\/fv6qoy3ls0.wpdns.site\/produto\/godox-mf-12-kit-de-flash-macro-de-2-luces\/"},"modified":"2026-03-17T17:45:40","modified_gmt":"2026-03-17T17:45:40","slug":"godox-mf-12-kit-de-flash-macro-de-2-luces","status":"publish","type":"product","link":"https:\/\/hi-techwonder.com\/es\/producto\/godox-mf-12-kit-de-flash-macro-de-2-luces\/","title":{"rendered":"GODOX MF-12 Kit de Flash Macro de 2 Luces"},"content":{"rendered":"<p>Dise\u00f1ado para la fotograf\u00eda de proximidad, el kit MF-12 Flash Macro 2-Light de Godox facilita la fotograf\u00eda macro. Los cabezales de flash le permiten tomar fotos hermosas y n\u00edtidas de objetos peque\u00f1os, como plantas, animales e insectos, a una distancia extremadamente corta. Como los cabezales de flash MF-12 se pueden montar en los soportes de flash incluidos y cuentan con cabezales de ajuste para un posicionamiento r\u00e1pido. Para mayor versatilidad, los flashes se pueden montar directamente en un objeto a trav\u00e9s de los adaptadores incluidos y en la montura que le permite montar seis cabezales de flash MF12. Tambi\u00e9n permite un adaptador de posicionamiento en primer plano con un marco especialmente dise\u00f1ado para incluir la inclinaci\u00f3n del cabezal del flash hacia adentro hacia la lente para la fotograf\u00eda de primeros planos. Para cargadores de c\u00e1maras, como el jefe del foro de solicitud comprada y se utilizan con flash dentro de Godox XPro, X2 y otros transmisores de flash como Nikon, Sony, Canon, Olympus y Panasonic.     <\/p>\n<p><iframe loading=\"lazy\" style=\"min-height: 500px; width: 100%; height: auto;\" src=\"https:\/\/www.youtube.com\/embed\/E1oMvAMT0sM\" width=\"560\" height=\"314\" allowfullscreen=\"allowfullscreen\"><\/iframe><\/p>\n<p><strong>Mando inal\u00e1mbrico de 2,4 GHz<\/strong><\/p>\n<p>La tecnolog\u00eda inal\u00e1mbrica de 2,4 GHz permite la transmisi\u00f3n a larga distancia, lo que a\u00f1ade m\u00e1s flexibilidad a tus disparos. Adem\u00e1s, 5 grupos con 32 canales cada uno ayudan a prevenir interferencias y perturbaciones cuando varios sistemas inal\u00e1mbricos funcionan muy cerca unos de otros. <\/p>\n<p><strong>Dise\u00f1o compacto<\/strong><\/p>\n<p>El flash macro MF12 est\u00e1 optimizado para la fotograf\u00eda de primeros planos debido a su dise\u00f1o compacto y su capacidad \u00fanica para montarse directamente en un objetivo a trav\u00e9s de los anillos adaptadores y el anillo de montaje incluidos o colocarse alrededor del sujeto con la montura de flash incluida. Adem\u00e1s, su tama\u00f1o y capacidades inal\u00e1mbricas tambi\u00e9n lo convierten en una buena opci\u00f3n para la fotograf\u00eda general. <\/p>\n<p><strong>Flexibilidad<\/strong><\/p>\n<p>En lugar de iluminar solo hacia adelante, cada flash puede girar a un \u00e1ngulo diferente y deslizarse alrededor del anillo de montaje para un posicionamiento correcto. Ya sea ajustando el efecto de luz o creando otro estilo de iluminaci\u00f3n, los cabezales de flash macro MF12 te ayudar\u00e1n a experimentar hasta lograr el mejor efecto que necesitas. <\/p>\n<p><strong>Bater\u00eda recargable de alto rendimiento<\/strong><\/p>\n<p>La potente bater\u00eda de litio incorporada admite aproximadamente 500 flashes a plena potencia con un tiempo de reciclaje de 0,01 a 1,7 segundos. La bater\u00eda tambi\u00e9n es f\u00e1cilmente recargable a trav\u00e9s de un cable USB tipo C incluido. <\/p>\n<p><strong>Conjunto de efectos de color y ajuste de temperatura de color<\/strong><\/p>\n<p>Con el kit de 2 luces se incluyen dos efectos de color MF-11C y dos juegos de ajuste de temperatura de color MF-11T. El conjunto de efectos de color contiene una variedad de filtros de gel de colores para ampliar sus capacidades creativas. Mientras tanto, el conjunto de ajuste de temperatura de color contiene una variedad de filtros de gel para ajustar la temperatura de color del cabezal del flash. Esto le permite igualar la temperatura de color de la luz ambiental dondequiera que est\u00e9 disparando.   <\/p>\n<p><strong>Anillos de montaje<\/strong><\/p>\n<p>En el kit de 2 luces se incluye un kit de anillo adaptador con 8 tama\u00f1os diferentes, que combinan con la mayor\u00eda de las lentes. Los tama\u00f1os son 49 mm, 52 mm, 55 mm, 58 mm, 62 mm, 67 mm, 72 mm y 77 mm. <\/p>\n<h2 class=\"western\" style=\"font-style: normal; font-weight: normal;\"><strong><span style=\"font-family: OpenSans, Segoe UI, Helvetica, Roboto, Arial, sans-serif;\"><span style=\"font-size: medium;\">Especificaciones de Godox MF12<\/span><\/span><\/strong><\/h2>\n<p style=\"margin-bottom: 0cm; border-top: none; border-bottom: 1.00pt solid #cdcdcd; border-left: none; border-right: none; font-style: normal; font-weight: normal; line-height: 200%; widows: 2; orphans: 2; padding: 0cm 0cm 0.05cm 0cm;\"><strong><span style=\"font-family: OpenSans, Segoe UI, Helvetica, Roboto, Arial, sans-serif;\"><span style=\"font-size: medium;\">Instant\u00e1nea<\/span><\/span><\/strong><\/p>\n<table border=\"0\" width=\"415\" cellspacing=\"0\" cellpadding=\"2\">\n<colgroup>\n<col width=\"153\">\n<col width=\"253\"><\/colgroup>\n<tbody>\n<tr>\n<td width=\"153\">\n<p style=\"border: none; padding: 0cm; font-weight: normal;\" align=\"LEFT\">N\u00famero de gu\u00eda<\/p>\n<\/td>\n<td width=\"253\">\n<p style=\"border: none; padding: 0cm; font-weight: normal;\">16&#8242; \/ 4,9 m<\/p>\n<\/td>\n<\/tr>\n<tr>\n<td width=\"153\">\n<p style=\"border: none; padding: 0cm; font-weight: normal;\" align=\"LEFT\">Duraci\u00f3n del flash<\/p>\n<\/td>\n<td width=\"253\">\n<p style=\"border: none; padding: 0cm; font-weight: normal;\">1\/1200 a 1\/34000 segundos<\/p>\n<\/td>\n<\/tr>\n<tr>\n<td width=\"153\">\n<p style=\"border: none; padding: 0cm; font-weight: normal;\" align=\"LEFT\">Tiempo de reciclaje<\/p>\n<\/td>\n<td width=\"253\">\n<p style=\"border: none; padding: 0cm; font-weight: normal;\">Aproximadamente. De 0,01 a 1,7 segundos <\/p>\n<\/td>\n<\/tr>\n<tr>\n<td width=\"153\">\n<p style=\"border: none; padding: 0cm; font-weight: normal;\" align=\"LEFT\">Control de exposici\u00f3n<\/p>\n<\/td>\n<td width=\"253\">\n<p style=\"border: none; padding: 0cm; font-weight: normal;\">TTL a trav\u00e9s de un comandante separado, manual<\/p>\n<\/td>\n<\/tr>\n<tr>\n<td width=\"153\">\n<p style=\"border: none; padding: 0cm; font-weight: normal;\" align=\"LEFT\">Rango de potencia<\/p>\n<\/td>\n<td width=\"253\">\n<p style=\"border: none; padding: 0cm; font-weight: normal;\">Del 1\/1 al 1\/128<\/p>\n<\/td>\n<\/tr>\n<tr>\n<td width=\"153\">\n<p style=\"border: none; padding: 0cm; font-weight: normal;\" align=\"LEFT\">Iluminaci\u00f3n secundaria<\/p>\n<\/td>\n<td width=\"253\">\n<p style=\"border: none; padding: 0cm; font-weight: normal;\">Luz de modelado<\/p>\n<\/td>\n<\/tr>\n<\/tbody>\n<\/table>\n<p style=\"margin-bottom: 0cm; border-top: none; border-bottom: 1.00pt solid #cdcdcd; border-left: none; border-right: none; font-style: normal; font-weight: normal; line-height: 200%; widows: 2; orphans: 2; padding: 0cm 0cm 0.05cm 0cm;\"><strong><span style=\"font-family: OpenSans, Segoe UI, Helvetica, Roboto, Arial, sans-serif;\"><span style=\"font-size: medium;\">Inal\u00e1mbrico<\/span><\/span><\/strong><\/p>\n<table border=\"0\" width=\"304\" cellspacing=\"0\" cellpadding=\"2\">\n<colgroup>\n<col width=\"126\">\n<col width=\"169\"><\/colgroup>\n<tbody>\n<tr>\n<td width=\"126\">\n<p style=\"border: none; padding: 0cm; font-weight: normal;\" align=\"LEFT\">Funcionamiento inal\u00e1mbrico<\/p>\n<\/td>\n<td width=\"169\">\n<p style=\"border: none; padding: 0cm; font-weight: normal;\"><strong>Radio (TTL\/Manual)<\/strong><br \/>Hasta 98,4&#8217;\/30 m (esclavo)<\/p>\n<\/td>\n<\/tr>\n<tr>\n<td width=\"126\">\n<p style=\"border: none; padding: 0cm; font-weight: normal;\" align=\"LEFT\">Canales inal\u00e1mbricos<\/p>\n<\/td>\n<td width=\"169\">\n<p style=\"border: none; padding: 0cm; font-weight: normal;\">32<\/p>\n<\/td>\n<\/tr>\n<tr>\n<td width=\"126\">\n<p style=\"border: none; padding: 0cm; font-weight: normal;\" align=\"LEFT\">Grupos inal\u00e1mbricos<\/p>\n<\/td>\n<td width=\"169\">\n<p style=\"border: none; padding: 0cm; font-weight: normal;\">5<\/p>\n<\/td>\n<\/tr>\n<\/tbody>\n<\/table>\n<p style=\"margin-bottom: 0cm; border-top: none; border-bottom: 1.00pt solid #cdcdcd; border-left: none; border-right: none; font-style: normal; font-weight: normal; line-height: 200%; widows: 2; orphans: 2; padding: 0cm 0cm 0.05cm 0cm;\"><strong><span style=\"font-family: OpenSans, Segoe UI, Helvetica, Roboto, Arial, sans-serif;\"><span style=\"font-size: medium;\">Poder<\/span><\/span><\/strong><\/p>\n<table border=\"0\" width=\"559\" cellspacing=\"0\" cellpadding=\"2\">\n<colgroup>\n<col width=\"215\">\n<col width=\"336\"><\/colgroup>\n<tbody>\n<tr>\n<td width=\"215\">\n<p style=\"border: none; padding: 0cm; font-weight: normal;\" align=\"LEFT\">Energ\u00eda interna<\/p>\n<\/td>\n<td width=\"336\">\n<p style=\"border: none; padding: 0cm; font-weight: normal;\"><strong>1 x<\/strong> recargable incorporado (500 flashes a plena potencia)<\/p>\n<\/td>\n<\/tr>\n<tr>\n<td width=\"215\">\n<p style=\"border: none; padding: 0cm; font-weight: normal;\" align=\"LEFT\">Compatible con fuente de alimentaci\u00f3n externa<\/p>\n<\/td>\n<td width=\"336\">\n<p style=\"border: none; padding: 0cm; font-weight: normal;\">No<\/p>\n<\/td>\n<\/tr>\n<\/tbody>\n<\/table>\n<p style=\"margin-bottom: 0cm; border-top: none; border-bottom: 1.00pt solid #cdcdcd; border-left: none; border-right: none; font-style: normal; font-weight: normal; line-height: 200%; widows: 2; orphans: 2; padding: 0cm 0cm 0.05cm 0cm;\"><strong><span style=\"font-family: OpenSans, Segoe UI, Helvetica, Roboto, Arial, sans-serif;\"><span style=\"font-size: medium;\">Generalmente<\/span><\/span><\/strong><\/p>\n<table border=\"0\" width=\"615\" cellspacing=\"0\" cellpadding=\"2\">\n<colgroup>\n<col width=\"161\">\n<col width=\"446\"><\/colgroup>\n<tbody>\n<tr>\n<td width=\"161\">\n<p style=\"border: none; padding: 0cm; font-weight: normal;\" align=\"LEFT\">Ensamblar<\/p>\n<\/td>\n<td width=\"446\">\n<p style=\"border: none; padding: 0cm; font-weight: normal;\">Montura de zapata (controlador), montura de lente (flash)<\/p>\n<\/td>\n<\/tr>\n<tr>\n<td width=\"161\">\n<p style=\"border: none; padding: 0cm; font-weight: normal;\" align=\"LEFT\">Compatibilidad de lentes<\/p>\n<\/td>\n<td width=\"446\">\n<p style=\"border: none; padding: 0cm; font-weight: normal;\">Roscas de filtro de 49 mm \/ 52 mm \/ 55 mm \/ 58 mm \/ 62 mm \/ 67 mm \/ 72 mm \/ 72 mm \/ 77 mm<\/p>\n<\/td>\n<\/tr>\n<tr>\n<td width=\"161\">\n<p style=\"border: none; padding: 0cm; font-weight: normal;\" align=\"LEFT\">Mostrar<\/p>\n<\/td>\n<td width=\"446\">\n<p style=\"border: none; padding: 0cm; font-weight: normal;\">S\u00ed<\/p>\n<\/td>\n<\/tr>\n<tr>\n<td width=\"161\">\n<p style=\"border: none; padding: 0cm; font-weight: normal;\" align=\"LEFT\">Terminal fuera de c\u00e1mara<\/p>\n<\/td>\n<td width=\"446\">\n<p style=\"border: none; padding: 0cm; font-weight: normal;\"><em>Ninguno<\/em><\/p>\n<\/td>\n<\/tr>\n<tr>\n<td width=\"161\">\n<p style=\"border: none; padding: 0cm; font-weight: normal;\" align=\"LEFT\">Dimensiones (ancho x alto x profundidad)<\/p>\n<\/td>\n<td width=\"446\">\n<p style=\"border: none; padding: 0cm; font-weight: normal;\">3,2 x 3,0 x 2,5&#8243; \/ 81,0 x 76,5 x 64,3 mm (cabezal de flash \u00fanico)<\/p>\n<\/td>\n<\/tr>\n<tr>\n<td width=\"161\">\n<p style=\"border: none; padding: 0cm; font-weight: normal;\" align=\"LEFT\">Peso<\/p>\n<\/td>\n<td width=\"446\">\n<p style=\"border: none; padding: 0cm; font-weight: normal;\">5.1 oz \/ 144 g<\/p>\n<\/td>\n<\/tr>\n<\/tbody>\n<\/table>\n","protected":false},"excerpt":{"rendered":"<p>Dise\u00f1ado para la fotograf\u00eda de proximidad, el kit MF-12 Flash Macro 2-Light de Godox facilita la fotograf\u00eda macro. Los cabezales<\/p>\n","protected":false},"featured_media":57160,"comment_status":"closed","ping_status":"open","template":"","meta":{"_acf_changed":false},"product_brand":[2555],"product_cat":[1021],"product_tag":[],"class_list":{"0":"post-72098","1":"product","2":"type-product","3":"status-publish","4":"has-post-thumbnail","6":"product_brand-godox-es","7":"product_cat-macro-es","9":"first","10":"instock","11":"taxable","12":"shipping-taxable","13":"purchasable","14":"product-type-simple"},"bundled_by":[],"bundle_stock_status":"instock","bundle_stock_quantity":1,"bundle_virtual":false,"bundle_layout":"","bundle_add_to_cart_form_location":"","bundle_editable_in_cart":false,"bundle_sold_individually_context":"","bundle_item_grouping":"","bundle_min_size":"","bundle_max_size":"","bundle_price":[],"bundled_items":[],"bundle_sell_ids":[],"acf":[],"_links":{"self":[{"href":"https:\/\/hi-techwonder.com\/es\/wp-json\/wp\/v2\/product\/72098","targetHints":{"allow":["GET"]}}],"collection":[{"href":"https:\/\/hi-techwonder.com\/es\/wp-json\/wp\/v2\/product"}],"about":[{"href":"https:\/\/hi-techwonder.com\/es\/wp-json\/wp\/v2\/types\/product"}],"replies":[{"embeddable":true,"href":"https:\/\/hi-techwonder.com\/es\/wp-json\/wp\/v2\/comments?post=72098"}],"wp:featuredmedia":[{"embeddable":true,"href":"https:\/\/hi-techwonder.com\/es\/wp-json\/wp\/v2\/media\/57160"}],"wp:attachment":[{"href":"https:\/\/hi-techwonder.com\/es\/wp-json\/wp\/v2\/media?parent=72098"}],"wp:term":[{"taxonomy":"product_brand","embeddable":true,"href":"https:\/\/hi-techwonder.com\/es\/wp-json\/wp\/v2\/product_brand?post=72098"},{"taxonomy":"product_cat","embeddable":true,"href":"https:\/\/hi-techwonder.com\/es\/wp-json\/wp\/v2\/product_cat?post=72098"},{"taxonomy":"product_tag","embeddable":true,"href":"https:\/\/hi-techwonder.com\/es\/wp-json\/wp\/v2\/product_tag?post=72098"}],"curies":[{"name":"wp","href":"https:\/\/api.w.org\/{rel}","templated":true}]}}