{"id":72099,"date":"2025-07-28T23:34:33","date_gmt":"2025-07-28T23:34:33","guid":{"rendered":"https:\/\/fv6qoy3ls0.wpdns.site\/produto\/godox-lsd80-cubo-de-luz-led-regulable-80x80x80cm\/"},"modified":"2026-03-17T13:05:40","modified_gmt":"2026-03-17T13:05:40","slug":"godox-lsd80-cubo-de-luz-led-regulable-80x80x80cm","status":"publish","type":"product","link":"https:\/\/hi-techwonder.com\/es\/producto\/godox-lsd80-cubo-de-luz-led-regulable-80x80x80cm\/","title":{"rendered":"GODOX LSD80 Cubo de luz LED regulable 80x80x80cm"},"content":{"rendered":"<p><strong>Godox LSD80 Cubo de luz LED regulable 80x80x80cm<\/strong><\/p>\n<p>El Godox LED Light Cube est\u00e1 dise\u00f1ado para crear fotos profesionales de productos con una m\u00e1quina o incluso un tel\u00e9fono inteligente.<br \/>Es un cubo plegable y port\u00e1til que es lo suficientemente espacioso como para colocar una amplia gama de productos.<br \/>Los LED le permiten regular la intensidad hasta un brillo intenso y constante incluso para su uso en situaciones con poca luz.<br \/>Muy f\u00e1cil de montar y desmontar, as\u00ed como tambi\u00e9n puedes transportarlo f\u00e1cilmente a cualquier lugar.<br \/>Dispone de dos aberturas, una en la parte delantera y otra en la parte superior que se pueden cerrar siempre que sea necesario.<br \/>Su interior permite una distribuci\u00f3n uniforme de la luz sin crear sombras no deseadas.<\/p>\n<p><strong>Caracter\u00edsticas t\u00e9cnicas:<\/strong><\/p>\n<ul>\n<li>Marca: Godox<\/li>\n<li>Modelo: LSD80<\/li>\n<li>Temperatura de color: 5800K \u00b1 200K<\/li>\n<li>Potencia: 40W<\/li>\n<li>CRI: &gt;96<\/li>\n<li>L\u00famenes: 10000-11000L\u00famenes<\/li>\n<li>Peso: 4,5 kg<\/li>\n<li>Tama\u00f1o: 80 x 80 x 80 cm<\/li>\n<\/ul>\n","protected":false},"excerpt":{"rendered":"<p>Godox LSD80 Cubo de luz LED regulable 80x80x80cm El Godox LED Light Cube est\u00e1 dise\u00f1ado para crear fotos profesionales de<\/p>\n","protected":false},"featured_media":24238,"comment_status":"closed","ping_status":"open","template":"","meta":{"_acf_changed":false},"product_brand":[2555],"product_cat":[940],"product_tag":[],"class_list":{"0":"post-72099","1":"product","2":"type-product","3":"status-publish","4":"has-post-thumbnail","6":"product_brand-godox-es","7":"product_cat-cicloramas-cajas-de-luz","9":"first","10":"instock","11":"taxable","12":"shipping-taxable","13":"purchasable","14":"product-type-simple"},"bundled_by":[],"bundle_stock_status":"instock","bundle_stock_quantity":1,"bundle_virtual":false,"bundle_layout":"","bundle_add_to_cart_form_location":"","bundle_editable_in_cart":false,"bundle_sold_individually_context":"","bundle_item_grouping":"","bundle_min_size":"","bundle_max_size":"","bundle_price":[],"bundled_items":[],"bundle_sell_ids":[],"acf":[],"_links":{"self":[{"href":"https:\/\/hi-techwonder.com\/es\/wp-json\/wp\/v2\/product\/72099","targetHints":{"allow":["GET"]}}],"collection":[{"href":"https:\/\/hi-techwonder.com\/es\/wp-json\/wp\/v2\/product"}],"about":[{"href":"https:\/\/hi-techwonder.com\/es\/wp-json\/wp\/v2\/types\/product"}],"replies":[{"embeddable":true,"href":"https:\/\/hi-techwonder.com\/es\/wp-json\/wp\/v2\/comments?post=72099"}],"wp:featuredmedia":[{"embeddable":true,"href":"https:\/\/hi-techwonder.com\/es\/wp-json\/wp\/v2\/media\/24238"}],"wp:attachment":[{"href":"https:\/\/hi-techwonder.com\/es\/wp-json\/wp\/v2\/media?parent=72099"}],"wp:term":[{"taxonomy":"product_brand","embeddable":true,"href":"https:\/\/hi-techwonder.com\/es\/wp-json\/wp\/v2\/product_brand?post=72099"},{"taxonomy":"product_cat","embeddable":true,"href":"https:\/\/hi-techwonder.com\/es\/wp-json\/wp\/v2\/product_cat?post=72099"},{"taxonomy":"product_tag","embeddable":true,"href":"https:\/\/hi-techwonder.com\/es\/wp-json\/wp\/v2\/product_tag?post=72099"}],"curies":[{"name":"wp","href":"https:\/\/api.w.org\/{rel}","templated":true}]}}