{"id":72102,"date":"2025-07-29T00:03:21","date_gmt":"2025-07-29T00:03:21","guid":{"rendered":"https:\/\/fv6qoy3ls0.wpdns.site\/produto\/maleta-con-ruedas-godox-cb-06\/"},"modified":"2026-04-22T10:41:30","modified_gmt":"2026-04-22T09:41:30","slug":"godox-maleta-con-ruedas-godox-cb-06","status":"publish","type":"product","link":"https:\/\/hi-techwonder.com\/es\/producto\/godox-maleta-con-ruedas-godox-cb-06\/","title":{"rendered":"Maleta con ruedas GODOX CB-06"},"content":{"rendered":"<p>Se puede mover con la mano, horizontal y verticalmente.<br \/>Es adecuado para transportar accesorios y equipos de estudio.<br \/>La maleta con ruedas Godox CB-06 est\u00e1 acolchada para garantizar la seguridad de su equipo. Contiene separadores extra\u00edbles, lo que permite la personalizaci\u00f3n y gesti\u00f3n de los compartimentos en su interior.<br \/>El carro est\u00e1 fabricado con materiales resistentes. <\/p>\n<p><strong>Contenido de la caja:<\/strong><\/p>\n<ul>\n<li>1x Maleta con ruedas CB-06<\/li>\n<\/ul>\n<p><strong>Especificaciones t\u00e9cnicas:<\/strong><\/p>\n<ul>\n<li>Dimensiones (cm): 94 x 34 x 25cm<\/li>\n<li>Tipo de cierre: Cremallera<\/li>\n<\/ul>\n","protected":false},"excerpt":{"rendered":"<p>Se puede mover con la mano, horizontal y verticalmente.Es adecuado para transportar accesorios y equipos de estudio.La maleta con ruedas<\/p>\n","protected":false},"featured_media":32717,"comment_status":"closed","ping_status":"open","template":"","meta":{"_acf_changed":false},"product_brand":[2555],"product_cat":[911],"product_tag":[],"class_list":{"0":"post-72102","1":"product","2":"type-product","3":"status-publish","4":"has-post-thumbnail","6":"product_brand-godox-es","7":"product_cat-para-estudio-es","9":"first","10":"pre-order","11":"taxable","12":"shipping-taxable","13":"purchasable","14":"product-type-simple"},"bundled_by":[],"bundle_stock_status":"pre-order","bundle_stock_quantity":null,"bundle_virtual":false,"bundle_layout":"","bundle_add_to_cart_form_location":"","bundle_editable_in_cart":false,"bundle_sold_individually_context":"","bundle_item_grouping":"","bundle_min_size":"","bundle_max_size":"","bundle_price":[],"bundled_items":[],"bundle_sell_ids":[],"acf":[],"_links":{"self":[{"href":"https:\/\/hi-techwonder.com\/es\/wp-json\/wp\/v2\/product\/72102","targetHints":{"allow":["GET"]}}],"collection":[{"href":"https:\/\/hi-techwonder.com\/es\/wp-json\/wp\/v2\/product"}],"about":[{"href":"https:\/\/hi-techwonder.com\/es\/wp-json\/wp\/v2\/types\/product"}],"replies":[{"embeddable":true,"href":"https:\/\/hi-techwonder.com\/es\/wp-json\/wp\/v2\/comments?post=72102"}],"wp:featuredmedia":[{"embeddable":true,"href":"https:\/\/hi-techwonder.com\/es\/wp-json\/wp\/v2\/media\/32717"}],"wp:attachment":[{"href":"https:\/\/hi-techwonder.com\/es\/wp-json\/wp\/v2\/media?parent=72102"}],"wp:term":[{"taxonomy":"product_brand","embeddable":true,"href":"https:\/\/hi-techwonder.com\/es\/wp-json\/wp\/v2\/product_brand?post=72102"},{"taxonomy":"product_cat","embeddable":true,"href":"https:\/\/hi-techwonder.com\/es\/wp-json\/wp\/v2\/product_cat?post=72102"},{"taxonomy":"product_tag","embeddable":true,"href":"https:\/\/hi-techwonder.com\/es\/wp-json\/wp\/v2\/product_tag?post=72102"}],"curies":[{"name":"wp","href":"https:\/\/api.w.org\/{rel}","templated":true}]}}