{"id":72107,"date":"2025-07-29T10:01:15","date_gmt":"2025-07-29T10:01:15","guid":{"rendered":"https:\/\/fv6qoy3ls0.wpdns.site\/produto\/godox-mf-r76-flash-de-anillo-macro\/"},"modified":"2026-04-02T22:14:36","modified_gmt":"2026-04-02T21:14:36","slug":"godox-mf-r76-flash-de-anillo-macro","status":"publish","type":"product","link":"https:\/\/hi-techwonder.com\/es\/producto\/godox-mf-r76-flash-de-anillo-macro\/","title":{"rendered":"GODOX MF-R76 Flash de anillo macro"},"content":{"rendered":"<p><strong>Godox MF-R76 Flash de anillo macro<\/strong><\/p>\n<p><strong>Contenido del paquete:<\/strong><\/p>\n<ul>\n<li>1 x Godox MF-R76<\/li>\n<li>1 x anillo adaptador de 49 mm<\/li>\n<li>1 x anillo adaptador de 52 mm<\/li>\n<li>1 x anillo adaptador de 55 mm<\/li>\n<li>1 x anillo adaptador de 58 mm<\/li>\n<li>1 x anillo adaptador de 62 mm<\/li>\n<li>1 x anillo adaptador de 67 mm<\/li>\n<li>1 x anillo adaptador de 72 mm<\/li>\n<li>1 x anillo adaptador de 77 mm<\/li>\n<li>1 x Bater\u00eda de litio<\/li>\n<li>1 x cargador USB<\/li>\n<li>1 x cable de carga USB tipo C<\/li>\n<li>1 x Bolsa de almacenamiento<\/li>\n<li>1 x Manual de usuario<\/li>\n<\/ul>\n<p><strong>Creatividad&nbsp;<\/strong><\/p>\n<p>Con un dise\u00f1o en forma de anillo y un flash que se puede acoplar directamente a un objetivo, el Godox MF-R76 proporciona iluminaci\u00f3n sin estorbar ni proyectar sombras duras, lo que es perfecto para la fotograf\u00eda macro.<\/p>\n<p><strong>Controles de iluminaci\u00f3n vers\u00e1tiles&nbsp;<\/strong><\/p>\n<p>El dise\u00f1o de doble tubo de flash y el sistema de control de brillo separado le permiten disparar ambos tubos simult\u00e1neamente, por separado o con una diferencia de intensidad.<\/p>\n<p>Puede ajustar la potencia de 1\/1 a 1\/128 en 1\/3 pasos para crear una relaci\u00f3n luz\/oscuridad, logrando una iluminaci\u00f3n uniforme al tomar im\u00e1genes altamente sensibles.<\/p>\n<p><strong>\u00abEnfoque\u00bb en la alta eficiencia&nbsp;<\/strong><\/p>\n<p>Un par de l\u00e1mparas de asistencia de enfoque con una tasa de potencia de 10 niveles ayudan a facilitar el enfoque y la composici\u00f3n en condiciones de poca luz, proporcionando la mayor eficiencia.&nbsp;<\/p>\n<p><strong>Compatibilidad universal<\/strong><\/p>\n<p>Incluyendo una amplia gama de anillos adaptadores, el MF-R76 es compatible con lentes con los siguientes di\u00e1metros: 49, 52, 55, 58, 62, 67, 72, 77 mm. Adem\u00e1s, la unidad controladora se conecta a la zapata de accesorios de la c\u00e1mara. <\/p>\n<p><strong>Rendimiento estable y fiable&nbsp;<\/strong><\/p>\n<p>Con una potente bater\u00eda de litio recargable, la MF-R76 es capaz de disparar hasta 660 veces a plena potencia, lo que garantiza fotos duraderas con total confianza.<\/p>\n<p><strong>F\u00e1cil de usar<\/strong><\/p>\n<p>F\u00e1cil de usar, con una pantalla LCD de gran tama\u00f1o que le indica la potencia de salida, el modo actual, el nivel de bater\u00eda, etc.<\/p>\n<p><strong>Funciones:<\/strong><\/p>\n<p><strong>Flash anular y unidad de control<\/strong><\/p>\n<ul>\n<li>N\u00famero de gu\u00eda: 46&#8217;\/14m a ISO100<\/li>\n<li>Bater\u00eda de litio\u00bb 7.2V \/ 2600mAh<\/li>\n<li>&#8211; Potencia del flash (potencia 1\/1): 76 Ws<\/li>\n<li>Potencia del haz de asistencia de enfoque: 0,7 W * 2<\/li>\n<li>Haz de asistencia de enfoque CCT: 5000K<\/li>\n<li>Rango de potencia del flash: 1\/1 a 1\/128 con incrementos de 1\/3 en cada parada)<\/li>\n<li>Duraci\u00f3n del destello: 1\/300 a 1\/20000 s<\/li>\n<li>Di\u00e1metro interior de la carcasa de la l\u00e1mpara: 77 mm<\/li>\n<li>Distancia de iluminaci\u00f3n: 3 cm ~ 1,5 m<\/li>\n<li>Tiempo de reciclaje: 1 a 1,5 segundos<\/li>\n<li>Potencia total: 660 veces<\/li>\n<li>Temperatura ambiente de trabajo: -10 ~ 50\u00baC<\/li>\n<li>Dimensiones del controlador: 70 x 120 x 50 mm<\/li>\n<li>Dimensiones del anillo: 130 x 130 x 27 mm<\/li>\n<li>Peso: 458g<\/li>\n<li>Peso con bater\u00eda: 577g<\/li>\n<\/ul>\n<p><strong>En el embalaje:<\/strong><\/p>\n<ul>\n<li>1 x Godox MF-R76<\/li>\n<li>1 x anillo adaptador de 49 mm<\/li>\n<li>1 x anillo adaptador de 52 mm<\/li>\n<li>1 x anillo adaptador de 55 mm<\/li>\n<li>1 x anillo adaptador de 58 mm<\/li>\n<li>1 x anillo adaptador de 62 mm<\/li>\n<li>1 x anillo adaptador de 67 mm<\/li>\n<li>1 x anillo adaptador de 72 mm<\/li>\n<li>1 x anillo adaptador de 77 mm<\/li>\n<li>1 x Bater\u00eda de litio<\/li>\n<li>1 x cargador USB<\/li>\n<li>1 x cable de carga USB tipo C<\/li>\n<li>1 x Bolsa de almacenamiento<\/li>\n<li>1 x Manual de usuario<\/li>\n<\/ul>\n<p><strong>Compatibilidad:<\/strong><\/p>\n<ul>\n<li>Can\u00f3nigo*&nbsp;&nbsp;<\/li>\n<li>Nikon<\/li>\n<li>Sony<\/li>\n<li>Fuji<\/li>\n<li>Olimpo<\/li>\n<li>Panasonic<\/li>\n<li>Pentax<\/li>\n<\/ul>\n<p>*No es compatible con los modelos Canon EOS 250D, Canon EOS R50.<\/p>\n","protected":false},"excerpt":{"rendered":"<p>Godox MF-R76 Flash de anillo macro Contenido del paquete: 1 x Godox MF-R76 1 x anillo adaptador de 49 mm<\/p>\n","protected":false},"featured_media":57184,"comment_status":"closed","ping_status":"open","template":"","meta":{"_acf_changed":false},"product_brand":[2555],"product_cat":[1021],"product_tag":[],"class_list":{"0":"post-72107","1":"product","2":"type-product","3":"status-publish","4":"has-post-thumbnail","6":"product_brand-godox-es","7":"product_cat-macro-es","9":"first","10":"pre-order","11":"taxable","12":"shipping-taxable","13":"purchasable","14":"product-type-simple"},"bundled_by":[],"bundle_stock_status":"pre-order","bundle_stock_quantity":null,"bundle_virtual":false,"bundle_layout":"","bundle_add_to_cart_form_location":"","bundle_editable_in_cart":false,"bundle_sold_individually_context":"","bundle_item_grouping":"","bundle_min_size":"","bundle_max_size":"","bundle_price":[],"bundled_items":[],"bundle_sell_ids":[],"acf":[],"_links":{"self":[{"href":"https:\/\/hi-techwonder.com\/es\/wp-json\/wp\/v2\/product\/72107","targetHints":{"allow":["GET"]}}],"collection":[{"href":"https:\/\/hi-techwonder.com\/es\/wp-json\/wp\/v2\/product"}],"about":[{"href":"https:\/\/hi-techwonder.com\/es\/wp-json\/wp\/v2\/types\/product"}],"replies":[{"embeddable":true,"href":"https:\/\/hi-techwonder.com\/es\/wp-json\/wp\/v2\/comments?post=72107"}],"wp:featuredmedia":[{"embeddable":true,"href":"https:\/\/hi-techwonder.com\/es\/wp-json\/wp\/v2\/media\/57184"}],"wp:attachment":[{"href":"https:\/\/hi-techwonder.com\/es\/wp-json\/wp\/v2\/media?parent=72107"}],"wp:term":[{"taxonomy":"product_brand","embeddable":true,"href":"https:\/\/hi-techwonder.com\/es\/wp-json\/wp\/v2\/product_brand?post=72107"},{"taxonomy":"product_cat","embeddable":true,"href":"https:\/\/hi-techwonder.com\/es\/wp-json\/wp\/v2\/product_cat?post=72107"},{"taxonomy":"product_tag","embeddable":true,"href":"https:\/\/hi-techwonder.com\/es\/wp-json\/wp\/v2\/product_tag?post=72107"}],"curies":[{"name":"wp","href":"https:\/\/api.w.org\/{rel}","templated":true}]}}