{"id":72119,"date":"2025-07-29T08:51:55","date_gmt":"2025-07-29T08:51:55","guid":{"rendered":"https:\/\/fv6qoy3ls0.wpdns.site\/produto\/agfaphoto-lebox-boda-400-27-fotos\/"},"modified":"2026-03-04T14:54:56","modified_gmt":"2026-03-04T14:54:56","slug":"agfaphoto-lebox-boda-400-27-fotos","status":"publish","type":"product","link":"https:\/\/hi-techwonder.com\/es\/producto\/agfaphoto-lebox-boda-400-27-fotos\/","title":{"rendered":"AGFAPHOTO LeBox Boda 400 &#8211; 27 Fotos"},"content":{"rendered":"<p style=\"box-sizing: inherit; margin-bottom: 0px;\"><font color=\"#888888\" face=\"Open Sans, sans-serif\"><b>Funciones:<\/b><\/font><\/p>\n<ul>\n<li style=\"box-sizing: inherit; margin-bottom: 0px;\"><font color=\"#888888\" face=\"Open Sans, sans-serif\">C\u00e1mara desechable (de un solo uso)<\/font><\/li>\n<li style=\"box-sizing: inherit; margin-bottom: 0px;\"><font color=\"#888888\" face=\"Open Sans, sans-serif\">Pel\u00edcula en color<\/font><\/li>\n<li style=\"box-sizing: inherit; margin-bottom: 0px;\"><font color=\"#888888\" face=\"Open Sans, sans-serif\">27 exposiciones\/fotos<\/font><\/li>\n<li style=\"box-sizing: inherit; margin-bottom: 0px;\"><font color=\"#888888\" face=\"Open Sans, sans-serif\">Lente de enfoque fijo<\/font><\/li>\n<li style=\"box-sizing: inherit; margin-bottom: 0px;\"><font color=\"#888888\" face=\"Open Sans, sans-serif\">Distancia focal de 28 mm<\/font><\/li>\n<li style=\"box-sizing: inherit; margin-bottom: 0px;\"><font color=\"#888888\" face=\"Open Sans, sans-serif\">Flash de hasta 4 metros<\/font><\/li>\n<\/ul>\n<p style=\"box-sizing: inherit; margin-bottom: 0px;\"><font color=\"#888888\" face=\"Open Sans, sans-serif\">C\u00e1mara desechable con flash incorporado para tomas espont\u00e1neas de grandes momentos. Inmortaliza los momentos m\u00e1s felices de tu vida con la c\u00e1mara desechable LeBox Wedding. El flash alcanza una distancia de 4 metros e ilumina la escena de manera uniforme. Adem\u00e1s, se recarga autom\u00e1ticamente, por lo que estar\u00e1s listo para la pr\u00f3xima captura sin tener que hacer nada.   &nbsp;<br \/><\/font><\/p>\n","protected":false},"excerpt":{"rendered":"<p>Funciones: C\u00e1mara desechable (de un solo uso) Pel\u00edcula en color 27 exposiciones\/fotos Lente de enfoque fijo Distancia focal de 28<\/p>\n","protected":false},"featured_media":41977,"comment_status":"closed","ping_status":"open","template":"","meta":{"_acf_changed":false},"product_brand":[2599],"product_cat":[924],"product_tag":[],"class_list":{"0":"post-72119","1":"product","2":"type-product","3":"status-publish","4":"has-post-thumbnail","6":"product_brand-agfaphoto-es","7":"product_cat-analogicas-es","9":"first","10":"instock","11":"taxable","12":"shipping-taxable","13":"purchasable","14":"product-type-simple"},"bundled_by":[],"bundle_stock_status":"instock","bundle_stock_quantity":3,"bundle_virtual":false,"bundle_layout":"","bundle_add_to_cart_form_location":"","bundle_editable_in_cart":false,"bundle_sold_individually_context":"","bundle_item_grouping":"","bundle_min_size":"","bundle_max_size":"","bundle_price":[],"bundled_items":[],"bundle_sell_ids":[],"acf":[],"_links":{"self":[{"href":"https:\/\/hi-techwonder.com\/es\/wp-json\/wp\/v2\/product\/72119","targetHints":{"allow":["GET"]}}],"collection":[{"href":"https:\/\/hi-techwonder.com\/es\/wp-json\/wp\/v2\/product"}],"about":[{"href":"https:\/\/hi-techwonder.com\/es\/wp-json\/wp\/v2\/types\/product"}],"replies":[{"embeddable":true,"href":"https:\/\/hi-techwonder.com\/es\/wp-json\/wp\/v2\/comments?post=72119"}],"wp:featuredmedia":[{"embeddable":true,"href":"https:\/\/hi-techwonder.com\/es\/wp-json\/wp\/v2\/media\/41977"}],"wp:attachment":[{"href":"https:\/\/hi-techwonder.com\/es\/wp-json\/wp\/v2\/media?parent=72119"}],"wp:term":[{"taxonomy":"product_brand","embeddable":true,"href":"https:\/\/hi-techwonder.com\/es\/wp-json\/wp\/v2\/product_brand?post=72119"},{"taxonomy":"product_cat","embeddable":true,"href":"https:\/\/hi-techwonder.com\/es\/wp-json\/wp\/v2\/product_cat?post=72119"},{"taxonomy":"product_tag","embeddable":true,"href":"https:\/\/hi-techwonder.com\/es\/wp-json\/wp\/v2\/product_tag?post=72119"}],"curies":[{"name":"wp","href":"https:\/\/api.w.org\/{rel}","templated":true}]}}