{"id":72123,"date":"2025-07-29T10:16:54","date_gmt":"2025-07-29T10:16:54","guid":{"rendered":"https:\/\/fv6qoy3ls0.wpdns.site\/produto\/aputure-luz-espacial\/"},"modified":"2026-03-02T17:36:59","modified_gmt":"2026-03-02T17:36:59","slug":"aputure-luz-espacial","status":"publish","type":"product","link":"https:\/\/hi-techwonder.com\/es\/producto\/aputure-luz-espacial\/","title":{"rendered":"APUTURE Luz Espacial"},"content":{"rendered":"<p><span style=\"font-size: small;\"><strong>RES\u00daMENES<\/strong><\/span><\/p>\n<ul>\n<li><span style=\"font-size: small;\">Dise\u00f1o cil\u00edndrico con 72,4 cm de largo y 45,7 cm de ancho<br \/><\/span><\/li>\n<li><span style=\"font-size: small;\">19,3&#215;6,3cm plegado<br \/><\/span><\/li>\n<li><span style=\"font-size: small;\">Incluye un reflector lateral desmontable<br \/><\/span><\/li>\n<li><span style=\"font-size: small;\">Ideal para una luz de techo blando<br \/><\/span><\/li>\n<li><span style=\"font-size: small;\">F\u00e1cil de montar y plegar<br \/><\/span><\/li>\n<li><span style=\"font-size: small;\">Compatible con luces de montaje Bowens<\/span><\/li>\n<\/ul>\n<p><span style=\"font-size: small;\">&nbsp;<\/span><\/p>\n<p><span style=\"font-size: small;\">La Space Light es el accesorio de iluminaci\u00f3n m\u00e1s vers\u00e1til que Aputure haya fabricado. Dise\u00f1ado para las series Light Storm 120 y 300, as\u00ed como para otras luces LED montadas en Bowens, el Space Light es utilizado por fot\u00f3grafos, cineastas y vide\u00f3grafos para agregar volumen a cualquier luz COB y crear una fuente de luz amplia, suave, eficiente y distribuida de manera \u00f3ptima. <\/p>\n<p><object data=\"https:\/\/www.youtube.com\/v\/aFsu091fqXc\" type=\"application\/x-shockwave-flash\" width=\"425\" height=\"350\"><param name=\"src\" value=\"https:\/\/www.youtube.com\/v\/aFsu091fqXc\"><\/object> <\/p>\n<p><strong>Fotometr\u00eda<\/strong><\/span><\/p>\n<p><span style=\"font-size: small;\">Con LightSTorm C120d<br \/><\/span><\/p>\n<ul>\n<li><span style=\"font-size: small;\">1800 lux @ 0.5m<\/span><\/li>\n<li><span style=\"font-size: small;\">740 lux @ 1.0m<\/span><\/li>\n<li><span style=\"font-size: small;\">270 lux @ 2.0m<\/span><\/li>\n<\/ul>\n<p><span style=\"font-size: small;\"><strong>Contenido del paquete:<\/strong><br \/><\/span><\/p>\n<ul>\n<li><span style=\"font-size: small;\">1x Luz espacial<\/span><\/li>\n<li><span style=\"font-size: small;\">1x Reflector lateral<\/span><\/li>\n<li><span style=\"font-size: small;\">6x Clips<\/span><\/li>\n<li><span style=\"font-size: small;\">1x Bolsa<\/span><\/li>\n<\/ul>\n<p><span style=\"font-size: small;\">&nbsp;<\/span><\/p>\n<table style=\"box-sizing: border-box; margin: 0px 0px 35px; padding: 0px; border: 0px none; font-style: normal; font-variant-ligatures: normal; font-variant-caps: normal; font-variant-numeric: inherit; font-variant-east-asian: inherit; font-weight: 400; font-stretch: inherit; font-size: 12px; line-height: inherit; vertical-align: baseline; border-collapse: separate; border-spacing: 0px; clear: both; width: 641px; color: #595959; letter-spacing: normal; text-align: start; text-indent: 0px; text-transform: none; white-space: normal; word-spacing: 0px; -webkit-text-stroke-width: 0px; text-decoration-style: initial; text-decoration-color: initial;\" border=\"0\">\n<tbody style=\"box-sizing: border-box; margin: 0px; padding: 0px; border: 0px none; font-style: inherit; font-variant: inherit; font-weight: inherit; font-stretch: inherit; font-size: inherit; line-height: inherit; vertical-align: baseline;\">\n<tr style=\"box-sizing: border-box; margin: 0px; padding: 0px; border: 0px none; font-style: inherit; font-variant: inherit; font-weight: inherit; font-stretch: inherit; font-size: inherit; line-height: inherit; vertical-align: baseline;\">\n<td style=\"box-sizing: border-box; margin: 0px; padding: 0px 0px 20px; border-image: initial; font-style: inherit; font-variant: inherit; font-weight: inherit; font-stretch: inherit; line-height: 22px; vertical-align: baseline; text-align: left; width: 243px; border: medium 0px 1px none none solid currentcolor currentcolor #e6e7e8;\"><span style=\"font-size: small;\">Materiales<\/span><\/td>\n<td style=\"box-sizing: border-box; margin: 0px; padding: 0px 0px 20px 40px; border-image: initial; font-style: inherit; font-variant: inherit; font-weight: inherit; font-stretch: inherit; line-height: 22px; vertical-align: baseline; text-align: left; border: medium 0px 1px none none solid currentcolor currentcolor #e6e7e8;\"><span style=\"font-size: small;\">Tejido<\/span><\/td>\n<\/tr>\n<tr style=\"box-sizing: border-box; margin: 0px; padding: 0px; border: 0px none; font-style: inherit; font-variant: inherit; font-weight: inherit; font-stretch: inherit; font-size: inherit; line-height: inherit; vertical-align: baseline;\">\n<td style=\"box-sizing: border-box; margin: 0px; padding: 20px 0px; border-image: initial; font-style: inherit; font-variant: inherit; font-weight: inherit; font-stretch: inherit; line-height: 22px; vertical-align: baseline; text-align: left; width: 243px; border: medium 0px 1px none none solid currentcolor currentcolor #e6e7e8;\"><span style=\"font-size: small;\">Dimensiones<br \/><\/span><\/td>\n<td style=\"box-sizing: border-box; margin: 0px; padding: 20px 0px 20px 40px; border-image: initial; font-style: inherit; font-variant: inherit; font-weight: inherit; font-stretch: inherit; line-height: 22px; vertical-align: baseline; text-align: left; border: medium 0px 1px none none solid currentcolor currentcolor #e6e7e8;\"><span style=\"font-size: small;\">Altura 72,4 cm<br style=\"box-sizing: border-box; -webkit-font-smoothing: antialiased;\">Di\u00e1metro: 45,7 cm<br style=\"box-sizing: border-box; -webkit-font-smoothing: antialiased;\">Plegado: 19,3 x 6,3 cm<\/span><\/td>\n<\/tr>\n<tr style=\"box-sizing: border-box; margin: 0px; padding: 0px; border: 0px none; font-style: inherit; font-variant: inherit; font-weight: inherit; font-stretch: inherit; font-size: inherit; line-height: inherit; vertical-align: baseline;\">\n<td style=\"box-sizing: border-box; margin: 0px; padding: 20px 0px; border-image: initial; font-style: inherit; font-variant: inherit; font-weight: inherit; font-stretch: inherit; line-height: 22px; vertical-align: baseline; text-align: left; width: 243px; border: medium 0px 1px none none solid currentcolor currentcolor #e6e7e8;\"><span style=\"font-size: small;\">Forma<\/span><\/td>\n<td style=\"box-sizing: border-box; margin: 0px; padding: 20px 0px 20px 40px; border-image: initial; font-style: inherit; font-variant: inherit; font-weight: inherit; font-stretch: inherit; line-height: 22px; vertical-align: baseline; text-align: left; border: medium 0px 1px none none solid currentcolor currentcolor #e6e7e8;\"><span style=\"font-size: small;\">Cil\u00edndrico<\/span><\/td>\n<\/tr>\n<tr style=\"box-sizing: border-box; margin: 0px; padding: 0px; border: 0px none; font-style: inherit; font-variant: inherit; font-weight: inherit; font-stretch: inherit; font-size: inherit; line-height: inherit; vertical-align: baseline;\">\n<td style=\"box-sizing: border-box; margin: 0px; padding: 20px 0px; border-image: initial; font-style: inherit; font-variant: inherit; font-weight: inherit; font-stretch: inherit; line-height: 22px; vertical-align: baseline; text-align: left; width: 243px; border: medium 0px 1px none none solid currentcolor currentcolor #e6e7e8;\"><span style=\"font-size: small;\">Compatibilidad<\/span><\/td>\n<td style=\"box-sizing: border-box; margin: 0px; padding: 20px 0px 20px 40px; border-image: initial; font-style: inherit; font-variant: inherit; font-weight: inherit; font-stretch: inherit; line-height: 22px; vertical-align: baseline; text-align: left; border: medium 0px 1px none none solid currentcolor currentcolor #e6e7e8;\"><span style=\"font-size: small;\">Asamblea de Bowens<br \/><\/span><\/td>\n<\/tr>\n<\/tbody>\n<\/table>\n<p><span style=\"font-size: small;\">&nbsp;<\/span><\/p>\n","protected":false},"excerpt":{"rendered":"<p>RES\u00daMENES Dise\u00f1o cil\u00edndrico con 72,4 cm de largo y 45,7 cm de ancho 19,3&#215;6,3cm plegado Incluye un reflector lateral desmontable<\/p>\n","protected":false},"featured_media":61074,"comment_status":"closed","ping_status":"open","template":"","meta":{"_acf_changed":false},"product_brand":[2699],"product_cat":[1010],"product_tag":[],"class_list":{"0":"post-72123","1":"product","2":"type-product","3":"status-publish","4":"has-post-thumbnail","6":"product_brand-aputure-es","7":"product_cat-linternas","9":"first","10":"instock","11":"taxable","12":"shipping-taxable","13":"purchasable","14":"product-type-simple"},"bundled_by":[],"bundle_stock_status":"instock","bundle_stock_quantity":1,"bundle_virtual":false,"bundle_layout":"","bundle_add_to_cart_form_location":"","bundle_editable_in_cart":false,"bundle_sold_individually_context":"","bundle_item_grouping":"","bundle_min_size":"","bundle_max_size":"","bundle_price":[],"bundled_items":[],"bundle_sell_ids":[],"acf":[],"_links":{"self":[{"href":"https:\/\/hi-techwonder.com\/es\/wp-json\/wp\/v2\/product\/72123","targetHints":{"allow":["GET"]}}],"collection":[{"href":"https:\/\/hi-techwonder.com\/es\/wp-json\/wp\/v2\/product"}],"about":[{"href":"https:\/\/hi-techwonder.com\/es\/wp-json\/wp\/v2\/types\/product"}],"replies":[{"embeddable":true,"href":"https:\/\/hi-techwonder.com\/es\/wp-json\/wp\/v2\/comments?post=72123"}],"wp:featuredmedia":[{"embeddable":true,"href":"https:\/\/hi-techwonder.com\/es\/wp-json\/wp\/v2\/media\/61074"}],"wp:attachment":[{"href":"https:\/\/hi-techwonder.com\/es\/wp-json\/wp\/v2\/media?parent=72123"}],"wp:term":[{"taxonomy":"product_brand","embeddable":true,"href":"https:\/\/hi-techwonder.com\/es\/wp-json\/wp\/v2\/product_brand?post=72123"},{"taxonomy":"product_cat","embeddable":true,"href":"https:\/\/hi-techwonder.com\/es\/wp-json\/wp\/v2\/product_cat?post=72123"},{"taxonomy":"product_tag","embeddable":true,"href":"https:\/\/hi-techwonder.com\/es\/wp-json\/wp\/v2\/product_tag?post=72123"}],"curies":[{"name":"wp","href":"https:\/\/api.w.org\/{rel}","templated":true}]}}