{"id":72126,"date":"2025-07-28T23:44:46","date_gmt":"2025-07-28T23:44:46","guid":{"rendered":"https:\/\/fv6qoy3ls0.wpdns.site\/produto\/ars-imago-extractor-de-pelicula-de-35-mm\/"},"modified":"2025-09-04T07:50:14","modified_gmt":"2025-09-04T07:50:14","slug":"ars-imago-extractor-de-pelicula-de-35-mm","status":"publish","type":"product","link":"https:\/\/hi-techwonder.com\/es\/producto\/ars-imago-extractor-de-pelicula-de-35-mm\/","title":{"rendered":"ARS-IMAGO Extractor de pel\u00edcula de 35 mm"},"content":{"rendered":"<p><strong>ARS-IMAGO Extractor de <\/strong><strong>pel\u00edcula de 35 mm<\/strong><\/p>\n<p>Herramienta simple dise\u00f1ada para recuperar r\u00e1pidamente la gu\u00eda del carrete de pel\u00edcula, rebobinado dentro del casete. Est\u00e1 hecho de acero inoxidable, muy f\u00e1cil de usar, y se puede usar a la luz del d\u00eda sin exponer la pel\u00edcula y oscurecerla. <\/p>\n<p><iframe loading=\"lazy\" style=\"min-height: 500px; width: 100%; height: auto;\" src=\"https:\/\/player.vimeo.com\/video\/303310280?title=0&amp;byline=0&amp;portrait=0&amp;color=8dc7dc\" width=\"100%\" height=\"100%\" allowfullscreen=\"allowfullscreen\"><\/iframe><\/p>\n<p><strong>Contenido del paquete:<\/strong><\/p>\n<ul>\n<li>1x Extractor de pel\u00edcula Ars-Imago<\/li>\n<\/ul>\n<p><strong>Caracter\u00edsticas t\u00e9cnicas:<\/strong><\/p>\n<ul>\n<li>Color: Negro<\/li>\n<li>Material: Acero inoxidable<\/li>\n<li>Compatibilidad: Casetes de pel\u00edcula de 35 mm (135)<\/li>\n<\/ul>\n","protected":false},"excerpt":{"rendered":"<p>ARS-IMAGO Extractor de pel\u00edcula de 35 mm Herramienta simple dise\u00f1ada para recuperar r\u00e1pidamente la gu\u00eda del carrete de pel\u00edcula, rebobinado<\/p>\n","protected":false},"featured_media":27073,"comment_status":"closed","ping_status":"open","template":"","meta":{"_acf_changed":false},"product_brand":[2606],"product_cat":[880],"product_tag":[],"class_list":{"0":"post-72126","1":"product","2":"type-product","3":"status-publish","4":"has-post-thumbnail","6":"product_brand-ars-imago-es","7":"product_cat-accesorios","9":"first","10":"instock","11":"taxable","12":"shipping-taxable","13":"purchasable","14":"product-type-simple"},"bundled_by":[],"bundle_stock_status":"instock","bundle_stock_quantity":2,"bundle_virtual":false,"bundle_layout":"","bundle_add_to_cart_form_location":"","bundle_editable_in_cart":false,"bundle_sold_individually_context":"","bundle_item_grouping":"","bundle_min_size":"","bundle_max_size":"","bundle_price":[],"bundled_items":[],"bundle_sell_ids":[],"acf":[],"_links":{"self":[{"href":"https:\/\/hi-techwonder.com\/es\/wp-json\/wp\/v2\/product\/72126","targetHints":{"allow":["GET"]}}],"collection":[{"href":"https:\/\/hi-techwonder.com\/es\/wp-json\/wp\/v2\/product"}],"about":[{"href":"https:\/\/hi-techwonder.com\/es\/wp-json\/wp\/v2\/types\/product"}],"replies":[{"embeddable":true,"href":"https:\/\/hi-techwonder.com\/es\/wp-json\/wp\/v2\/comments?post=72126"}],"wp:featuredmedia":[{"embeddable":true,"href":"https:\/\/hi-techwonder.com\/es\/wp-json\/wp\/v2\/media\/27073"}],"wp:attachment":[{"href":"https:\/\/hi-techwonder.com\/es\/wp-json\/wp\/v2\/media?parent=72126"}],"wp:term":[{"taxonomy":"product_brand","embeddable":true,"href":"https:\/\/hi-techwonder.com\/es\/wp-json\/wp\/v2\/product_brand?post=72126"},{"taxonomy":"product_cat","embeddable":true,"href":"https:\/\/hi-techwonder.com\/es\/wp-json\/wp\/v2\/product_cat?post=72126"},{"taxonomy":"product_tag","embeddable":true,"href":"https:\/\/hi-techwonder.com\/es\/wp-json\/wp\/v2\/product_tag?post=72126"}],"curies":[{"name":"wp","href":"https:\/\/api.w.org\/{rel}","templated":true}]}}