{"id":72128,"date":"2025-07-28T23:45:27","date_gmt":"2025-07-28T23:45:27","guid":{"rendered":"https:\/\/fv6qoy3ls0.wpdns.site\/produto\/kit-de-procesamiento-de-pelicula-en-color-ars-imago-e6-1-litro\/"},"modified":"2026-01-31T03:31:45","modified_gmt":"2026-01-31T03:31:45","slug":"ars-imago-kit-de-procesamiento-de-pelicula-en-color-ars-imago-e6-1-litro","status":"publish","type":"product","link":"https:\/\/hi-techwonder.com\/es\/producto\/ars-imago-kit-de-procesamiento-de-pelicula-en-color-ars-imago-e6-1-litro\/","title":{"rendered":"Kit de procesamiento de pel\u00edcula en color ARS-IMAGO E6 &#8211; 1 litro"},"content":{"rendered":"<p>Ars-imago presenta la \u00faltima incorporaci\u00f3n a la familia de productos qu\u00edmicos ars-imago:<\/p>\n<p>ars-imago #6 KIT para el desarrollo de diapositivas en color.<\/p>\n<p>Con el kit ars-imago # 6 puede revelar sus propias pel\u00edculas de pel\u00edcula, obteniendo resultados profesionales y controlando todo el proceso.<\/p>\n<p><strong>Por qu\u00e9 elegir el ARS-IMAGO KIT #6:<\/strong><\/p>\n<ul>\n<li>Tratamiento tradicional en 7 ba\u00f1os<\/li>\n<li>Resultados de calidad profesional<\/li>\n<li>Rango de temperatura 36-38 \u00b0C<\/li>\n<li>Rango de tiempo: 6&#8217;30\u00bb-7&#8217;00\u00bb<\/li>\n<li>Agitaci\u00f3n manual (no se requieren procesadores de color profesionales)<\/li>\n<\/ul>\n<p>Tratamiento de 7 ba\u00f1os: El KIT viene completo con una ficha t\u00e9cnica simplificada y f\u00e1cil de seguir.<\/p>\n","protected":false},"excerpt":{"rendered":"<p>Ars-imago presenta la \u00faltima incorporaci\u00f3n a la familia de productos qu\u00edmicos ars-imago: ars-imago #6 KIT para el desarrollo de diapositivas<\/p>\n","protected":false},"featured_media":27244,"comment_status":"closed","ping_status":"open","template":"","meta":{"_acf_changed":false},"product_brand":[2606],"product_cat":[886],"product_tag":[],"class_list":{"0":"post-72128","1":"product","2":"type-product","3":"status-publish","4":"has-post-thumbnail","6":"product_brand-ars-imago-es","7":"product_cat-quimicos-es","9":"first","10":"instock","11":"taxable","12":"shipping-taxable","13":"purchasable","14":"product-type-simple"},"bundled_by":[],"bundle_stock_status":"instock","bundle_stock_quantity":1,"bundle_virtual":false,"bundle_layout":"","bundle_add_to_cart_form_location":"","bundle_editable_in_cart":false,"bundle_sold_individually_context":"","bundle_item_grouping":"","bundle_min_size":"","bundle_max_size":"","bundle_price":[],"bundled_items":[],"bundle_sell_ids":[],"acf":[],"_links":{"self":[{"href":"https:\/\/hi-techwonder.com\/es\/wp-json\/wp\/v2\/product\/72128","targetHints":{"allow":["GET"]}}],"collection":[{"href":"https:\/\/hi-techwonder.com\/es\/wp-json\/wp\/v2\/product"}],"about":[{"href":"https:\/\/hi-techwonder.com\/es\/wp-json\/wp\/v2\/types\/product"}],"replies":[{"embeddable":true,"href":"https:\/\/hi-techwonder.com\/es\/wp-json\/wp\/v2\/comments?post=72128"}],"wp:featuredmedia":[{"embeddable":true,"href":"https:\/\/hi-techwonder.com\/es\/wp-json\/wp\/v2\/media\/27244"}],"wp:attachment":[{"href":"https:\/\/hi-techwonder.com\/es\/wp-json\/wp\/v2\/media?parent=72128"}],"wp:term":[{"taxonomy":"product_brand","embeddable":true,"href":"https:\/\/hi-techwonder.com\/es\/wp-json\/wp\/v2\/product_brand?post=72128"},{"taxonomy":"product_cat","embeddable":true,"href":"https:\/\/hi-techwonder.com\/es\/wp-json\/wp\/v2\/product_cat?post=72128"},{"taxonomy":"product_tag","embeddable":true,"href":"https:\/\/hi-techwonder.com\/es\/wp-json\/wp\/v2\/product_tag?post=72128"}],"curies":[{"name":"wp","href":"https:\/\/api.w.org\/{rel}","templated":true}]}}