{"id":72129,"date":"2025-07-28T23:44:41","date_gmt":"2025-07-28T23:44:41","guid":{"rendered":"https:\/\/fv6qoy3ls0.wpdns.site\/produto\/abridor-de-rollos-ap\/"},"modified":"2026-01-31T03:33:52","modified_gmt":"2026-01-31T03:33:52","slug":"ap-photo-abridor-de-rollos-ap","status":"publish","type":"product","link":"https:\/\/hi-techwonder.com\/es\/producto\/ap-photo-abridor-de-rollos-ap\/","title":{"rendered":"Abridor de rollos AP"},"content":{"rendered":"<p><strong>Abridor de rollos AP<\/strong><\/p>\n<p>Herramienta indicada para abrir rollos de pel\u00edcula de forma f\u00e1cil y r\u00e1pida.  <\/p>\n<p><strong>Contenido del paquete:<\/strong><\/p>\n<ul>\n<li>1 x Abridor de rollos AP<\/li>\n<\/ul>\n","protected":false},"excerpt":{"rendered":"<p>Abridor de rollos AP Herramienta indicada para abrir rollos de pel\u00edcula de forma f\u00e1cil y r\u00e1pida. Contenido del paquete: 1<\/p>\n","protected":false},"featured_media":27033,"comment_status":"closed","ping_status":"closed","template":"","meta":{"_acf_changed":false},"product_brand":[2605],"product_cat":[880],"product_tag":[],"class_list":{"0":"post-72129","1":"product","2":"type-product","3":"status-publish","4":"has-post-thumbnail","6":"product_brand-ap-photo-es","7":"product_cat-accesorios","9":"first","10":"instock","11":"taxable","12":"shipping-taxable","13":"purchasable","14":"product-type-simple"},"bundled_by":[],"bundle_stock_status":"instock","bundle_stock_quantity":1,"bundle_virtual":false,"bundle_layout":"","bundle_add_to_cart_form_location":"","bundle_editable_in_cart":false,"bundle_sold_individually_context":"","bundle_item_grouping":"","bundle_min_size":"","bundle_max_size":"","bundle_price":[],"bundled_items":[],"bundle_sell_ids":[],"acf":[],"_links":{"self":[{"href":"https:\/\/hi-techwonder.com\/es\/wp-json\/wp\/v2\/product\/72129","targetHints":{"allow":["GET"]}}],"collection":[{"href":"https:\/\/hi-techwonder.com\/es\/wp-json\/wp\/v2\/product"}],"about":[{"href":"https:\/\/hi-techwonder.com\/es\/wp-json\/wp\/v2\/types\/product"}],"replies":[{"embeddable":true,"href":"https:\/\/hi-techwonder.com\/es\/wp-json\/wp\/v2\/comments?post=72129"}],"wp:featuredmedia":[{"embeddable":true,"href":"https:\/\/hi-techwonder.com\/es\/wp-json\/wp\/v2\/media\/27033"}],"wp:attachment":[{"href":"https:\/\/hi-techwonder.com\/es\/wp-json\/wp\/v2\/media?parent=72129"}],"wp:term":[{"taxonomy":"product_brand","embeddable":true,"href":"https:\/\/hi-techwonder.com\/es\/wp-json\/wp\/v2\/product_brand?post=72129"},{"taxonomy":"product_cat","embeddable":true,"href":"https:\/\/hi-techwonder.com\/es\/wp-json\/wp\/v2\/product_cat?post=72129"},{"taxonomy":"product_tag","embeddable":true,"href":"https:\/\/hi-techwonder.com\/es\/wp-json\/wp\/v2\/product_tag?post=72129"}],"curies":[{"name":"wp","href":"https:\/\/api.w.org\/{rel}","templated":true}]}}