{"id":72133,"date":"2025-07-28T23:55:45","date_gmt":"2025-07-28T23:55:45","guid":{"rendered":"https:\/\/fv6qoy3ls0.wpdns.site\/produto\/conector-de-cable-avlink-de-35-mm-trs-a-trs-conector-estereo\/"},"modified":"2026-01-31T03:20:28","modified_gmt":"2026-01-31T03:20:28","slug":"avlink-conector-de-cable-avlink-de-35-mm-trs-a-trs-conector-estereo","status":"publish","type":"product","link":"https:\/\/hi-techwonder.com\/es\/producto\/avlink-conector-de-cable-avlink-de-35-mm-trs-a-trs-conector-estereo\/","title":{"rendered":"Conector de cable AVLINK de 3,5 mm TRS a TRS Conector est\u00e9reo"},"content":{"rendered":"<p><strong>Conector de cable AVLINK de 3,5 mm Enchufe Setereo<\/strong><\/p>\n<p>Conector de 3,5 mm para conectar el enchufe adecuado para la conexi\u00f3n de la se\u00f1al de audio. Con cuerpo met\u00e1lico delgado adecuado para conectar dispositivos m\u00f3viles, reproductores de audio personales y entradas auxiliares. <\/p>\n<p>Conectores de precisi\u00f3n para dispositivos m\u00f3viles.<\/p>\n<p><strong>Caracter\u00edsticas t\u00e9cnicas<\/strong><\/p>\n<p>Cable: di\u00e1metro 3,5 mm<\/p>\n<p>Conductor 2 x 10\/0,1 mm<\/p>\n<p>Longitud: 0,5 m<\/p>\n<p>Peso: 120g<\/p>\n","protected":false},"excerpt":{"rendered":"<p>Conector de cable AVLINK de 3,5 mm Enchufe Setereo Conector de 3,5 mm para conectar el enchufe adecuado para la<\/p>\n","protected":false},"featured_media":30289,"comment_status":"closed","ping_status":"open","template":"","meta":{"_acf_changed":false},"product_brand":[2628],"product_cat":[889],"product_tag":[],"class_list":{"0":"post-72133","1":"product","2":"type-product","3":"status-publish","4":"has-post-thumbnail","6":"product_brand-avlink-es","7":"product_cat-cables-adaptadores-accesorios-otros","9":"first","10":"instock","11":"taxable","12":"shipping-taxable","13":"purchasable","14":"product-type-simple"},"bundled_by":[],"bundle_stock_status":"instock","bundle_stock_quantity":2,"bundle_virtual":false,"bundle_layout":"","bundle_add_to_cart_form_location":"","bundle_editable_in_cart":false,"bundle_sold_individually_context":"","bundle_item_grouping":"","bundle_min_size":"","bundle_max_size":"","bundle_price":[],"bundled_items":[],"bundle_sell_ids":[],"acf":[],"_links":{"self":[{"href":"https:\/\/hi-techwonder.com\/es\/wp-json\/wp\/v2\/product\/72133","targetHints":{"allow":["GET"]}}],"collection":[{"href":"https:\/\/hi-techwonder.com\/es\/wp-json\/wp\/v2\/product"}],"about":[{"href":"https:\/\/hi-techwonder.com\/es\/wp-json\/wp\/v2\/types\/product"}],"replies":[{"embeddable":true,"href":"https:\/\/hi-techwonder.com\/es\/wp-json\/wp\/v2\/comments?post=72133"}],"wp:featuredmedia":[{"embeddable":true,"href":"https:\/\/hi-techwonder.com\/es\/wp-json\/wp\/v2\/media\/30289"}],"wp:attachment":[{"href":"https:\/\/hi-techwonder.com\/es\/wp-json\/wp\/v2\/media?parent=72133"}],"wp:term":[{"taxonomy":"product_brand","embeddable":true,"href":"https:\/\/hi-techwonder.com\/es\/wp-json\/wp\/v2\/product_brand?post=72133"},{"taxonomy":"product_cat","embeddable":true,"href":"https:\/\/hi-techwonder.com\/es\/wp-json\/wp\/v2\/product_cat?post=72133"},{"taxonomy":"product_tag","embeddable":true,"href":"https:\/\/hi-techwonder.com\/es\/wp-json\/wp\/v2\/product_tag?post=72133"}],"curies":[{"name":"wp","href":"https:\/\/api.w.org\/{rel}","templated":true}]}}