{"id":72135,"date":"2025-07-29T08:59:29","date_gmt":"2025-07-29T08:59:29","guid":{"rendered":"https:\/\/fv6qoy3ls0.wpdns.site\/produto\/filtro-uv-autel-para-evo-ii-pro\/"},"modified":"2026-01-31T02:49:50","modified_gmt":"2026-01-31T02:49:50","slug":"autel-filtro-uv-autel-para-evo-ii-pro","status":"publish","type":"product","link":"https:\/\/hi-techwonder.com\/es\/producto\/autel-filtro-uv-autel-para-evo-ii-pro\/","title":{"rendered":"Filtro UV AUTEL para EVO II Pro"},"content":{"rendered":"<p><strong>Filtro UV AUTEL para EVO II Pro<\/strong><\/p>\n<p><strong>Caracter\u00edsticas principales:<\/strong><\/p>\n<ul>\n<li>Para Autel Robotics EVO II 6K.<\/li>\n<li>Bloquea la luz ultravioleta da\u00f1ina.<\/li>\n<li>Protege la lente del agua, el polvo y los escombros.<\/li>\n<li>Dise\u00f1o ligero.<\/li>\n<\/ul>\n<p style=\"text-align: justify\">Proteja la c\u00e1mara de su dron con este filtro UV transparente para EVO II 6K de Autel Robotics. Dise\u00f1ado espec\u00edficamente para el dron EVO II 6K, este filtro liviano sirve para m\u00faltiples prop\u00f3sitos. Bloquea la entrada de luz ultravioleta en la c\u00e1mara, lo que puede tener efectos negativos en las im\u00e1genes, y sirve como barrera f\u00edsica, protegiendo la lente del polvo, la humedad y los escombros. Colocarlo en el card\u00e1n es f\u00e1cil, solo g\u00edrelo en el sentido de las agujas del reloj y listo.   <\/p>\n<p style=\"text-align: justify\">Especificaciones Filtro UV Autel para EVO II Pro<\/p>\n<table style=\"border-collapse: collapse;width: 99.9861%\" border=\"1\">\n<tbody>\n<tr>\n<td style=\"width: 49.1815%\">Dimensiones totales (largo x alto x profundidad) <\/td>\n<td style=\"width: 49.1815%\">6,9 x 7,5 x 1,7 cm<\/td>\n<\/tr>\n<tr>\n<td style=\"width: 49.1815%\">Peso <\/td>\n<td style=\"width: 49.1815%\">5,7 gramos<\/td>\n<\/tr>\n<\/tbody>\n<\/table>\n","protected":false},"excerpt":{"rendered":"<p>Filtro UV AUTEL para EVO II Pro Caracter\u00edsticas principales: Para Autel Robotics EVO II 6K. Bloquea la luz ultravioleta da\u00f1ina.<\/p>\n","protected":false},"featured_media":43680,"comment_status":"closed","ping_status":"open","template":"","meta":{"_acf_changed":false},"product_brand":[2671],"product_cat":[936],"product_tag":[],"class_list":{"0":"post-72135","1":"product","2":"type-product","3":"status-publish","4":"has-post-thumbnail","6":"product_brand-autel-es","7":"product_cat-accesorios-drones","9":"first","10":"instock","11":"taxable","12":"shipping-taxable","13":"purchasable","14":"product-type-simple"},"bundled_by":[],"bundle_stock_status":"instock","bundle_stock_quantity":3,"bundle_virtual":false,"bundle_layout":"","bundle_add_to_cart_form_location":"","bundle_editable_in_cart":false,"bundle_sold_individually_context":"","bundle_item_grouping":"","bundle_min_size":"","bundle_max_size":"","bundle_price":[],"bundled_items":[],"bundle_sell_ids":[],"acf":[],"_links":{"self":[{"href":"https:\/\/hi-techwonder.com\/es\/wp-json\/wp\/v2\/product\/72135","targetHints":{"allow":["GET"]}}],"collection":[{"href":"https:\/\/hi-techwonder.com\/es\/wp-json\/wp\/v2\/product"}],"about":[{"href":"https:\/\/hi-techwonder.com\/es\/wp-json\/wp\/v2\/types\/product"}],"replies":[{"embeddable":true,"href":"https:\/\/hi-techwonder.com\/es\/wp-json\/wp\/v2\/comments?post=72135"}],"wp:featuredmedia":[{"embeddable":true,"href":"https:\/\/hi-techwonder.com\/es\/wp-json\/wp\/v2\/media\/43680"}],"wp:attachment":[{"href":"https:\/\/hi-techwonder.com\/es\/wp-json\/wp\/v2\/media?parent=72135"}],"wp:term":[{"taxonomy":"product_brand","embeddable":true,"href":"https:\/\/hi-techwonder.com\/es\/wp-json\/wp\/v2\/product_brand?post=72135"},{"taxonomy":"product_cat","embeddable":true,"href":"https:\/\/hi-techwonder.com\/es\/wp-json\/wp\/v2\/product_cat?post=72135"},{"taxonomy":"product_tag","embeddable":true,"href":"https:\/\/hi-techwonder.com\/es\/wp-json\/wp\/v2\/product_tag?post=72135"}],"curies":[{"name":"wp","href":"https:\/\/api.w.org\/{rel}","templated":true}]}}