{"id":72137,"date":"2025-07-29T08:59:29","date_gmt":"2025-07-29T08:59:29","guid":{"rendered":"https:\/\/fv6qoy3ls0.wpdns.site\/produto\/filtro-uv-autel-para-evo-ii\/"},"modified":"2026-04-08T14:08:15","modified_gmt":"2026-04-08T13:08:15","slug":"autel-filtro-uv-autel-para-evo-ii","status":"publish","type":"product","link":"https:\/\/hi-techwonder.com\/es\/producto\/autel-filtro-uv-autel-para-evo-ii\/","title":{"rendered":"Filtro UV AUTEL para EVO II"},"content":{"rendered":"<p><strong>Filtro de lente UV AUTEL<\/strong><\/p>\n<p style=\"text-align: justify\">Este filtro UV de reemplazo, para usar con las c\u00e1maras de la serie EVO II de Autel Robotics, amortigua los efectos de robo de im\u00e1genes de la radiaci\u00f3n ultravioleta atmosf\u00e9rica y sirve para proteger el elemento frontal de la lente de la c\u00e1mara del polvo y la humedad. Simplemente gire en el sentido de las agujas del reloj para montar el filtro en la lente de la c\u00e1mara y estar\u00e1 listo para volar. <\/p>\n","protected":false},"excerpt":{"rendered":"<p>Filtro de lente UV AUTEL Este filtro UV de reemplazo, para usar con las c\u00e1maras de la serie EVO II<\/p>\n","protected":false},"featured_media":43675,"comment_status":"closed","ping_status":"open","template":"","meta":{"_acf_changed":false},"product_brand":[2671],"product_cat":[936],"product_tag":[],"class_list":{"0":"post-72137","1":"product","2":"type-product","3":"status-publish","4":"has-post-thumbnail","6":"product_brand-autel-es","7":"product_cat-accesorios-drones","9":"first","10":"instock","11":"taxable","12":"shipping-taxable","13":"purchasable","14":"product-type-simple"},"bundled_by":[],"bundle_stock_status":"instock","bundle_stock_quantity":1,"bundle_virtual":false,"bundle_layout":"","bundle_add_to_cart_form_location":"","bundle_editable_in_cart":false,"bundle_sold_individually_context":"","bundle_item_grouping":"","bundle_min_size":"","bundle_max_size":"","bundle_price":[],"bundled_items":[],"bundle_sell_ids":[],"acf":[],"_links":{"self":[{"href":"https:\/\/hi-techwonder.com\/es\/wp-json\/wp\/v2\/product\/72137","targetHints":{"allow":["GET"]}}],"collection":[{"href":"https:\/\/hi-techwonder.com\/es\/wp-json\/wp\/v2\/product"}],"about":[{"href":"https:\/\/hi-techwonder.com\/es\/wp-json\/wp\/v2\/types\/product"}],"replies":[{"embeddable":true,"href":"https:\/\/hi-techwonder.com\/es\/wp-json\/wp\/v2\/comments?post=72137"}],"wp:featuredmedia":[{"embeddable":true,"href":"https:\/\/hi-techwonder.com\/es\/wp-json\/wp\/v2\/media\/43675"}],"wp:attachment":[{"href":"https:\/\/hi-techwonder.com\/es\/wp-json\/wp\/v2\/media?parent=72137"}],"wp:term":[{"taxonomy":"product_brand","embeddable":true,"href":"https:\/\/hi-techwonder.com\/es\/wp-json\/wp\/v2\/product_brand?post=72137"},{"taxonomy":"product_cat","embeddable":true,"href":"https:\/\/hi-techwonder.com\/es\/wp-json\/wp\/v2\/product_cat?post=72137"},{"taxonomy":"product_tag","embeddable":true,"href":"https:\/\/hi-techwonder.com\/es\/wp-json\/wp\/v2\/product_tag?post=72137"}],"curies":[{"name":"wp","href":"https:\/\/api.w.org\/{rel}","templated":true}]}}